{"id":10456,"date":"2022-01-28T12:34:06","date_gmt":"2022-01-28T12:34:06","guid":{"rendered":"https:\/\/belux-staging.eu\/werkzeug\/fact-checking-toolkit\/"},"modified":"2022-07-27T12:47:04","modified_gmt":"2022-07-27T12:47:04","slug":"toolkit-zur-faktenueberpruefung","status":"publish","type":"page","link":"https:\/\/belux.edmo.eu\/de\/werkzeug\/toolkit-zur-faktenueberpruefung\/","title":{"rendered":"Toolkit zur Fakten\u00fcberpr\u00fcfung"},"content":{"rendered":"<div class=\"wpb-content-wrapper\"><p>[vc_row][vc_column][vc_column_text css_animation=&#8220;bottom-to-top&#8220;]<\/p>\n<div class=\"title-h1\">Grundlegende Faktencheck-Methoden <span class=\"line-style\">erlernen<\/span><\/div>\n<p>[\/vc_column_text]<div class=\"clearboth\"><\/div><style>#thegem-divider-69fb077c7b3c9 {margin-top: 40px !important;}<\/style><div id=\"thegem-divider-69fb077c7b3c9\" class=\"gem-divider  \" style=\"\" ><\/div>[vc_column_text css_animation=&#8220;bottom-to-top&#8220;]<span lang=\"EN-US\">Ein wichtiger Aspekt der Mission von EDMO BELUX ist<\/span>, Materialen bereitzustellen, die zur Bewusstseinsbildung und zur St\u00e4rkung der Resilienz gegen\u00fcber Desinformation in Belgien und Luxemburg beitragen.<span lang=\"EN-US\">\u00a0Als Teil dieser Bem\u00fchungen bieten diese Schulungsvideos einen \u00dcberblick \u00fcber einige grundlegende Faktencheck-Methoden.<\/span>[\/vc_column_text]<div class=\"clearboth\"><\/div><style>#thegem-divider-69fb077c7b434 {margin-top: 60px !important;}<\/style><div id=\"thegem-divider-69fb077c7b434\" class=\"gem-divider  \" style=\"\" ><\/div>[\/vc_column][\/vc_row][vc_row css=&#8220;.vc_custom_1643707789968{margin-bottom: 0px !important;}&#8220;][vc_column]<div id=\"fullwidth-block-69fb077c7b486\" class=\"fullwidth-block clearfix\"  style=\"background-color: #f1f3f2;padding-top: 100px;padding-bottom: 60px;\"><script type=\"text\/javascript\">if (typeof(gem_fix_fullwidth_position) == \"function\") { gem_fix_fullwidth_position(document.getElementById(\"fullwidth-block-69fb077c7b486\")); }<\/script><div class=\"fullwidth-top-marker marker-direction-inside\"><svg width=\"140\" height=\"70\"><path d=\"M 0,0 Q 65,5 70,70 Q 75,5 140,0\" \/><\/svg><\/div><div class=\"fullwidth-block-inner\"><div class=\"container\">[vc_row_inner][vc_column_inner width=&#8220;1\/3&#8243;][vc_custom_heading text=&#8220;Erweiterte Websuche&#8220; font_container=&#8220;tag:h3|font_size:25px|text_align:left&#8220; use_theme_fonts=&#8220;yes&#8220;]<div class=\"gem-youtube gem-wrapbox gem-wrapbox-style-no-style rounded-corners gem-wrapbox-position-below\" style=\"width: 100%;\"><div class=\"gem-wrapbox-inner gem-ratio-style\" style=\"padding-top: 56.25%\"><iframe class=\"gem-wrapbox-element img-responsive\" width=\"100%\" height=\"300\" allowfullscreen=\"allowfullscreen\" frameborder=\"0\" scrolling=\"no\" marginheight=\"0\" marginwidth=\"0\" src=\"\/\/www.youtube.com\/embed\/l2SbfqF-2Rg?rel=0&amp;wmode=opaque\"><\/iframe><\/div><\/div>[\/vc_column_inner][vc_column_inner width=&#8220;1\/3&#8243;][vc_custom_heading text=&#8220;Erweiterte Twitter-Suche&#8220; font_container=&#8220;tag:h3|font_size:25px|text_align:left&#8220; use_theme_fonts=&#8220;yes&#8220;]<div class=\"gem-youtube gem-wrapbox gem-wrapbox-style-no-style rounded-corners gem-wrapbox-position-below\" style=\"width: 100%;\"><div class=\"gem-wrapbox-inner gem-ratio-style\" style=\"padding-top: 56.25%\"><iframe class=\"gem-wrapbox-element img-responsive\" width=\"100%\" height=\"300\" allowfullscreen=\"allowfullscreen\" frameborder=\"0\" scrolling=\"no\" marginheight=\"0\" marginwidth=\"0\" src=\"\/\/www.youtube.com\/embed\/GBX1N-3GyEI?rel=0&amp;wmode=opaque\"><\/iframe><\/div><\/div>[\/vc_column_inner][vc_column_inner width=&#8220;1\/3&#8243;][vc_custom_heading text=&#8220;Metadaten&#8220; font_container=&#8220;tag:h3|font_size:25px|text_align:left&#8220; use_theme_fonts=&#8220;yes&#8220;]<div class=\"gem-youtube gem-wrapbox gem-wrapbox-style-no-style rounded-corners gem-wrapbox-position-below\" style=\"width: 100%;\"><div class=\"gem-wrapbox-inner gem-ratio-style\" style=\"padding-top: 56.25%\"><iframe class=\"gem-wrapbox-element img-responsive\" width=\"100%\" height=\"300\" allowfullscreen=\"allowfullscreen\" frameborder=\"0\" scrolling=\"no\" marginheight=\"0\" marginwidth=\"0\" src=\"\/\/www.youtube.com\/embed\/hEQmoh5wKKY?rel=0&amp;wmode=opaque\"><\/iframe><\/div><\/div>[\/vc_column_inner][\/vc_row_inner][vc_row_inner][vc_column_inner width=&#8220;1\/3&#8243;][vc_custom_heading text=&#8220;Umgekehrte Bildsuche&#8220; font_container=&#8220;tag:h3|font_size:25px|text_align:left&#8220; use_theme_fonts=&#8220;yes&#8220;]<div class=\"gem-youtube gem-wrapbox gem-wrapbox-style-no-style rounded-corners gem-wrapbox-position-below\" style=\"width: 100%;\"><div class=\"gem-wrapbox-inner gem-ratio-style\" style=\"padding-top: 56.25%\"><iframe class=\"gem-wrapbox-element img-responsive\" width=\"100%\" height=\"300\" allowfullscreen=\"allowfullscreen\" frameborder=\"0\" scrolling=\"no\" marginheight=\"0\" marginwidth=\"0\" src=\"\/\/www.youtube.com\/embed\/W9JkBkOE0TM?rel=0&amp;wmode=opaque\"><\/iframe><\/div><\/div>[\/vc_column_inner][vc_column_inner width=&#8220;1\/3&#8243;][vc_custom_heading text=&#8220;Umgekehrte Videosuche&#8220; font_container=&#8220;tag:h3|font_size:25px|text_align:left&#8220; use_theme_fonts=&#8220;yes&#8220;]<div class=\"gem-youtube gem-wrapbox gem-wrapbox-style-no-style rounded-corners gem-wrapbox-position-below\" style=\"width: 100%;\"><div class=\"gem-wrapbox-inner gem-ratio-style\" style=\"padding-top: 56.25%\"><iframe class=\"gem-wrapbox-element img-responsive\" width=\"100%\" height=\"300\" allowfullscreen=\"allowfullscreen\" frameborder=\"0\" scrolling=\"no\" marginheight=\"0\" marginwidth=\"0\" src=\"\/\/www.youtube.com\/embed\/VMn5DPJTOAQ?rel=0&amp;wmode=opaque\"><\/iframe><\/div><\/div>[\/vc_column_inner][vc_column_inner width=&#8220;1\/3&#8243;][vc_custom_heading text=&#8220;Geolokalisierung&#8220; font_container=&#8220;tag:h3|font_size:25px|text_align:left&#8220; use_theme_fonts=&#8220;yes&#8220;]<div class=\"gem-youtube gem-wrapbox gem-wrapbox-style-no-style rounded-corners gem-wrapbox-position-below\" style=\"width: 100%;\"><div class=\"gem-wrapbox-inner gem-ratio-style\" style=\"padding-top: 56.25%\"><iframe class=\"gem-wrapbox-element img-responsive\" width=\"100%\" height=\"300\" allowfullscreen=\"allowfullscreen\" frameborder=\"0\" scrolling=\"no\" marginheight=\"0\" marginwidth=\"0\" src=\"\/\/www.youtube.com\/embed\/FJsvS0f2WG4?rel=0&amp;wmode=opaque\"><\/iframe><\/div><\/div>[\/vc_column_inner][\/vc_row_inner]<\/div><\/div><\/div>[\/vc_column][\/vc_row][vc_row][vc_column]<div id=\"fullwidth-block-69fb077c7b5f6\" class=\"fullwidth-block clearfix\"  style=\"background-color: #ffcd05;padding-top: 60px;padding-bottom: 60px;\"><script type=\"text\/javascript\">if (typeof(gem_fix_fullwidth_position) == \"function\") { gem_fix_fullwidth_position(document.getElementById(\"fullwidth-block-69fb077c7b5f6\")); }<\/script><div class=\"fullwidth-block-inner\"><div class=\"container\">[vc_row_inner equal_height=&#8220;yes&#8220;][vc_column_inner width=&#8220;2\/3&#8243;][vc_custom_heading text=&#8220;Weitere Anleitungen und Informationen zur Fakten\u00fcberpr\u00fcfung finden Sie auf der AFP-Website&#8220; font_container=&#8220;tag:h3|text_align:center|color:%23000000&#8243; use_theme_fonts=&#8220;yes&#8220; css=&#8220;.vc_custom_1644851320314{margin-bottom: 0px !important;}&#8220;][\/vc_column_inner][vc_column_inner width=&#8220;1\/3&#8243;]<div class=\"gem-button-container gem-button-position-center thegem-button-69fb077c7b6ab8001    \"  ><a class=\"gem-button gem-button-size-medium gem-button-style-outline gem-button-text-weight-normal gem-button-border-3\" data-ll-effect=\"drop-right-without-wrap\" style=\"border-radius: 0px;border-color: #000000;\" onmouseleave=\"this.style.borderColor='#000000';this.style.backgroundColor='transparent';\" onmouseenter=\"this.style.backgroundColor='#000000';\" href=\"https:\/\/factcheck.afp.com\/\" target=\"_blank\">BESUCHE<\/a><\/div> [\/vc_column_inner][\/vc_row_inner]<\/div><\/div><\/div>[\/vc_column][\/vc_row]<\/p>\n<\/div>","protected":false},"excerpt":{"rendered":"<p>[vc_row][vc_column][vc_column_text css_animation=&#8220;bottom-to-top&#8220;] Grundlegende Faktencheck-Methoden erlernen [\/vc_column_text][vc_column_text css_animation=&#8220;bottom-to-top&#8220;]Ein wichtiger Aspekt der Mission von EDMO BELUX ist, Materialen bereitzustellen, die zur Bewusstseinsbildung&#8230;<\/p>\n","protected":false},"author":1,"featured_media":0,"parent":10455,"menu_order":0,"comment_status":"closed","ping_status":"closed","template":"","meta":{"_acf_changed":false,"footnotes":""},"class_list":["post-10456","page","type-page","status-publish"],"acf":[],"yoast_head":"<!-- This site is optimized with the Yoast SEO plugin v27.0 - https:\/\/yoast.com\/product\/yoast-seo-wordpress\/ -->\n<title>Toolkit zur Fakten\u00fcberpr\u00fcfung - EDMO Belux<\/title>\n<meta name=\"robots\" content=\"index, follow, max-snippet:-1, max-image-preview:large, max-video-preview:-1\" \/>\n<link rel=\"canonical\" href=\"https:\/\/belux.edmo.eu\/de\/werkzeug\/toolkit-zur-faktenueberpruefung\/\" \/>\n<meta property=\"og:locale\" content=\"de_DE\" \/>\n<meta property=\"og:type\" content=\"article\" \/>\n<meta property=\"og:title\" content=\"Toolkit zur Fakten\u00fcberpr\u00fcfung - EDMO Belux\" \/>\n<meta property=\"og:description\" content=\"[vc_row][vc_column][vc_column_text css_animation=&#8220;bottom-to-top&#8220;] Grundlegende Faktencheck-Methoden erlernen [\/vc_column_text][vc_column_text css_animation=&#8220;bottom-to-top&#8220;]Ein wichtiger Aspekt der Mission von EDMO BELUX ist, Materialen bereitzustellen, die zur Bewusstseinsbildung...\" \/>\n<meta property=\"og:url\" content=\"https:\/\/belux.edmo.eu\/de\/werkzeug\/toolkit-zur-faktenueberpruefung\/\" \/>\n<meta property=\"og:site_name\" content=\"EDMO Belux\" \/>\n<meta property=\"article:modified_time\" content=\"2022-07-27T12:47:04+00:00\" \/>\n<meta name=\"twitter:card\" content=\"summary_large_image\" \/>\n<meta name=\"twitter:site\" content=\"@Edmo_Belux\" \/>\n<meta name=\"twitter:label1\" content=\"Gesch\u00e4tzte Lesezeit\" \/>\n\t<meta name=\"twitter:data1\" content=\"2 Minuten\" \/>\n<script type=\"application\/ld+json\" class=\"yoast-schema-graph\">{\"@context\":\"https:\/\/schema.org\",\"@graph\":[{\"@type\":\"WebPage\",\"@id\":\"https:\/\/belux.edmo.eu\/de\/werkzeug\/toolkit-zur-faktenueberpruefung\/\",\"url\":\"https:\/\/belux.edmo.eu\/de\/werkzeug\/toolkit-zur-faktenueberpruefung\/\",\"name\":\"Toolkit zur Fakten\u00fcberpr\u00fcfung - EDMO Belux\",\"isPartOf\":{\"@id\":\"https:\/\/belux.edmo.eu\/#website\"},\"datePublished\":\"2022-01-28T12:34:06+00:00\",\"dateModified\":\"2022-07-27T12:47:04+00:00\",\"breadcrumb\":{\"@id\":\"https:\/\/belux.edmo.eu\/de\/werkzeug\/toolkit-zur-faktenueberpruefung\/#breadcrumb\"},\"inLanguage\":\"de-DE\",\"potentialAction\":[{\"@type\":\"ReadAction\",\"target\":[\"https:\/\/belux.edmo.eu\/de\/werkzeug\/toolkit-zur-faktenueberpruefung\/\"]}]},{\"@type\":\"BreadcrumbList\",\"@id\":\"https:\/\/belux.edmo.eu\/de\/werkzeug\/toolkit-zur-faktenueberpruefung\/#breadcrumb\",\"itemListElement\":[{\"@type\":\"ListItem\",\"position\":1,\"name\":\"Home\",\"item\":\"https:\/\/belux.edmo.eu\/de\/\"},{\"@type\":\"ListItem\",\"position\":2,\"name\":\"Werkzeuge\",\"item\":\"https:\/\/belux.edmo.eu\/de\/werkzeug\/\"},{\"@type\":\"ListItem\",\"position\":3,\"name\":\"Toolkit zur Fakten\u00fcberpr\u00fcfung\"}]},{\"@type\":\"WebSite\",\"@id\":\"https:\/\/belux.edmo.eu\/#website\",\"url\":\"https:\/\/belux.edmo.eu\/\",\"name\":\"EDMO Belux\",\"description\":\"Monitoring Disinformation in Belgium and Luxembourg\",\"publisher\":{\"@id\":\"https:\/\/belux.edmo.eu\/#organization\"},\"potentialAction\":[{\"@type\":\"SearchAction\",\"target\":{\"@type\":\"EntryPoint\",\"urlTemplate\":\"https:\/\/belux.edmo.eu\/?s={search_term_string}\"},\"query-input\":{\"@type\":\"PropertyValueSpecification\",\"valueRequired\":true,\"valueName\":\"search_term_string\"}}],\"inLanguage\":\"de-DE\"},{\"@type\":\"Organization\",\"@id\":\"https:\/\/belux.edmo.eu\/#organization\",\"name\":\"EDMO Belux\",\"url\":\"https:\/\/belux.edmo.eu\/\",\"logo\":{\"@type\":\"ImageObject\",\"inLanguage\":\"de-DE\",\"@id\":\"https:\/\/belux.edmo.eu\/#\/schema\/logo\/image\/\",\"url\":\"https:\/\/belux.edmo.eu\/wp-content\/uploads\/2021\/12\/belux-logo-full-color-rgb.svg\",\"contentUrl\":\"https:\/\/belux.edmo.eu\/wp-content\/uploads\/2021\/12\/belux-logo-full-color-rgb.svg\",\"width\":1,\"height\":1,\"caption\":\"EDMO Belux\"},\"image\":{\"@id\":\"https:\/\/belux.edmo.eu\/#\/schema\/logo\/image\/\"},\"sameAs\":[\"https:\/\/x.com\/Edmo_Belux\"]}]}<\/script>\n<!-- \/ Yoast SEO plugin. -->","yoast_head_json":{"title":"Toolkit zur Fakten\u00fcberpr\u00fcfung - EDMO Belux","robots":{"index":"index","follow":"follow","max-snippet":"max-snippet:-1","max-image-preview":"max-image-preview:large","max-video-preview":"max-video-preview:-1"},"canonical":"https:\/\/belux.edmo.eu\/de\/werkzeug\/toolkit-zur-faktenueberpruefung\/","og_locale":"de_DE","og_type":"article","og_title":"Toolkit zur Fakten\u00fcberpr\u00fcfung - EDMO Belux","og_description":"[vc_row][vc_column][vc_column_text css_animation=&#8220;bottom-to-top&#8220;] Grundlegende Faktencheck-Methoden erlernen [\/vc_column_text][vc_column_text css_animation=&#8220;bottom-to-top&#8220;]Ein wichtiger Aspekt der Mission von EDMO BELUX ist, Materialen bereitzustellen, die zur Bewusstseinsbildung...","og_url":"https:\/\/belux.edmo.eu\/de\/werkzeug\/toolkit-zur-faktenueberpruefung\/","og_site_name":"EDMO Belux","article_modified_time":"2022-07-27T12:47:04+00:00","twitter_card":"summary_large_image","twitter_site":"@Edmo_Belux","twitter_misc":{"Gesch\u00e4tzte Lesezeit":"2 Minuten"},"schema":{"@context":"https:\/\/schema.org","@graph":[{"@type":"WebPage","@id":"https:\/\/belux.edmo.eu\/de\/werkzeug\/toolkit-zur-faktenueberpruefung\/","url":"https:\/\/belux.edmo.eu\/de\/werkzeug\/toolkit-zur-faktenueberpruefung\/","name":"Toolkit zur Fakten\u00fcberpr\u00fcfung - EDMO Belux","isPartOf":{"@id":"https:\/\/belux.edmo.eu\/#website"},"datePublished":"2022-01-28T12:34:06+00:00","dateModified":"2022-07-27T12:47:04+00:00","breadcrumb":{"@id":"https:\/\/belux.edmo.eu\/de\/werkzeug\/toolkit-zur-faktenueberpruefung\/#breadcrumb"},"inLanguage":"de-DE","potentialAction":[{"@type":"ReadAction","target":["https:\/\/belux.edmo.eu\/de\/werkzeug\/toolkit-zur-faktenueberpruefung\/"]}]},{"@type":"BreadcrumbList","@id":"https:\/\/belux.edmo.eu\/de\/werkzeug\/toolkit-zur-faktenueberpruefung\/#breadcrumb","itemListElement":[{"@type":"ListItem","position":1,"name":"Home","item":"https:\/\/belux.edmo.eu\/de\/"},{"@type":"ListItem","position":2,"name":"Werkzeuge","item":"https:\/\/belux.edmo.eu\/de\/werkzeug\/"},{"@type":"ListItem","position":3,"name":"Toolkit zur Fakten\u00fcberpr\u00fcfung"}]},{"@type":"WebSite","@id":"https:\/\/belux.edmo.eu\/#website","url":"https:\/\/belux.edmo.eu\/","name":"EDMO Belux","description":"Monitoring Disinformation in Belgium and Luxembourg","publisher":{"@id":"https:\/\/belux.edmo.eu\/#organization"},"potentialAction":[{"@type":"SearchAction","target":{"@type":"EntryPoint","urlTemplate":"https:\/\/belux.edmo.eu\/?s={search_term_string}"},"query-input":{"@type":"PropertyValueSpecification","valueRequired":true,"valueName":"search_term_string"}}],"inLanguage":"de-DE"},{"@type":"Organization","@id":"https:\/\/belux.edmo.eu\/#organization","name":"EDMO Belux","url":"https:\/\/belux.edmo.eu\/","logo":{"@type":"ImageObject","inLanguage":"de-DE","@id":"https:\/\/belux.edmo.eu\/#\/schema\/logo\/image\/","url":"https:\/\/belux.edmo.eu\/wp-content\/uploads\/2021\/12\/belux-logo-full-color-rgb.svg","contentUrl":"https:\/\/belux.edmo.eu\/wp-content\/uploads\/2021\/12\/belux-logo-full-color-rgb.svg","width":1,"height":1,"caption":"EDMO Belux"},"image":{"@id":"https:\/\/belux.edmo.eu\/#\/schema\/logo\/image\/"},"sameAs":["https:\/\/x.com\/Edmo_Belux"]}]}},"_links":{"self":[{"href":"https:\/\/belux.edmo.eu\/de\/wp-json\/wp\/v2\/pages\/10456","targetHints":{"allow":["GET"]}}],"collection":[{"href":"https:\/\/belux.edmo.eu\/de\/wp-json\/wp\/v2\/pages"}],"about":[{"href":"https:\/\/belux.edmo.eu\/de\/wp-json\/wp\/v2\/types\/page"}],"author":[{"embeddable":true,"href":"https:\/\/belux.edmo.eu\/de\/wp-json\/wp\/v2\/users\/1"}],"replies":[{"embeddable":true,"href":"https:\/\/belux.edmo.eu\/de\/wp-json\/wp\/v2\/comments?post=10456"}],"version-history":[{"count":0,"href":"https:\/\/belux.edmo.eu\/de\/wp-json\/wp\/v2\/pages\/10456\/revisions"}],"up":[{"embeddable":true,"href":"https:\/\/belux.edmo.eu\/de\/wp-json\/wp\/v2\/pages\/10455"}],"wp:attachment":[{"href":"https:\/\/belux.edmo.eu\/de\/wp-json\/wp\/v2\/media?parent=10456"}],"curies":[{"name":"wp","href":"https:\/\/api.w.org\/{rel}","templated":true}]}}