{"id":11903,"date":"2022-02-11T12:37:23","date_gmt":"2022-02-11T12:37:23","guid":{"rendered":"https:\/\/belux-staging.eu\/faktenchecks\/unser-ansatz\/"},"modified":"2025-02-14T15:13:13","modified_gmt":"2025-02-14T15:13:13","slug":"unser-ansatz","status":"publish","type":"page","link":"https:\/\/belux.edmo.eu\/de\/faktenchecks\/unser-ansatz\/","title":{"rendered":"Unser Ansatz"},"content":{"rendered":"<div class=\"wpb-content-wrapper\"><p>[vc_row css=&#8220;.vc_custom_1638957472546{margin-top: 0px !important;margin-bottom: 0px !important;padding-top: 0px !important;padding-bottom: 0px !important;}&#8220;][vc_column][vc_column_text css_animation=&#8220;bottom-to-top&#8220;]<\/p>\n<div class=\"title-h1\">Wir m\u00f6gen <span class=\"line-style\">Fakten<\/span><\/div>\n<p>[\/vc_column_text]<div class=\"clearboth\"><\/div><style>#thegem-divider-69e2159808678 {margin-top: 60px !important;}<\/style><div id=\"thegem-divider-69e2159808678\" class=\"gem-divider  \" style=\"\" ><\/div>[vc_column_text css=&#8220;&#8220; css_animation=&#8220;bottom-to-top&#8220;]<strong>EDMO BELUX <\/strong>bringt ein erfahrenes und umfangreiches<strong> Netzwerk von Faktenpr\u00fcfern, Desinformationsanalysten, Medienkompetenzorganisationen und Akademikern zusammen, um gef\u00e4hrliche Desinformationskampagnen aufzudecken, zu analysieren und zu entsch\u00e4rfen. <\/strong>Das Projekt konzentriert sich auf Desinformationen, die sich gegen <strong>Belgien und Luxemburg sowie die Europ\u00e4ische Union insgesamt <\/strong>richten.<\/p>\n<p><strong>Das Faktenpr\u00fcferteam von EDMO BELUX widmet sich zwei Hauptaufgaben. Erstens erstellt es einen kontinuierlichen Strom von Faktenchecks in drei Sprachen: Franz\u00f6sisch, Luxemburgisch und Deutsch. Zweitens erstellt es auch l\u00e4ngere detaillierte Untersuchungen \u00fcber Desinformationskampagnen und Desinformationsph\u00e4nomene in franz\u00f6sischer und luxemburgischer Sprache (siehe unsere Rubrik \u201eFokus\u201c). <\/strong><\/p>\n<p><strong>Das Team setzt sich aus Faktenpr\u00fcfern von AFP, RTL Luxemburg, RTBF und DPA zusammen. <\/strong><strong>\u00a0<\/strong><\/p>\n<p><strong>AFP, <\/strong>ein weltweit f\u00fchrendes Unternehmen im Bereich der digitalen \u00dcberpr\u00fcfung, ist Unterzeichner des Grundsatzkodex des International Fact-Checking Network (IFCN). \u00a0Diese Grunds\u00e4tze beinhalten eine Verpflichtung zu: Unparteilichkeit und Fairness, Transparenz der Quellen, Transparenz der Finanzierung und Organisation, Transparenz der Methodik und eine offene und ehrliche Korrekturpolitik. Die Arbeit von AFP wird von Redakteuren, die Fakten \u00fcberpr\u00fcfen, und einem weltweiten Netzwerk von Journalisten ausgef\u00fchrt, die die redaktionellen Standards und die wichtigsten Leitprinzipien der globalen Nachrichtenagentur AFP ber\u00fccksichtigen. Neben den traditionellen journalistischen F\u00e4higkeiten nutzt AFP eine Reihe einfacher Instrumente zur \u00dcberpr\u00fcfung von Online-Informationen, ein bisschen gesunden Menschenverstand und eine gro\u00dfe Portion Vorsicht. Ausgehend von einer bestimmten Frage versucht AFP, fragw\u00fcrdige Geschichten und Behauptungen zu untersuchen und zu melden, die in unseren Nachrichten landen k\u00f6nnen oder auch nicht. Bei ihren Nachforschungen sucht AFP online nach unparteiischen, \u00f6ffentlich zug\u00e4nglichen Informationen und Links. Die AFP-Journalisten \u00fcberwachen Online-Inhalte in lokalen Sprachen, von Amharisch bis Hindi, Deutsch oder Niederl\u00e4ndisch. Sie ber\u00fccksichtigen die lokale Kultur, Sprache und Politik und arbeiten mit den AFP-B\u00fcros weltweit zusammen, um Falschinformationen zu untersuchen und zu widerlegen, indem sie sich auf Dinge konzentrieren, die sch\u00e4dlich, einflussreich und manipulativ sein k\u00f6nnen.<\/p>\n<p><strong>RTL Luxemburg <\/strong>bietet Faktenchecks f\u00fcr das lokale Gebiet. Die RTL-Redaktion besteht aus professionellen und erfahrenen Journalisten, die f\u00fcr den \u00f6ffentlich-rechtlichen TV-Nachrichtensender RTL T\u00e9l\u00e9 L\u00ebtzebuerg und den Radiosender RTL Radio L\u00ebtzebuerg sowie f\u00fcr das f\u00fchrende Nachrichtenmedium in Luxemburg, die digitale Plattform RTL.lu, arbeiten. RTL Luxemburg hat hohe Standards f\u00fcr seine Nachrichtenberichterstattung festgelegt, die durch eine klare redaktionelle Linie, einen Ethikkodex f\u00fcr alle Journalisten und einen unabh\u00e4ngigen Ethikrat definiert sind. F\u00fcr das Journalistenteam, das die Fakten pr\u00fcft, gelten besondere Standards und Arbeitsabl\u00e4ufe.<\/p>\n<p><strong>RTBF (Radio-t\u00e9l\u00e9vision belge de la Communaut\u00e9 fran\u00e7aise), <\/strong>der belgische \u00f6ffentlich-rechtliche franz\u00f6sischsprachige Mediendienst, bietet faktengepr\u00fcfte Artikel zu Informationen, die in sozialen Netzwerken im Umlauf sind. Er analysiert auch bestimmte \u00f6ffentliche \u00c4u\u00dferungen, um deren Inhalt zu entschl\u00fcsseln und die Leser \u00fcber deren Wahrheitsgehalt aufzukl\u00e4ren. Vor der Ver\u00f6ffentlichung eines faktengepr\u00fcften Artikels \u00fcberpr\u00fcfen wir die Quellen innerhalb der belgisch-franz\u00f6sischen Mediengemeinschaft. Die ver\u00f6ffentlichten faktengepr\u00fcften Artikel werden von einem engagierten Redaktionsteam koordiniert, das aus mehreren Journalisten besteht, die Experten auf ihrem Gebiet sind.<\/p>\n<p><strong>DPA <\/strong>(Deutsche Presse-Agentur) ist eine der f\u00fchrenden unabh\u00e4ngigen Presseagenturen der Welt. Im Laufe der Jahre hat sich die Faktencheck-Redaktion zu einer international agierenden Einheit mit rund 30 gut ausgebildeten Fachjournalisten entwickelt, die mehr als 2.000 Faktenchecks pro Jahr durchf\u00fchren. Das Team ist \u00fcber verschiedene europ\u00e4ische L\u00e4nder verteilt, mit Redaktionen in Berlin und Br\u00fcssel, die Faktenchecks auf Franz\u00f6sisch, Niederl\u00e4ndisch und Deutsch ver\u00f6ffentlichen. Ihre Arbeit wird regelm\u00e4\u00dfig vom International Fact-Checking Network (IFCN) des Poynter Institute und dem European Fact-Checking Standards Network (EFCSN) gepr\u00fcft und zertifiziert. Strenge interne Regeln sorgen f\u00fcr die Einhaltung h\u00f6chster Standards: So k\u00f6nnen z.B. die Leser der dpa-Faktenchecks anhand der (auch archivierten) Links stets erkennen, auf welchen Quellen eine Einsch\u00e4tzung beruht. Das bew\u00e4hrte Vier-Augen-Prinzip des Agenturjournalismus, der intensive Austausch innerhalb des internationalen Teams und individuelle Spezialisierungen sorgen f\u00fcr h\u00f6chste Qualit\u00e4t bei der Entlarvung von Desinformation.<\/p>\n<p>Auf der Startseite dieser Website gibt es eine Rubrik, in der ein <strong>\u201eEditor&#8217;s choice\u201c-<\/strong>Faktencheck (Faktencheck nach Auswahl der Redaktion) besonders hervorgehoben wird. Dieser Faktencheck wird aufgrund seiner Tiefgr\u00fcndigkeit und Qualit\u00e4t oder wegen seiner Verbindung zu aktuellen Nachrichten ausgew\u00e4hlt. Die vielen Faktenchecks werden fortlaufend in unseren Faktencheck-Archiven aufbewahrt. Dieser Speicherort bietet den Besuchern der Website die M\u00f6glichkeit, durch fr\u00fchere Faktenchecks zu navigieren und sich entwickelnde Muster oder Narrative zu beobachten.[\/vc_column_text][\/vc_column][\/vc_row][vc_row css=&#8220;.vc_custom_1638957472546{margin-top: 0px !important;margin-bottom: 0px !important;padding-top: 0px !important;padding-bottom: 0px !important;}&#8220;][vc_column]<div class=\"clearboth\"><\/div><style>#thegem-divider-69e21598086e5 {margin-top: 60px !important;}<\/style><div id=\"thegem-divider-69e21598086e5\" class=\"gem-divider  \" style=\"\" ><\/div>[vc_raw_html css=&#8220;&#8220;]JTVCd29uZGVycGx1Z2luX3BkZiUyMHNyYyUzRCUyMmh0dHBzJTNBJTJGJTJGYmVsdXgtZWRtby5zMy1hY2NlbGVyYXRlLmFtYXpvbmF3cy5jb20lMkZ3cC1jb250ZW50JTJGdXBsb2FkcyUyRjIwMjUlMkYwMiUyRkZhY3RDaGVjay1OZXdzLUVOXzE0MTEyMl9jb21wcmVzc2VkLnBkZiUyMiUyMHdpZHRoJTNEJTIyMTAwJTI1JTIyJTIwaGVpZ2h0JTNEJTIyNjAwcHglMjIlMjBzdHlsZSUzRCUyMmJvcmRlciUzQTAlM0IlMjIlNUQlMEE=[\/vc_raw_html][\/vc_column][\/vc_row]<\/p>\n<\/div>","protected":false},"excerpt":{"rendered":"<p>[vc_row css=&#8220;.vc_custom_1638957472546{margin-top: 0px !important;margin-bottom: 0px !important;padding-top: 0px !important;padding-bottom: 0px !important;}&#8220;][vc_column][vc_column_text css_animation=&#8220;bottom-to-top&#8220;] Wir m\u00f6gen Fakten [\/vc_column_text][vc_column_text css=&#8220;&#8220; css_animation=&#8220;bottom-to-top&#8220;]EDMO BELUX bringt ein&#8230;<\/p>\n","protected":false},"author":1,"featured_media":0,"parent":11894,"menu_order":1,"comment_status":"closed","ping_status":"closed","template":"","meta":{"_acf_changed":false,"footnotes":""},"class_list":["post-11903","page","type-page","status-publish"],"acf":[],"yoast_head":"<!-- This site is optimized with the Yoast SEO plugin v27.0 - https:\/\/yoast.com\/product\/yoast-seo-wordpress\/ -->\n<title>Unser Ansatz - EDMO Belux<\/title>\n<meta name=\"robots\" content=\"index, follow, max-snippet:-1, max-image-preview:large, max-video-preview:-1\" \/>\n<link rel=\"canonical\" href=\"https:\/\/belux.edmo.eu\/de\/faktenchecks\/unser-ansatz\/\" \/>\n<meta property=\"og:locale\" content=\"de_DE\" \/>\n<meta property=\"og:type\" content=\"article\" \/>\n<meta property=\"og:title\" content=\"Unser Ansatz - EDMO Belux\" \/>\n<meta property=\"og:description\" content=\"[vc_row css=&#8220;.vc_custom_1638957472546{margin-top: 0px !important;margin-bottom: 0px !important;padding-top: 0px !important;padding-bottom: 0px !important;}&#8220;][vc_column][vc_column_text css_animation=&#8220;bottom-to-top&#8220;] Wir m\u00f6gen Fakten [\/vc_column_text][vc_column_text css=&#8220;&#8220; css_animation=&#8220;bottom-to-top&#8220;]EDMO BELUX bringt ein...\" \/>\n<meta property=\"og:url\" content=\"https:\/\/belux.edmo.eu\/de\/faktenchecks\/unser-ansatz\/\" \/>\n<meta property=\"og:site_name\" content=\"EDMO Belux\" \/>\n<meta property=\"article:modified_time\" content=\"2025-02-14T15:13:13+00:00\" \/>\n<meta name=\"twitter:card\" content=\"summary_large_image\" \/>\n<meta name=\"twitter:site\" content=\"@Edmo_Belux\" \/>\n<meta name=\"twitter:label1\" content=\"Gesch\u00e4tzte Lesezeit\" \/>\n\t<meta name=\"twitter:data1\" content=\"3 Minuten\" \/>\n<script type=\"application\/ld+json\" class=\"yoast-schema-graph\">{\"@context\":\"https:\/\/schema.org\",\"@graph\":[{\"@type\":\"WebPage\",\"@id\":\"https:\/\/belux.edmo.eu\/de\/faktenchecks\/unser-ansatz\/\",\"url\":\"https:\/\/belux.edmo.eu\/de\/faktenchecks\/unser-ansatz\/\",\"name\":\"Unser Ansatz - EDMO Belux\",\"isPartOf\":{\"@id\":\"https:\/\/belux.edmo.eu\/#website\"},\"datePublished\":\"2022-02-11T12:37:23+00:00\",\"dateModified\":\"2025-02-14T15:13:13+00:00\",\"breadcrumb\":{\"@id\":\"https:\/\/belux.edmo.eu\/de\/faktenchecks\/unser-ansatz\/#breadcrumb\"},\"inLanguage\":\"de-DE\",\"potentialAction\":[{\"@type\":\"ReadAction\",\"target\":[\"https:\/\/belux.edmo.eu\/de\/faktenchecks\/unser-ansatz\/\"]}]},{\"@type\":\"BreadcrumbList\",\"@id\":\"https:\/\/belux.edmo.eu\/de\/faktenchecks\/unser-ansatz\/#breadcrumb\",\"itemListElement\":[{\"@type\":\"ListItem\",\"position\":1,\"name\":\"Home\",\"item\":\"https:\/\/belux.edmo.eu\/de\/\"},{\"@type\":\"ListItem\",\"position\":2,\"name\":\"Faktenchecks\",\"item\":\"https:\/\/belux.edmo.eu\/de\/faktenchecks\/\"},{\"@type\":\"ListItem\",\"position\":3,\"name\":\"Unser Ansatz\"}]},{\"@type\":\"WebSite\",\"@id\":\"https:\/\/belux.edmo.eu\/#website\",\"url\":\"https:\/\/belux.edmo.eu\/\",\"name\":\"EDMO Belux\",\"description\":\"Monitoring Disinformation in Belgium and Luxembourg\",\"publisher\":{\"@id\":\"https:\/\/belux.edmo.eu\/#organization\"},\"potentialAction\":[{\"@type\":\"SearchAction\",\"target\":{\"@type\":\"EntryPoint\",\"urlTemplate\":\"https:\/\/belux.edmo.eu\/?s={search_term_string}\"},\"query-input\":{\"@type\":\"PropertyValueSpecification\",\"valueRequired\":true,\"valueName\":\"search_term_string\"}}],\"inLanguage\":\"de-DE\"},{\"@type\":\"Organization\",\"@id\":\"https:\/\/belux.edmo.eu\/#organization\",\"name\":\"EDMO Belux\",\"url\":\"https:\/\/belux.edmo.eu\/\",\"logo\":{\"@type\":\"ImageObject\",\"inLanguage\":\"de-DE\",\"@id\":\"https:\/\/belux.edmo.eu\/#\/schema\/logo\/image\/\",\"url\":\"https:\/\/belux.edmo.eu\/wp-content\/uploads\/2021\/12\/belux-logo-full-color-rgb.svg\",\"contentUrl\":\"https:\/\/belux.edmo.eu\/wp-content\/uploads\/2021\/12\/belux-logo-full-color-rgb.svg\",\"width\":1,\"height\":1,\"caption\":\"EDMO Belux\"},\"image\":{\"@id\":\"https:\/\/belux.edmo.eu\/#\/schema\/logo\/image\/\"},\"sameAs\":[\"https:\/\/x.com\/Edmo_Belux\"]}]}<\/script>\n<!-- \/ Yoast SEO plugin. -->","yoast_head_json":{"title":"Unser Ansatz - EDMO Belux","robots":{"index":"index","follow":"follow","max-snippet":"max-snippet:-1","max-image-preview":"max-image-preview:large","max-video-preview":"max-video-preview:-1"},"canonical":"https:\/\/belux.edmo.eu\/de\/faktenchecks\/unser-ansatz\/","og_locale":"de_DE","og_type":"article","og_title":"Unser Ansatz - EDMO Belux","og_description":"[vc_row css=&#8220;.vc_custom_1638957472546{margin-top: 0px !important;margin-bottom: 0px !important;padding-top: 0px !important;padding-bottom: 0px !important;}&#8220;][vc_column][vc_column_text css_animation=&#8220;bottom-to-top&#8220;] Wir m\u00f6gen Fakten [\/vc_column_text][vc_column_text css=&#8220;&#8220; css_animation=&#8220;bottom-to-top&#8220;]EDMO BELUX bringt ein...","og_url":"https:\/\/belux.edmo.eu\/de\/faktenchecks\/unser-ansatz\/","og_site_name":"EDMO Belux","article_modified_time":"2025-02-14T15:13:13+00:00","twitter_card":"summary_large_image","twitter_site":"@Edmo_Belux","twitter_misc":{"Gesch\u00e4tzte Lesezeit":"3 Minuten"},"schema":{"@context":"https:\/\/schema.org","@graph":[{"@type":"WebPage","@id":"https:\/\/belux.edmo.eu\/de\/faktenchecks\/unser-ansatz\/","url":"https:\/\/belux.edmo.eu\/de\/faktenchecks\/unser-ansatz\/","name":"Unser Ansatz - EDMO Belux","isPartOf":{"@id":"https:\/\/belux.edmo.eu\/#website"},"datePublished":"2022-02-11T12:37:23+00:00","dateModified":"2025-02-14T15:13:13+00:00","breadcrumb":{"@id":"https:\/\/belux.edmo.eu\/de\/faktenchecks\/unser-ansatz\/#breadcrumb"},"inLanguage":"de-DE","potentialAction":[{"@type":"ReadAction","target":["https:\/\/belux.edmo.eu\/de\/faktenchecks\/unser-ansatz\/"]}]},{"@type":"BreadcrumbList","@id":"https:\/\/belux.edmo.eu\/de\/faktenchecks\/unser-ansatz\/#breadcrumb","itemListElement":[{"@type":"ListItem","position":1,"name":"Home","item":"https:\/\/belux.edmo.eu\/de\/"},{"@type":"ListItem","position":2,"name":"Faktenchecks","item":"https:\/\/belux.edmo.eu\/de\/faktenchecks\/"},{"@type":"ListItem","position":3,"name":"Unser Ansatz"}]},{"@type":"WebSite","@id":"https:\/\/belux.edmo.eu\/#website","url":"https:\/\/belux.edmo.eu\/","name":"EDMO Belux","description":"Monitoring Disinformation in Belgium and Luxembourg","publisher":{"@id":"https:\/\/belux.edmo.eu\/#organization"},"potentialAction":[{"@type":"SearchAction","target":{"@type":"EntryPoint","urlTemplate":"https:\/\/belux.edmo.eu\/?s={search_term_string}"},"query-input":{"@type":"PropertyValueSpecification","valueRequired":true,"valueName":"search_term_string"}}],"inLanguage":"de-DE"},{"@type":"Organization","@id":"https:\/\/belux.edmo.eu\/#organization","name":"EDMO Belux","url":"https:\/\/belux.edmo.eu\/","logo":{"@type":"ImageObject","inLanguage":"de-DE","@id":"https:\/\/belux.edmo.eu\/#\/schema\/logo\/image\/","url":"https:\/\/belux.edmo.eu\/wp-content\/uploads\/2021\/12\/belux-logo-full-color-rgb.svg","contentUrl":"https:\/\/belux.edmo.eu\/wp-content\/uploads\/2021\/12\/belux-logo-full-color-rgb.svg","width":1,"height":1,"caption":"EDMO Belux"},"image":{"@id":"https:\/\/belux.edmo.eu\/#\/schema\/logo\/image\/"},"sameAs":["https:\/\/x.com\/Edmo_Belux"]}]}},"_links":{"self":[{"href":"https:\/\/belux.edmo.eu\/de\/wp-json\/wp\/v2\/pages\/11903","targetHints":{"allow":["GET"]}}],"collection":[{"href":"https:\/\/belux.edmo.eu\/de\/wp-json\/wp\/v2\/pages"}],"about":[{"href":"https:\/\/belux.edmo.eu\/de\/wp-json\/wp\/v2\/types\/page"}],"author":[{"embeddable":true,"href":"https:\/\/belux.edmo.eu\/de\/wp-json\/wp\/v2\/users\/1"}],"replies":[{"embeddable":true,"href":"https:\/\/belux.edmo.eu\/de\/wp-json\/wp\/v2\/comments?post=11903"}],"version-history":[{"count":0,"href":"https:\/\/belux.edmo.eu\/de\/wp-json\/wp\/v2\/pages\/11903\/revisions"}],"up":[{"embeddable":true,"href":"https:\/\/belux.edmo.eu\/de\/wp-json\/wp\/v2\/pages\/11894"}],"wp:attachment":[{"href":"https:\/\/belux.edmo.eu\/de\/wp-json\/wp\/v2\/media?parent=11903"}],"curies":[{"name":"wp","href":"https:\/\/api.w.org\/{rel}","templated":true}]}}