{"id":11923,"date":"2022-02-11T12:46:09","date_gmt":"2022-02-11T12:46:09","guid":{"rendered":"https:\/\/belux-staging.eu\/forschung\/unser-ansatz\/"},"modified":"2025-01-23T15:30:23","modified_gmt":"2025-01-23T15:30:23","slug":"unser-ansatz","status":"publish","type":"page","link":"https:\/\/belux.edmo.eu\/de\/unser-ansatz\/","title":{"rendered":"Unser Ansatz"},"content":{"rendered":"<div class=\"wpb-content-wrapper\"><p>[vc_row css=&#8220;.vc_custom_1638957607328{margin-top: 0px !important;margin-bottom: 0px !important;padding-top: 0px !important;padding-bottom: 0px !important;}&#8220;][vc_column][vc_column_text css=&#8220;&#8220; css_animation=&#8220;none&#8220;]<span data-contrast=\"auto\">In einer Zeit, in der Desinformationen weit verbreitet sind, verlangt das Verst\u00e4ndnis ihrer gesellschaftlichen Mechanismen und Auswirkungen sowie die Festlegung wirksamer Gegenma\u00dfnahmen\u00a0 eine gr\u00fcndliche Recherche und gemeinsame Anstrengungen. Mit Recherche und investigativen Bem\u00fchungen widmet sich EDMO BELUX 2.0 der Bek\u00e4mpfung von Desinformationskampagnen, wobei ein besonderer Schwerpunkt auf der Verbesserung unseres Verst\u00e4ndnisses dar\u00fcber liegt, wie Desinformationskampagnen und Plattformpolitik gesellschaftliche und demokratische Prozesse und Strukturen in Belgien und Luxemburg beeinflussen.<\/span><span data-ccp-props=\"{}\">\u00a0<\/span><\/p>\n<p><span data-contrast=\"auto\">Aufbauend auf der Arbeit, die im ersten EDMO BELUX-Projekt begonnen wurde, erweitert EDMO BELUX 2.0 ein gut etabliertes multidisziplin\u00e4res Netzwerk mit zahlreichen Interessenvertretern und verbessert seine F\u00e4higkeit, Desinformationen in Belgien und Luxemburg aufzudecken, zu analysieren und zu entlarven. Dieses gemeinsame Netzwerk st\u00fctzt sich auf das Fachwissen von Forschern, Faktenpr\u00fcfern, Organisationen f\u00fcr Medienkompetenz und Desinformationsanalysten, um die Erkenntnisse zu vertiefen und die Wirkung zu erweitern.<\/span><span data-ccp-props=\"{}\">\u00a0<\/span><\/p>\n<p><span data-contrast=\"auto\">Die von den EDMO BELUX 2.0-Partnern durchgef\u00fchrten Recherchen und Studien haben folgende Ziele:<\/span><span data-ccp-props=\"{}\">\u00a0<\/span><\/p>\n<ul>\n<li data-leveltext=\"\uf0b7\" data-font=\"Symbol\" data-listid=\"1\" data-list-defn-props=\"{&quot;335552541&quot;:1,&quot;335559685&quot;:720,&quot;335559991&quot;:360,&quot;469769226&quot;:&quot;Symbol&quot;,&quot;469769242&quot;:[8226],&quot;469777803&quot;:&quot;left&quot;,&quot;469777804&quot;:&quot;\uf0b7&quot;,&quot;469777815&quot;:&quot;multilevel&quot;}\" aria-setsize=\"-1\" data-aria-posinset=\"1\" data-aria-level=\"1\"><span data-contrast=\"auto\">Erarbeitung aktueller, fundierter Kenntnisse \u00fcber vergangene, aktuelle und neu auftretende Desinformationsph\u00e4nomene in Belgien und Luxemburg und Analyse der Auswirkungen von Desinformationen auf die belgische und luxemburgische Gesellschaft.<\/span><span data-ccp-props=\"{}\">\u00a0<\/span><\/li>\n<\/ul>\n<ul>\n<li data-leveltext=\"\uf0b7\" data-font=\"Symbol\" data-listid=\"1\" data-list-defn-props=\"{&quot;335552541&quot;:1,&quot;335559685&quot;:720,&quot;335559991&quot;:360,&quot;469769226&quot;:&quot;Symbol&quot;,&quot;469769242&quot;:[8226],&quot;469777803&quot;:&quot;left&quot;,&quot;469777804&quot;:&quot;\uf0b7&quot;,&quot;469777815&quot;:&quot;multilevel&quot;}\" aria-setsize=\"-1\" data-aria-posinset=\"2\" data-aria-level=\"1\"><span data-contrast=\"auto\">Beitrag zur Bewertung der einschl\u00e4gigen nationalen und europ\u00e4ischen Politik in Belgien und Luxemburg; Ermittlung von Verst\u00f6\u00dfen gegen die Politik, die durch Desinformationskampagnen aufgedeckt werden; Meldung von Ma\u00dfnahmen, die von Plattformen oder der Gemeinschaft ergriffen wurden, die sich gegen Desinformationen wendet und Erarbeitung von Empfehlungen f\u00fcr eine konsequentere und sachlichere Anwendung der bestehenden nationalen und europ\u00e4ischen Rechtsvorschriften.<\/span><span data-ccp-props=\"{}\">\u00a0<\/span><\/li>\n<\/ul>\n<ul>\n<li data-leveltext=\"\uf0b7\" data-font=\"Symbol\" data-listid=\"1\" data-list-defn-props=\"{&quot;335552541&quot;:1,&quot;335559685&quot;:720,&quot;335559991&quot;:360,&quot;469769226&quot;:&quot;Symbol&quot;,&quot;469769242&quot;:[8226],&quot;469777803&quot;:&quot;left&quot;,&quot;469777804&quot;:&quot;\uf0b7&quot;,&quot;469777815&quot;:&quot;multilevel&quot;}\" aria-setsize=\"-1\" data-aria-posinset=\"3\" data-aria-level=\"1\"><span data-contrast=\"auto\">Aktive Teilnahme an den vom EDMO-Netzwerk koordinierten Forschungs- und Politikaktivit\u00e4ten, insbesondere innerhalb der Arbeitsgruppen f\u00fcr Forschung und Politik, \u00dcberwachung der Umsetzung des Verhaltenskodex f\u00fcr Desinformation (CoP), Entwicklung struktureller Indikatoren zur Messung der Auswirkungen des CoP und Unterst\u00fctzung der EDMO-Aktivit\u00e4ten zur Verbesserung des Zugangs von Forschern zu Daten von Online-Plattformen.<\/span><span data-ccp-props=\"{}\">\u00a0<\/span><\/li>\n<\/ul>\n<p><span data-contrast=\"auto\">Durch diese umfassenden Forschungs- und Kooperationsma\u00dfnahmen will EDMO BELUX 2.0\u00a0 eine widerstandsf\u00e4higere Gesellschaft aufbauen, die darauf vorbereitet ist, den Einfluss sch\u00e4dlicher Desinformationskampagnen in Belgien, Luxemburg und dar\u00fcber hinaus zu verstehen und zu bek\u00e4mpfen.<\/span>[\/vc_column_text][\/vc_column][\/vc_row]<\/p>\n<\/div>","protected":false},"excerpt":{"rendered":"<p>[vc_row css=&#8220;.vc_custom_1638957607328{margin-top: 0px !important;margin-bottom: 0px !important;padding-top: 0px !important;padding-bottom: 0px !important;}&#8220;][vc_column][vc_column_text css=&#8220;&#8220; css_animation=&#8220;none&#8220;]In einer Zeit, in der Desinformationen weit verbreitet sind,&#8230;<\/p>\n","protected":false},"author":1,"featured_media":0,"parent":0,"menu_order":1,"comment_status":"closed","ping_status":"closed","template":"","meta":{"_acf_changed":false,"footnotes":""},"class_list":["post-11923","page","type-page","status-publish"],"acf":[],"yoast_head":"<!-- This site is optimized with the Yoast SEO plugin v27.0 - https:\/\/yoast.com\/product\/yoast-seo-wordpress\/ -->\n<title>Unser Ansatz - EDMO Belux<\/title>\n<meta name=\"robots\" content=\"index, follow, max-snippet:-1, max-image-preview:large, max-video-preview:-1\" \/>\n<link rel=\"canonical\" href=\"https:\/\/belux.edmo.eu\/de\/unser-ansatz\/\" \/>\n<meta property=\"og:locale\" content=\"de_DE\" \/>\n<meta property=\"og:type\" content=\"article\" \/>\n<meta property=\"og:title\" content=\"Unser Ansatz - EDMO Belux\" \/>\n<meta property=\"og:description\" content=\"[vc_row css=&#8220;.vc_custom_1638957607328{margin-top: 0px !important;margin-bottom: 0px !important;padding-top: 0px !important;padding-bottom: 0px !important;}&#8220;][vc_column][vc_column_text css=&#8220;&#8220; css_animation=&#8220;none&#8220;]In einer Zeit, in der Desinformationen weit verbreitet sind,...\" \/>\n<meta property=\"og:url\" content=\"https:\/\/belux.edmo.eu\/de\/unser-ansatz\/\" \/>\n<meta property=\"og:site_name\" content=\"EDMO Belux\" \/>\n<meta property=\"article:modified_time\" content=\"2025-01-23T15:30:23+00:00\" \/>\n<meta name=\"twitter:card\" content=\"summary_large_image\" \/>\n<meta name=\"twitter:site\" content=\"@Edmo_Belux\" \/>\n<meta name=\"twitter:label1\" content=\"Gesch\u00e4tzte Lesezeit\" \/>\n\t<meta name=\"twitter:data1\" content=\"1 Minute\" \/>\n<script type=\"application\/ld+json\" class=\"yoast-schema-graph\">{\"@context\":\"https:\/\/schema.org\",\"@graph\":[{\"@type\":\"WebPage\",\"@id\":\"https:\/\/belux.edmo.eu\/de\/unser-ansatz\/\",\"url\":\"https:\/\/belux.edmo.eu\/de\/unser-ansatz\/\",\"name\":\"Unser Ansatz - EDMO Belux\",\"isPartOf\":{\"@id\":\"https:\/\/belux.edmo.eu\/#website\"},\"datePublished\":\"2022-02-11T12:46:09+00:00\",\"dateModified\":\"2025-01-23T15:30:23+00:00\",\"breadcrumb\":{\"@id\":\"https:\/\/belux.edmo.eu\/de\/unser-ansatz\/#breadcrumb\"},\"inLanguage\":\"de-DE\",\"potentialAction\":[{\"@type\":\"ReadAction\",\"target\":[\"https:\/\/belux.edmo.eu\/de\/unser-ansatz\/\"]}]},{\"@type\":\"BreadcrumbList\",\"@id\":\"https:\/\/belux.edmo.eu\/de\/unser-ansatz\/#breadcrumb\",\"itemListElement\":[{\"@type\":\"ListItem\",\"position\":1,\"name\":\"Home\",\"item\":\"https:\/\/belux.edmo.eu\/de\/\"},{\"@type\":\"ListItem\",\"position\":2,\"name\":\"Unser Ansatz\"}]},{\"@type\":\"WebSite\",\"@id\":\"https:\/\/belux.edmo.eu\/#website\",\"url\":\"https:\/\/belux.edmo.eu\/\",\"name\":\"EDMO Belux\",\"description\":\"Monitoring Disinformation in Belgium and Luxembourg\",\"publisher\":{\"@id\":\"https:\/\/belux.edmo.eu\/#organization\"},\"potentialAction\":[{\"@type\":\"SearchAction\",\"target\":{\"@type\":\"EntryPoint\",\"urlTemplate\":\"https:\/\/belux.edmo.eu\/?s={search_term_string}\"},\"query-input\":{\"@type\":\"PropertyValueSpecification\",\"valueRequired\":true,\"valueName\":\"search_term_string\"}}],\"inLanguage\":\"de-DE\"},{\"@type\":\"Organization\",\"@id\":\"https:\/\/belux.edmo.eu\/#organization\",\"name\":\"EDMO Belux\",\"url\":\"https:\/\/belux.edmo.eu\/\",\"logo\":{\"@type\":\"ImageObject\",\"inLanguage\":\"de-DE\",\"@id\":\"https:\/\/belux.edmo.eu\/#\/schema\/logo\/image\/\",\"url\":\"https:\/\/belux.edmo.eu\/wp-content\/uploads\/2021\/12\/belux-logo-full-color-rgb.svg\",\"contentUrl\":\"https:\/\/belux.edmo.eu\/wp-content\/uploads\/2021\/12\/belux-logo-full-color-rgb.svg\",\"width\":1,\"height\":1,\"caption\":\"EDMO Belux\"},\"image\":{\"@id\":\"https:\/\/belux.edmo.eu\/#\/schema\/logo\/image\/\"},\"sameAs\":[\"https:\/\/x.com\/Edmo_Belux\"]}]}<\/script>\n<!-- \/ Yoast SEO plugin. -->","yoast_head_json":{"title":"Unser Ansatz - EDMO Belux","robots":{"index":"index","follow":"follow","max-snippet":"max-snippet:-1","max-image-preview":"max-image-preview:large","max-video-preview":"max-video-preview:-1"},"canonical":"https:\/\/belux.edmo.eu\/de\/unser-ansatz\/","og_locale":"de_DE","og_type":"article","og_title":"Unser Ansatz - EDMO Belux","og_description":"[vc_row css=&#8220;.vc_custom_1638957607328{margin-top: 0px !important;margin-bottom: 0px !important;padding-top: 0px !important;padding-bottom: 0px !important;}&#8220;][vc_column][vc_column_text css=&#8220;&#8220; css_animation=&#8220;none&#8220;]In einer Zeit, in der Desinformationen weit verbreitet sind,...","og_url":"https:\/\/belux.edmo.eu\/de\/unser-ansatz\/","og_site_name":"EDMO Belux","article_modified_time":"2025-01-23T15:30:23+00:00","twitter_card":"summary_large_image","twitter_site":"@Edmo_Belux","twitter_misc":{"Gesch\u00e4tzte Lesezeit":"1 Minute"},"schema":{"@context":"https:\/\/schema.org","@graph":[{"@type":"WebPage","@id":"https:\/\/belux.edmo.eu\/de\/unser-ansatz\/","url":"https:\/\/belux.edmo.eu\/de\/unser-ansatz\/","name":"Unser Ansatz - EDMO Belux","isPartOf":{"@id":"https:\/\/belux.edmo.eu\/#website"},"datePublished":"2022-02-11T12:46:09+00:00","dateModified":"2025-01-23T15:30:23+00:00","breadcrumb":{"@id":"https:\/\/belux.edmo.eu\/de\/unser-ansatz\/#breadcrumb"},"inLanguage":"de-DE","potentialAction":[{"@type":"ReadAction","target":["https:\/\/belux.edmo.eu\/de\/unser-ansatz\/"]}]},{"@type":"BreadcrumbList","@id":"https:\/\/belux.edmo.eu\/de\/unser-ansatz\/#breadcrumb","itemListElement":[{"@type":"ListItem","position":1,"name":"Home","item":"https:\/\/belux.edmo.eu\/de\/"},{"@type":"ListItem","position":2,"name":"Unser Ansatz"}]},{"@type":"WebSite","@id":"https:\/\/belux.edmo.eu\/#website","url":"https:\/\/belux.edmo.eu\/","name":"EDMO Belux","description":"Monitoring Disinformation in Belgium and Luxembourg","publisher":{"@id":"https:\/\/belux.edmo.eu\/#organization"},"potentialAction":[{"@type":"SearchAction","target":{"@type":"EntryPoint","urlTemplate":"https:\/\/belux.edmo.eu\/?s={search_term_string}"},"query-input":{"@type":"PropertyValueSpecification","valueRequired":true,"valueName":"search_term_string"}}],"inLanguage":"de-DE"},{"@type":"Organization","@id":"https:\/\/belux.edmo.eu\/#organization","name":"EDMO Belux","url":"https:\/\/belux.edmo.eu\/","logo":{"@type":"ImageObject","inLanguage":"de-DE","@id":"https:\/\/belux.edmo.eu\/#\/schema\/logo\/image\/","url":"https:\/\/belux.edmo.eu\/wp-content\/uploads\/2021\/12\/belux-logo-full-color-rgb.svg","contentUrl":"https:\/\/belux.edmo.eu\/wp-content\/uploads\/2021\/12\/belux-logo-full-color-rgb.svg","width":1,"height":1,"caption":"EDMO Belux"},"image":{"@id":"https:\/\/belux.edmo.eu\/#\/schema\/logo\/image\/"},"sameAs":["https:\/\/x.com\/Edmo_Belux"]}]}},"_links":{"self":[{"href":"https:\/\/belux.edmo.eu\/de\/wp-json\/wp\/v2\/pages\/11923","targetHints":{"allow":["GET"]}}],"collection":[{"href":"https:\/\/belux.edmo.eu\/de\/wp-json\/wp\/v2\/pages"}],"about":[{"href":"https:\/\/belux.edmo.eu\/de\/wp-json\/wp\/v2\/types\/page"}],"author":[{"embeddable":true,"href":"https:\/\/belux.edmo.eu\/de\/wp-json\/wp\/v2\/users\/1"}],"replies":[{"embeddable":true,"href":"https:\/\/belux.edmo.eu\/de\/wp-json\/wp\/v2\/comments?post=11923"}],"version-history":[{"count":0,"href":"https:\/\/belux.edmo.eu\/de\/wp-json\/wp\/v2\/pages\/11923\/revisions"}],"wp:attachment":[{"href":"https:\/\/belux.edmo.eu\/de\/wp-json\/wp\/v2\/media?parent=11923"}],"curies":[{"name":"wp","href":"https:\/\/api.w.org\/{rel}","templated":true}]}}