{"id":351104,"date":"2024-07-31T11:39:36","date_gmt":"2024-07-31T11:39:36","guid":{"rendered":"https:\/\/belux.edmo.eu\/ueber-uns\/language-policy\/"},"modified":"2024-07-31T14:44:49","modified_gmt":"2024-07-31T14:44:49","slug":"sprachenpolitik","status":"publish","type":"page","link":"https:\/\/belux.edmo.eu\/de\/ueber-uns\/sprachenpolitik\/","title":{"rendered":"Sprachenpolitik"},"content":{"rendered":"<div class=\"wpb-content-wrapper\"><p>[vc_row][vc_column][vc_column_text css=&#8220;&#8220;]EDMO BELUX 2.0 hat es sich zur Aufgabe gemacht, den verschiedenen Sprachgemeinschaften in Luxemburg und Belgien zu dienen. Zu unseren Aufgaben geh\u00f6ren Faktenchecks, die F\u00f6rderung der Medienkompetenz und die Durchf\u00fchrung von Recherchen in mehreren Sprachen. Um die Bed\u00fcrfnisse unseres Publikums bestm\u00f6glich zu erf\u00fcllen und unsere Ressourcen effizient zu nutzen, haben wir die folgende Sprachenpolitik festgelegt:<\/p>\n<p><strong>Unterst\u00fctzte Sprachen<\/strong><\/p>\n<p><strong>Prim\u00e4re Sprachen:<\/strong><\/p>\n<ul>\n<li data-leveltext=\"\uf0b7\" data-font=\"Symbol\" data-listid=\"3\" data-list-defn-props=\"{&quot;335552541&quot;:1,&quot;335559685&quot;:720,&quot;335559991&quot;:360,&quot;469769226&quot;:&quot;Symbol&quot;,&quot;469769242&quot;:[8226],&quot;469777803&quot;:&quot;left&quot;,&quot;469777804&quot;:&quot;\uf0b7&quot;,&quot;469777815&quot;:&quot;multilevel&quot;}\" aria-setsize=\"-1\" data-aria-posinset=\"1\" data-aria-level=\"1\"><strong>Franz\u00f6sisch<\/strong><\/li>\n<\/ul>\n<ul>\n<li data-leveltext=\"\uf0b7\" data-font=\"Symbol\" data-listid=\"3\" data-list-defn-props=\"{&quot;335552541&quot;:1,&quot;335559685&quot;:720,&quot;335559991&quot;:360,&quot;469769226&quot;:&quot;Symbol&quot;,&quot;469769242&quot;:[8226],&quot;469777803&quot;:&quot;left&quot;,&quot;469777804&quot;:&quot;\uf0b7&quot;,&quot;469777815&quot;:&quot;multilevel&quot;}\" aria-setsize=\"-1\" data-aria-posinset=\"2\" data-aria-level=\"1\"><span data-ccp-props=\"{&quot;134233117&quot;:true,&quot;134233118&quot;:true,&quot;201341983&quot;:0,&quot;335559739&quot;:240,&quot;335559740&quot;:240}\"><strong>Deutsch<\/strong><br \/>\n<\/span><\/li>\n<\/ul>\n<ul>\n<li data-leveltext=\"\uf0b7\" data-font=\"Symbol\" data-listid=\"3\" data-list-defn-props=\"{&quot;335552541&quot;:1,&quot;335559685&quot;:720,&quot;335559991&quot;:360,&quot;469769226&quot;:&quot;Symbol&quot;,&quot;469769242&quot;:[8226],&quot;469777803&quot;:&quot;left&quot;,&quot;469777804&quot;:&quot;\uf0b7&quot;,&quot;469777815&quot;:&quot;multilevel&quot;}\" aria-setsize=\"-1\" data-aria-posinset=\"3\" data-aria-level=\"1\"><strong>Luxemburgisch<\/strong><\/li>\n<\/ul>\n<p>Diese Sprachen wurden ausgew\u00e4hlt, um sicherzustellen, dass unsere Inhalte f\u00fcr die Mehrheit der Menschen in den von uns betreuten Gemeinschaften zug\u00e4nglich sind. Wir erstellen Faktenchecks, Lehrmaterial und Forschungsberichte in diesen Sprachen.<\/p>\n<p><strong>Zus\u00e4tzliche Sprache:<\/strong><\/p>\n<ul>\n<li data-leveltext=\"\uf0b7\" data-font=\"Symbol\" data-listid=\"4\" data-list-defn-props=\"{&quot;335552541&quot;:1,&quot;335559685&quot;:720,&quot;335559991&quot;:360,&quot;469769226&quot;:&quot;Symbol&quot;,&quot;469769242&quot;:[8226],&quot;469777803&quot;:&quot;left&quot;,&quot;469777804&quot;:&quot;\uf0b7&quot;,&quot;469777815&quot;:&quot;multilevel&quot;}\" aria-setsize=\"-1\" data-aria-posinset=\"1\" data-aria-level=\"1\"><strong>Englisch<br \/>\n<\/strong><\/li>\n<\/ul>\n<p>Englisch wird in erster Linie f\u00fcr allgemeine Informationen \u00fcber EDMO BELUX 2.0 sowie f\u00fcr die akademische Forschung verwendet. Obwohl wir die Bedeutung des Englischen als globale Lingua franca anerkennen, haben wir uns entschieden, keine Fact-Checking-Inhalte auf Englisch zu ver\u00f6ffentlichen. Diese Entscheidung erm\u00f6glicht es uns, unsere Bem\u00fchungen auf die Bek\u00e4mpfung von Desinformation innerhalb der lokalen Sprachgemeinschaften in Luxemburg und Belgien zu konzentrieren.<\/p>\n<p><strong>\u00dcbergang der niederl\u00e4ndischsprachigen Inhalte<\/strong><\/p>\n<p><span data-contrast=\"auto\">In der ersten Generation von EDMO BELUX wurden die Inhalte auch in niederl\u00e4ndischer Sprache produziert. Da sich <a href=\"https:\/\/benedmo.eu\/\" target=\"_blank\" rel=\"noopener\">BENEDMO<\/a> jedoch speziell an die niederl\u00e4ndischsprachigen Gemeinschaften in Belgien und den Niederlanden wendet, wird EDMO BELUX 2.0 die niederl\u00e4ndischsprachigen Inhalte nicht mehr aktualisieren oder pflegen. Die niederl\u00e4ndischsprachigen Ausgaben von EDMO BELUX 1.0 sind jedoch weiterhin in den Archiven verf\u00fcgbar.<br \/>\n<\/span><\/p>\n<p><strong>Verpflichtung zur Barrierefreiheit<\/strong><\/p>\n<p>Wir sind uns bewusst, wie wichtig es ist, unsere Ressourcen so vielen Menschen wie m\u00f6glich zug\u00e4nglich zu machen. Daher werden wir unsere Sprachpolitik kontinuierlich \u00fcberpr\u00fcfen und an die sich ver\u00e4ndernden Bed\u00fcrfnisse unserer Zielgruppe anpassen. Die R\u00fcckmeldungen unserer Nutzer sind f\u00fcr uns von unsch\u00e4tzbarem Wert, um unsere Dienste zu verbessern.<\/p>\n<p><strong>Kontaktieren Sie uns<\/strong><\/p>\n<p>Wenn Sie Fragen oder Anregungen zu unserer Sprachpolitik haben, z\u00f6gern Sie bitte nicht, uns zu kontaktieren. Wir sch\u00e4tzen Ihre Anregungen und bem\u00fchen uns, unsere Inhalte so umfassend und zug\u00e4nglich wie m\u00f6glich zu gestalten.<\/p>\n<p><a href=\"mailto:belux@edmo.eu\" target=\"_blank\" rel=\"noopener\"><span data-contrast=\"none\">belux@edmo.eu<\/span><\/a><span data-contrast=\"auto\"> \/ <\/span><a href=\"mailto:info-belux@edmo.eu\" target=\"_blank\" rel=\"noopener\"><span data-contrast=\"none\">info-belux@edmo.eu<\/span><\/a><span data-contrast=\"auto\">\u00a0<\/span><span data-ccp-props=\"{&quot;134233117&quot;:true,&quot;134233118&quot;:true,&quot;201341983&quot;:0,&quot;335559739&quot;:240,&quot;335559740&quot;:240}\">\u00a0<\/span>[\/vc_column_text][\/vc_column][\/vc_row]<\/p>\n<\/div>","protected":false},"excerpt":{"rendered":"<p>[vc_row][vc_column][vc_column_text css=&#8220;&#8220;]EDMO BELUX 2.0 hat es sich zur Aufgabe gemacht, den verschiedenen Sprachgemeinschaften in Luxemburg und Belgien zu dienen. Zu&#8230;<\/p>\n","protected":false},"author":14,"featured_media":0,"parent":11847,"menu_order":0,"comment_status":"closed","ping_status":"closed","template":"","meta":{"_acf_changed":false,"footnotes":""},"class_list":["post-351104","page","type-page","status-publish"],"acf":[],"yoast_head":"<!-- This site is optimized with the Yoast SEO plugin v27.0 - https:\/\/yoast.com\/product\/yoast-seo-wordpress\/ -->\n<title>Sprachenpolitik - EDMO Belux<\/title>\n<meta name=\"robots\" content=\"index, follow, max-snippet:-1, max-image-preview:large, max-video-preview:-1\" \/>\n<link rel=\"canonical\" href=\"https:\/\/belux.edmo.eu\/de\/ueber-uns\/sprachenpolitik\/\" \/>\n<meta property=\"og:locale\" content=\"de_DE\" \/>\n<meta property=\"og:type\" content=\"article\" \/>\n<meta property=\"og:title\" content=\"Sprachenpolitik - EDMO Belux\" \/>\n<meta property=\"og:description\" content=\"[vc_row][vc_column][vc_column_text css=&#8220;&#8220;]EDMO BELUX 2.0 hat es sich zur Aufgabe gemacht, den verschiedenen Sprachgemeinschaften in Luxemburg und Belgien zu dienen. Zu...\" \/>\n<meta property=\"og:url\" content=\"https:\/\/belux.edmo.eu\/de\/ueber-uns\/sprachenpolitik\/\" \/>\n<meta property=\"og:site_name\" content=\"EDMO Belux\" \/>\n<meta property=\"article:modified_time\" content=\"2024-07-31T14:44:49+00:00\" \/>\n<meta name=\"twitter:card\" content=\"summary_large_image\" \/>\n<meta name=\"twitter:site\" content=\"@Edmo_Belux\" \/>\n<meta name=\"twitter:label1\" content=\"Gesch\u00e4tzte Lesezeit\" \/>\n\t<meta name=\"twitter:data1\" content=\"2 Minuten\" \/>\n<script type=\"application\/ld+json\" class=\"yoast-schema-graph\">{\"@context\":\"https:\/\/schema.org\",\"@graph\":[{\"@type\":\"WebPage\",\"@id\":\"https:\/\/belux.edmo.eu\/de\/ueber-uns\/sprachenpolitik\/\",\"url\":\"https:\/\/belux.edmo.eu\/de\/ueber-uns\/sprachenpolitik\/\",\"name\":\"Sprachenpolitik - EDMO Belux\",\"isPartOf\":{\"@id\":\"https:\/\/belux.edmo.eu\/#website\"},\"datePublished\":\"2024-07-31T11:39:36+00:00\",\"dateModified\":\"2024-07-31T14:44:49+00:00\",\"breadcrumb\":{\"@id\":\"https:\/\/belux.edmo.eu\/de\/ueber-uns\/sprachenpolitik\/#breadcrumb\"},\"inLanguage\":\"de-DE\",\"potentialAction\":[{\"@type\":\"ReadAction\",\"target\":[\"https:\/\/belux.edmo.eu\/de\/ueber-uns\/sprachenpolitik\/\"]}]},{\"@type\":\"BreadcrumbList\",\"@id\":\"https:\/\/belux.edmo.eu\/de\/ueber-uns\/sprachenpolitik\/#breadcrumb\",\"itemListElement\":[{\"@type\":\"ListItem\",\"position\":1,\"name\":\"Home\",\"item\":\"https:\/\/belux.edmo.eu\/de\/\"},{\"@type\":\"ListItem\",\"position\":2,\"name\":\"\u00dcber uns\",\"item\":\"https:\/\/belux.edmo.eu\/de\/ueber-uns\/\"},{\"@type\":\"ListItem\",\"position\":3,\"name\":\"Sprachenpolitik\"}]},{\"@type\":\"WebSite\",\"@id\":\"https:\/\/belux.edmo.eu\/#website\",\"url\":\"https:\/\/belux.edmo.eu\/\",\"name\":\"EDMO Belux\",\"description\":\"Monitoring Disinformation in Belgium and Luxembourg\",\"publisher\":{\"@id\":\"https:\/\/belux.edmo.eu\/#organization\"},\"potentialAction\":[{\"@type\":\"SearchAction\",\"target\":{\"@type\":\"EntryPoint\",\"urlTemplate\":\"https:\/\/belux.edmo.eu\/?s={search_term_string}\"},\"query-input\":{\"@type\":\"PropertyValueSpecification\",\"valueRequired\":true,\"valueName\":\"search_term_string\"}}],\"inLanguage\":\"de-DE\"},{\"@type\":\"Organization\",\"@id\":\"https:\/\/belux.edmo.eu\/#organization\",\"name\":\"EDMO Belux\",\"url\":\"https:\/\/belux.edmo.eu\/\",\"logo\":{\"@type\":\"ImageObject\",\"inLanguage\":\"de-DE\",\"@id\":\"https:\/\/belux.edmo.eu\/#\/schema\/logo\/image\/\",\"url\":\"https:\/\/belux.edmo.eu\/wp-content\/uploads\/2021\/12\/belux-logo-full-color-rgb.svg\",\"contentUrl\":\"https:\/\/belux.edmo.eu\/wp-content\/uploads\/2021\/12\/belux-logo-full-color-rgb.svg\",\"width\":1,\"height\":1,\"caption\":\"EDMO Belux\"},\"image\":{\"@id\":\"https:\/\/belux.edmo.eu\/#\/schema\/logo\/image\/\"},\"sameAs\":[\"https:\/\/x.com\/Edmo_Belux\"]}]}<\/script>\n<!-- \/ Yoast SEO plugin. -->","yoast_head_json":{"title":"Sprachenpolitik - EDMO Belux","robots":{"index":"index","follow":"follow","max-snippet":"max-snippet:-1","max-image-preview":"max-image-preview:large","max-video-preview":"max-video-preview:-1"},"canonical":"https:\/\/belux.edmo.eu\/de\/ueber-uns\/sprachenpolitik\/","og_locale":"de_DE","og_type":"article","og_title":"Sprachenpolitik - EDMO Belux","og_description":"[vc_row][vc_column][vc_column_text css=&#8220;&#8220;]EDMO BELUX 2.0 hat es sich zur Aufgabe gemacht, den verschiedenen Sprachgemeinschaften in Luxemburg und Belgien zu dienen. Zu...","og_url":"https:\/\/belux.edmo.eu\/de\/ueber-uns\/sprachenpolitik\/","og_site_name":"EDMO Belux","article_modified_time":"2024-07-31T14:44:49+00:00","twitter_card":"summary_large_image","twitter_site":"@Edmo_Belux","twitter_misc":{"Gesch\u00e4tzte Lesezeit":"2 Minuten"},"schema":{"@context":"https:\/\/schema.org","@graph":[{"@type":"WebPage","@id":"https:\/\/belux.edmo.eu\/de\/ueber-uns\/sprachenpolitik\/","url":"https:\/\/belux.edmo.eu\/de\/ueber-uns\/sprachenpolitik\/","name":"Sprachenpolitik - EDMO Belux","isPartOf":{"@id":"https:\/\/belux.edmo.eu\/#website"},"datePublished":"2024-07-31T11:39:36+00:00","dateModified":"2024-07-31T14:44:49+00:00","breadcrumb":{"@id":"https:\/\/belux.edmo.eu\/de\/ueber-uns\/sprachenpolitik\/#breadcrumb"},"inLanguage":"de-DE","potentialAction":[{"@type":"ReadAction","target":["https:\/\/belux.edmo.eu\/de\/ueber-uns\/sprachenpolitik\/"]}]},{"@type":"BreadcrumbList","@id":"https:\/\/belux.edmo.eu\/de\/ueber-uns\/sprachenpolitik\/#breadcrumb","itemListElement":[{"@type":"ListItem","position":1,"name":"Home","item":"https:\/\/belux.edmo.eu\/de\/"},{"@type":"ListItem","position":2,"name":"\u00dcber uns","item":"https:\/\/belux.edmo.eu\/de\/ueber-uns\/"},{"@type":"ListItem","position":3,"name":"Sprachenpolitik"}]},{"@type":"WebSite","@id":"https:\/\/belux.edmo.eu\/#website","url":"https:\/\/belux.edmo.eu\/","name":"EDMO Belux","description":"Monitoring Disinformation in Belgium and Luxembourg","publisher":{"@id":"https:\/\/belux.edmo.eu\/#organization"},"potentialAction":[{"@type":"SearchAction","target":{"@type":"EntryPoint","urlTemplate":"https:\/\/belux.edmo.eu\/?s={search_term_string}"},"query-input":{"@type":"PropertyValueSpecification","valueRequired":true,"valueName":"search_term_string"}}],"inLanguage":"de-DE"},{"@type":"Organization","@id":"https:\/\/belux.edmo.eu\/#organization","name":"EDMO Belux","url":"https:\/\/belux.edmo.eu\/","logo":{"@type":"ImageObject","inLanguage":"de-DE","@id":"https:\/\/belux.edmo.eu\/#\/schema\/logo\/image\/","url":"https:\/\/belux.edmo.eu\/wp-content\/uploads\/2021\/12\/belux-logo-full-color-rgb.svg","contentUrl":"https:\/\/belux.edmo.eu\/wp-content\/uploads\/2021\/12\/belux-logo-full-color-rgb.svg","width":1,"height":1,"caption":"EDMO Belux"},"image":{"@id":"https:\/\/belux.edmo.eu\/#\/schema\/logo\/image\/"},"sameAs":["https:\/\/x.com\/Edmo_Belux"]}]}},"_links":{"self":[{"href":"https:\/\/belux.edmo.eu\/de\/wp-json\/wp\/v2\/pages\/351104","targetHints":{"allow":["GET"]}}],"collection":[{"href":"https:\/\/belux.edmo.eu\/de\/wp-json\/wp\/v2\/pages"}],"about":[{"href":"https:\/\/belux.edmo.eu\/de\/wp-json\/wp\/v2\/types\/page"}],"author":[{"embeddable":true,"href":"https:\/\/belux.edmo.eu\/de\/wp-json\/wp\/v2\/users\/14"}],"replies":[{"embeddable":true,"href":"https:\/\/belux.edmo.eu\/de\/wp-json\/wp\/v2\/comments?post=351104"}],"version-history":[{"count":0,"href":"https:\/\/belux.edmo.eu\/de\/wp-json\/wp\/v2\/pages\/351104\/revisions"}],"up":[{"embeddable":true,"href":"https:\/\/belux.edmo.eu\/de\/wp-json\/wp\/v2\/pages\/11847"}],"wp:attachment":[{"href":"https:\/\/belux.edmo.eu\/de\/wp-json\/wp\/v2\/media?parent=351104"}],"curies":[{"name":"wp","href":"https:\/\/api.w.org\/{rel}","templated":true}]}}