{"id":370337,"date":"2024-11-13T08:59:58","date_gmt":"2024-11-13T08:59:58","guid":{"rendered":"https:\/\/belux.edmo.eu\/?page_id=370337"},"modified":"2024-11-14T15:41:34","modified_gmt":"2024-11-14T15:41:34","slug":"leitprinzipien-fuer-das-edmo-netzwerk","status":"publish","type":"page","link":"https:\/\/belux.edmo.eu\/de\/ueber-uns\/leitprinzipien-fuer-das-edmo-netzwerk\/","title":{"rendered":"Leitprinzipien f\u00fcr das EDMO-Netzwerk"},"content":{"rendered":"<div class=\"wpb-content-wrapper\"><p>[vc_row][vc_column][vc_column_text css=&#8220;&#8220;]<\/p>\n<p class=\"s3\"><span class=\"s4\">Die <\/span><span class=\"s4\">\u201e<\/span><span class=\"s4\">Europ\u00e4ische Beobachtungsstelle f\u00fcr digitale Medien<\/span><span class=\"s4\">\u201c<\/span><span class=\"s4\"> ist ein Netzwerk von Konsortien, das eine multidisziplin\u00e4re und l\u00e4nder\u00fcbergreifende Gemeinschaft von unabh\u00e4ngigen Faktenpr\u00fcfern, Experten f\u00fcr Medienkompetenz und Forschern zusammenbringt, die sich mit der Aufdeckung, Entlarvung und Bek\u00e4mpfung von Desinformation<\/span><span class=\"s4\">en<\/span><span class=\"s4\"> befassen und gleichzeitig die erkenntnistheoretischen Grundlagen f\u00fcr einschl\u00e4gige politische Ma\u00dfnahmen entwickeln, insbesondere im Bereich der Medien, der digitalen Dienste und der damit verbundenen Bildungsprogramme. <\/span><span class=\"s4\">Es <\/span><span class=\"s4\">besteht aus einer zentralen Plattform, EDMOeu, die die Aktivit\u00e4ten von 14 nationalen oder regionalen Zentren in 27 EU-L\u00e4ndern und Norwegen verbindet und koordiniert, um in Zusammenarbeit mit Medienorganisationen, Online-Plattformen, Fachleuten und politischen Entscheidungstr\u00e4gern eine m\u00f6glichst gro\u00dfe Wirkung zu erzielen.<\/span><\/p>\n<p class=\"s5\"><span class=\"s4\">W\u00e4hrend jedes Mitglied des EDMO-Netzwerks seine Aktivit\u00e4ten in voller Eigenst\u00e4ndigkeit und in \u00dcbereinstimmung mit den in jedem Konsortium festgelegten spezifischen Bedingungen durchf\u00fchrt, verfolgen alle Mitglieder eine gemeinsame Mission, die darin besteht, ein tieferes Verst\u00e4ndnis von und verbesserte Reaktionen auf Desinformation<\/span><span class=\"s4\">en<\/span><span class=\"s4\"> zu f\u00f6rdern, Forschungsergebnisse zu verbreiten, L\u00f6sungen zu testen und zu einem transparenteren, vertrauensw\u00fcrdigeren und widerstandsf\u00e4higeren Informations\u00f6kosystem beizutragen. <\/span><span class=\"s4\">Bei der Umsetzung ihre<\/span><span class=\"s4\">r Mission<\/span><span class=\"s4\"> sind alle Mitglieder des EDMO-Netzwerks den folgenden Leitprinzipien verpflichtet:<\/span><\/p>\n<p class=\"s5\"><strong><span class=\"s2\">1. Unabh\u00e4ngigkeit<\/span><\/strong><\/p>\n<p class=\"s3\"><span class=\"s4\">Alle Mitglieder des EDMO-Netzes haben Leitungsstrukturen eingerichtet, die ihre Unabh\u00e4ngigkeit gew\u00e4hrleisten, insbesondere gegen\u00fcber Regierungen, den europ\u00e4ischen Institutionen und \u00f6ffentlichen oder privaten Geldgebern. Alle Mitglieder w\u00e4hlen frei die Themen aus, mit denen sie sich befassen wollen, sei es in Form von Forschungsthemen, Faktencheck-Artikeln oder Ma\u00dfnahmen zur Medien- und Informationskompetenz, und bieten gleichzeitig eine pluralistische, integrative und offene Plattform, die sich auf die Herausforderungen der Desinformation<\/span><span class=\"s4\">en<\/span><span class=\"s4\"> konzentriert. Externe Geldgeber, ob \u00f6ffentlich oder privat, d\u00fcrfen weder den Entscheidungsgremien eines Konsortiums angeh\u00f6ren noch deren Entscheidungsprozesse, einschlie\u00dflich der Festlegung von Priorit\u00e4ten, Arbeitsmethoden und Ergebnissen, beeinflussen. Die Europ\u00e4ische Kommission darf an solchen Gremien nur als Beobachterin teilnehmen, um die ordnungsgem\u00e4\u00dfe Umsetzung der einschl\u00e4gigen Finanzierungsvereinbarungen zu \u00fcberwachen<\/span><span class=\"s4\">. S<\/span><span class=\"s4\">ie kann auch Informationen austauschen und R\u00fcckmeldungen geben, um die Einhaltung dieser Vereinbarungen zu gew\u00e4hrleisten, ohne jedoch die vollst\u00e4ndige Autonomie und den Ermessensspielraum der Netzwerkmitglieder zu beeintr\u00e4chtigen.<\/span><\/p>\n<p class=\"s3\"><strong><span class=\"s6\">2.<\/span> <span class=\"s6\">Integrit\u00e4t<\/span><\/strong><\/p>\n<p class=\"s3\"><span class=\"s4\">Die Partnerorganisationen des EDMO-Netzes verpflichten sich zur Einhaltung anerkannter ethischer und professioneller Standards wie dem Europ\u00e4ischen Verhaltenskodex f\u00fcr die Integrit\u00e4t der Forschung oder den f\u00fcr ihren T\u00e4tigkeitsbereich geltenden spezifischen Standards (z. B. dem Europ\u00e4ischen Kodex f\u00fcr unabh\u00e4ngige Fa<\/span><span class=\"s4\">ktenpr\u00fcfungso<\/span><span class=\"s4\">rganisationen des European Fact-Checking Standards Network).<\/span><\/p>\n<p class=\"s3\"><span class=\"s4\">Dar\u00fcber hinaus verpflichten sich alle Mitglieder des EDMO-Netzes, m\u00f6gliche Interessenkonflikte im Rahmen ihrer internen Entscheidungsprozesse angemessen zu regeln. Zu diesem Zweck ist jede Person, die an Entscheidungsgremien und\/oder -prozessen teilnimmt, verpflichtet, wesentliche Interessen, die sie in Sektoren\/Teilsektoren des Informations\u00f6kosystems haben k\u00f6nnte und die ihre Unabh\u00e4ngigkeit gef\u00e4hrden k\u00f6nnten, offenzulegen, sich nicht an Aktivit\u00e4ten zu beteiligen, die von solchen Interessenkonflikten betroffen sein k\u00f6nnten, und von ihrer Rolle zur\u00fcckzutreten, falls ein <\/span><span class=\"s4\">solches Risiko besteht. In diesem Zusammenhang bezieht sich ein Interessenkonflikt auf eine Situation, in der die Unparteilichkeit und Objektivit\u00e4t einer Entscheidung, einer Stellungnahme oder einer Empfehlung einer Person, die an Entscheidungsprozessen teilnimmt, durch ein pers\u00f6nliches Interesse, das eine bestimmte Person hat oder ihr anvertraut wurde, beeintr\u00e4chtigt ist oder als beeintr\u00e4chtigt<\/span><span class=\"s4\"> betrachtet<\/span><span class=\"s4\"> werden k\u00f6nnte. Einschl\u00e4gige pers\u00f6nliche Interessen k\u00f6nnen finanzieller oder nicht finanzieller Art sein und eine pers\u00f6nliche oder famili\u00e4re Beziehung oder berufliche Zugeh\u00f6rigkeit, einschlie\u00dflich fr\u00fcherer Anstellungen oder Ernennungen, sowie andere einschl\u00e4gige externe Aktivit\u00e4ten betreffen.<\/span><\/p>\n<p class=\"s5\"><strong><span class=\"s2\">3. Transparenz<\/span><\/strong><\/p>\n<p class=\"s3\"><span class=\"s4\">Alle Mitglieder des EDMO-Netzes verpflichten sich zur Transparenz in Bezug auf die Identit\u00e4t der dem Konsortium angeh\u00f6renden Organisationen und deren Finanzierungsquellen und stellen sicher, dass die Ergebnisse ihrer f\u00fcr EDMO durchgef\u00fchrten T\u00e4tigkeiten, sei es in den Bereichen Forschung, Fakten\u00fcberpr\u00fcfung, Medienkompetenz oder Politik, \u00f6ffentlich zug\u00e4nglich sind.<\/span><\/p>\n<p class=\"s3\"><strong><span class=\"s2\">4. Neutralit\u00e4t<\/span><\/strong><\/p>\n<p class=\"s3\"><span class=\"s4\">Alle Mitglieder des EDMO-Netzes halten sich bei ihren redaktionellen Produkten und \u00f6ffentlichkeitswirksamen Initiativen an eine strikte Politik der Neutralit\u00e4t gegen\u00fcber politischen oder branchenspezifischen Gesichtspunkten. Thematische Entscheidungen, methodische Ans\u00e4tze, Ergebnisse und Mitteilungen, ob in Forschungsthemen, Fa<\/span><span class=\"s4\">ktenpr\u00fcfungsa<\/span><span class=\"s4\">rtikeln, Ma\u00dfnahmen zur Medien- und Informationskompetenz oder politischen Analysen, sind \u00fcberparteilich und sollen ausschlie\u00dflich dem \u00f6ffentlichen Interesse dienen.<\/span><\/p>\n<p class=\"s3\"><strong><span class=\"s2\">5. Pluralismus<\/span><\/strong><\/p>\n<p class=\"s3\"><span class=\"s4\">Das EDMO-Netzwerk umfasst eine betr\u00e4chtliche Anzahl von Universit\u00e4ten, Forschungszentren, Nachrichtenredaktionen, die Fakten \u00fcberpr\u00fcfen, zivilgesellschaftliche Organisationen und Organisationen, die sich mit Medienkompetenz befassen, wobei jede von ihnen ihre eigene redaktionelle Linie, Forschungsagenda und Bildungsziele in voller Autonomie verfolgt. Dar\u00fcber hinaus tauscht jedes Mitglied des EDMO-Netzwerks regelm\u00e4\u00dfig Inhalte mit anderen Mitgliedern aus, die dann auf der eigenen Plattform ver\u00f6ffentlicht werden, um unterschiedliche Perspektiven auf solche Themen zu bieten und die interne Pluralit\u00e4t bei Themen von gemeinsamem Interesse zu f\u00f6rdern.<\/span><\/p>\n<p class=\"s5\"><strong><span class=\"s2\">6. Vielfalt und Inklusion<\/span><\/strong><\/p>\n<p class=\"s3\"><span class=\"s4\">Das multidisziplin\u00e4re und l\u00e4nder\u00fcbergreifende EDMO-Netzwerk zielt darauf ab, die vielschichtigen Herausforderungen der Desinformation<\/span><span class=\"s4\">en<\/span><span class=\"s4\"> zu bew\u00e4ltigen und dabei die Besonderheiten jedes Landes oder Sprachgebiet<\/span><span class=\"s4\">e<\/span><span class=\"s4\">s zu ber\u00fccksichtigen, das es abdeckt. Dar\u00fcber hinaus sollen seine Aktivit\u00e4ten in den Bereichen Forschung, Fakten\u00fcberpr\u00fcfung, Politikanalyse und Medienkompetenz die Widerstandsf\u00e4higkeit der Gesellschaft in allen Teilen der Bev\u00f6lkerung st\u00e4rken, unabh\u00e4ngig von Geschlecht, ethnischer Herkunft und politischer oder religi\u00f6ser \u00dcberzeugung, mit besonderem Augenmerk auf die Schw\u00e4chsten.<\/span><\/p>\n<p class=\"s5\"><strong><span class=\"s2\">7. Wissenschaftlich fundierte Interventionen<\/span><\/strong><\/p>\n<p class=\"s3\"><span class=\"s4\">Das EDMO-Netzwerk strebt danach, unabh\u00e4ngige, originelle, qualitativ hochwertige und wirkungsorientierte Forschung zum Thema Desinformation voranzutreiben, um einen Fundus an Fakten, Beweisen und Instrumenten zu bieten, der die Interessengruppen zusammenf\u00fchrt und im <\/span><span class=\"s4\">Interesse der Gesellschaft wirkt. Zu diesem Zweck legt es Wert darauf, dass die neuen Erkenntnisse \u00fcber dieses Ph\u00e4nomen auf strengen wissenschaftlichen Theorien, Hypothesen und Methoden beruhen. <\/span><span class=\"s4\">Es<\/span><span class=\"s4\"> f\u00f6rdert auch die Entwicklung hybrider Ans\u00e4tze, die Methoden der empirischen Wissenschaften mit denen der Geisteswissenschaften kombinieren, sowie Forschungen, die die neuesten Instrumente und Techniken der Daten- und Informationswissenschaften zum Einsatz bringen.<\/span><\/p>\n<p>[\/vc_column_text][\/vc_column][\/vc_row]<\/p>\n<\/div>","protected":false},"excerpt":{"rendered":"<p>[vc_row][vc_column][vc_column_text css=&#8220;&#8220;] Die \u201eEurop\u00e4ische Beobachtungsstelle f\u00fcr digitale Medien\u201c ist ein Netzwerk von Konsortien, das eine multidisziplin\u00e4re und l\u00e4nder\u00fcbergreifende Gemeinschaft von&#8230;<\/p>\n","protected":false},"author":14,"featured_media":0,"parent":11847,"menu_order":0,"comment_status":"closed","ping_status":"closed","template":"","meta":{"_acf_changed":false,"footnotes":""},"class_list":["post-370337","page","type-page","status-publish"],"acf":[],"yoast_head":"<!-- This site is optimized with the Yoast SEO plugin v27.0 - https:\/\/yoast.com\/product\/yoast-seo-wordpress\/ -->\n<title>Leitprinzipien f\u00fcr das EDMO-Netzwerk - EDMO Belux<\/title>\n<meta name=\"robots\" content=\"index, follow, max-snippet:-1, max-image-preview:large, max-video-preview:-1\" \/>\n<link rel=\"canonical\" href=\"https:\/\/belux.edmo.eu\/de\/ueber-uns\/leitprinzipien-fuer-das-edmo-netzwerk\/\" \/>\n<meta property=\"og:locale\" content=\"de_DE\" \/>\n<meta property=\"og:type\" content=\"article\" \/>\n<meta property=\"og:title\" content=\"Leitprinzipien f\u00fcr das EDMO-Netzwerk - EDMO Belux\" \/>\n<meta property=\"og:description\" content=\"[vc_row][vc_column][vc_column_text css=&#8220;&#8220;] Die \u201eEurop\u00e4ische Beobachtungsstelle f\u00fcr digitale Medien\u201c ist ein Netzwerk von Konsortien, das eine multidisziplin\u00e4re und l\u00e4nder\u00fcbergreifende Gemeinschaft von...\" \/>\n<meta property=\"og:url\" content=\"https:\/\/belux.edmo.eu\/de\/ueber-uns\/leitprinzipien-fuer-das-edmo-netzwerk\/\" \/>\n<meta property=\"og:site_name\" content=\"EDMO Belux\" \/>\n<meta property=\"article:modified_time\" content=\"2024-11-14T15:41:34+00:00\" \/>\n<meta name=\"twitter:card\" content=\"summary_large_image\" \/>\n<meta name=\"twitter:site\" content=\"@Edmo_Belux\" \/>\n<meta name=\"twitter:label1\" content=\"Gesch\u00e4tzte Lesezeit\" \/>\n\t<meta name=\"twitter:data1\" content=\"4 Minuten\" \/>\n<script type=\"application\/ld+json\" class=\"yoast-schema-graph\">{\"@context\":\"https:\/\/schema.org\",\"@graph\":[{\"@type\":\"WebPage\",\"@id\":\"https:\/\/belux.edmo.eu\/de\/ueber-uns\/leitprinzipien-fuer-das-edmo-netzwerk\/\",\"url\":\"https:\/\/belux.edmo.eu\/de\/ueber-uns\/leitprinzipien-fuer-das-edmo-netzwerk\/\",\"name\":\"Leitprinzipien f\u00fcr das EDMO-Netzwerk - EDMO Belux\",\"isPartOf\":{\"@id\":\"https:\/\/belux.edmo.eu\/#website\"},\"datePublished\":\"2024-11-13T08:59:58+00:00\",\"dateModified\":\"2024-11-14T15:41:34+00:00\",\"breadcrumb\":{\"@id\":\"https:\/\/belux.edmo.eu\/de\/ueber-uns\/leitprinzipien-fuer-das-edmo-netzwerk\/#breadcrumb\"},\"inLanguage\":\"de-DE\",\"potentialAction\":[{\"@type\":\"ReadAction\",\"target\":[\"https:\/\/belux.edmo.eu\/de\/ueber-uns\/leitprinzipien-fuer-das-edmo-netzwerk\/\"]}]},{\"@type\":\"BreadcrumbList\",\"@id\":\"https:\/\/belux.edmo.eu\/de\/ueber-uns\/leitprinzipien-fuer-das-edmo-netzwerk\/#breadcrumb\",\"itemListElement\":[{\"@type\":\"ListItem\",\"position\":1,\"name\":\"Home\",\"item\":\"https:\/\/belux.edmo.eu\/de\/\"},{\"@type\":\"ListItem\",\"position\":2,\"name\":\"\u00dcber uns\",\"item\":\"https:\/\/belux.edmo.eu\/de\/ueber-uns\/\"},{\"@type\":\"ListItem\",\"position\":3,\"name\":\"Leitprinzipien f\u00fcr das EDMO-Netzwerk\"}]},{\"@type\":\"WebSite\",\"@id\":\"https:\/\/belux.edmo.eu\/#website\",\"url\":\"https:\/\/belux.edmo.eu\/\",\"name\":\"EDMO Belux\",\"description\":\"Monitoring Disinformation in Belgium and Luxembourg\",\"publisher\":{\"@id\":\"https:\/\/belux.edmo.eu\/#organization\"},\"potentialAction\":[{\"@type\":\"SearchAction\",\"target\":{\"@type\":\"EntryPoint\",\"urlTemplate\":\"https:\/\/belux.edmo.eu\/?s={search_term_string}\"},\"query-input\":{\"@type\":\"PropertyValueSpecification\",\"valueRequired\":true,\"valueName\":\"search_term_string\"}}],\"inLanguage\":\"de-DE\"},{\"@type\":\"Organization\",\"@id\":\"https:\/\/belux.edmo.eu\/#organization\",\"name\":\"EDMO Belux\",\"url\":\"https:\/\/belux.edmo.eu\/\",\"logo\":{\"@type\":\"ImageObject\",\"inLanguage\":\"de-DE\",\"@id\":\"https:\/\/belux.edmo.eu\/#\/schema\/logo\/image\/\",\"url\":\"https:\/\/belux.edmo.eu\/wp-content\/uploads\/2021\/12\/belux-logo-full-color-rgb.svg\",\"contentUrl\":\"https:\/\/belux.edmo.eu\/wp-content\/uploads\/2021\/12\/belux-logo-full-color-rgb.svg\",\"width\":1,\"height\":1,\"caption\":\"EDMO Belux\"},\"image\":{\"@id\":\"https:\/\/belux.edmo.eu\/#\/schema\/logo\/image\/\"},\"sameAs\":[\"https:\/\/x.com\/Edmo_Belux\"]}]}<\/script>\n<!-- \/ Yoast SEO plugin. -->","yoast_head_json":{"title":"Leitprinzipien f\u00fcr das EDMO-Netzwerk - EDMO Belux","robots":{"index":"index","follow":"follow","max-snippet":"max-snippet:-1","max-image-preview":"max-image-preview:large","max-video-preview":"max-video-preview:-1"},"canonical":"https:\/\/belux.edmo.eu\/de\/ueber-uns\/leitprinzipien-fuer-das-edmo-netzwerk\/","og_locale":"de_DE","og_type":"article","og_title":"Leitprinzipien f\u00fcr das EDMO-Netzwerk - EDMO Belux","og_description":"[vc_row][vc_column][vc_column_text css=&#8220;&#8220;] Die \u201eEurop\u00e4ische Beobachtungsstelle f\u00fcr digitale Medien\u201c ist ein Netzwerk von Konsortien, das eine multidisziplin\u00e4re und l\u00e4nder\u00fcbergreifende Gemeinschaft von...","og_url":"https:\/\/belux.edmo.eu\/de\/ueber-uns\/leitprinzipien-fuer-das-edmo-netzwerk\/","og_site_name":"EDMO Belux","article_modified_time":"2024-11-14T15:41:34+00:00","twitter_card":"summary_large_image","twitter_site":"@Edmo_Belux","twitter_misc":{"Gesch\u00e4tzte Lesezeit":"4 Minuten"},"schema":{"@context":"https:\/\/schema.org","@graph":[{"@type":"WebPage","@id":"https:\/\/belux.edmo.eu\/de\/ueber-uns\/leitprinzipien-fuer-das-edmo-netzwerk\/","url":"https:\/\/belux.edmo.eu\/de\/ueber-uns\/leitprinzipien-fuer-das-edmo-netzwerk\/","name":"Leitprinzipien f\u00fcr das EDMO-Netzwerk - EDMO Belux","isPartOf":{"@id":"https:\/\/belux.edmo.eu\/#website"},"datePublished":"2024-11-13T08:59:58+00:00","dateModified":"2024-11-14T15:41:34+00:00","breadcrumb":{"@id":"https:\/\/belux.edmo.eu\/de\/ueber-uns\/leitprinzipien-fuer-das-edmo-netzwerk\/#breadcrumb"},"inLanguage":"de-DE","potentialAction":[{"@type":"ReadAction","target":["https:\/\/belux.edmo.eu\/de\/ueber-uns\/leitprinzipien-fuer-das-edmo-netzwerk\/"]}]},{"@type":"BreadcrumbList","@id":"https:\/\/belux.edmo.eu\/de\/ueber-uns\/leitprinzipien-fuer-das-edmo-netzwerk\/#breadcrumb","itemListElement":[{"@type":"ListItem","position":1,"name":"Home","item":"https:\/\/belux.edmo.eu\/de\/"},{"@type":"ListItem","position":2,"name":"\u00dcber uns","item":"https:\/\/belux.edmo.eu\/de\/ueber-uns\/"},{"@type":"ListItem","position":3,"name":"Leitprinzipien f\u00fcr das EDMO-Netzwerk"}]},{"@type":"WebSite","@id":"https:\/\/belux.edmo.eu\/#website","url":"https:\/\/belux.edmo.eu\/","name":"EDMO Belux","description":"Monitoring Disinformation in Belgium and Luxembourg","publisher":{"@id":"https:\/\/belux.edmo.eu\/#organization"},"potentialAction":[{"@type":"SearchAction","target":{"@type":"EntryPoint","urlTemplate":"https:\/\/belux.edmo.eu\/?s={search_term_string}"},"query-input":{"@type":"PropertyValueSpecification","valueRequired":true,"valueName":"search_term_string"}}],"inLanguage":"de-DE"},{"@type":"Organization","@id":"https:\/\/belux.edmo.eu\/#organization","name":"EDMO Belux","url":"https:\/\/belux.edmo.eu\/","logo":{"@type":"ImageObject","inLanguage":"de-DE","@id":"https:\/\/belux.edmo.eu\/#\/schema\/logo\/image\/","url":"https:\/\/belux.edmo.eu\/wp-content\/uploads\/2021\/12\/belux-logo-full-color-rgb.svg","contentUrl":"https:\/\/belux.edmo.eu\/wp-content\/uploads\/2021\/12\/belux-logo-full-color-rgb.svg","width":1,"height":1,"caption":"EDMO Belux"},"image":{"@id":"https:\/\/belux.edmo.eu\/#\/schema\/logo\/image\/"},"sameAs":["https:\/\/x.com\/Edmo_Belux"]}]}},"_links":{"self":[{"href":"https:\/\/belux.edmo.eu\/de\/wp-json\/wp\/v2\/pages\/370337","targetHints":{"allow":["GET"]}}],"collection":[{"href":"https:\/\/belux.edmo.eu\/de\/wp-json\/wp\/v2\/pages"}],"about":[{"href":"https:\/\/belux.edmo.eu\/de\/wp-json\/wp\/v2\/types\/page"}],"author":[{"embeddable":true,"href":"https:\/\/belux.edmo.eu\/de\/wp-json\/wp\/v2\/users\/14"}],"replies":[{"embeddable":true,"href":"https:\/\/belux.edmo.eu\/de\/wp-json\/wp\/v2\/comments?post=370337"}],"version-history":[{"count":0,"href":"https:\/\/belux.edmo.eu\/de\/wp-json\/wp\/v2\/pages\/370337\/revisions"}],"up":[{"embeddable":true,"href":"https:\/\/belux.edmo.eu\/de\/wp-json\/wp\/v2\/pages\/11847"}],"wp:attachment":[{"href":"https:\/\/belux.edmo.eu\/de\/wp-json\/wp\/v2\/media?parent=370337"}],"curies":[{"name":"wp","href":"https:\/\/api.w.org\/{rel}","templated":true}]}}