{"id":381129,"date":"2024-09-25T07:38:40","date_gmt":"2024-09-25T07:38:40","guid":{"rendered":"https:\/\/belux.edmo.eu\/ueber-uns\/network-of-experts\/"},"modified":"2025-01-21T14:46:10","modified_gmt":"2025-01-21T14:46:10","slug":"network-of-experts","status":"publish","type":"page","link":"https:\/\/belux.edmo.eu\/de\/ueber-uns\/network-of-experts\/","title":{"rendered":"EDMO BELUX Netzwerk von Experten\u202f"},"content":{"rendered":"<div class=\"wpb-content-wrapper\"><p>[vc_row][vc_column][vc_column_text css=&#8220;&#8220;]<span data-contrast=\"auto\">Willkommen auf der Seite EDMO BELUX Network of Experts, einem Teil des EDMO BELUX 2.0 Hub, der sich der St\u00e4rkung der Verbindungen zwischen Forschern, \u00f6ffentlichen Institutionen, Medienorganisationen und der \u00d6ffentlichkeit im Kampf gegen Desinformationen in Belgien und Luxemburg widmet. Das Netzwerk ist Teil von EDMO BELUX 2.0 und eine Weiterentwicklung von EDMO BELUX 1.0. Es soll unter den Fachleuten an belgischen und luxemburgischen Universit\u00e4ten Bereiche identifizieren, die f\u00fcr Desinformationen anf\u00e4llig sind. Dazu geh\u00f6ren (aber nicht nur) Bereiche wie die belgische und luxemburgische Politik, europ\u00e4ische Politik, Gesundheit, Klimawandel, Rechtsfragen und Migration.\u00a0<\/span><span data-ccp-props=\"{}\">\u00a0<\/span><\/p>\n<p><b><span data-contrast=\"auto\">Die Partner von EDMO BELUX haben drei Ziele f\u00fcr das Netzwerk<\/span><\/b><span data-contrast=\"auto\">\u202f<\/span><span data-ccp-props=\"{}\">\u00a0<\/span><\/p>\n<ul>\n<li data-leveltext=\"\uf0b7\" data-font=\"Symbol\" data-listid=\"1\" data-list-defn-props=\"{&quot;335552541&quot;:1,&quot;335559685&quot;:720,&quot;335559991&quot;:360,&quot;469769226&quot;:&quot;Symbol&quot;,&quot;469769242&quot;:[8226],&quot;469777803&quot;:&quot;left&quot;,&quot;469777804&quot;:&quot;\uf0b7&quot;,&quot;469777815&quot;:&quot;multilevel&quot;}\" aria-setsize=\"-1\" data-aria-posinset=\"1\" data-aria-level=\"1\"><b><span data-contrast=\"auto\">Ausbau und Konsolidierung des Netzwerks: <\/span><\/b><span data-contrast=\"auto\">Wir sind bestrebt, unser Netzwerk zu erweitern, indem wir mehr Experten aus verschiedenen Bereichen einbeziehen und so unsere kollektive F\u00e4higkeit zur Bek\u00e4mpfung von Desinformationen verbessern.<\/span><span data-ccp-props=\"{}\">\u00a0<\/span><\/li>\n<\/ul>\n<ul>\n<li data-leveltext=\"\uf0b7\" data-font=\"Symbol\" data-listid=\"2\" data-list-defn-props=\"{&quot;335552541&quot;:1,&quot;335559685&quot;:720,&quot;335559991&quot;:360,&quot;469769226&quot;:&quot;Symbol&quot;,&quot;469769242&quot;:[8226],&quot;469777803&quot;:&quot;left&quot;,&quot;469777804&quot;:&quot;\uf0b7&quot;,&quot;469777815&quot;:&quot;multilevel&quot;}\" aria-setsize=\"-1\" data-aria-posinset=\"1\" data-aria-level=\"1\"><b><span data-contrast=\"auto\">Einbeziehung von Experten in die Aufdeckung und Analyse: <\/span><\/b><span data-contrast=\"auto\">Unsere Experten k\u00f6nnen in den Prozess der Korrektur und Analyse von Desinformationen einbezogen werden, um sicherzustellen, dass die Reaktionen sowohl zeitnah als auch pr\u00e4zise sind.<\/span><span data-ccp-props=\"{}\">\u00a0<\/span><\/li>\n<\/ul>\n<ul>\n<li data-leveltext=\"\uf0b7\" data-font=\"Symbol\" data-listid=\"3\" data-list-defn-props=\"{&quot;335552541&quot;:1,&quot;335559685&quot;:720,&quot;335559991&quot;:360,&quot;469769226&quot;:&quot;Symbol&quot;,&quot;469769242&quot;:[8226],&quot;469777803&quot;:&quot;left&quot;,&quot;469777804&quot;:&quot;\uf0b7&quot;,&quot;469777815&quot;:&quot;multilevel&quot;}\" aria-setsize=\"-1\" data-aria-posinset=\"1\" data-aria-level=\"1\"><b><span data-contrast=\"auto\">F\u00f6rderung der EDMO BELUX-Ressourcen: <\/span><\/b><span data-contrast=\"auto\">Wir f\u00f6rdern aktiv die Nutzung von EDMO BELUX-Ressourcen in Bildungs-, Forschungs- und politischen Aktivit\u00e4ten, um eine gut informierte und widerstandsf\u00e4hige Gemeinschaft zu unterst\u00fctzen.\u00a0<\/span><span data-ccp-props=\"{}\">\u00a0<\/span><\/li>\n<\/ul>\n<p><b><span data-contrast=\"auto\">Fachwissen\u00a0<\/span><\/b><span data-ccp-props=\"{}\">\u00a0<\/span><\/p>\n<p><span data-contrast=\"auto\">Unser Netzwerk verf\u00fcgt \u00fcber ein reichhaltiges Fachwissen, das wichtige Bereiche umfasst, die besonders anf\u00e4llig f\u00fcr Desinformationen sind. Jeder Experte bringt seine eigenen Kenntnisse und Erfahrungen ein und tr\u00e4gt so zu einem umfassenden Verst\u00e4ndnis und einer wirksamen Bek\u00e4mpfung von Desinformationen bei.\u00a0<\/span><span data-ccp-props=\"{}\">\u00a0<\/span><\/p>\n<p><b><span data-contrast=\"auto\">Politik: <\/span><\/b><span data-contrast=\"auto\">Unsere Politikexperten befassen sich mit den Feinheiten der belgischen und luxemburgischen Politik und bieten Einblicke, die f\u00fcr das Verst\u00e4ndnis und den Umgang mit politischen Desinformationen entscheidend sind.\u00a0<\/span><span data-ccp-props=\"{}\">\u00a0<\/span><\/p>\n<p><b><span data-contrast=\"auto\">Europapolitik: <\/span><\/b><span data-contrast=\"auto\">Spezialisten f\u00fcr europ\u00e4ische Politik und Institutionen bieten kritische Perspektiven auf EU-bezogene Desinformation und helfen, sich in der komplexen Landschaft der europ\u00e4ischen Governance zurechtzufinden.<\/span><b><span data-contrast=\"auto\">\u00a0<\/span><\/b><span data-ccp-props=\"{}\">\u00a0<\/span><\/p>\n<p><b><span data-contrast=\"auto\">Klimawandel: <\/span><\/b><span data-contrast=\"auto\">Der Klimawandel bleibt eine Brutst\u00e4tte der Desinformation. Unsere Klimaexperten verf\u00fcgen \u00fcber fundiertes Wissen, um Mythen zu zerstreuen und wissenschaftlich korrekte Informationen zu pr\u00e4sentieren.\u00a0<\/span><span data-ccp-props=\"{}\">\u00a0<\/span><\/p>\n<p><b><span data-contrast=\"auto\">Migration: <\/span><\/b><span data-contrast=\"auto\">Die Migrations- und Minderheitenpolitik wird h\u00e4ufig durch Desinformationen verzerrt. Unsere Forscher in diesem Bereich bem\u00fchen sich, klare, faktenbasierte Darstellungen zu pr\u00e4sentieren, die irref\u00fchrenden Informationen entgegenwirken.<\/span><b><span data-contrast=\"auto\">\u00a0<\/span><\/b><span data-ccp-props=\"{}\">\u00a0<\/span><\/p>\n<p><b><span data-contrast=\"auto\">Recht und Rechtsfragen: <\/span><\/b><span data-contrast=\"auto\">Die Juristen in unserem Netzwerk gehen Desinformationen aus rechtlicher Sicht an, indem sie sich mit Fragen des \u00f6ffentlichen Rechts befassen und die juristische Kompetenz verbessern.\u00a0<\/span><span data-ccp-props=\"{}\">\u00a0<\/span><\/p>\n<p><b><span data-contrast=\"auto\">Mobilit\u00e4t und nachhaltige Prozesse: <\/span><\/b><span data-contrast=\"auto\">Die Experten f\u00fcr Logistik, Mobilit\u00e4t und nachhaltige Prozesse konzentrieren sich darauf, Fehlinformationen in diesen kritischen Bereichen zu entlarven und fachkundige und nachhaltige Praktiken zu f\u00f6rdern.<\/span><b><span data-contrast=\"auto\">\u00a0<\/span><\/b><span data-ccp-props=\"{}\">\u00a0<\/span><\/p>\n<p><b><span data-contrast=\"auto\">Wenden Sie sich \u00fcber uns an einen Experten\u00a0\u00a0<\/span><\/b><span data-ccp-props=\"{}\">\u00a0<\/span><\/p>\n<p><span data-contrast=\"auto\">Wenn Sie Fragen haben oder eine fachkundige Beratung zu Desinformationsthemen ben\u00f6tigen, steht Ihnen unser Netzwerk zur Verf\u00fcgung. Bitte f\u00fcllen Sie das nachstehende Formular aus, um mit unseren Spezialisten in Kontakt zu treten.<\/span><span data-ccp-props=\"{}\">\u00a0<\/span>[\/vc_column_text][vc_raw_html css=&#8220;&#8220;]JTVCY29udGFjdC1mb3JtLTclMjBpZCUzRCUyMjM2OTQzN2IlMjIlMjB0aXRsZSUzRCUyMk5ldHdvcmslMjBPZiUyMEV4cGVydHMlMjIlNUQ=[\/vc_raw_html][\/vc_column][\/vc_row]<\/p>\n<\/div>","protected":false},"excerpt":{"rendered":"<p>[vc_row][vc_column][vc_column_text css=&#8220;&#8220;]Willkommen auf der Seite EDMO BELUX Network of Experts, einem Teil des EDMO BELUX 2.0 Hub, der sich der&#8230;<\/p>\n","protected":false},"author":14,"featured_media":0,"parent":11847,"menu_order":0,"comment_status":"closed","ping_status":"closed","template":"","meta":{"_acf_changed":false,"footnotes":""},"class_list":["post-381129","page","type-page","status-publish"],"acf":[],"yoast_head":"<!-- This site is optimized with the Yoast SEO plugin v27.0 - https:\/\/yoast.com\/product\/yoast-seo-wordpress\/ -->\n<title>EDMO BELUX Netzwerk von Experten\u202f - EDMO Belux<\/title>\n<meta name=\"robots\" content=\"index, follow, max-snippet:-1, max-image-preview:large, max-video-preview:-1\" \/>\n<link rel=\"canonical\" href=\"https:\/\/belux.edmo.eu\/de\/ueber-uns\/network-of-experts\/\" \/>\n<meta property=\"og:locale\" content=\"de_DE\" \/>\n<meta property=\"og:type\" content=\"article\" \/>\n<meta property=\"og:title\" content=\"EDMO BELUX Netzwerk von Experten\u202f - EDMO Belux\" \/>\n<meta property=\"og:description\" content=\"[vc_row][vc_column][vc_column_text css=&#8220;&#8220;]Willkommen auf der Seite EDMO BELUX Network of Experts, einem Teil des EDMO BELUX 2.0 Hub, der sich der...\" \/>\n<meta property=\"og:url\" content=\"https:\/\/belux.edmo.eu\/de\/ueber-uns\/network-of-experts\/\" \/>\n<meta property=\"og:site_name\" content=\"EDMO Belux\" \/>\n<meta property=\"article:modified_time\" content=\"2025-01-21T14:46:10+00:00\" \/>\n<meta name=\"twitter:card\" content=\"summary_large_image\" \/>\n<meta name=\"twitter:site\" content=\"@Edmo_Belux\" \/>\n<meta name=\"twitter:label1\" content=\"Gesch\u00e4tzte Lesezeit\" \/>\n\t<meta name=\"twitter:data1\" content=\"2 Minuten\" \/>\n<script type=\"application\/ld+json\" class=\"yoast-schema-graph\">{\"@context\":\"https:\/\/schema.org\",\"@graph\":[{\"@type\":\"WebPage\",\"@id\":\"https:\/\/belux.edmo.eu\/de\/ueber-uns\/network-of-experts\/\",\"url\":\"https:\/\/belux.edmo.eu\/de\/ueber-uns\/network-of-experts\/\",\"name\":\"EDMO BELUX Netzwerk von Experten\u202f - EDMO Belux\",\"isPartOf\":{\"@id\":\"https:\/\/belux.edmo.eu\/#website\"},\"datePublished\":\"2024-09-25T07:38:40+00:00\",\"dateModified\":\"2025-01-21T14:46:10+00:00\",\"breadcrumb\":{\"@id\":\"https:\/\/belux.edmo.eu\/de\/ueber-uns\/network-of-experts\/#breadcrumb\"},\"inLanguage\":\"de-DE\",\"potentialAction\":[{\"@type\":\"ReadAction\",\"target\":[\"https:\/\/belux.edmo.eu\/de\/ueber-uns\/network-of-experts\/\"]}]},{\"@type\":\"BreadcrumbList\",\"@id\":\"https:\/\/belux.edmo.eu\/de\/ueber-uns\/network-of-experts\/#breadcrumb\",\"itemListElement\":[{\"@type\":\"ListItem\",\"position\":1,\"name\":\"Home\",\"item\":\"https:\/\/belux.edmo.eu\/de\/\"},{\"@type\":\"ListItem\",\"position\":2,\"name\":\"\u00dcber uns\",\"item\":\"https:\/\/belux.edmo.eu\/de\/ueber-uns\/\"},{\"@type\":\"ListItem\",\"position\":3,\"name\":\"EDMO BELUX Netzwerk von Experten\u202f\"}]},{\"@type\":\"WebSite\",\"@id\":\"https:\/\/belux.edmo.eu\/#website\",\"url\":\"https:\/\/belux.edmo.eu\/\",\"name\":\"EDMO Belux\",\"description\":\"Monitoring Disinformation in Belgium and Luxembourg\",\"publisher\":{\"@id\":\"https:\/\/belux.edmo.eu\/#organization\"},\"potentialAction\":[{\"@type\":\"SearchAction\",\"target\":{\"@type\":\"EntryPoint\",\"urlTemplate\":\"https:\/\/belux.edmo.eu\/?s={search_term_string}\"},\"query-input\":{\"@type\":\"PropertyValueSpecification\",\"valueRequired\":true,\"valueName\":\"search_term_string\"}}],\"inLanguage\":\"de-DE\"},{\"@type\":\"Organization\",\"@id\":\"https:\/\/belux.edmo.eu\/#organization\",\"name\":\"EDMO Belux\",\"url\":\"https:\/\/belux.edmo.eu\/\",\"logo\":{\"@type\":\"ImageObject\",\"inLanguage\":\"de-DE\",\"@id\":\"https:\/\/belux.edmo.eu\/#\/schema\/logo\/image\/\",\"url\":\"https:\/\/belux.edmo.eu\/wp-content\/uploads\/2021\/12\/belux-logo-full-color-rgb.svg\",\"contentUrl\":\"https:\/\/belux.edmo.eu\/wp-content\/uploads\/2021\/12\/belux-logo-full-color-rgb.svg\",\"width\":1,\"height\":1,\"caption\":\"EDMO Belux\"},\"image\":{\"@id\":\"https:\/\/belux.edmo.eu\/#\/schema\/logo\/image\/\"},\"sameAs\":[\"https:\/\/x.com\/Edmo_Belux\"]}]}<\/script>\n<!-- \/ Yoast SEO plugin. -->","yoast_head_json":{"title":"EDMO BELUX Netzwerk von Experten\u202f - EDMO Belux","robots":{"index":"index","follow":"follow","max-snippet":"max-snippet:-1","max-image-preview":"max-image-preview:large","max-video-preview":"max-video-preview:-1"},"canonical":"https:\/\/belux.edmo.eu\/de\/ueber-uns\/network-of-experts\/","og_locale":"de_DE","og_type":"article","og_title":"EDMO BELUX Netzwerk von Experten\u202f - EDMO Belux","og_description":"[vc_row][vc_column][vc_column_text css=&#8220;&#8220;]Willkommen auf der Seite EDMO BELUX Network of Experts, einem Teil des EDMO BELUX 2.0 Hub, der sich der...","og_url":"https:\/\/belux.edmo.eu\/de\/ueber-uns\/network-of-experts\/","og_site_name":"EDMO Belux","article_modified_time":"2025-01-21T14:46:10+00:00","twitter_card":"summary_large_image","twitter_site":"@Edmo_Belux","twitter_misc":{"Gesch\u00e4tzte Lesezeit":"2 Minuten"},"schema":{"@context":"https:\/\/schema.org","@graph":[{"@type":"WebPage","@id":"https:\/\/belux.edmo.eu\/de\/ueber-uns\/network-of-experts\/","url":"https:\/\/belux.edmo.eu\/de\/ueber-uns\/network-of-experts\/","name":"EDMO BELUX Netzwerk von Experten\u202f - EDMO Belux","isPartOf":{"@id":"https:\/\/belux.edmo.eu\/#website"},"datePublished":"2024-09-25T07:38:40+00:00","dateModified":"2025-01-21T14:46:10+00:00","breadcrumb":{"@id":"https:\/\/belux.edmo.eu\/de\/ueber-uns\/network-of-experts\/#breadcrumb"},"inLanguage":"de-DE","potentialAction":[{"@type":"ReadAction","target":["https:\/\/belux.edmo.eu\/de\/ueber-uns\/network-of-experts\/"]}]},{"@type":"BreadcrumbList","@id":"https:\/\/belux.edmo.eu\/de\/ueber-uns\/network-of-experts\/#breadcrumb","itemListElement":[{"@type":"ListItem","position":1,"name":"Home","item":"https:\/\/belux.edmo.eu\/de\/"},{"@type":"ListItem","position":2,"name":"\u00dcber uns","item":"https:\/\/belux.edmo.eu\/de\/ueber-uns\/"},{"@type":"ListItem","position":3,"name":"EDMO BELUX Netzwerk von Experten\u202f"}]},{"@type":"WebSite","@id":"https:\/\/belux.edmo.eu\/#website","url":"https:\/\/belux.edmo.eu\/","name":"EDMO Belux","description":"Monitoring Disinformation in Belgium and Luxembourg","publisher":{"@id":"https:\/\/belux.edmo.eu\/#organization"},"potentialAction":[{"@type":"SearchAction","target":{"@type":"EntryPoint","urlTemplate":"https:\/\/belux.edmo.eu\/?s={search_term_string}"},"query-input":{"@type":"PropertyValueSpecification","valueRequired":true,"valueName":"search_term_string"}}],"inLanguage":"de-DE"},{"@type":"Organization","@id":"https:\/\/belux.edmo.eu\/#organization","name":"EDMO Belux","url":"https:\/\/belux.edmo.eu\/","logo":{"@type":"ImageObject","inLanguage":"de-DE","@id":"https:\/\/belux.edmo.eu\/#\/schema\/logo\/image\/","url":"https:\/\/belux.edmo.eu\/wp-content\/uploads\/2021\/12\/belux-logo-full-color-rgb.svg","contentUrl":"https:\/\/belux.edmo.eu\/wp-content\/uploads\/2021\/12\/belux-logo-full-color-rgb.svg","width":1,"height":1,"caption":"EDMO Belux"},"image":{"@id":"https:\/\/belux.edmo.eu\/#\/schema\/logo\/image\/"},"sameAs":["https:\/\/x.com\/Edmo_Belux"]}]}},"_links":{"self":[{"href":"https:\/\/belux.edmo.eu\/de\/wp-json\/wp\/v2\/pages\/381129","targetHints":{"allow":["GET"]}}],"collection":[{"href":"https:\/\/belux.edmo.eu\/de\/wp-json\/wp\/v2\/pages"}],"about":[{"href":"https:\/\/belux.edmo.eu\/de\/wp-json\/wp\/v2\/types\/page"}],"author":[{"embeddable":true,"href":"https:\/\/belux.edmo.eu\/de\/wp-json\/wp\/v2\/users\/14"}],"replies":[{"embeddable":true,"href":"https:\/\/belux.edmo.eu\/de\/wp-json\/wp\/v2\/comments?post=381129"}],"version-history":[{"count":0,"href":"https:\/\/belux.edmo.eu\/de\/wp-json\/wp\/v2\/pages\/381129\/revisions"}],"up":[{"embeddable":true,"href":"https:\/\/belux.edmo.eu\/de\/wp-json\/wp\/v2\/pages\/11847"}],"wp:attachment":[{"href":"https:\/\/belux.edmo.eu\/de\/wp-json\/wp\/v2\/media?parent=381129"}],"curies":[{"name":"wp","href":"https:\/\/api.w.org\/{rel}","templated":true}]}}