{"id":384309,"date":"2025-02-05T11:16:39","date_gmt":"2025-02-05T11:16:39","guid":{"rendered":"https:\/\/belux.edmo.eu\/ueber-uns\/edmo-map-network\/"},"modified":"2025-03-05T10:20:13","modified_gmt":"2025-03-05T10:20:13","slug":"edmo-map-network","status":"publish","type":"page","link":"https:\/\/belux.edmo.eu\/de\/ueber-uns\/edmo-map-network\/","title":{"rendered":"EDMO Network Map"},"content":{"rendered":"<div class=\"wpb-content-wrapper\"><p>[vc_row][vc_column][vc_column_text css=&#8220;&#8220;]<\/p>\n<p data-renderer-start-pos=\"1798\">EDMO BELUX ist Teil des europaweiten Netzes der Europ\u00e4ischen Beobachtungsstelle f\u00fcr digitale Medien (<a href=\"https:\/\/edmo.eu\" target=\"_blank\" rel=\"noopener\">EDMO<\/a>). Die 14 bestehenden nationalen oder multinationalen Zentren decken alle 27 EU-Mitgliedstaaten sowie Norwegen im EWR ab. EDMOeu und die EDMO-Hubs bilden ein EU-weites Netzwerk gegen Desinformation.<\/p>\n<p data-renderer-start-pos=\"2103\">Jeder Hub tr\u00e4gt bei zum<\/p>\n<ul class=\"ak-ul\" data-indent-level=\"1\">\n<li>\n<p data-renderer-start-pos=\"2130\">Aufsp\u00fcren und Analysieren von Desinformationskampagnen sowie Erstellen von Inhalten, um Massenmedien, lokalen Medien und Beh\u00f6rden bei der Aufdeckung sch\u00e4dlicher Desinformation zu unterst\u00fctzen;<\/p>\n<\/li>\n<\/ul>\n<ul class=\"ak-ul\" data-indent-level=\"1\">\n<li>\n<p data-renderer-start-pos=\"2328\">Organisation von Aktivit\u00e4ten zur Medienkompetenz auf nationaler oder multinationaler Ebene;<\/p>\n<\/li>\n<\/ul>\n<ul class=\"ak-ul\" data-indent-level=\"1\">\n<li>\n<p data-renderer-start-pos=\"2425\">Unterst\u00fctzung der nationalen Beh\u00f6rden bei der Beobachtung des Vorgehens von Online-Plattformen und des \u00d6kosystems der digitalen Medien.<\/p>\n<\/li>\n<\/ul>\n<p>[\/vc_column_text][vc_column_text css=&#8220;&#8220;]<\/p>\n<h4 style=\"text-align: center;\">Klicken Sie auf die Karte, um eine Liste der 14 EDMO-Drehscheiben zu sehen, die alle 27 EU-Mitgliedstaaten und Norwegen abdecken.<\/h4>\n<p>[\/vc_column_text][vc_single_image image=&#8220;384340&#8243; img_size=&#8220;full&#8220; alignment=&#8220;center&#8220; onclick=&#8220;custom_link&#8220; img_link_target=&#8220;_blank&#8220; css=&#8220;&#8220; link=&#8220;https:\/\/edmo.eu\/about-us\/edmo-hubs\/&#8220;][\/vc_column][\/vc_row]<\/p>\n<\/div>","protected":false},"excerpt":{"rendered":"<p>[vc_row][vc_column][vc_column_text css=&#8220;&#8220;] EDMO BELUX ist Teil des europaweiten Netzes der Europ\u00e4ischen Beobachtungsstelle f\u00fcr digitale Medien (EDMO). Die 14 bestehenden nationalen&#8230;<\/p>\n","protected":false},"author":14,"featured_media":0,"parent":11847,"menu_order":0,"comment_status":"closed","ping_status":"closed","template":"","meta":{"_acf_changed":false,"footnotes":""},"class_list":["post-384309","page","type-page","status-publish"],"acf":[],"yoast_head":"<!-- This site is optimized with the Yoast SEO plugin v27.0 - https:\/\/yoast.com\/product\/yoast-seo-wordpress\/ -->\n<title>EDMO Network Map - EDMO Belux<\/title>\n<meta name=\"robots\" content=\"index, follow, max-snippet:-1, max-image-preview:large, max-video-preview:-1\" \/>\n<link rel=\"canonical\" href=\"https:\/\/belux.edmo.eu\/de\/ueber-uns\/edmo-map-network\/\" \/>\n<meta property=\"og:locale\" content=\"de_DE\" \/>\n<meta property=\"og:type\" content=\"article\" \/>\n<meta property=\"og:title\" content=\"EDMO Network Map - EDMO Belux\" \/>\n<meta property=\"og:description\" content=\"[vc_row][vc_column][vc_column_text css=&#8220;&#8220;] EDMO BELUX ist Teil des europaweiten Netzes der Europ\u00e4ischen Beobachtungsstelle f\u00fcr digitale Medien (EDMO). Die 14 bestehenden nationalen...\" \/>\n<meta property=\"og:url\" content=\"https:\/\/belux.edmo.eu\/de\/ueber-uns\/edmo-map-network\/\" \/>\n<meta property=\"og:site_name\" content=\"EDMO Belux\" \/>\n<meta property=\"article:modified_time\" content=\"2025-03-05T10:20:13+00:00\" \/>\n<meta name=\"twitter:card\" content=\"summary_large_image\" \/>\n<meta name=\"twitter:site\" content=\"@Edmo_Belux\" \/>\n<meta name=\"twitter:label1\" content=\"Gesch\u00e4tzte Lesezeit\" \/>\n\t<meta name=\"twitter:data1\" content=\"1 Minute\" \/>\n<script type=\"application\/ld+json\" class=\"yoast-schema-graph\">{\"@context\":\"https:\/\/schema.org\",\"@graph\":[{\"@type\":\"WebPage\",\"@id\":\"https:\/\/belux.edmo.eu\/de\/ueber-uns\/edmo-map-network\/\",\"url\":\"https:\/\/belux.edmo.eu\/de\/ueber-uns\/edmo-map-network\/\",\"name\":\"EDMO Network Map - EDMO Belux\",\"isPartOf\":{\"@id\":\"https:\/\/belux.edmo.eu\/#website\"},\"datePublished\":\"2025-02-05T11:16:39+00:00\",\"dateModified\":\"2025-03-05T10:20:13+00:00\",\"breadcrumb\":{\"@id\":\"https:\/\/belux.edmo.eu\/de\/ueber-uns\/edmo-map-network\/#breadcrumb\"},\"inLanguage\":\"de-DE\",\"potentialAction\":[{\"@type\":\"ReadAction\",\"target\":[\"https:\/\/belux.edmo.eu\/de\/ueber-uns\/edmo-map-network\/\"]}]},{\"@type\":\"BreadcrumbList\",\"@id\":\"https:\/\/belux.edmo.eu\/de\/ueber-uns\/edmo-map-network\/#breadcrumb\",\"itemListElement\":[{\"@type\":\"ListItem\",\"position\":1,\"name\":\"Home\",\"item\":\"https:\/\/belux.edmo.eu\/de\/\"},{\"@type\":\"ListItem\",\"position\":2,\"name\":\"\u00dcber uns\",\"item\":\"https:\/\/belux.edmo.eu\/de\/ueber-uns\/\"},{\"@type\":\"ListItem\",\"position\":3,\"name\":\"EDMO Network Map\"}]},{\"@type\":\"WebSite\",\"@id\":\"https:\/\/belux.edmo.eu\/#website\",\"url\":\"https:\/\/belux.edmo.eu\/\",\"name\":\"EDMO Belux\",\"description\":\"Monitoring Disinformation in Belgium and Luxembourg\",\"publisher\":{\"@id\":\"https:\/\/belux.edmo.eu\/#organization\"},\"potentialAction\":[{\"@type\":\"SearchAction\",\"target\":{\"@type\":\"EntryPoint\",\"urlTemplate\":\"https:\/\/belux.edmo.eu\/?s={search_term_string}\"},\"query-input\":{\"@type\":\"PropertyValueSpecification\",\"valueRequired\":true,\"valueName\":\"search_term_string\"}}],\"inLanguage\":\"de-DE\"},{\"@type\":\"Organization\",\"@id\":\"https:\/\/belux.edmo.eu\/#organization\",\"name\":\"EDMO Belux\",\"url\":\"https:\/\/belux.edmo.eu\/\",\"logo\":{\"@type\":\"ImageObject\",\"inLanguage\":\"de-DE\",\"@id\":\"https:\/\/belux.edmo.eu\/#\/schema\/logo\/image\/\",\"url\":\"https:\/\/belux.edmo.eu\/wp-content\/uploads\/2021\/12\/belux-logo-full-color-rgb.svg\",\"contentUrl\":\"https:\/\/belux.edmo.eu\/wp-content\/uploads\/2021\/12\/belux-logo-full-color-rgb.svg\",\"width\":1,\"height\":1,\"caption\":\"EDMO Belux\"},\"image\":{\"@id\":\"https:\/\/belux.edmo.eu\/#\/schema\/logo\/image\/\"},\"sameAs\":[\"https:\/\/x.com\/Edmo_Belux\"]}]}<\/script>\n<!-- \/ Yoast SEO plugin. -->","yoast_head_json":{"title":"EDMO Network Map - EDMO Belux","robots":{"index":"index","follow":"follow","max-snippet":"max-snippet:-1","max-image-preview":"max-image-preview:large","max-video-preview":"max-video-preview:-1"},"canonical":"https:\/\/belux.edmo.eu\/de\/ueber-uns\/edmo-map-network\/","og_locale":"de_DE","og_type":"article","og_title":"EDMO Network Map - EDMO Belux","og_description":"[vc_row][vc_column][vc_column_text css=&#8220;&#8220;] EDMO BELUX ist Teil des europaweiten Netzes der Europ\u00e4ischen Beobachtungsstelle f\u00fcr digitale Medien (EDMO). Die 14 bestehenden nationalen...","og_url":"https:\/\/belux.edmo.eu\/de\/ueber-uns\/edmo-map-network\/","og_site_name":"EDMO Belux","article_modified_time":"2025-03-05T10:20:13+00:00","twitter_card":"summary_large_image","twitter_site":"@Edmo_Belux","twitter_misc":{"Gesch\u00e4tzte Lesezeit":"1 Minute"},"schema":{"@context":"https:\/\/schema.org","@graph":[{"@type":"WebPage","@id":"https:\/\/belux.edmo.eu\/de\/ueber-uns\/edmo-map-network\/","url":"https:\/\/belux.edmo.eu\/de\/ueber-uns\/edmo-map-network\/","name":"EDMO Network Map - EDMO Belux","isPartOf":{"@id":"https:\/\/belux.edmo.eu\/#website"},"datePublished":"2025-02-05T11:16:39+00:00","dateModified":"2025-03-05T10:20:13+00:00","breadcrumb":{"@id":"https:\/\/belux.edmo.eu\/de\/ueber-uns\/edmo-map-network\/#breadcrumb"},"inLanguage":"de-DE","potentialAction":[{"@type":"ReadAction","target":["https:\/\/belux.edmo.eu\/de\/ueber-uns\/edmo-map-network\/"]}]},{"@type":"BreadcrumbList","@id":"https:\/\/belux.edmo.eu\/de\/ueber-uns\/edmo-map-network\/#breadcrumb","itemListElement":[{"@type":"ListItem","position":1,"name":"Home","item":"https:\/\/belux.edmo.eu\/de\/"},{"@type":"ListItem","position":2,"name":"\u00dcber uns","item":"https:\/\/belux.edmo.eu\/de\/ueber-uns\/"},{"@type":"ListItem","position":3,"name":"EDMO Network Map"}]},{"@type":"WebSite","@id":"https:\/\/belux.edmo.eu\/#website","url":"https:\/\/belux.edmo.eu\/","name":"EDMO Belux","description":"Monitoring Disinformation in Belgium and Luxembourg","publisher":{"@id":"https:\/\/belux.edmo.eu\/#organization"},"potentialAction":[{"@type":"SearchAction","target":{"@type":"EntryPoint","urlTemplate":"https:\/\/belux.edmo.eu\/?s={search_term_string}"},"query-input":{"@type":"PropertyValueSpecification","valueRequired":true,"valueName":"search_term_string"}}],"inLanguage":"de-DE"},{"@type":"Organization","@id":"https:\/\/belux.edmo.eu\/#organization","name":"EDMO Belux","url":"https:\/\/belux.edmo.eu\/","logo":{"@type":"ImageObject","inLanguage":"de-DE","@id":"https:\/\/belux.edmo.eu\/#\/schema\/logo\/image\/","url":"https:\/\/belux.edmo.eu\/wp-content\/uploads\/2021\/12\/belux-logo-full-color-rgb.svg","contentUrl":"https:\/\/belux.edmo.eu\/wp-content\/uploads\/2021\/12\/belux-logo-full-color-rgb.svg","width":1,"height":1,"caption":"EDMO Belux"},"image":{"@id":"https:\/\/belux.edmo.eu\/#\/schema\/logo\/image\/"},"sameAs":["https:\/\/x.com\/Edmo_Belux"]}]}},"_links":{"self":[{"href":"https:\/\/belux.edmo.eu\/de\/wp-json\/wp\/v2\/pages\/384309","targetHints":{"allow":["GET"]}}],"collection":[{"href":"https:\/\/belux.edmo.eu\/de\/wp-json\/wp\/v2\/pages"}],"about":[{"href":"https:\/\/belux.edmo.eu\/de\/wp-json\/wp\/v2\/types\/page"}],"author":[{"embeddable":true,"href":"https:\/\/belux.edmo.eu\/de\/wp-json\/wp\/v2\/users\/14"}],"replies":[{"embeddable":true,"href":"https:\/\/belux.edmo.eu\/de\/wp-json\/wp\/v2\/comments?post=384309"}],"version-history":[{"count":0,"href":"https:\/\/belux.edmo.eu\/de\/wp-json\/wp\/v2\/pages\/384309\/revisions"}],"up":[{"embeddable":true,"href":"https:\/\/belux.edmo.eu\/de\/wp-json\/wp\/v2\/pages\/11847"}],"wp:attachment":[{"href":"https:\/\/belux.edmo.eu\/de\/wp-json\/wp\/v2\/media?parent=384309"}],"curies":[{"name":"wp","href":"https:\/\/api.w.org\/{rel}","templated":true}]}}