{"id":394837,"date":"2025-05-07T09:47:16","date_gmt":"2025-05-07T09:47:16","guid":{"rendered":"https:\/\/belux.edmo.eu\/be-online-smart\/"},"modified":"2025-05-23T07:48:04","modified_gmt":"2025-05-23T07:48:04","slug":"be-online-smart","status":"publish","type":"page","link":"https:\/\/belux.edmo.eu\/de\/be-online-smart\/","title":{"rendered":"Be Online Smart"},"content":{"rendered":"<div class=\"wpb-content-wrapper\"><p>[vc_row css=&#8220;.vc_custom_1746526189051{margin-top: 0px !important;padding-top: 0px !important;}&#8220;][vc_column][vc_raw_html css=&#8220;&#8220;]JTNDZGl2JTIwaWQlM0QlMjJmZWF0LWltZyUyMiUzRSUwQSUzQ2ltZyUyMHNyYyUzRCUyMmh0dHBzJTNBJTJGJTJGYmVsdXgtZWRtby5zMy1hY2NlbGVyYXRlLmFtYXpvbmF3cy5jb20lMkZ3cC1jb250ZW50JTJGdXBsb2FkcyUyRjIwMjUlMkYwNSUyRmJlb25saW5lc21hcnQtYmVsdXguanBnJTIyJTIwJTJGJTNFJTBBJTNDJTJGZGl2JTNF[\/vc_raw_html][\/vc_column][\/vc_row][vc_row][vc_column][vc_column_text css=&#8220;&#8220;]Die Kampagne \u201eBe Online Smart\u201c wird von der Europ\u00e4ischen Beobachtungsstelle f\u00fcr digitale Medien (EDMO) und ihrem Netz von 14 nationalen Zentren durchgef\u00fchrt. Sie zielt darauf ab, das Bewusstsein daf\u00fcr zu sch\u00e4rfen, wie Algorithmen unsere Online-Erfahrung pr\u00e4gen &#8211; von den Nachrichten, die wir lesen, bis zu den Videos, die wir ansehen. Empfehlungssysteme helfen uns, Inhalte zu entdecken, die uns gefallen, aber sie k\u00f6nnen auch das, was wir sehen, einschr\u00e4nken, Desinformationen verst\u00e4rken und Vorurteile best\u00e4rken. Wenn wir verstehen, wie Algorithmen funktionieren und wie sie unser Online-Leben beeinflussen, k\u00f6nnen wir kl\u00fcgere Entscheidungen treffen, Fehlinformationen erkennen und besser informiert bleiben.[\/vc_column_text][\/vc_column][\/vc_row][vc_row][vc_column][vc_column_text css=&#8220;&#8220;]<\/p>\n<h2><span style=\"font-weight: 800;\">Rolle von Empfehlungsalgorithmen beim Zugang zu Informationen, Wissen und Inhalten in der Online-Welt<\/span><\/h2>\n<p>[\/vc_column_text]<div class=\"clearboth\"><\/div><style>#thegem-divider-69f07258b192d {margin-bottom: 40px !important;}<\/style><div id=\"thegem-divider-69f07258b192d\" class=\"gem-divider  \" style=\"border-width: 1px;width: 100px;border-color: #FFCD05;\" ><\/div>[vc_column_text css=&#8220;&#8220;]Viele der Anwendungen &#8211; Webseiten, Suchmaschinen, soziale Netzwerke &#8211; verwenden Algorithmen, um die Informationen, die sie uns zeigen, zu verwalten.[\/vc_column_text][\/vc_column][\/vc_row][vc_row][vc_column][vc_column_text css=&#8220;&#8220;]<\/p>\n<h3><b>Was ist ein Algorithmus?<\/b><\/h3>\n<p>[\/vc_column_text]<div class=\"clearboth\"><\/div><style>#thegem-divider-69f07258b199d {margin-bottom: 40px !important;}<\/style><div id=\"thegem-divider-69f07258b199d\" class=\"gem-divider  \" style=\"border-width: 1px;width: 100px;border-color: #FFCD05;\" ><\/div>[vc_column_text css=&#8220;&#8220;]Ein Algorithmus ist ein Komplex von Anweisungen oder Regeln, die ein Computer verwendet, um eine Aufgabe auszuf\u00fchren, ein Problem zu l\u00f6sen oder eine Entscheidung zu treffen.<\/p>\n<p>Algorithmen werden online in vielen verschiedenen Zusammenh\u00e4ngen verwendet, und je nach Aufgabe k\u00f6nnen sie relativ einfach sein &#8211; wie das Anordnen einer Liste von Namen in alphabetischer Reihenfolge &#8211; oder sehr komplex.<\/p>\n<p>Soziale Medien und Suchmaschinen verwenden Empfehlungsalgorithmen, um zu entscheiden, welche Beitr\u00e4ge oder Suchergebnisse jedem einzelnen Nutzer angezeigt werden sollen.<\/p>\n<p>Musik-Streaming-Dienste nutzen sie, um vorherzusagen, welche Musik einem bestimmten H\u00f6rer gefallen k\u00f6nnte, und zwar auf der Grundlage der anderen Musik, die er gerade h\u00f6rt, oder wann, wo (Standort und verwendetes Ger\u00e4t) und wie (Dauer) er sie h\u00f6rt. TV- und Film-Streaming-Dienste nutzen sie in \u00e4hnlicher Weise.[\/vc_column_text][\/vc_column][\/vc_row][vc_row][vc_column][vc_column_text css=&#8220;&#8220;]<\/p>\n<h3><b>Warum m\u00fcssen wir wissen, wie sie funktionieren?<\/b><\/h3>\n<p>[\/vc_column_text]<div class=\"clearboth\"><\/div><style>#thegem-divider-69f07258b19e0 {margin-bottom: 40px !important;}<\/style><div id=\"thegem-divider-69f07258b19e0\" class=\"gem-divider  \" style=\"border-width: 1px;width: 100px;border-color: #FFCD05;\" ><\/div>[vc_column_text css=&#8220;&#8220;]Es ist wichtig, ein wenig dar\u00fcber zu wissen, wie Algorithmen (und diejenigen, die sie entwickeln!) Ihre Erfahrungen in der Online-Welt sowie Ihre Wahrnehmung der Offline-Welt und Ihre Interaktion mit ihr pr\u00e4gen. Algorithmen werden verwendet, um Entscheidungen \u00fcber die Inhalte zu treffen, die Sie auf verschiedenen Webseiten sehen, und sie haben erheblichen Einfluss auf das Wissen und die Informationen, denen Sie begegnen.<strong>\u00a0<\/strong><\/p>\n<p>Viele soziale Netzwerke und andere Webseiten verdienen ihr Geld mit Werbung. Um mehr Geld zu verdienen, wollen sie daher Ihre Aufmerksamkeit erregen, indem sie Sie auf ihren Webseiten oder Apps halten und Sie immer wieder zur\u00fcckkommen lassen.<\/p>\n<p>Daher zielen ihre Algorithmen oft darauf ab, Ihnen Inhalte zu zeigen, von denen sie glauben, dass Sie sie sehen wollen, und Inhalte, von denen sie glauben, dass Sie sie teilen wollen.[\/vc_column_text][\/vc_column][\/vc_row][vc_row][vc_column][vc_column_text css=&#8220;&#8220;]<\/p>\n<h3><b>Algorithmen: Freund und Feind<\/b><\/h3>\n<p>[\/vc_column_text]<div class=\"clearboth\"><\/div><style>#thegem-divider-69f07258b1a18 {margin-bottom: 40px !important;}<\/style><div id=\"thegem-divider-69f07258b1a18\" class=\"gem-divider  \" style=\"border-width: 1px;width: 100px;border-color: #FFCD05;\" ><\/div>[vc_column_text css=&#8220;&#8220;]<\/p>\n<ul>\n<li><strong>Algorithmen sorgen daf\u00fcr, dass Sie die digitale Welt besser erleben<\/strong><\/li>\n<\/ul>\n<p>Algorithmen k\u00f6nnen daf\u00fcr sorgen, dass Sie online relevante und interessante Inhalte sehen. In einem sozialen Netzwerk k\u00f6nnten das zum Beispiel Updates von Ihren engsten Freunden sein und nicht von denen, die Sie nicht so gut kennen. Bei einem Nachrichtenanbieter k\u00f6nnte es sich um Meldungen der Nachrichtenorganisationen handeln, denen Sie am meisten vertrauen, und nicht um solche, die Sie nicht so oft lesen. Und bei einem Musik- oder TV-Streaming-Dienst k\u00f6nnten Sie auf diese Weise Songs und Fernsehsendungen entdecken, die Sie lieben, aber sonst nicht gefunden h\u00e4tten.<\/p>\n<ul>\n<li><strong>Sie k\u00f6nnen aber auch zur Verbreitung von Desinformationen beitragen.<\/strong><\/li>\n<\/ul>\n<p>\u2026 und es erm\u00f6glichen, dass es sehr schnell \u201eviral\u201c geht.<\/p>\n<p>Desinformationen l\u00f6sen oft starke emotionale Reaktionen aus und werden in einem Moment der Emp\u00f6rung, der Aufregung oder des Unglaubens verbreitet. Algorithmen k\u00f6nnen ausgenutzt werden, um diese Art von Inhalten zu verst\u00e4rken, da sie sie als Inhalte interpretieren, die die Menschen sehen wollen.<\/p>\n<ul>\n<li><strong>Und Sie in einer \u201eBlase\u201c gefangen halten<\/strong><\/li>\n<\/ul>\n<p>Was die Algorithmen f\u00fcr Sie aussuchen, ist nicht dasselbe wie das, was alle anderen sehen, von Google-Suchen \u00fcber Beitr\u00e4ge in sozialen Medien bis hin zu Empfehlungen, was man sich als n\u00e4chstes auf YouTube ansehen sollte. Das bedeutet, dass Sie online m\u00f6glicherweise nicht das ganze Bild sehen &#8211; man k\u00f6nnte meinen, Sie bleiben in einer Informationsblase stecken.[\/vc_column_text][\/vc_column][\/vc_row][vc_row][vc_column][vc_column_text css=&#8220;&#8220;]<\/p>\n<h3><b>Was k\u00f6nnen Sie also tun? <\/b><\/h3>\n<p>[\/vc_column_text]<div class=\"clearboth\"><\/div><style>#thegem-divider-69f07258b1a4d {margin-bottom: 40px !important;}<\/style><div id=\"thegem-divider-69f07258b1a4d\" class=\"gem-divider  \" style=\"border-width: 1px;width: 100px;border-color: #FFCD05;\" ><\/div>[vc_tta_accordion active_section=&#8220;-1&#8243; collapsible_all=&#8220;true&#8220;][vc_tta_section title=&#8220;STOPPEN&#8220; tab_id=&#8220;1746524217374-73077675-2b00&#8243;][vc_column_text css=&#8220;&#8220;]<\/p>\n<ul>\n<li style=\"font-weight: 400;\" aria-level=\"1\"><span style=\"font-weight: 400;\">Glauben Sie nicht an etwas, nur weil es sich im Internet verbreitet.<\/span><\/li>\n<\/ul>\n<p>[\/vc_column_text][\/vc_tta_section][vc_tta_section title=&#8220;NACHDENKEN&#8220; tab_id=&#8220;1746524443459-20feec2d-782a&#8220;][vc_column_text css=&#8220;&#8220;]<\/p>\n<ul>\n<li>Lesen Sie die ganze Geschichte, anstatt sich nur die Schlagzeilen in den sozialen Medien anzusehen.<\/li>\n<li>Denken Sie daran, dass Algorithmen oft so programmiert sind, dass sie Ihnen Inhalte zeigen, die Sie sehen wollen.<\/li>\n<li>Hinterfragen Sie den Algorithmus: Denken Sie dar\u00fcber nach, was dargestellt wird und was weggelassen wird.<\/li>\n<\/ul>\n<p>[\/vc_column_text][\/vc_tta_section][vc_tta_section title=&#8220;\u00dcBERPR\u00dcFEN&#8220; tab_id=&#8220;1746524471884-cde9c9bf-317b&#8220;][vc_column_text css=&#8220;&#8220;]<\/p>\n<ul>\n<li aria-level=\"1\">Suchen Sie nach unterschiedlichen Quellen und versuchen Sie, diejenigen zu finden, denen Sie vertrauen k\u00f6nnen.<\/li>\n<\/ul>\n<p>[\/vc_column_text][\/vc_tta_section][vc_tta_section title=&#8220;IN ERFARHUNG BRINGEN&#8220; tab_id=&#8220;1746524483876-4fcd9494-161f&#8220;][vc_column_text css=&#8220;&#8220;]<\/p>\n<ul>\n<li>Erfahren Sie mehr dar\u00fcber, wie Algorithmen funktionieren (und wie sie nicht funktionieren)<\/li>\n<\/ul>\n<p>Einige Vorschl\u00e4ge:<\/p>\n<ul>\n<li style=\"list-style-type: none;\">\n<ul>\n<li><a href=\"https:\/\/www.bbc.co.uk\/programmes\/p030s6b3\">The Secret Rules of Modern Living: Algorithms<\/a> <u>(Die geheimen Regeln des modernen Lebens\u00a0:Algorithmen)<\/u>. Hier wird sehr gut erkl\u00e4rt, wie der Ranking-Algorithmus von Google funktioniert \u2013 sehen Sie sich den Clip <a href=\"https:\/\/www.bbc.co.uk\/programmes\/p032rf5d\">hier<\/a> an.<\/li>\n<li><a href=\"https:\/\/www.youtube.com\/watch?v=r34aENF8vUY\">The Social Dilemma \u2013 Bonus Clip (Das soziale Dilemma \u2013 Bonusclip): The Discrimination Dilemma<\/a><u> (Das Diskrimierungsdilemma)<\/u>. Algorithmen beruhen auf Vorurteilen. \u201e Sie sagen die Zukunft nicht voraus. Sie bestimmen die Zukunft\u201c<\/li>\n<li>Das <a href=\"https:\/\/algorithmic-transparency.ec.europa.eu\/about_en\">European Centre for Algorithmic Transparency<\/a> untersucht die Auswirkungen der von Online-Plattformen und Suchmaschinen verwendeten algorithmischen Systeme.<\/li>\n<li>Netflix<a href=\"https:\/\/help.netflix.com\/en\/node\/100639#:~:text=We%20take%20feedback%20from%20every,re%20most%20likely%20to%20watch\"> erkl\u00e4rt, wie sein Empfehlungssystem funktioniert\u00a0<\/a><\/li>\n<\/ul>\n<\/li>\n<\/ul>\n<p>[\/vc_column_text][\/vc_tta_section][\/vc_tta_accordion]<div class=\"gem-button-container gem-button-position-left thegem-button-69f07258b1b415926    \"  ><a class=\"gem-button gem-button-size-small gem-button-style-outline gem-button-text-weight-normal gem-button-border-2\" data-ll-effect=\"drop-right-without-wrap\" style=\"border-radius: 3px;\" onmouseleave=\"\" onmouseenter=\"\" href=\"https:\/\/edmo.eu\/beonlinesmart\/\" target=\"_blank\">Erfahren Sie mehr auf der EDMO-Website<\/a><\/div> [\/vc_column][\/vc_row][vc_row][vc_column][vc_column_text css=&#8220;&#8220;]<\/p>\n<h3><b>Visuals der Kampagne<\/b><\/h3>\n<p>[\/vc_column_text]<div class=\"clearboth\"><\/div><style>#thegem-divider-69f07258b1b9f {margin-bottom: 40px !important;}<\/style><div id=\"thegem-divider-69f07258b1b9f\" class=\"gem-divider  \" style=\"border-width: 1px;width: 100px;border-color: #FFCD05;\" ><\/div>[vc_raw_html css=&#8220;&#8220;]JTNDZGl2JTIwaWQlM0QlMjJ2aXN1YWwlMjIlM0UlMEElM0NpbWclMjBzcmMlM0QlMjJodHRwcyUzQSUyRiUyRmJlbHV4LWVkbW8uczMtYWNjZWxlcmF0ZS5hbWF6b25hd3MuY29tJTJGd3AtY29udGVudCUyRnVwbG9hZHMlMkYyMDI1JTJGMDUlMkZ0V1VBczJNWS01LnBuZyUyMiUyMCUyRiUzRSUwQSUzQyUyRmRpdiUzRQ==[\/vc_raw_html]<div class=\"gem-button-container gem-button-position-left thegem-button-69f07258b1c244901    \"  ><a class=\"gem-button gem-button-size-small gem-button-style-outline gem-button-text-weight-normal gem-button-border-2\" data-ll-effect=\"drop-right-without-wrap\" style=\"border-radius: 3px;\" onmouseleave=\"\" onmouseenter=\"\" href=\"https:\/\/belux-edmo.s3-accelerate.amazonaws.com\/wp-content\/uploads\/2025\/05\/EDMO-BELUX_BeOnlineSmart_Campaign_Postcards.zip\" target=\"_blank\">Hier herunterladen<\/a><\/div> [\/vc_column][\/vc_row]<\/p>\n<\/div>","protected":false},"excerpt":{"rendered":"<p>[vc_row css=&#8220;.vc_custom_1746526189051{margin-top: 0px !important;padding-top: 0px !important;}&#8220;][vc_column][vc_raw_html css=&#8220;&#8220;]JTNDZGl2JTIwaWQlM0QlMjJmZWF0LWltZyUyMiUzRSUwQSUzQ2ltZyUyMHNyYyUzRCUyMmh0dHBzJTNBJTJGJTJGYmVsdXgtZWRtby5zMy1hY2NlbGVyYXRlLmFtYXpvbmF3cy5jb20lMkZ3cC1jb250ZW50JTJGdXBsb2FkcyUyRjIwMjUlMkYwNSUyRmJlb25saW5lc21hcnQtYmVsdXguanBnJTIyJTIwJTJGJTNFJTBBJTNDJTJGZGl2JTNF[\/vc_raw_html][\/vc_column][\/vc_row][vc_row][vc_column][vc_column_text css=&#8220;&#8220;]Die Kampagne \u201eBe Online Smart\u201c wird von der Europ\u00e4ischen Beobachtungsstelle f\u00fcr digitale Medien&#8230;<\/p>\n","protected":false},"author":14,"featured_media":0,"parent":0,"menu_order":0,"comment_status":"closed","ping_status":"closed","template":"","meta":{"_acf_changed":false,"footnotes":""},"class_list":["post-394837","page","type-page","status-publish"],"acf":[],"yoast_head":"<!-- This site is optimized with the Yoast SEO plugin v27.0 - https:\/\/yoast.com\/product\/yoast-seo-wordpress\/ -->\n<title>Be Online Smart - EDMO Belux<\/title>\n<meta name=\"robots\" content=\"index, follow, max-snippet:-1, max-image-preview:large, max-video-preview:-1\" \/>\n<link rel=\"canonical\" href=\"https:\/\/belux.edmo.eu\/de\/be-online-smart\/\" \/>\n<meta property=\"og:locale\" content=\"de_DE\" \/>\n<meta property=\"og:type\" content=\"article\" \/>\n<meta property=\"og:title\" content=\"Be Online Smart - EDMO Belux\" \/>\n<meta property=\"og:description\" content=\"[vc_row css=&#8220;.vc_custom_1746526189051{margin-top: 0px !important;padding-top: 0px !important;}&#8220;][vc_column][vc_raw_html css=&#8220;&#8220;]JTNDZGl2JTIwaWQlM0QlMjJmZWF0LWltZyUyMiUzRSUwQSUzQ2ltZyUyMHNyYyUzRCUyMmh0dHBzJTNBJTJGJTJGYmVsdXgtZWRtby5zMy1hY2NlbGVyYXRlLmFtYXpvbmF3cy5jb20lMkZ3cC1jb250ZW50JTJGdXBsb2FkcyUyRjIwMjUlMkYwNSUyRmJlb25saW5lc21hcnQtYmVsdXguanBnJTIyJTIwJTJGJTNFJTBBJTNDJTJGZGl2JTNF[\/vc_raw_html][\/vc_column][\/vc_row][vc_row][vc_column][vc_column_text css=&#8220;&#8220;]Die Kampagne \u201eBe Online Smart\u201c wird von der Europ\u00e4ischen Beobachtungsstelle f\u00fcr digitale Medien...\" \/>\n<meta property=\"og:url\" content=\"https:\/\/belux.edmo.eu\/de\/be-online-smart\/\" \/>\n<meta property=\"og:site_name\" content=\"EDMO Belux\" \/>\n<meta property=\"article:modified_time\" content=\"2025-05-23T07:48:04+00:00\" \/>\n<meta name=\"twitter:card\" content=\"summary_large_image\" \/>\n<meta name=\"twitter:site\" content=\"@Edmo_Belux\" \/>\n<meta name=\"twitter:label1\" content=\"Gesch\u00e4tzte Lesezeit\" \/>\n\t<meta name=\"twitter:data1\" content=\"4 Minuten\" \/>\n<script type=\"application\/ld+json\" class=\"yoast-schema-graph\">{\"@context\":\"https:\/\/schema.org\",\"@graph\":[{\"@type\":\"WebPage\",\"@id\":\"https:\/\/belux.edmo.eu\/de\/be-online-smart\/\",\"url\":\"https:\/\/belux.edmo.eu\/de\/be-online-smart\/\",\"name\":\"Be Online Smart - EDMO Belux\",\"isPartOf\":{\"@id\":\"https:\/\/belux.edmo.eu\/#website\"},\"datePublished\":\"2025-05-07T09:47:16+00:00\",\"dateModified\":\"2025-05-23T07:48:04+00:00\",\"breadcrumb\":{\"@id\":\"https:\/\/belux.edmo.eu\/de\/be-online-smart\/#breadcrumb\"},\"inLanguage\":\"de-DE\",\"potentialAction\":[{\"@type\":\"ReadAction\",\"target\":[\"https:\/\/belux.edmo.eu\/de\/be-online-smart\/\"]}]},{\"@type\":\"BreadcrumbList\",\"@id\":\"https:\/\/belux.edmo.eu\/de\/be-online-smart\/#breadcrumb\",\"itemListElement\":[{\"@type\":\"ListItem\",\"position\":1,\"name\":\"Home\",\"item\":\"https:\/\/belux.edmo.eu\/de\/\"},{\"@type\":\"ListItem\",\"position\":2,\"name\":\"Be Online Smart\"}]},{\"@type\":\"WebSite\",\"@id\":\"https:\/\/belux.edmo.eu\/#website\",\"url\":\"https:\/\/belux.edmo.eu\/\",\"name\":\"EDMO Belux\",\"description\":\"Monitoring Disinformation in Belgium and Luxembourg\",\"publisher\":{\"@id\":\"https:\/\/belux.edmo.eu\/#organization\"},\"potentialAction\":[{\"@type\":\"SearchAction\",\"target\":{\"@type\":\"EntryPoint\",\"urlTemplate\":\"https:\/\/belux.edmo.eu\/?s={search_term_string}\"},\"query-input\":{\"@type\":\"PropertyValueSpecification\",\"valueRequired\":true,\"valueName\":\"search_term_string\"}}],\"inLanguage\":\"de-DE\"},{\"@type\":\"Organization\",\"@id\":\"https:\/\/belux.edmo.eu\/#organization\",\"name\":\"EDMO Belux\",\"url\":\"https:\/\/belux.edmo.eu\/\",\"logo\":{\"@type\":\"ImageObject\",\"inLanguage\":\"de-DE\",\"@id\":\"https:\/\/belux.edmo.eu\/#\/schema\/logo\/image\/\",\"url\":\"https:\/\/belux.edmo.eu\/wp-content\/uploads\/2021\/12\/belux-logo-full-color-rgb.svg\",\"contentUrl\":\"https:\/\/belux.edmo.eu\/wp-content\/uploads\/2021\/12\/belux-logo-full-color-rgb.svg\",\"width\":1,\"height\":1,\"caption\":\"EDMO Belux\"},\"image\":{\"@id\":\"https:\/\/belux.edmo.eu\/#\/schema\/logo\/image\/\"},\"sameAs\":[\"https:\/\/x.com\/Edmo_Belux\"]}]}<\/script>\n<!-- \/ Yoast SEO plugin. -->","yoast_head_json":{"title":"Be Online Smart - EDMO Belux","robots":{"index":"index","follow":"follow","max-snippet":"max-snippet:-1","max-image-preview":"max-image-preview:large","max-video-preview":"max-video-preview:-1"},"canonical":"https:\/\/belux.edmo.eu\/de\/be-online-smart\/","og_locale":"de_DE","og_type":"article","og_title":"Be Online Smart - EDMO Belux","og_description":"[vc_row css=&#8220;.vc_custom_1746526189051{margin-top: 0px !important;padding-top: 0px !important;}&#8220;][vc_column][vc_raw_html css=&#8220;&#8220;]JTNDZGl2JTIwaWQlM0QlMjJmZWF0LWltZyUyMiUzRSUwQSUzQ2ltZyUyMHNyYyUzRCUyMmh0dHBzJTNBJTJGJTJGYmVsdXgtZWRtby5zMy1hY2NlbGVyYXRlLmFtYXpvbmF3cy5jb20lMkZ3cC1jb250ZW50JTJGdXBsb2FkcyUyRjIwMjUlMkYwNSUyRmJlb25saW5lc21hcnQtYmVsdXguanBnJTIyJTIwJTJGJTNFJTBBJTNDJTJGZGl2JTNF[\/vc_raw_html][\/vc_column][\/vc_row][vc_row][vc_column][vc_column_text css=&#8220;&#8220;]Die Kampagne \u201eBe Online Smart\u201c wird von der Europ\u00e4ischen Beobachtungsstelle f\u00fcr digitale Medien...","og_url":"https:\/\/belux.edmo.eu\/de\/be-online-smart\/","og_site_name":"EDMO Belux","article_modified_time":"2025-05-23T07:48:04+00:00","twitter_card":"summary_large_image","twitter_site":"@Edmo_Belux","twitter_misc":{"Gesch\u00e4tzte Lesezeit":"4 Minuten"},"schema":{"@context":"https:\/\/schema.org","@graph":[{"@type":"WebPage","@id":"https:\/\/belux.edmo.eu\/de\/be-online-smart\/","url":"https:\/\/belux.edmo.eu\/de\/be-online-smart\/","name":"Be Online Smart - EDMO Belux","isPartOf":{"@id":"https:\/\/belux.edmo.eu\/#website"},"datePublished":"2025-05-07T09:47:16+00:00","dateModified":"2025-05-23T07:48:04+00:00","breadcrumb":{"@id":"https:\/\/belux.edmo.eu\/de\/be-online-smart\/#breadcrumb"},"inLanguage":"de-DE","potentialAction":[{"@type":"ReadAction","target":["https:\/\/belux.edmo.eu\/de\/be-online-smart\/"]}]},{"@type":"BreadcrumbList","@id":"https:\/\/belux.edmo.eu\/de\/be-online-smart\/#breadcrumb","itemListElement":[{"@type":"ListItem","position":1,"name":"Home","item":"https:\/\/belux.edmo.eu\/de\/"},{"@type":"ListItem","position":2,"name":"Be Online Smart"}]},{"@type":"WebSite","@id":"https:\/\/belux.edmo.eu\/#website","url":"https:\/\/belux.edmo.eu\/","name":"EDMO Belux","description":"Monitoring Disinformation in Belgium and Luxembourg","publisher":{"@id":"https:\/\/belux.edmo.eu\/#organization"},"potentialAction":[{"@type":"SearchAction","target":{"@type":"EntryPoint","urlTemplate":"https:\/\/belux.edmo.eu\/?s={search_term_string}"},"query-input":{"@type":"PropertyValueSpecification","valueRequired":true,"valueName":"search_term_string"}}],"inLanguage":"de-DE"},{"@type":"Organization","@id":"https:\/\/belux.edmo.eu\/#organization","name":"EDMO Belux","url":"https:\/\/belux.edmo.eu\/","logo":{"@type":"ImageObject","inLanguage":"de-DE","@id":"https:\/\/belux.edmo.eu\/#\/schema\/logo\/image\/","url":"https:\/\/belux.edmo.eu\/wp-content\/uploads\/2021\/12\/belux-logo-full-color-rgb.svg","contentUrl":"https:\/\/belux.edmo.eu\/wp-content\/uploads\/2021\/12\/belux-logo-full-color-rgb.svg","width":1,"height":1,"caption":"EDMO Belux"},"image":{"@id":"https:\/\/belux.edmo.eu\/#\/schema\/logo\/image\/"},"sameAs":["https:\/\/x.com\/Edmo_Belux"]}]}},"_links":{"self":[{"href":"https:\/\/belux.edmo.eu\/de\/wp-json\/wp\/v2\/pages\/394837","targetHints":{"allow":["GET"]}}],"collection":[{"href":"https:\/\/belux.edmo.eu\/de\/wp-json\/wp\/v2\/pages"}],"about":[{"href":"https:\/\/belux.edmo.eu\/de\/wp-json\/wp\/v2\/types\/page"}],"author":[{"embeddable":true,"href":"https:\/\/belux.edmo.eu\/de\/wp-json\/wp\/v2\/users\/14"}],"replies":[{"embeddable":true,"href":"https:\/\/belux.edmo.eu\/de\/wp-json\/wp\/v2\/comments?post=394837"}],"version-history":[{"count":0,"href":"https:\/\/belux.edmo.eu\/de\/wp-json\/wp\/v2\/pages\/394837\/revisions"}],"wp:attachment":[{"href":"https:\/\/belux.edmo.eu\/de\/wp-json\/wp\/v2\/media?parent=394837"}],"curies":[{"name":"wp","href":"https:\/\/api.w.org\/{rel}","templated":true}]}}