{"id":402508,"date":"2025-09-29T09:49:37","date_gmt":"2025-09-29T09:49:37","guid":{"rendered":"https:\/\/belux.edmo.eu\/faktenchecks\/visualizations\/"},"modified":"2025-10-01T07:17:36","modified_gmt":"2025-10-01T07:17:36","slug":"visualisierungen","status":"publish","type":"page","link":"https:\/\/belux.edmo.eu\/de\/faktenchecks\/visualisierungen\/","title":{"rendered":"Visualisierungen"},"content":{"rendered":"<div class=\"wpb-content-wrapper\"><p>[vc_row css=&#8220;.vc_custom_1638957607328{margin-top: 0px !important;margin-bottom: 0px !important;padding-top: 0px !important;padding-bottom: 0px !important;}&#8220;][vc_column][vc_column_text css=&#8220;&#8220; css_animation=&#8220;bottom-to-top&#8220;]<\/p>\n<div class=\"title-h1\">Beobachtung von Desinformation <span class=\"line-style\">in Echtzeit<\/span><\/div>\n<p>[\/vc_column_text]<div class=\"clearboth\"><\/div><style>#thegem-divider-69e03c1063d29 {margin-top: 60px !important;}<\/style><div id=\"thegem-divider-69e03c1063d29\" class=\"gem-divider  \" style=\"\" ><\/div>[vc_column_text css=&#8220;&#8220; css_animation=&#8220;bottom-to-top&#8220;]Durch das EDMO-BELUX-Projekt wird ein kontinuierlicher Strom an Faktenchecks aus unterschiedlichen Quellen geschaffen. Dieser Faktencheck-Strom wird in der Faktencheck-Sammlung archiviert, wodurch Website-Besuchern die M\u00f6glichkeit geboten wird, nach fr\u00fcheren Faktenchecks zu suchen und eventuell sich herausbildende Muster oder Narrative zu erkennen. Da Desinformationskampagnen selten an Staatsgrenzen halt machen, erm\u00f6glicht diese mehrsprachige Sammlung ein besseres Verst\u00e4ndnis versteckter und bekannter Akteure sowie der f\u00fcr Desinformationskampagnen in der EU genutzten Werkzeuge. Faktenchecks k\u00f6nnen gesucht, die Ergebnisse gefiltert und die Daten in verschiedene Dateiformate zur weiteren Verarbeitung exportiert werden.[\/vc_column_text]<div class=\"clearboth\"><\/div><style>#thegem-divider-69e03c1063da4 {margin-top: 60px !important;}<\/style><div id=\"thegem-divider-69e03c1063da4\" class=\"gem-divider  \" style=\"\" ><\/div>[\/vc_column][\/vc_row][vc_row full_width=&#8220;stretch_row_content&#8220; full_height=&#8220;yes&#8220;][vc_column]<div id=\"fullwidth-block-69e03c1063df2\" class=\"fullwidth-block clearfix\"  style=\"background-color: #f0f3f2;padding-top: 34px;padding-bottom: 34px;\"><script type=\"text\/javascript\">if (typeof(gem_fix_fullwidth_position) == \"function\") { gem_fix_fullwidth_position(document.getElementById(\"fullwidth-block-69e03c1063df2\")); }<\/script><div class=\"fullwidth-block-inner\">[vc_raw_html css=&#8220;&#8220;]JTNDZGl2JTIwc3R5bGUlM0QlMjJ3aWR0aCUzQSUyMDEwMCUyNSUzQiUyMGhlaWdodCUzQSUyMDEwMGR2aCUzQiUyMGRpc3BsYXklM0ElMjBmbGV4JTNCJTIwanVzdGlmeS1jb250ZW50JTNBJTIwY2VudGVyJTNCJTIwYWxpZ24taXRlbXMlM0ElMjBjZW50ZXIlM0IlMjIlM0UlMEElMjAlMjAlMjAlMjAlM0NpZnJhbWUlMjBzcmMlM0QlMjJodHRwcyUzQSUyRiUyRmJlbHV4LWFyY2hpdmVzLmlsYWJodWIuYXRjLmdyJTJGdmlzdWFsaXphdGlvbnMlMkZkZSUyMiUyMGZyYW1lYm9yZGVyJTNEJTIyMCUyMiUyMHN0eWxlJTNEJTIyd2lkdGglM0ElMjAxMDAlMjUlM0IlMjBoZWlnaHQlM0ElMjAxMDAlMjUlM0IlMjIlMjBhbGxvdyUzRCUyMmZ1bGxzY3JlZW4lMjIlMjBhbGxvd2Z1bGxzY3JlZW4lM0UlM0MlMkZpZnJhbWUlM0UlMEElM0MlMkZkaXYlM0U=[\/vc_raw_html]<\/div><\/div>[\/vc_column][\/vc_row]<\/p>\n<\/div>","protected":false},"excerpt":{"rendered":"<p>[vc_row css=&#8220;.vc_custom_1638957607328{margin-top: 0px !important;margin-bottom: 0px !important;padding-top: 0px !important;padding-bottom: 0px !important;}&#8220;][vc_column][vc_column_text css=&#8220;&#8220; css_animation=&#8220;bottom-to-top&#8220;] Beobachtung von Desinformation in Echtzeit [\/vc_column_text][vc_column_text css=&#8220;&#8220; css_animation=&#8220;bottom-to-top&#8220;]Durch&#8230;<\/p>\n","protected":false},"author":1,"featured_media":0,"parent":11894,"menu_order":2,"comment_status":"closed","ping_status":"closed","template":"","meta":{"_acf_changed":false,"footnotes":""},"class_list":["post-402508","page","type-page","status-publish"],"acf":[],"yoast_head":"<!-- This site is optimized with the Yoast SEO plugin v27.0 - https:\/\/yoast.com\/product\/yoast-seo-wordpress\/ -->\n<title>Visualisierungen - EDMO Belux<\/title>\n<meta name=\"robots\" content=\"index, follow, max-snippet:-1, max-image-preview:large, max-video-preview:-1\" \/>\n<link rel=\"canonical\" href=\"https:\/\/belux.edmo.eu\/de\/faktenchecks\/visualisierungen\/\" \/>\n<meta property=\"og:locale\" content=\"de_DE\" \/>\n<meta property=\"og:type\" content=\"article\" \/>\n<meta property=\"og:title\" content=\"Visualisierungen - EDMO Belux\" \/>\n<meta property=\"og:description\" content=\"[vc_row css=&#8220;.vc_custom_1638957607328{margin-top: 0px !important;margin-bottom: 0px !important;padding-top: 0px !important;padding-bottom: 0px !important;}&#8220;][vc_column][vc_column_text css=&#8220;&#8220; css_animation=&#8220;bottom-to-top&#8220;] Beobachtung von Desinformation in Echtzeit [\/vc_column_text][vc_column_text css=&#8220;&#8220; css_animation=&#8220;bottom-to-top&#8220;]Durch...\" \/>\n<meta property=\"og:url\" content=\"https:\/\/belux.edmo.eu\/de\/faktenchecks\/visualisierungen\/\" \/>\n<meta property=\"og:site_name\" content=\"EDMO Belux\" \/>\n<meta property=\"article:modified_time\" content=\"2025-10-01T07:17:36+00:00\" \/>\n<meta name=\"twitter:card\" content=\"summary_large_image\" \/>\n<meta name=\"twitter:site\" content=\"@Edmo_Belux\" \/>\n<meta name=\"twitter:label1\" content=\"Gesch\u00e4tzte Lesezeit\" \/>\n\t<meta name=\"twitter:data1\" content=\"1 Minute\" \/>\n<script type=\"application\/ld+json\" class=\"yoast-schema-graph\">{\"@context\":\"https:\/\/schema.org\",\"@graph\":[{\"@type\":\"WebPage\",\"@id\":\"https:\/\/belux.edmo.eu\/de\/faktenchecks\/visualisierungen\/\",\"url\":\"https:\/\/belux.edmo.eu\/de\/faktenchecks\/visualisierungen\/\",\"name\":\"Visualisierungen - EDMO Belux\",\"isPartOf\":{\"@id\":\"https:\/\/belux.edmo.eu\/#website\"},\"datePublished\":\"2025-09-29T09:49:37+00:00\",\"dateModified\":\"2025-10-01T07:17:36+00:00\",\"breadcrumb\":{\"@id\":\"https:\/\/belux.edmo.eu\/de\/faktenchecks\/visualisierungen\/#breadcrumb\"},\"inLanguage\":\"de-DE\",\"potentialAction\":[{\"@type\":\"ReadAction\",\"target\":[\"https:\/\/belux.edmo.eu\/de\/faktenchecks\/visualisierungen\/\"]}]},{\"@type\":\"BreadcrumbList\",\"@id\":\"https:\/\/belux.edmo.eu\/de\/faktenchecks\/visualisierungen\/#breadcrumb\",\"itemListElement\":[{\"@type\":\"ListItem\",\"position\":1,\"name\":\"Home\",\"item\":\"https:\/\/belux.edmo.eu\/de\/\"},{\"@type\":\"ListItem\",\"position\":2,\"name\":\"Faktenchecks\",\"item\":\"https:\/\/belux.edmo.eu\/de\/faktenchecks\/\"},{\"@type\":\"ListItem\",\"position\":3,\"name\":\"Visualisierungen\"}]},{\"@type\":\"WebSite\",\"@id\":\"https:\/\/belux.edmo.eu\/#website\",\"url\":\"https:\/\/belux.edmo.eu\/\",\"name\":\"EDMO Belux\",\"description\":\"Monitoring Disinformation in Belgium and Luxembourg\",\"publisher\":{\"@id\":\"https:\/\/belux.edmo.eu\/#organization\"},\"potentialAction\":[{\"@type\":\"SearchAction\",\"target\":{\"@type\":\"EntryPoint\",\"urlTemplate\":\"https:\/\/belux.edmo.eu\/?s={search_term_string}\"},\"query-input\":{\"@type\":\"PropertyValueSpecification\",\"valueRequired\":true,\"valueName\":\"search_term_string\"}}],\"inLanguage\":\"de-DE\"},{\"@type\":\"Organization\",\"@id\":\"https:\/\/belux.edmo.eu\/#organization\",\"name\":\"EDMO Belux\",\"url\":\"https:\/\/belux.edmo.eu\/\",\"logo\":{\"@type\":\"ImageObject\",\"inLanguage\":\"de-DE\",\"@id\":\"https:\/\/belux.edmo.eu\/#\/schema\/logo\/image\/\",\"url\":\"https:\/\/belux.edmo.eu\/wp-content\/uploads\/2021\/12\/belux-logo-full-color-rgb.svg\",\"contentUrl\":\"https:\/\/belux.edmo.eu\/wp-content\/uploads\/2021\/12\/belux-logo-full-color-rgb.svg\",\"width\":1,\"height\":1,\"caption\":\"EDMO Belux\"},\"image\":{\"@id\":\"https:\/\/belux.edmo.eu\/#\/schema\/logo\/image\/\"},\"sameAs\":[\"https:\/\/x.com\/Edmo_Belux\"]}]}<\/script>\n<!-- \/ Yoast SEO plugin. -->","yoast_head_json":{"title":"Visualisierungen - EDMO Belux","robots":{"index":"index","follow":"follow","max-snippet":"max-snippet:-1","max-image-preview":"max-image-preview:large","max-video-preview":"max-video-preview:-1"},"canonical":"https:\/\/belux.edmo.eu\/de\/faktenchecks\/visualisierungen\/","og_locale":"de_DE","og_type":"article","og_title":"Visualisierungen - EDMO Belux","og_description":"[vc_row css=&#8220;.vc_custom_1638957607328{margin-top: 0px !important;margin-bottom: 0px !important;padding-top: 0px !important;padding-bottom: 0px !important;}&#8220;][vc_column][vc_column_text css=&#8220;&#8220; css_animation=&#8220;bottom-to-top&#8220;] Beobachtung von Desinformation in Echtzeit [\/vc_column_text][vc_column_text css=&#8220;&#8220; css_animation=&#8220;bottom-to-top&#8220;]Durch...","og_url":"https:\/\/belux.edmo.eu\/de\/faktenchecks\/visualisierungen\/","og_site_name":"EDMO Belux","article_modified_time":"2025-10-01T07:17:36+00:00","twitter_card":"summary_large_image","twitter_site":"@Edmo_Belux","twitter_misc":{"Gesch\u00e4tzte Lesezeit":"1 Minute"},"schema":{"@context":"https:\/\/schema.org","@graph":[{"@type":"WebPage","@id":"https:\/\/belux.edmo.eu\/de\/faktenchecks\/visualisierungen\/","url":"https:\/\/belux.edmo.eu\/de\/faktenchecks\/visualisierungen\/","name":"Visualisierungen - EDMO Belux","isPartOf":{"@id":"https:\/\/belux.edmo.eu\/#website"},"datePublished":"2025-09-29T09:49:37+00:00","dateModified":"2025-10-01T07:17:36+00:00","breadcrumb":{"@id":"https:\/\/belux.edmo.eu\/de\/faktenchecks\/visualisierungen\/#breadcrumb"},"inLanguage":"de-DE","potentialAction":[{"@type":"ReadAction","target":["https:\/\/belux.edmo.eu\/de\/faktenchecks\/visualisierungen\/"]}]},{"@type":"BreadcrumbList","@id":"https:\/\/belux.edmo.eu\/de\/faktenchecks\/visualisierungen\/#breadcrumb","itemListElement":[{"@type":"ListItem","position":1,"name":"Home","item":"https:\/\/belux.edmo.eu\/de\/"},{"@type":"ListItem","position":2,"name":"Faktenchecks","item":"https:\/\/belux.edmo.eu\/de\/faktenchecks\/"},{"@type":"ListItem","position":3,"name":"Visualisierungen"}]},{"@type":"WebSite","@id":"https:\/\/belux.edmo.eu\/#website","url":"https:\/\/belux.edmo.eu\/","name":"EDMO Belux","description":"Monitoring Disinformation in Belgium and Luxembourg","publisher":{"@id":"https:\/\/belux.edmo.eu\/#organization"},"potentialAction":[{"@type":"SearchAction","target":{"@type":"EntryPoint","urlTemplate":"https:\/\/belux.edmo.eu\/?s={search_term_string}"},"query-input":{"@type":"PropertyValueSpecification","valueRequired":true,"valueName":"search_term_string"}}],"inLanguage":"de-DE"},{"@type":"Organization","@id":"https:\/\/belux.edmo.eu\/#organization","name":"EDMO Belux","url":"https:\/\/belux.edmo.eu\/","logo":{"@type":"ImageObject","inLanguage":"de-DE","@id":"https:\/\/belux.edmo.eu\/#\/schema\/logo\/image\/","url":"https:\/\/belux.edmo.eu\/wp-content\/uploads\/2021\/12\/belux-logo-full-color-rgb.svg","contentUrl":"https:\/\/belux.edmo.eu\/wp-content\/uploads\/2021\/12\/belux-logo-full-color-rgb.svg","width":1,"height":1,"caption":"EDMO Belux"},"image":{"@id":"https:\/\/belux.edmo.eu\/#\/schema\/logo\/image\/"},"sameAs":["https:\/\/x.com\/Edmo_Belux"]}]}},"_links":{"self":[{"href":"https:\/\/belux.edmo.eu\/de\/wp-json\/wp\/v2\/pages\/402508","targetHints":{"allow":["GET"]}}],"collection":[{"href":"https:\/\/belux.edmo.eu\/de\/wp-json\/wp\/v2\/pages"}],"about":[{"href":"https:\/\/belux.edmo.eu\/de\/wp-json\/wp\/v2\/types\/page"}],"author":[{"embeddable":true,"href":"https:\/\/belux.edmo.eu\/de\/wp-json\/wp\/v2\/users\/1"}],"replies":[{"embeddable":true,"href":"https:\/\/belux.edmo.eu\/de\/wp-json\/wp\/v2\/comments?post=402508"}],"version-history":[{"count":0,"href":"https:\/\/belux.edmo.eu\/de\/wp-json\/wp\/v2\/pages\/402508\/revisions"}],"up":[{"embeddable":true,"href":"https:\/\/belux.edmo.eu\/de\/wp-json\/wp\/v2\/pages\/11894"}],"wp:attachment":[{"href":"https:\/\/belux.edmo.eu\/de\/wp-json\/wp\/v2\/media?parent=402508"}],"curies":[{"name":"wp","href":"https:\/\/api.w.org\/{rel}","templated":true}]}}