{"id":10417,"date":"2022-01-27T21:27:58","date_gmt":"2022-01-27T21:27:58","guid":{"rendered":"https:\/\/belux-staging.eu\/our-approach\/"},"modified":"2024-09-03T13:35:59","modified_gmt":"2024-09-03T13:35:59","slug":"quizz","status":"publish","type":"page","link":"https:\/\/belux.edmo.eu\/fr\/education-aux-medias\/quizz\/","title":{"rendered":"Quizz"},"content":{"rendered":"<div class=\"wpb-content-wrapper\"><p>[vc_row][vc_column][vc_column_text]<strong>Jusqu\u2019o\u00f9 pouvez-vous v\u00e9rifier une information? Faites le test!<\/strong><\/p>\n<p>L\u2019\u00e9quipe de AFP a cr\u00e9\u00e9 deux quiz pour tester les comp\u00e9tences acquises apr\u00e8s visionnage des vid\u00e9o tutoriels (cfr ci-dessous). Il s\u2019agit de plusieurs nouvelles qui n\u00e9cessitent une v\u00e9rification pouss\u00e9e. Apr\u00e8s avoir appliqu\u00e9 une technique de v\u00e9rification des faits, vous obtiendrez un retour et l\u2019explication de l\u2019exemples et quelques conseils de bonnes pratiques[\/vc_column_text][vc_raw_html]JTNDZGl2JTIwY2xhc3MlM0QlMjJhZnAtcXVpeiUyMiUzRSUwQSUzQ2RpdiUyMHN0eWxlJTNEJTIyd2lkdGglM0ElMjA1MCUyNSUyMiUzRSUwQSUyMCUyMCUzQ2RpdiUwQSUyMCUyMCUyMCUyMHN0eWxlJTNEJTIycG9zaXRpb24lM0ElMjByZWxhdGl2ZSUzQiUyMHBhZGRpbmctYm90dG9tJTNBJTIwMTAwJTI1JTNCJTIwcGFkZGluZy10b3AlM0ElMjAwJTNCJTIwaGVpZ2h0JTNBJTIwMCUzQiUyMiUwQSUyMCUyMCUzRSUwQSUyMCUyMCUyMCUyMCUzQ2lmcmFtZSUwQSUyMCUyMCUyMCUyMCUyMCUyMGZyYW1lYm9yZGVyJTNEJTIyMCUyMiUwQSUyMCUyMCUyMCUyMCUyMCUyMHdpZHRoJTNEJTIyNDAwJTIyJTBBJTIwJTIwJTIwJTIwJTIwJTIwaGVpZ2h0JTNEJTIyMjUwJTIyJTBBJTIwJTIwJTIwJTIwJTIwJTIwc3R5bGUlM0QlMjJwb3NpdGlvbiUzQSUyMGFic29sdXRlJTNCJTIwdG9wJTNBJTIwMCUzQiUyMGxlZnQlM0ElMjAwJTNCJTIwd2lkdGglM0ElMjAxMDAlMjUlM0IlMjBoZWlnaHQlM0ElMjAxMDAlMjUlMjIlMEElMjAlMjAlMjAlMjAlMjAlMjBzcmMlM0QlMjJodHRwcyUzQSUyRiUyRnZpZXcuZ2VuaWFsLmx5JTJGNjJlM2FmOWJkNTk2YzkwMDE4MjcwMGYwJTIyJTBBJTIwJTIwJTIwJTIwJTIwJTIwdHlwZSUzRCUyMnRleHQlMkZodG1sJTIyJTBBJTIwJTIwJTIwJTIwJTIwJTIwYWxsb3dzY3JpcHRhY2Nlc3MlM0QlMjJhbHdheXMlMjIlMEElMjAlMjAlMjAlMjAlMjAlMjBhbGxvd2Z1bGxzY3JlZW4lM0QlMjJ0cnVlJTIyJTBBJTIwJTIwJTIwJTIwJTIwJTIwc2Nyb2xsaW5nJTNEJTIyeWVzJTIyJTBBJTIwJTIwJTIwJTIwJTIwJTIwYWxsb3duZXR3b3JraW5nJTNEJTIyYWxsJTIyJTBBJTIwJTIwJTIwJTIwJTNFJTNDJTJGaWZyYW1lJTNFJTBBJTIwJTIwJTNDJTJGZGl2JTNFJTBBJTNDJTJGZGl2JTNFJTBBJTNDJTJGZGl2JTNFJTBB[\/vc_raw_html][vc_empty_space][vc_raw_html]JTNDZGl2JTIwY2xhc3MlM0QlMjJhZnAtcXVpeiUyMiUzRSUzQ2RpdiUyMHN0eWxlJTNEJTIyd2lkdGglM0ElMjA1MCUyNSUzQiUyMiUzRSUzQ2RpdiUyMHN0eWxlJTNEJTIycG9zaXRpb24lM0ElMjByZWxhdGl2ZSUzQiUyMHBhZGRpbmctYm90dG9tJTNBJTIwMTAwLjAwJTI1JTNCJTIwcGFkZGluZy10b3AlM0ElMjAwJTNCJTIwaGVpZ2h0JTNBJTIwMCUzQiUyMiUzRSUzQ2lmcmFtZSUyMHRpdGxlJTNEJTIyVVMtJTIwUVVJWiUyMEZha2UtQ2hlY2slMjBJSSUyMiUyMGZyYW1lYm9yZGVyJTNEJTIyMCUyMiUyMHdpZHRoJTNEJTIyNDAwJTIyJTIwaGVpZ2h0JTNEJTIyNDAwJTIyJTIwc3R5bGUlM0QlMjJwb3NpdGlvbiUzQSUyMGFic29sdXRlJTNCJTIwdG9wJTNBJTIwMCUzQiUyMGxlZnQlM0ElMjAwJTNCJTIwd2lkdGglM0ElMjAxMDAlMjUlM0IlMjBoZWlnaHQlM0ElMjAxMDAlMjUlM0IlMjIlMjBzcmMlM0QlMjJodHRwcyUzQSUyRiUyRnZpZXcuZ2VuaWFsLmx5JTJGNjJlY2M5MjBkMzBlMDAwMDExYWM3ZjE5JTIyJTIwdHlwZSUzRCUyMnRleHQlMkZodG1sJTIyJTIwYWxsb3dzY3JpcHRhY2Nlc3MlM0QlMjJhbHdheXMlMjIlMjBhbGxvd2Z1bGxzY3JlZW4lM0QlMjJ0cnVlJTIyJTIwc2Nyb2xsaW5nJTNEJTIyeWVzJTIyJTIwYWxsb3duZXR3b3JraW5nJTNEJTIyYWxsJTIyJTNFJTNDJTJGaWZyYW1lJTNFJTIwJTNDJTJGZGl2JTNFJTIwJTNDJTJGZGl2JTNFJTNDJTJGZGl2JTNF[\/vc_raw_html][\/vc_column][\/vc_row]<\/p>\n<\/div>","protected":false},"excerpt":{"rendered":"<p>[vc_row][vc_column][vc_column_text]Jusqu\u2019o\u00f9 pouvez-vous v\u00e9rifier une information? Faites le test! L\u2019\u00e9quipe de AFP a cr\u00e9\u00e9 deux quiz pour tester les comp\u00e9tences acquises&#8230;<\/p>\n","protected":false},"author":1,"featured_media":0,"parent":11803,"menu_order":1,"comment_status":"closed","ping_status":"closed","template":"","meta":{"_acf_changed":false,"footnotes":""},"class_list":["post-10417","page","type-page","status-publish"],"acf":[],"yoast_head":"<!-- This site is optimized with the Yoast SEO plugin v27.0 - https:\/\/yoast.com\/product\/yoast-seo-wordpress\/ -->\n<title>Quizz - EDMO Belux<\/title>\n<meta name=\"robots\" content=\"index, follow, max-snippet:-1, max-image-preview:large, max-video-preview:-1\" \/>\n<link rel=\"canonical\" href=\"https:\/\/belux.edmo.eu\/fr\/education-aux-medias\/quizz\/\" \/>\n<meta property=\"og:locale\" content=\"fr_FR\" \/>\n<meta property=\"og:type\" content=\"article\" \/>\n<meta property=\"og:title\" content=\"Quizz - EDMO Belux\" \/>\n<meta property=\"og:description\" content=\"[vc_row][vc_column][vc_column_text]Jusqu\u2019o\u00f9 pouvez-vous v\u00e9rifier une information? Faites le test! L\u2019\u00e9quipe de AFP a cr\u00e9\u00e9 deux quiz pour tester les comp\u00e9tences acquises...\" \/>\n<meta property=\"og:url\" content=\"https:\/\/belux.edmo.eu\/fr\/education-aux-medias\/quizz\/\" \/>\n<meta property=\"og:site_name\" content=\"EDMO Belux\" \/>\n<meta property=\"article:modified_time\" content=\"2024-09-03T13:35:59+00:00\" \/>\n<meta name=\"twitter:card\" content=\"summary_large_image\" \/>\n<meta name=\"twitter:site\" content=\"@Edmo_Belux\" \/>\n<meta name=\"twitter:label1\" content=\"Dur\u00e9e de lecture estim\u00e9e\" \/>\n\t<meta name=\"twitter:data1\" content=\"1 minute\" \/>\n<script type=\"application\/ld+json\" class=\"yoast-schema-graph\">{\"@context\":\"https:\/\/schema.org\",\"@graph\":[{\"@type\":\"WebPage\",\"@id\":\"https:\/\/belux.edmo.eu\/fr\/education-aux-medias\/quizz\/\",\"url\":\"https:\/\/belux.edmo.eu\/fr\/education-aux-medias\/quizz\/\",\"name\":\"Quizz - EDMO Belux\",\"isPartOf\":{\"@id\":\"https:\/\/belux.edmo.eu\/#website\"},\"datePublished\":\"2022-01-27T21:27:58+00:00\",\"dateModified\":\"2024-09-03T13:35:59+00:00\",\"breadcrumb\":{\"@id\":\"https:\/\/belux.edmo.eu\/fr\/education-aux-medias\/quizz\/#breadcrumb\"},\"inLanguage\":\"fr-FR\",\"potentialAction\":[{\"@type\":\"ReadAction\",\"target\":[\"https:\/\/belux.edmo.eu\/fr\/education-aux-medias\/quizz\/\"]}]},{\"@type\":\"BreadcrumbList\",\"@id\":\"https:\/\/belux.edmo.eu\/fr\/education-aux-medias\/quizz\/#breadcrumb\",\"itemListElement\":[{\"@type\":\"ListItem\",\"position\":1,\"name\":\"Home\",\"item\":\"https:\/\/belux.edmo.eu\/fr\/\"},{\"@type\":\"ListItem\",\"position\":2,\"name\":\"\u00c9ducation aux m\u00e9dias\",\"item\":\"https:\/\/belux.edmo.eu\/fr\/education-aux-medias\/\"},{\"@type\":\"ListItem\",\"position\":3,\"name\":\"Quizz\"}]},{\"@type\":\"WebSite\",\"@id\":\"https:\/\/belux.edmo.eu\/#website\",\"url\":\"https:\/\/belux.edmo.eu\/\",\"name\":\"EDMO Belux\",\"description\":\"Monitoring Disinformation in Belgium and Luxembourg\",\"publisher\":{\"@id\":\"https:\/\/belux.edmo.eu\/#organization\"},\"potentialAction\":[{\"@type\":\"SearchAction\",\"target\":{\"@type\":\"EntryPoint\",\"urlTemplate\":\"https:\/\/belux.edmo.eu\/?s={search_term_string}\"},\"query-input\":{\"@type\":\"PropertyValueSpecification\",\"valueRequired\":true,\"valueName\":\"search_term_string\"}}],\"inLanguage\":\"fr-FR\"},{\"@type\":\"Organization\",\"@id\":\"https:\/\/belux.edmo.eu\/#organization\",\"name\":\"EDMO Belux\",\"url\":\"https:\/\/belux.edmo.eu\/\",\"logo\":{\"@type\":\"ImageObject\",\"inLanguage\":\"fr-FR\",\"@id\":\"https:\/\/belux.edmo.eu\/#\/schema\/logo\/image\/\",\"url\":\"https:\/\/belux.edmo.eu\/wp-content\/uploads\/2021\/12\/belux-logo-full-color-rgb.svg\",\"contentUrl\":\"https:\/\/belux.edmo.eu\/wp-content\/uploads\/2021\/12\/belux-logo-full-color-rgb.svg\",\"width\":1,\"height\":1,\"caption\":\"EDMO Belux\"},\"image\":{\"@id\":\"https:\/\/belux.edmo.eu\/#\/schema\/logo\/image\/\"},\"sameAs\":[\"https:\/\/x.com\/Edmo_Belux\"]}]}<\/script>\n<!-- \/ Yoast SEO plugin. -->","yoast_head_json":{"title":"Quizz - EDMO Belux","robots":{"index":"index","follow":"follow","max-snippet":"max-snippet:-1","max-image-preview":"max-image-preview:large","max-video-preview":"max-video-preview:-1"},"canonical":"https:\/\/belux.edmo.eu\/fr\/education-aux-medias\/quizz\/","og_locale":"fr_FR","og_type":"article","og_title":"Quizz - EDMO Belux","og_description":"[vc_row][vc_column][vc_column_text]Jusqu\u2019o\u00f9 pouvez-vous v\u00e9rifier une information? Faites le test! L\u2019\u00e9quipe de AFP a cr\u00e9\u00e9 deux quiz pour tester les comp\u00e9tences acquises...","og_url":"https:\/\/belux.edmo.eu\/fr\/education-aux-medias\/quizz\/","og_site_name":"EDMO Belux","article_modified_time":"2024-09-03T13:35:59+00:00","twitter_card":"summary_large_image","twitter_site":"@Edmo_Belux","twitter_misc":{"Dur\u00e9e de lecture estim\u00e9e":"1 minute"},"schema":{"@context":"https:\/\/schema.org","@graph":[{"@type":"WebPage","@id":"https:\/\/belux.edmo.eu\/fr\/education-aux-medias\/quizz\/","url":"https:\/\/belux.edmo.eu\/fr\/education-aux-medias\/quizz\/","name":"Quizz - EDMO Belux","isPartOf":{"@id":"https:\/\/belux.edmo.eu\/#website"},"datePublished":"2022-01-27T21:27:58+00:00","dateModified":"2024-09-03T13:35:59+00:00","breadcrumb":{"@id":"https:\/\/belux.edmo.eu\/fr\/education-aux-medias\/quizz\/#breadcrumb"},"inLanguage":"fr-FR","potentialAction":[{"@type":"ReadAction","target":["https:\/\/belux.edmo.eu\/fr\/education-aux-medias\/quizz\/"]}]},{"@type":"BreadcrumbList","@id":"https:\/\/belux.edmo.eu\/fr\/education-aux-medias\/quizz\/#breadcrumb","itemListElement":[{"@type":"ListItem","position":1,"name":"Home","item":"https:\/\/belux.edmo.eu\/fr\/"},{"@type":"ListItem","position":2,"name":"\u00c9ducation aux m\u00e9dias","item":"https:\/\/belux.edmo.eu\/fr\/education-aux-medias\/"},{"@type":"ListItem","position":3,"name":"Quizz"}]},{"@type":"WebSite","@id":"https:\/\/belux.edmo.eu\/#website","url":"https:\/\/belux.edmo.eu\/","name":"EDMO Belux","description":"Monitoring Disinformation in Belgium and Luxembourg","publisher":{"@id":"https:\/\/belux.edmo.eu\/#organization"},"potentialAction":[{"@type":"SearchAction","target":{"@type":"EntryPoint","urlTemplate":"https:\/\/belux.edmo.eu\/?s={search_term_string}"},"query-input":{"@type":"PropertyValueSpecification","valueRequired":true,"valueName":"search_term_string"}}],"inLanguage":"fr-FR"},{"@type":"Organization","@id":"https:\/\/belux.edmo.eu\/#organization","name":"EDMO Belux","url":"https:\/\/belux.edmo.eu\/","logo":{"@type":"ImageObject","inLanguage":"fr-FR","@id":"https:\/\/belux.edmo.eu\/#\/schema\/logo\/image\/","url":"https:\/\/belux.edmo.eu\/wp-content\/uploads\/2021\/12\/belux-logo-full-color-rgb.svg","contentUrl":"https:\/\/belux.edmo.eu\/wp-content\/uploads\/2021\/12\/belux-logo-full-color-rgb.svg","width":1,"height":1,"caption":"EDMO Belux"},"image":{"@id":"https:\/\/belux.edmo.eu\/#\/schema\/logo\/image\/"},"sameAs":["https:\/\/x.com\/Edmo_Belux"]}]}},"_links":{"self":[{"href":"https:\/\/belux.edmo.eu\/fr\/wp-json\/wp\/v2\/pages\/10417","targetHints":{"allow":["GET"]}}],"collection":[{"href":"https:\/\/belux.edmo.eu\/fr\/wp-json\/wp\/v2\/pages"}],"about":[{"href":"https:\/\/belux.edmo.eu\/fr\/wp-json\/wp\/v2\/types\/page"}],"author":[{"embeddable":true,"href":"https:\/\/belux.edmo.eu\/fr\/wp-json\/wp\/v2\/users\/1"}],"replies":[{"embeddable":true,"href":"https:\/\/belux.edmo.eu\/fr\/wp-json\/wp\/v2\/comments?post=10417"}],"version-history":[{"count":0,"href":"https:\/\/belux.edmo.eu\/fr\/wp-json\/wp\/v2\/pages\/10417\/revisions"}],"up":[{"embeddable":true,"href":"https:\/\/belux.edmo.eu\/fr\/wp-json\/wp\/v2\/pages\/11803"}],"wp:attachment":[{"href":"https:\/\/belux.edmo.eu\/fr\/wp-json\/wp\/v2\/media?parent=10417"}],"curies":[{"name":"wp","href":"https:\/\/api.w.org\/{rel}","templated":true}]}}