{"id":11831,"date":"2022-02-11T11:47:12","date_gmt":"2022-02-11T11:47:12","guid":{"rendered":"https:\/\/belux-staging.eu\/recherche\/notre-approche\/"},"modified":"2025-01-23T15:29:48","modified_gmt":"2025-01-23T15:29:48","slug":"notre-approche","status":"publish","type":"page","link":"https:\/\/belux.edmo.eu\/fr\/notre-approche\/","title":{"rendered":"Notre approche"},"content":{"rendered":"<div class=\"wpb-content-wrapper\"><p>[vc_row css=\u00a0\u00bb.vc_custom_1638957607328{margin-top: 0px !important;margin-bottom: 0px !important;padding-top: 0px !important;padding-bottom: 0px !important;}\u00a0\u00bb][vc_column][vc_column_text css=\u00a0\u00bb\u00a0\u00bb css_animation=\u00a0\u00bbnone\u00a0\u00bb]<span data-contrast=\"auto\">Nous vivons \u00e0 une \u00e9poque o\u00f9 la d\u00e9sinformation est partout. Il importe donc de comprendre ses m\u00e9canismes et ses effets sur la soci\u00e9t\u00e9 et de trouver des solutions efficaces pour la contrer, ce qui n\u00e9cessite des recherches approfondies et une s\u00e9rieuse coop\u00e9ration. Gr\u00e2ce aux efforts d\u00e9ploy\u00e9s en mati\u00e8re de recherche et d\u2019enqu\u00eate, EDMO\u202fBELUX\u202f2.0 se fait fort de lutter contre les campagnes de d\u00e9sinformation, en s\u2019attachant particuli\u00e8rement \u00e0 mieux comprendre leur effet et celui des politiques mises en place par les plateformes sur les structures et les processus soci\u00e9taux et d\u00e9mocratiques en Belgique et au Luxembourg.<\/span><span data-ccp-props=\"{}\">\u00a0<\/span><\/p>\n<p><span data-contrast=\"auto\">S\u2019appuyant sur le travail entam\u00e9 lors du premier projet EDMO\u202fBELUX, EDMO\u202fBELUX\u202f2.0 d\u00e9veloppe un r\u00e9seau multidisciplinaire bien \u00e9tabli, compos\u00e9 de nombreuses parties prenantes, pour renforcer sa capacit\u00e9 \u00e0 d\u00e9tecter, \u00e0 analyser et \u00e0 mettre au jour la d\u00e9sinformation en Belgique et au Luxembourg.\u202fCe r\u00e9seau coop\u00e9ratif se fonde sur l\u2019expertise d\u2019\u00e9quipes de recherche, de factcheckers, d\u2019organisations d\u2019\u00e9ducation aux m\u00e9dias et d\u2019analystes de la d\u00e9sinformation pour approfondir ses connaissances et accro\u00eetre son impact.<\/span><span data-ccp-props=\"{}\">\u00a0<\/span><\/p>\n<p><span data-contrast=\"auto\">Les recherches et les \u00e9tudes men\u00e9es par les partenaires d\u2019EDMO\u202fBELUX\u202f2.0 visent\u202f:<\/span><span data-ccp-props=\"{}\">\u00a0<\/span><\/p>\n<ul>\n<li data-leveltext=\"\uf0b7\" data-font=\"Symbol\" data-listid=\"1\" data-list-defn-props=\"{&quot;335552541&quot;:1,&quot;335559685&quot;:720,&quot;335559991&quot;:360,&quot;469769226&quot;:&quot;Symbol&quot;,&quot;469769242&quot;:[8226],&quot;469777803&quot;:&quot;left&quot;,&quot;469777804&quot;:&quot;\uf0b7&quot;,&quot;469777815&quot;:&quot;multilevel&quot;}\" aria-setsize=\"-1\" data-aria-posinset=\"1\" data-aria-level=\"1\"><span data-contrast=\"auto\">\u00e0 engranger des connaissances approfondies et actualis\u00e9es sur les ph\u00e9nom\u00e8nes de d\u00e9sinformation pass\u00e9s, actuels et \u00e9mergents en Belgique et au Luxembourg, et \u00e0 analyser l\u2019incidence de la d\u00e9sinformation sur les soci\u00e9t\u00e9s belge et luxembourgeoise\u202f;<\/span><span data-ccp-props=\"{}\">\u00a0<\/span><\/li>\n<\/ul>\n<ul>\n<li data-leveltext=\"\uf0b7\" data-font=\"Symbol\" data-listid=\"1\" data-list-defn-props=\"{&quot;335552541&quot;:1,&quot;335559685&quot;:720,&quot;335559991&quot;:360,&quot;469769226&quot;:&quot;Symbol&quot;,&quot;469769242&quot;:[8226],&quot;469777803&quot;:&quot;left&quot;,&quot;469777804&quot;:&quot;\uf0b7&quot;,&quot;469777815&quot;:&quot;multilevel&quot;}\" aria-setsize=\"-1\" data-aria-posinset=\"2\" data-aria-level=\"1\"><span data-contrast=\"auto\">\u00e0 contribuer \u00e0 l\u2019\u00e9valuation des politiques nationales et europ\u00e9ennes en la mati\u00e8re en vigueur en Belgique et au Luxembourg, \u00e0 identifier les violations de politiques r\u00e9v\u00e9l\u00e9es par des campagnes de d\u00e9sinformation, \u00e0 faire \u00e9tat des mesures prises par les plateformes ou par la communaut\u00e9 luttant contre la d\u00e9sinformation, et \u00e0 formuler des recommandations pour assurer une mise en \u0153uvre plus coh\u00e9rente et plus pertinente de la l\u00e9gislation nationale et europ\u00e9enne existante\u202f;<\/span><span data-ccp-props=\"{}\">\u00a0<\/span><\/li>\n<\/ul>\n<ul>\n<li data-leveltext=\"\uf0b7\" data-font=\"Symbol\" data-listid=\"1\" data-list-defn-props=\"{&quot;335552541&quot;:1,&quot;335559685&quot;:720,&quot;335559991&quot;:360,&quot;469769226&quot;:&quot;Symbol&quot;,&quot;469769242&quot;:[8226],&quot;469777803&quot;:&quot;left&quot;,&quot;469777804&quot;:&quot;\uf0b7&quot;,&quot;469777815&quot;:&quot;multilevel&quot;}\" aria-setsize=\"-1\" data-aria-posinset=\"3\" data-aria-level=\"1\"><span data-contrast=\"auto\">\u00e0 participer activement aux activit\u00e9s politiques et de recherche coordonn\u00e9es par le r\u00e9seau EDMO, en particulier au sein des groupes de travail sur la politique et la recherche, \u00e0 contr\u00f4ler la mise en \u0153uvre du code europ\u00e9en de bonnes pratiques contre la d\u00e9sinformation, \u00e0 cr\u00e9er des indicateurs structurels pour mesurer l\u2019impact de ce code, et \u00e0 soutenir les activit\u00e9s d\u2019EDMO visant \u00e0 am\u00e9liorer l\u2019acc\u00e8s des \u00e9quipes de recherche aux donn\u00e9es issues des plateformes en ligne.<\/span><span data-ccp-props=\"{}\">\u00a0<\/span><\/li>\n<\/ul>\n<p><span data-contrast=\"auto\">Par ces vastes efforts coop\u00e9ratifs et de recherche, EDMO\u202fBELUX\u202f2.0 entend construire une soci\u00e9t\u00e9 plus r\u00e9siliente, pr\u00e9par\u00e9e \u00e0 comprendre et \u00e0 contrer l\u2019influence des campagnes de d\u00e9sinformation nocives en Belgique, au Luxembourg et ailleurs.\u202f<\/span><span data-ccp-props=\"{}\">\u00a0<\/span>[\/vc_column_text][\/vc_column][\/vc_row]<\/p>\n<\/div>","protected":false},"excerpt":{"rendered":"<p>[vc_row css=\u00a0\u00bb.vc_custom_1638957607328{margin-top: 0px !important;margin-bottom: 0px !important;padding-top: 0px !important;padding-bottom: 0px !important;}\u00a0\u00bb][vc_column][vc_column_text css=\u00a0\u00bb\u00a0\u00bb css_animation=\u00a0\u00bbnone\u00a0\u00bb]Nous vivons \u00e0 une \u00e9poque o\u00f9 la d\u00e9sinformation est&#8230;<\/p>\n","protected":false},"author":1,"featured_media":0,"parent":0,"menu_order":1,"comment_status":"closed","ping_status":"closed","template":"","meta":{"_acf_changed":false,"footnotes":""},"class_list":["post-11831","page","type-page","status-publish"],"acf":[],"yoast_head":"<!-- This site is optimized with the Yoast SEO plugin v27.0 - https:\/\/yoast.com\/product\/yoast-seo-wordpress\/ -->\n<title>Notre approche - EDMO Belux<\/title>\n<meta name=\"robots\" content=\"index, follow, max-snippet:-1, max-image-preview:large, max-video-preview:-1\" \/>\n<link rel=\"canonical\" href=\"https:\/\/belux.edmo.eu\/fr\/notre-approche\/\" \/>\n<meta property=\"og:locale\" content=\"fr_FR\" \/>\n<meta property=\"og:type\" content=\"article\" \/>\n<meta property=\"og:title\" content=\"Notre approche - EDMO Belux\" \/>\n<meta property=\"og:description\" content=\"[vc_row css=\u00a0\u00bb.vc_custom_1638957607328{margin-top: 0px !important;margin-bottom: 0px !important;padding-top: 0px !important;padding-bottom: 0px !important;}\u00a0\u00bb][vc_column][vc_column_text css=\u00a0\u00bb\u00a0\u00bb css_animation=\u00a0\u00bbnone\u00a0\u00bb]Nous vivons \u00e0 une \u00e9poque o\u00f9 la d\u00e9sinformation est...\" \/>\n<meta property=\"og:url\" content=\"https:\/\/belux.edmo.eu\/fr\/notre-approche\/\" \/>\n<meta property=\"og:site_name\" content=\"EDMO Belux\" \/>\n<meta property=\"article:modified_time\" content=\"2025-01-23T15:29:48+00:00\" \/>\n<meta name=\"twitter:card\" content=\"summary_large_image\" \/>\n<meta name=\"twitter:site\" content=\"@Edmo_Belux\" \/>\n<meta name=\"twitter:label1\" content=\"Dur\u00e9e de lecture estim\u00e9e\" \/>\n\t<meta name=\"twitter:data1\" content=\"1 minute\" \/>\n<script type=\"application\/ld+json\" class=\"yoast-schema-graph\">{\"@context\":\"https:\/\/schema.org\",\"@graph\":[{\"@type\":\"WebPage\",\"@id\":\"https:\/\/belux.edmo.eu\/fr\/notre-approche\/\",\"url\":\"https:\/\/belux.edmo.eu\/fr\/notre-approche\/\",\"name\":\"Notre approche - EDMO Belux\",\"isPartOf\":{\"@id\":\"https:\/\/belux.edmo.eu\/#website\"},\"datePublished\":\"2022-02-11T11:47:12+00:00\",\"dateModified\":\"2025-01-23T15:29:48+00:00\",\"breadcrumb\":{\"@id\":\"https:\/\/belux.edmo.eu\/fr\/notre-approche\/#breadcrumb\"},\"inLanguage\":\"fr-FR\",\"potentialAction\":[{\"@type\":\"ReadAction\",\"target\":[\"https:\/\/belux.edmo.eu\/fr\/notre-approche\/\"]}]},{\"@type\":\"BreadcrumbList\",\"@id\":\"https:\/\/belux.edmo.eu\/fr\/notre-approche\/#breadcrumb\",\"itemListElement\":[{\"@type\":\"ListItem\",\"position\":1,\"name\":\"Home\",\"item\":\"https:\/\/belux.edmo.eu\/fr\/\"},{\"@type\":\"ListItem\",\"position\":2,\"name\":\"Notre approche\"}]},{\"@type\":\"WebSite\",\"@id\":\"https:\/\/belux.edmo.eu\/#website\",\"url\":\"https:\/\/belux.edmo.eu\/\",\"name\":\"EDMO Belux\",\"description\":\"Monitoring Disinformation in Belgium and Luxembourg\",\"publisher\":{\"@id\":\"https:\/\/belux.edmo.eu\/#organization\"},\"potentialAction\":[{\"@type\":\"SearchAction\",\"target\":{\"@type\":\"EntryPoint\",\"urlTemplate\":\"https:\/\/belux.edmo.eu\/?s={search_term_string}\"},\"query-input\":{\"@type\":\"PropertyValueSpecification\",\"valueRequired\":true,\"valueName\":\"search_term_string\"}}],\"inLanguage\":\"fr-FR\"},{\"@type\":\"Organization\",\"@id\":\"https:\/\/belux.edmo.eu\/#organization\",\"name\":\"EDMO Belux\",\"url\":\"https:\/\/belux.edmo.eu\/\",\"logo\":{\"@type\":\"ImageObject\",\"inLanguage\":\"fr-FR\",\"@id\":\"https:\/\/belux.edmo.eu\/#\/schema\/logo\/image\/\",\"url\":\"https:\/\/belux.edmo.eu\/wp-content\/uploads\/2021\/12\/belux-logo-full-color-rgb.svg\",\"contentUrl\":\"https:\/\/belux.edmo.eu\/wp-content\/uploads\/2021\/12\/belux-logo-full-color-rgb.svg\",\"width\":1,\"height\":1,\"caption\":\"EDMO Belux\"},\"image\":{\"@id\":\"https:\/\/belux.edmo.eu\/#\/schema\/logo\/image\/\"},\"sameAs\":[\"https:\/\/x.com\/Edmo_Belux\"]}]}<\/script>\n<!-- \/ Yoast SEO plugin. -->","yoast_head_json":{"title":"Notre approche - EDMO Belux","robots":{"index":"index","follow":"follow","max-snippet":"max-snippet:-1","max-image-preview":"max-image-preview:large","max-video-preview":"max-video-preview:-1"},"canonical":"https:\/\/belux.edmo.eu\/fr\/notre-approche\/","og_locale":"fr_FR","og_type":"article","og_title":"Notre approche - EDMO Belux","og_description":"[vc_row css=\u00a0\u00bb.vc_custom_1638957607328{margin-top: 0px !important;margin-bottom: 0px !important;padding-top: 0px !important;padding-bottom: 0px !important;}\u00a0\u00bb][vc_column][vc_column_text css=\u00a0\u00bb\u00a0\u00bb css_animation=\u00a0\u00bbnone\u00a0\u00bb]Nous vivons \u00e0 une \u00e9poque o\u00f9 la d\u00e9sinformation est...","og_url":"https:\/\/belux.edmo.eu\/fr\/notre-approche\/","og_site_name":"EDMO Belux","article_modified_time":"2025-01-23T15:29:48+00:00","twitter_card":"summary_large_image","twitter_site":"@Edmo_Belux","twitter_misc":{"Dur\u00e9e de lecture estim\u00e9e":"1 minute"},"schema":{"@context":"https:\/\/schema.org","@graph":[{"@type":"WebPage","@id":"https:\/\/belux.edmo.eu\/fr\/notre-approche\/","url":"https:\/\/belux.edmo.eu\/fr\/notre-approche\/","name":"Notre approche - EDMO Belux","isPartOf":{"@id":"https:\/\/belux.edmo.eu\/#website"},"datePublished":"2022-02-11T11:47:12+00:00","dateModified":"2025-01-23T15:29:48+00:00","breadcrumb":{"@id":"https:\/\/belux.edmo.eu\/fr\/notre-approche\/#breadcrumb"},"inLanguage":"fr-FR","potentialAction":[{"@type":"ReadAction","target":["https:\/\/belux.edmo.eu\/fr\/notre-approche\/"]}]},{"@type":"BreadcrumbList","@id":"https:\/\/belux.edmo.eu\/fr\/notre-approche\/#breadcrumb","itemListElement":[{"@type":"ListItem","position":1,"name":"Home","item":"https:\/\/belux.edmo.eu\/fr\/"},{"@type":"ListItem","position":2,"name":"Notre approche"}]},{"@type":"WebSite","@id":"https:\/\/belux.edmo.eu\/#website","url":"https:\/\/belux.edmo.eu\/","name":"EDMO Belux","description":"Monitoring Disinformation in Belgium and Luxembourg","publisher":{"@id":"https:\/\/belux.edmo.eu\/#organization"},"potentialAction":[{"@type":"SearchAction","target":{"@type":"EntryPoint","urlTemplate":"https:\/\/belux.edmo.eu\/?s={search_term_string}"},"query-input":{"@type":"PropertyValueSpecification","valueRequired":true,"valueName":"search_term_string"}}],"inLanguage":"fr-FR"},{"@type":"Organization","@id":"https:\/\/belux.edmo.eu\/#organization","name":"EDMO Belux","url":"https:\/\/belux.edmo.eu\/","logo":{"@type":"ImageObject","inLanguage":"fr-FR","@id":"https:\/\/belux.edmo.eu\/#\/schema\/logo\/image\/","url":"https:\/\/belux.edmo.eu\/wp-content\/uploads\/2021\/12\/belux-logo-full-color-rgb.svg","contentUrl":"https:\/\/belux.edmo.eu\/wp-content\/uploads\/2021\/12\/belux-logo-full-color-rgb.svg","width":1,"height":1,"caption":"EDMO Belux"},"image":{"@id":"https:\/\/belux.edmo.eu\/#\/schema\/logo\/image\/"},"sameAs":["https:\/\/x.com\/Edmo_Belux"]}]}},"_links":{"self":[{"href":"https:\/\/belux.edmo.eu\/fr\/wp-json\/wp\/v2\/pages\/11831","targetHints":{"allow":["GET"]}}],"collection":[{"href":"https:\/\/belux.edmo.eu\/fr\/wp-json\/wp\/v2\/pages"}],"about":[{"href":"https:\/\/belux.edmo.eu\/fr\/wp-json\/wp\/v2\/types\/page"}],"author":[{"embeddable":true,"href":"https:\/\/belux.edmo.eu\/fr\/wp-json\/wp\/v2\/users\/1"}],"replies":[{"embeddable":true,"href":"https:\/\/belux.edmo.eu\/fr\/wp-json\/wp\/v2\/comments?post=11831"}],"version-history":[{"count":0,"href":"https:\/\/belux.edmo.eu\/fr\/wp-json\/wp\/v2\/pages\/11831\/revisions"}],"wp:attachment":[{"href":"https:\/\/belux.edmo.eu\/fr\/wp-json\/wp\/v2\/media?parent=11831"}],"curies":[{"name":"wp","href":"https:\/\/api.w.org\/{rel}","templated":true}]}}