{"id":381128,"date":"2024-09-25T07:38:40","date_gmt":"2024-09-25T07:38:40","guid":{"rendered":"https:\/\/belux.edmo.eu\/about-us\/network-of-experts\/"},"modified":"2025-01-21T12:55:50","modified_gmt":"2025-01-21T12:55:50","slug":"network-of-experts","status":"publish","type":"page","link":"https:\/\/belux.edmo.eu\/fr\/about-us\/network-of-experts\/","title":{"rendered":"R\u00e9seau de sp\u00e9cialistes EDMO\u202fBELUX\u202f"},"content":{"rendered":"<div class=\"wpb-content-wrapper\"><p>[vc_row][vc_column][vc_column_text css=\u00a0\u00bb\u00a0\u00bb]<span data-contrast=\"auto\">Bienvenue sur la page du r\u00e9seau de sp\u00e9cialistes EDMO\u202fBELUX, qui fait partie du hub EDMO\u202fBELUX\u202f2.0 et qui vise \u00e0 renforcer les liens entre les \u00e9quipes de recherche, les institutions publiques, les organisations m\u00e9diatiques et le public dans la lutte contre la d\u00e9sinformation en Belgique et au Luxembourg. Le r\u00e9seau s\u2019inscrit dans le cadre du projet EDMO\u202fBELUX\u202f2.0, qui fait suite \u00e0 EDMO\u202fBELUX\u202f1.0. Il a pour mission d\u2019identifier des domaines d\u2019expertise dans des mati\u00e8res sujettes \u00e0 la d\u00e9sinformation parmi des sp\u00e9cialistes au sein des universit\u00e9s belges et luxembourgeoises. Ces mati\u00e8res comprennent, entre autres, la politique belge et luxembourgeoise, la politique europ\u00e9enne, la sant\u00e9, le changement climatique, les questions juridiques et la migration.\u202f<\/span><span data-ccp-props=\"{}\">\u00a0<\/span><\/p>\n<p><b><span data-contrast=\"auto\">Les partenaires d\u2019EDMO\u202fBELUX visent trois objectifs pour le r\u00e9seau\u202f:<\/span><\/b><span data-contrast=\"auto\">\u202f<\/span><span data-ccp-props=\"{}\">\u00a0<\/span><\/p>\n<ul>\n<li data-leveltext=\"\uf0b7\" data-font=\"Symbol\" data-listid=\"1\" data-list-defn-props=\"{&quot;335552541&quot;:1,&quot;335559685&quot;:720,&quot;335559991&quot;:360,&quot;469769226&quot;:&quot;Symbol&quot;,&quot;469769242&quot;:[8226],&quot;469777803&quot;:&quot;left&quot;,&quot;469777804&quot;:&quot;\uf0b7&quot;,&quot;469777815&quot;:&quot;multilevel&quot;}\" aria-setsize=\"-1\" data-aria-posinset=\"1\" data-aria-level=\"1\"><b><span data-contrast=\"auto\">\u00c9largir et consolider le r\u00e9seau\u202f:<\/span><\/b><span data-contrast=\"auto\"> nous nous engageons \u00e0 \u00e9largir notre r\u00e9seau en recrutant davantage de sp\u00e9cialistes dans des domaines divers afin de renforcer notre capacit\u00e9 collective \u00e0 lutter contre la d\u00e9sinformation.\u202f<\/span><span data-ccp-props=\"{}\">\u00a0<\/span><\/li>\n<\/ul>\n<ul>\n<li data-leveltext=\"\uf0b7\" data-font=\"Symbol\" data-listid=\"2\" data-list-defn-props=\"{&quot;335552541&quot;:1,&quot;335559685&quot;:720,&quot;335559991&quot;:360,&quot;469769226&quot;:&quot;Symbol&quot;,&quot;469769242&quot;:[8226],&quot;469777803&quot;:&quot;left&quot;,&quot;469777804&quot;:&quot;\uf0b7&quot;,&quot;469777815&quot;:&quot;multilevel&quot;}\" aria-setsize=\"-1\" data-aria-posinset=\"1\" data-aria-level=\"1\"><b><span data-contrast=\"auto\">Impliquer les sp\u00e9cialistes dans la d\u00e9tection et l\u2019analyse\u202f:<\/span><\/b><span data-contrast=\"auto\"> nous pouvons contacter nos sp\u00e9cialistes au cours du processus de correction et d\u2019analyse des informations afin d\u2019apporter des r\u00e9ponses rapides et pr\u00e9cises.\u202f<\/span><span data-ccp-props=\"{}\">\u00a0<\/span><\/li>\n<\/ul>\n<ul>\n<li data-leveltext=\"\uf0b7\" data-font=\"Symbol\" data-listid=\"3\" data-list-defn-props=\"{&quot;335552541&quot;:1,&quot;335559685&quot;:720,&quot;335559991&quot;:360,&quot;469769226&quot;:&quot;Symbol&quot;,&quot;469769242&quot;:[8226],&quot;469777803&quot;:&quot;left&quot;,&quot;469777804&quot;:&quot;\uf0b7&quot;,&quot;469777815&quot;:&quot;multilevel&quot;}\" aria-setsize=\"-1\" data-aria-posinset=\"1\" data-aria-level=\"1\"><b><span data-contrast=\"auto\">Promouvoir les ressources d\u2019EDMO\u202fBELUX\u202f:<\/span><\/b><span data-contrast=\"auto\">\u202fnous encourageons activement l\u2019utilisation des ressources d\u2019EDMO\u202fBELUX dans les activit\u00e9s \u00e9ducatives, de recherche et li\u00e9es \u00e0 la politique afin de cr\u00e9er une communaut\u00e9 r\u00e9siliente et bien inform\u00e9e.\u202f<\/span><span data-ccp-props=\"{}\">\u00a0<\/span><\/li>\n<\/ul>\n<p><b><span data-contrast=\"auto\">Expertise<\/span><\/b><span data-contrast=\"auto\">\u202f<\/span><span data-ccp-props=\"{}\">\u00a0<\/span><\/p>\n<p><span data-contrast=\"auto\">Notre r\u00e9seau peut se targuer de disposer d\u2019un large \u00e9ventail de sp\u00e9cialistes dans des domaines cruciaux, particuli\u00e8rement expos\u00e9s \u00e0 la d\u00e9sinformation. Chaque sp\u00e9cialiste apporte ses connaissances et son exp\u00e9rience pour aider \u00e0 mieux comprendre la d\u00e9sinformation dans son ensemble et \u00e0 l\u2019att\u00e9nuer efficacement.\u202f<\/span><span data-ccp-props=\"{}\">\u00a0<\/span><\/p>\n<p><b><span data-contrast=\"auto\">Politique\u202f:<\/span><\/b><span data-contrast=\"auto\">\u202fnos sp\u00e9cialistes politiques ma\u00eetrisent les subtilit\u00e9s de la politique belge et luxembourgeoise et nous donnent les cl\u00e9s indispensables pour comprendre et contrer la d\u00e9sinformation politique.\u202f<\/span><span data-ccp-props=\"{}\">\u00a0<\/span><\/p>\n<p><b><span data-contrast=\"auto\">Politique europ\u00e9enne\u202f:<\/span><\/b><span data-contrast=\"auto\">\u202fles sp\u00e9cialistes de la politique et des institutions europ\u00e9ennes portent un regard critique sur la d\u00e9sinformation li\u00e9e \u00e0 l\u2019UE et nous aident \u00e0 nous y retrouver dans le paysage complexe de la gouvernance europ\u00e9enne.\u202f<\/span><span data-ccp-props=\"{}\">\u00a0<\/span><\/p>\n<p><b><span data-contrast=\"auto\">Changement climatique\u202f:<\/span><\/b><span data-contrast=\"auto\">\u202fle changement climatique reste un sujet fertile pour la d\u00e9sinformation. Nos sp\u00e9cialistes climatiques s\u2019appuient sur leurs connaissances dignes de foi pour balayer les mythes et pr\u00e9senter des informations scientifiquement exactes.\u202f<\/span><span data-ccp-props=\"{}\">\u00a0<\/span><\/p>\n<p><b><span data-contrast=\"auto\">Migration\u202f:<\/span><\/b><span data-contrast=\"auto\">\u202fles politiques migratoires et relatives aux minorit\u00e9s sont souvent d\u00e9form\u00e9es par la d\u00e9sinformation. Nos sp\u00e9cialistes dans ce domaine s\u2019efforcent de pr\u00e9senter des r\u00e9cits clairs et bas\u00e9s sur des faits pour d\u00e9mentir les informations trompeuses.\u202f<\/span><span data-ccp-props=\"{}\">\u00a0<\/span><\/p>\n<p><b><span data-contrast=\"auto\">Questions juridiques et de droit\u202f:<\/span><\/b><span data-contrast=\"auto\">\u202fles juristes professionnel\u00b7les de notre r\u00e9seau s\u2019attaquent \u00e0 la d\u00e9sinformation sous un angle juridique pour r\u00e9pondre \u00e0 des questions de droit public et am\u00e9liorer les connaissances juridiques.\u202f<\/span><span data-ccp-props=\"{}\">\u00a0<\/span><\/p>\n<p><b><span data-contrast=\"auto\">Mobilit\u00e9 et transitions durables\u202f:<\/span><\/b><span data-contrast=\"auto\">\u202fles sp\u00e9cialistes de la logistique, de la mobilit\u00e9 et des transitions durables s\u2019emploient \u00e0 d\u00e9mystifier les fausses informations qui pullulent dans ces domaines cruciaux et pr\u00f4nent des pratiques \u00e9clair\u00e9es et durables.\u202f<\/span><span data-ccp-props=\"{}\">\u00a0<\/span><\/p>\n<p><b><span data-contrast=\"auto\">Passez par notre r\u00e9seau pour contacter des sp\u00e9cialistes\u202f<\/span><\/b><span data-contrast=\"auto\">\u202f<\/span><span data-ccp-props=\"{}\">\u00a0<\/span><\/p>\n<p><span data-contrast=\"auto\">Si vous avez des questions ou avez besoin de l\u2019aide de sp\u00e9cialistes en lien avec la d\u00e9sinformation, vous pouvez faire appel \u00e0 notre r\u00e9seau. Remplissez le formulaire cidessous pour contacter nos sp\u00e9cialistes.<\/span><span data-ccp-props=\"{}\">\u00a0<\/span>[\/vc_column_text][vc_raw_html css=\u00a0\u00bb\u00a0\u00bb]JTVCY29udGFjdC1mb3JtLTclMjBpZCUzRCUyMjM2OTQzN2IlMjIlMjB0aXRsZSUzRCUyMk5ldHdvcmslMjBPZiUyMEV4cGVydHMlMjIlNUQ=[\/vc_raw_html][\/vc_column][\/vc_row]<\/p>\n<\/div>","protected":false},"excerpt":{"rendered":"<p>[vc_row][vc_column][vc_column_text css=\u00a0\u00bb\u00a0\u00bb]Bienvenue sur la page du r\u00e9seau de sp\u00e9cialistes EDMO\u202fBELUX, qui fait partie du hub EDMO\u202fBELUX\u202f2.0 et qui vise \u00e0&#8230;<\/p>\n","protected":false},"author":14,"featured_media":0,"parent":11675,"menu_order":0,"comment_status":"closed","ping_status":"closed","template":"","meta":{"_acf_changed":false,"footnotes":""},"class_list":["post-381128","page","type-page","status-publish"],"acf":[],"yoast_head":"<!-- This site is optimized with the Yoast SEO plugin v27.0 - https:\/\/yoast.com\/product\/yoast-seo-wordpress\/ -->\n<title>R\u00e9seau de sp\u00e9cialistes EDMO\u202fBELUX\u202f - EDMO Belux<\/title>\n<meta name=\"robots\" content=\"index, follow, max-snippet:-1, max-image-preview:large, max-video-preview:-1\" \/>\n<link rel=\"canonical\" href=\"https:\/\/belux.edmo.eu\/fr\/about-us\/network-of-experts\/\" \/>\n<meta property=\"og:locale\" content=\"fr_FR\" \/>\n<meta property=\"og:type\" content=\"article\" \/>\n<meta property=\"og:title\" content=\"R\u00e9seau de sp\u00e9cialistes EDMO\u202fBELUX\u202f - EDMO Belux\" \/>\n<meta property=\"og:description\" content=\"[vc_row][vc_column][vc_column_text css=\u00a0\u00bb\u00a0\u00bb]Bienvenue sur la page du r\u00e9seau de sp\u00e9cialistes EDMO\u202fBELUX, qui fait partie du hub EDMO\u202fBELUX\u202f2.0 et qui vise \u00e0...\" \/>\n<meta property=\"og:url\" content=\"https:\/\/belux.edmo.eu\/fr\/about-us\/network-of-experts\/\" \/>\n<meta property=\"og:site_name\" content=\"EDMO Belux\" \/>\n<meta property=\"article:modified_time\" content=\"2025-01-21T12:55:50+00:00\" \/>\n<meta name=\"twitter:card\" content=\"summary_large_image\" \/>\n<meta name=\"twitter:site\" content=\"@Edmo_Belux\" \/>\n<meta name=\"twitter:label1\" content=\"Dur\u00e9e de lecture estim\u00e9e\" \/>\n\t<meta name=\"twitter:data1\" content=\"3 minutes\" \/>\n<script type=\"application\/ld+json\" class=\"yoast-schema-graph\">{\"@context\":\"https:\/\/schema.org\",\"@graph\":[{\"@type\":\"WebPage\",\"@id\":\"https:\/\/belux.edmo.eu\/fr\/about-us\/network-of-experts\/\",\"url\":\"https:\/\/belux.edmo.eu\/fr\/about-us\/network-of-experts\/\",\"name\":\"R\u00e9seau de sp\u00e9cialistes EDMO\u202fBELUX\u202f - EDMO Belux\",\"isPartOf\":{\"@id\":\"https:\/\/belux.edmo.eu\/#website\"},\"datePublished\":\"2024-09-25T07:38:40+00:00\",\"dateModified\":\"2025-01-21T12:55:50+00:00\",\"breadcrumb\":{\"@id\":\"https:\/\/belux.edmo.eu\/fr\/about-us\/network-of-experts\/#breadcrumb\"},\"inLanguage\":\"fr-FR\",\"potentialAction\":[{\"@type\":\"ReadAction\",\"target\":[\"https:\/\/belux.edmo.eu\/fr\/about-us\/network-of-experts\/\"]}]},{\"@type\":\"BreadcrumbList\",\"@id\":\"https:\/\/belux.edmo.eu\/fr\/about-us\/network-of-experts\/#breadcrumb\",\"itemListElement\":[{\"@type\":\"ListItem\",\"position\":1,\"name\":\"Home\",\"item\":\"https:\/\/belux.edmo.eu\/fr\/\"},{\"@type\":\"ListItem\",\"position\":2,\"name\":\"A propos\",\"item\":\"https:\/\/belux.edmo.eu\/fr\/about-us\/\"},{\"@type\":\"ListItem\",\"position\":3,\"name\":\"R\u00e9seau de sp\u00e9cialistes EDMO\u202fBELUX\u202f\"}]},{\"@type\":\"WebSite\",\"@id\":\"https:\/\/belux.edmo.eu\/#website\",\"url\":\"https:\/\/belux.edmo.eu\/\",\"name\":\"EDMO Belux\",\"description\":\"Monitoring Disinformation in Belgium and Luxembourg\",\"publisher\":{\"@id\":\"https:\/\/belux.edmo.eu\/#organization\"},\"potentialAction\":[{\"@type\":\"SearchAction\",\"target\":{\"@type\":\"EntryPoint\",\"urlTemplate\":\"https:\/\/belux.edmo.eu\/?s={search_term_string}\"},\"query-input\":{\"@type\":\"PropertyValueSpecification\",\"valueRequired\":true,\"valueName\":\"search_term_string\"}}],\"inLanguage\":\"fr-FR\"},{\"@type\":\"Organization\",\"@id\":\"https:\/\/belux.edmo.eu\/#organization\",\"name\":\"EDMO Belux\",\"url\":\"https:\/\/belux.edmo.eu\/\",\"logo\":{\"@type\":\"ImageObject\",\"inLanguage\":\"fr-FR\",\"@id\":\"https:\/\/belux.edmo.eu\/#\/schema\/logo\/image\/\",\"url\":\"https:\/\/belux.edmo.eu\/wp-content\/uploads\/2021\/12\/belux-logo-full-color-rgb.svg\",\"contentUrl\":\"https:\/\/belux.edmo.eu\/wp-content\/uploads\/2021\/12\/belux-logo-full-color-rgb.svg\",\"width\":1,\"height\":1,\"caption\":\"EDMO Belux\"},\"image\":{\"@id\":\"https:\/\/belux.edmo.eu\/#\/schema\/logo\/image\/\"},\"sameAs\":[\"https:\/\/x.com\/Edmo_Belux\"]}]}<\/script>\n<!-- \/ Yoast SEO plugin. -->","yoast_head_json":{"title":"R\u00e9seau de sp\u00e9cialistes EDMO\u202fBELUX\u202f - EDMO Belux","robots":{"index":"index","follow":"follow","max-snippet":"max-snippet:-1","max-image-preview":"max-image-preview:large","max-video-preview":"max-video-preview:-1"},"canonical":"https:\/\/belux.edmo.eu\/fr\/about-us\/network-of-experts\/","og_locale":"fr_FR","og_type":"article","og_title":"R\u00e9seau de sp\u00e9cialistes EDMO\u202fBELUX\u202f - EDMO Belux","og_description":"[vc_row][vc_column][vc_column_text css=\u00a0\u00bb\u00a0\u00bb]Bienvenue sur la page du r\u00e9seau de sp\u00e9cialistes EDMO\u202fBELUX, qui fait partie du hub EDMO\u202fBELUX\u202f2.0 et qui vise \u00e0...","og_url":"https:\/\/belux.edmo.eu\/fr\/about-us\/network-of-experts\/","og_site_name":"EDMO Belux","article_modified_time":"2025-01-21T12:55:50+00:00","twitter_card":"summary_large_image","twitter_site":"@Edmo_Belux","twitter_misc":{"Dur\u00e9e de lecture estim\u00e9e":"3 minutes"},"schema":{"@context":"https:\/\/schema.org","@graph":[{"@type":"WebPage","@id":"https:\/\/belux.edmo.eu\/fr\/about-us\/network-of-experts\/","url":"https:\/\/belux.edmo.eu\/fr\/about-us\/network-of-experts\/","name":"R\u00e9seau de sp\u00e9cialistes EDMO\u202fBELUX\u202f - EDMO Belux","isPartOf":{"@id":"https:\/\/belux.edmo.eu\/#website"},"datePublished":"2024-09-25T07:38:40+00:00","dateModified":"2025-01-21T12:55:50+00:00","breadcrumb":{"@id":"https:\/\/belux.edmo.eu\/fr\/about-us\/network-of-experts\/#breadcrumb"},"inLanguage":"fr-FR","potentialAction":[{"@type":"ReadAction","target":["https:\/\/belux.edmo.eu\/fr\/about-us\/network-of-experts\/"]}]},{"@type":"BreadcrumbList","@id":"https:\/\/belux.edmo.eu\/fr\/about-us\/network-of-experts\/#breadcrumb","itemListElement":[{"@type":"ListItem","position":1,"name":"Home","item":"https:\/\/belux.edmo.eu\/fr\/"},{"@type":"ListItem","position":2,"name":"A propos","item":"https:\/\/belux.edmo.eu\/fr\/about-us\/"},{"@type":"ListItem","position":3,"name":"R\u00e9seau de sp\u00e9cialistes EDMO\u202fBELUX\u202f"}]},{"@type":"WebSite","@id":"https:\/\/belux.edmo.eu\/#website","url":"https:\/\/belux.edmo.eu\/","name":"EDMO Belux","description":"Monitoring Disinformation in Belgium and Luxembourg","publisher":{"@id":"https:\/\/belux.edmo.eu\/#organization"},"potentialAction":[{"@type":"SearchAction","target":{"@type":"EntryPoint","urlTemplate":"https:\/\/belux.edmo.eu\/?s={search_term_string}"},"query-input":{"@type":"PropertyValueSpecification","valueRequired":true,"valueName":"search_term_string"}}],"inLanguage":"fr-FR"},{"@type":"Organization","@id":"https:\/\/belux.edmo.eu\/#organization","name":"EDMO Belux","url":"https:\/\/belux.edmo.eu\/","logo":{"@type":"ImageObject","inLanguage":"fr-FR","@id":"https:\/\/belux.edmo.eu\/#\/schema\/logo\/image\/","url":"https:\/\/belux.edmo.eu\/wp-content\/uploads\/2021\/12\/belux-logo-full-color-rgb.svg","contentUrl":"https:\/\/belux.edmo.eu\/wp-content\/uploads\/2021\/12\/belux-logo-full-color-rgb.svg","width":1,"height":1,"caption":"EDMO Belux"},"image":{"@id":"https:\/\/belux.edmo.eu\/#\/schema\/logo\/image\/"},"sameAs":["https:\/\/x.com\/Edmo_Belux"]}]}},"_links":{"self":[{"href":"https:\/\/belux.edmo.eu\/fr\/wp-json\/wp\/v2\/pages\/381128","targetHints":{"allow":["GET"]}}],"collection":[{"href":"https:\/\/belux.edmo.eu\/fr\/wp-json\/wp\/v2\/pages"}],"about":[{"href":"https:\/\/belux.edmo.eu\/fr\/wp-json\/wp\/v2\/types\/page"}],"author":[{"embeddable":true,"href":"https:\/\/belux.edmo.eu\/fr\/wp-json\/wp\/v2\/users\/14"}],"replies":[{"embeddable":true,"href":"https:\/\/belux.edmo.eu\/fr\/wp-json\/wp\/v2\/comments?post=381128"}],"version-history":[{"count":0,"href":"https:\/\/belux.edmo.eu\/fr\/wp-json\/wp\/v2\/pages\/381128\/revisions"}],"up":[{"embeddable":true,"href":"https:\/\/belux.edmo.eu\/fr\/wp-json\/wp\/v2\/pages\/11675"}],"wp:attachment":[{"href":"https:\/\/belux.edmo.eu\/fr\/wp-json\/wp\/v2\/media?parent=381128"}],"curies":[{"name":"wp","href":"https:\/\/api.w.org\/{rel}","templated":true}]}}