{"id":394836,"date":"2025-05-07T09:47:16","date_gmt":"2025-05-07T09:47:16","guid":{"rendered":"https:\/\/belux.edmo.eu\/be-online-smart\/"},"modified":"2025-05-07T12:15:33","modified_gmt":"2025-05-07T12:15:33","slug":"be-online-smart","status":"publish","type":"page","link":"https:\/\/belux.edmo.eu\/fr\/be-online-smart\/","title":{"rendered":"Be Online Smart"},"content":{"rendered":"<div class=\"wpb-content-wrapper\"><p>[vc_row css=\u00a0\u00bb.vc_custom_1746526189051{margin-top: 0px !important;padding-top: 0px !important;}\u00a0\u00bb][vc_column][vc_raw_html css=\u00a0\u00bb\u00a0\u00bb]JTNDZGl2JTIwaWQlM0QlMjJmZWF0LWltZyUyMiUzRSUwQSUzQ2ltZyUyMHNyYyUzRCUyMmh0dHBzJTNBJTJGJTJGYmVsdXgtZWRtby5zMy1hY2NlbGVyYXRlLmFtYXpvbmF3cy5jb20lMkZ3cC1jb250ZW50JTJGdXBsb2FkcyUyRjIwMjUlMkYwNSUyRmJlb25saW5lc21hcnQtYmVsdXguanBnJTIyJTIwJTJGJTNFJTBBJTNDJTJGZGl2JTNF[\/vc_raw_html][\/vc_column][\/vc_row][vc_row][vc_column][vc_column_text css=\u00a0\u00bb\u00a0\u00bb]<em>Be online smart <\/em>est une campagne de l\u2019<em>European Digital Media Observatory <\/em>(EDMO) et de son r\u00e9seau de 14 p\u00f4les de recherche. Elle vise \u00e0 sensibiliser le public \u00e0 la mani\u00e8re dont les algorithmes fa\u00e7onnent notre exp\u00e9rience en ligne : des actualit\u00e9s que nous lisons aux vid\u00e9os que nous regardons. Les syst\u00e8mes de recommandation nous aident \u00e0 d\u00e9couvrir du contenu que nous aimons, mais ils peuvent aussi limiter notre champ de vision, favoriser la d\u00e9sinformation et renforcer certains biais. En comprenant comment fonctionnent les algorithmes et comment ils influencent notre vie en ligne, nous pouvons faire des choix plus avis\u00e9s, rep\u00e9rer la d\u00e9sinformation et rester mieux inform\u00e9s.[\/vc_column_text][\/vc_column][\/vc_row][vc_row][vc_column][vc_column_text css=\u00a0\u00bb\u00a0\u00bb]<\/p>\n<h2><span style=\"font-weight: 800;\">Le r\u00f4le des algorithmes de recommandation dans l\u2019acc\u00e8s \u00e0 l\u2019information, aux connaissances et aux contenus en ligne<\/span><\/h2>\n<p>[\/vc_column_text]<div class=\"clearboth\"><\/div><style>#thegem-divider-69ededaf879f2 {margin-bottom: 40px !important;}<\/style><div id=\"thegem-divider-69ededaf879f2\" class=\"gem-divider  \" style=\"border-width: 1px;width: 100px;border-color: #FFCD05;\" ><\/div>[vc_column_text css=\u00a0\u00bb\u00a0\u00bb]De nombreux outils (sites web, moteurs de recherche, r\u00e9seaux sociaux\u2026) utilisent des algorithmes pour organiser l\u2019information qui nous sont pr\u00e9sent\u00e9s.[\/vc_column_text][\/vc_column][\/vc_row][vc_row][vc_column][vc_column_text css=\u00a0\u00bb\u00a0\u00bb]<\/p>\n<h3><b>Qu\u2019est-ce qu\u2019un algorithme?<\/b><\/h3>\n<p>[\/vc_column_text]<div class=\"clearboth\"><\/div><style>#thegem-divider-69ededaf87a4a {margin-bottom: 40px !important;}<\/style><div id=\"thegem-divider-69ededaf87a4a\" class=\"gem-divider  \" style=\"border-width: 1px;width: 100px;border-color: #FFCD05;\" ><\/div>[vc_column_text css=\u00a0\u00bb\u00a0\u00bb]Un algorithme est un ensemble d\u2019instructions ou de r\u00e8gles qu\u2019un ordinateur utilise pour effectuer une t\u00e2che, r\u00e9soudre un probl\u00e8me ou prendre une d\u00e9cision.<\/p>\n<p>Les algorithmes sont utilis\u00e9s dans beaucoup de contextes en ligne diff\u00e9rents. En fonction de la t\u00e2che assign\u00e9e, ils peuvent \u00eatre relativement simples, comme classer une liste de noms par ordre alphab\u00e9tique, ou bien plus complexes.<\/p>\n<p>Les r\u00e9seaux sociaux et les moteurs de recherche utilisent des algorithmes de recommandation pour d\u00e9cider quels posts ou r\u00e9sultats de recherche montrer \u00e0 chaque utilisateur.<\/p>\n<p>Les plateformes de streaming musical les utilisent pour pr\u00e9dire les morceaux qu\u2019un auditeur pourrait aimer, en se basant sur la musique qu\u2019il \u00e9coute d\u00e9j\u00e0, mais aussi sur le moment, le lieu (g\u00e9olocalisation et appareil utilis\u00e9) et la mani\u00e8re (temps pass\u00e9) dont il les \u00e9coute. Il en va de m\u00eame pour les plateformes de streaming de films et de s\u00e9ries.[\/vc_column_text][\/vc_column][\/vc_row][vc_row][vc_column][vc_column_text css=\u00a0\u00bb\u00a0\u00bb]<\/p>\n<h3><b>Pourquoi est-il important de comprendre leur fonctionnement ?<\/b><\/h3>\n<p>[\/vc_column_text]<div class=\"clearboth\"><\/div><style>#thegem-divider-69ededaf87a89 {margin-bottom: 40px !important;}<\/style><div id=\"thegem-divider-69ededaf87a89\" class=\"gem-divider  \" style=\"border-width: 1px;width: 100px;border-color: #FFCD05;\" ><\/div>[vc_column_text css=\u00a0\u00bb\u00a0\u00bb]Il est essentiel de comprendre comment les algorithmes (et ceux qui les con\u00e7oivent !) fa\u00e7onnent votre exp\u00e9rience du monde en ligne, ainsi que votre perception et vos interactions dans le monde hors ligne. Les algorithmes influencent vos d\u00e9cisions concernant le contenu que vous voyez sur les diff\u00e9rentes plateformes, et ont donc un impact important sur les informations et les connaissances auxquelles vous \u00eates expos\u00e9.<\/p>\n<p>Beaucoup de r\u00e9seaux sociaux et de sites web gagnent de l\u2019argent gr\u00e2ce \u00e0 la publicit\u00e9. Pour maximiser leurs revenus, ils cherchent \u00e0 capter votre attention en vous incitant \u00e0 rester sur leurs plateformes, et \u00e0 y revenir r\u00e9guli\u00e8rement.<\/p>\n<p>Ainsi, leurs algorithmes cherchent souvent \u00e0 vous montrer des contenus qu\u2019ils pensent que vous souhaitez voir, et que vous serez susceptibles de partager.[\/vc_column_text][\/vc_column][\/vc_row][vc_row][vc_column][vc_column_text css=\u00a0\u00bb\u00a0\u00bb]<\/p>\n<h3><b>Les algorithmes : amis ou ennemis ?<\/b><\/h3>\n<p>[\/vc_column_text]<div class=\"clearboth\"><\/div><style>#thegem-divider-69ededaf87ab6 {margin-bottom: 40px !important;}<\/style><div id=\"thegem-divider-69ededaf87ab6\" class=\"gem-divider  \" style=\"border-width: 1px;width: 100px;border-color: #FFCD05;\" ><\/div>[vc_column_text css=\u00a0\u00bb\u00a0\u00bb]<\/p>\n<ul>\n<li><strong>Les algorithmes peuvent am\u00e9liorer votre exp\u00e9rience du monde num\u00e9rique <\/strong><\/li>\n<\/ul>\n<p>Les algorithmes permettent de vous montrer des contenus pertinents et int\u00e9ressants en ligne. Par exemple, sur un r\u00e9seau social, ces derniers privil\u00e9gient les publications de vos amis proches plut\u00f4t que celles de simples connaissances. Sur un agr\u00e9gateur de nouvelles, les articles provenant de sources d\u2019information en qui vous avez confiance sont mis en avant, plut\u00f4t que celles que vous lisez rarement. Et sur une plateforme de streaming musical ou vid\u00e9o, ils vous font d\u00e9couvrir des chansons ou des s\u00e9ries que vous adorez mais que vous n\u2019auriez jamais trouv\u00e9es autrement.<\/p>\n<ul>\n<li><strong>Mais peuvent \u00e9galement favoriser la diffusion de d\u00e9sinformation<\/strong><\/li>\n<\/ul>\n<p><strong>\u2026<\/strong>Et permettent \u00e0 celles-ci de devenir virales, tr\u00e8s rapidement.<\/p>\n<p>La d\u00e9sinformation suscite souvent des r\u00e9actions \u00e9motionnelles intenses, ce qui incite \u00e0 au partage dans un moment de col\u00e8re, d\u2019enthousiasme ou de choc. Les algorithmes peuvent \u00eatre manipul\u00e9s pour amplifier ce type de contenu, car ils l&rsquo;interpr\u00e8tent comme quelque chose que les gens souhaitent voir.<\/p>\n<ul>\n<li><strong>Et vous enfermer dans une bulle <\/strong><\/li>\n<\/ul>\n<p>Les \u00e9l\u00e9ments pr\u00e9sent\u00e9s par les algorithmes ne sont pas les m\u00eames pour tous, que ce soit sur Google, sur les r\u00e9seaux sociaux ou dans les recommandations de vid\u00e9os sur YouTube. Cela signifie que vous ne voyez peut-\u00eatre qu\u2019une partie de la r\u00e9alit\u00e9 en ligne. C\u2019est ce qu\u2019on appelle les \u00ab bulles informationnelles \u00bb.[\/vc_column_text][\/vc_column][\/vc_row][vc_row][vc_column][vc_column_text css=\u00a0\u00bb\u00a0\u00bb]<\/p>\n<h3><b>QUE POUVEZ VOUS FAIRE ? <\/b><\/h3>\n<p>[\/vc_column_text]<div class=\"clearboth\"><\/div><style>#thegem-divider-69ededaf87ad7 {margin-bottom: 40px !important;}<\/style><div id=\"thegem-divider-69ededaf87ad7\" class=\"gem-divider  \" style=\"border-width: 1px;width: 100px;border-color: #FFCD05;\" ><\/div>[vc_tta_accordion active_section=\u00a0\u00bb-1&Prime; collapsible_all=\u00a0\u00bbtrue\u00a0\u00bb][vc_tta_section title=\u00a0\u00bbARR\u00caTEZ \u00a0\u00bb tab_id=\u00a0\u00bb1746524217374-73077675-2b00&Prime;][vc_column_text css=\u00a0\u00bb\u00a0\u00bb]<\/p>\n<ul>\n<li>Ne croyez pas une information simplement parce qu\u2019elle est virale<\/li>\n<\/ul>\n<p>[\/vc_column_text][\/vc_tta_section][vc_tta_section title=\u00a0\u00bbANALYSEZ \u00a0\u00bb tab_id=\u00a0\u00bb1746524443459-20feec2d-782a\u00a0\u00bb][vc_column_text css=\u00a0\u00bb\u00a0\u00bb]<\/p>\n<ul>\n<li>Lisez l\u2019article en entier, plut\u00f4t que de vous limiter \u00e0 son titre.<\/li>\n<li>Gardez \u00e0 l\u2019esprit que les algorithmes sont souvent con\u00e7us pour vous montrer ce que vous voulez voir.<\/li>\n<li>Ayez un regard critique sur l\u2019algorithme : demandez vous ce qui est mis en avant\u2026 et ce qui est laiss\u00e9 de c\u00f4t\u00e9.<\/li>\n<\/ul>\n<p>[\/vc_column_text][\/vc_tta_section][vc_tta_section title=\u00a0\u00bbV\u00c9RIFIEZ\u00a0\u00bb tab_id=\u00a0\u00bb1746524471884-cde9c9bf-317b\u00a0\u00bb][vc_column_text css=\u00a0\u00bb\u00a0\u00bb]<\/p>\n<ul>\n<li>Croisez les sources pour identifier celles en qui vous pouvez avoir confiance<\/li>\n<\/ul>\n<p>[\/vc_column_text][\/vc_tta_section][vc_tta_section title=\u00a0\u00bbAPPRENEZ\u00a0\u00bb tab_id=\u00a0\u00bb1746524483876-4fcd9494-161f\u00a0\u00bb][vc_column_text css=\u00a0\u00bb\u00a0\u00bb]<\/p>\n<ul>\n<li>Informez vous sur la mani\u00e8re dont fonctionnent les algorithmes. Quelque suggestions :<\/li>\n<li><a href=\"https:\/\/www.bbc.co.uk\/programmes\/p030s6b3\"><em>The Secret Rules of Modern Living: Algorithms<\/em><\/a> : une excellente explication sur la mani\u00e8re dont fonctionnent les algorithmes de classifications de Google. Le lien de la vid\u00e9o <a href=\"https:\/\/www.bbc.co.uk\/programmes\/p032rf5d\">ici<\/a>.<\/li>\n<li><a href=\"https:\/\/www.youtube.com\/watch?v=r34aENF8vUY\"><em>The Social Dilemma \u2013 Bonus Clip: The Discrimination Dilemma<\/em><\/a> : les algorithmes sont construits sur des biais : \u00ab\u00a0ils ne pr\u00e9disent pas le futur, ils le produisent\u00a0\u00bb<\/li>\n<li>Le <a href=\"https:\/\/algorithmic-transparency.ec.europa.eu\/about_en\"><em>Centre europ\u00e9en pour la transparence algorithmique<\/em><\/a> \u00e9tudie l\u2019impact des syst\u00e8mes algorithmiques utilis\u00e9s par les plateformes en ligne et les moteurs de recherche.<\/li>\n<\/ul>\n<p>Netflix explique <a href=\"https:\/\/help.netflix.com\/fr\/node\/100639#:~:text=We%20take%20feedback%20from%20every,re%20most%20likely%20to%20watch\">comment fonctionne son syst\u00e8me de recommandations<\/a>.[\/vc_column_text][\/vc_tta_section][\/vc_tta_accordion]<div class=\"gem-button-container gem-button-position-left thegem-button-69ededaf87ba32209    \"  ><a class=\"gem-button gem-button-size-small gem-button-style-outline gem-button-text-weight-normal gem-button-border-2\" data-ll-effect=\"drop-right-without-wrap\" style=\"border-radius: 3px;\" onmouseleave=\"\" onmouseenter=\"\" href=\"https:\/\/edmo.eu\/beonlinesmart\/\" target=\"_blank\">Learn more at EDMO website<\/a><\/div> [\/vc_column][\/vc_row][vc_row][vc_column][vc_column_text css=\u00a0\u00bb\u00a0\u00bb]<\/p>\n<h3><b>Visuels de la campagne<\/b><\/h3>\n<p>[\/vc_column_text]<div class=\"clearboth\"><\/div><style>#thegem-divider-69ededaf87bef {margin-bottom: 40px !important;}<\/style><div id=\"thegem-divider-69ededaf87bef\" class=\"gem-divider  \" style=\"border-width: 1px;width: 100px;border-color: #FFCD05;\" ><\/div>[vc_raw_html css=\u00a0\u00bb\u00a0\u00bb]JTNDZGl2JTIwaWQlM0QlMjJ2aXN1YWwlMjIlM0UlMEElM0NpbWclMjBzcmMlM0QlMjJodHRwcyUzQSUyRiUyRmJlbHV4LWVkbW8uczMtYWNjZWxlcmF0ZS5hbWF6b25hd3MuY29tJTJGd3AtY29udGVudCUyRnVwbG9hZHMlMkYyMDI1JTJGMDUlMkZ0V1VBczJNWS01LnBuZyUyMiUyMCUyRiUzRSUwQSUzQyUyRmRpdiUzRQ==[\/vc_raw_html]<div class=\"gem-button-container gem-button-position-left thegem-button-69ededaf87c468081    \"  ><a class=\"gem-button gem-button-size-small gem-button-style-outline gem-button-text-weight-normal gem-button-border-2\" data-ll-effect=\"drop-right-without-wrap\" style=\"border-radius: 3px;\" onmouseleave=\"\" onmouseenter=\"\" href=\"https:\/\/belux-edmo.s3-accelerate.amazonaws.com\/wp-content\/uploads\/2025\/05\/EDMO-BELUX_BeOnlineSmart_Campaign_Postcards.zip\" target=\"_blank\">T\u00e9l\u00e9chargez ici<\/a><\/div> [\/vc_column][\/vc_row]<\/p>\n<\/div>","protected":false},"excerpt":{"rendered":"<p>[vc_row css=\u00a0\u00bb.vc_custom_1746526189051{margin-top: 0px !important;padding-top: 0px !important;}\u00a0\u00bb][vc_column][vc_raw_html css=\u00a0\u00bb\u00a0\u00bb]JTNDZGl2JTIwaWQlM0QlMjJmZWF0LWltZyUyMiUzRSUwQSUzQ2ltZyUyMHNyYyUzRCUyMmh0dHBzJTNBJTJGJTJGYmVsdXgtZWRtby5zMy1hY2NlbGVyYXRlLmFtYXpvbmF3cy5jb20lMkZ3cC1jb250ZW50JTJGdXBsb2FkcyUyRjIwMjUlMkYwNSUyRmJlb25saW5lc21hcnQtYmVsdXguanBnJTIyJTIwJTJGJTNFJTBBJTNDJTJGZGl2JTNF[\/vc_raw_html][\/vc_column][\/vc_row][vc_row][vc_column][vc_column_text css=\u00a0\u00bb\u00a0\u00bb]Be online smart est une campagne de l\u2019European Digital Media Observatory (EDMO) et&#8230;<\/p>\n","protected":false},"author":14,"featured_media":0,"parent":0,"menu_order":0,"comment_status":"closed","ping_status":"closed","template":"","meta":{"_acf_changed":false,"footnotes":""},"class_list":["post-394836","page","type-page","status-publish"],"acf":[],"yoast_head":"<!-- This site is optimized with the Yoast SEO plugin v27.0 - https:\/\/yoast.com\/product\/yoast-seo-wordpress\/ -->\n<title>Be Online Smart - EDMO Belux<\/title>\n<meta name=\"robots\" content=\"index, follow, max-snippet:-1, max-image-preview:large, max-video-preview:-1\" \/>\n<link rel=\"canonical\" href=\"https:\/\/belux.edmo.eu\/fr\/be-online-smart\/\" \/>\n<meta property=\"og:locale\" content=\"fr_FR\" \/>\n<meta property=\"og:type\" content=\"article\" \/>\n<meta property=\"og:title\" content=\"Be Online Smart - EDMO Belux\" \/>\n<meta property=\"og:description\" content=\"[vc_row css=\u00a0\u00bb.vc_custom_1746526189051{margin-top: 0px !important;padding-top: 0px !important;}\u00a0\u00bb][vc_column][vc_raw_html css=\u00a0\u00bb\u00a0\u00bb]JTNDZGl2JTIwaWQlM0QlMjJmZWF0LWltZyUyMiUzRSUwQSUzQ2ltZyUyMHNyYyUzRCUyMmh0dHBzJTNBJTJGJTJGYmVsdXgtZWRtby5zMy1hY2NlbGVyYXRlLmFtYXpvbmF3cy5jb20lMkZ3cC1jb250ZW50JTJGdXBsb2FkcyUyRjIwMjUlMkYwNSUyRmJlb25saW5lc21hcnQtYmVsdXguanBnJTIyJTIwJTJGJTNFJTBBJTNDJTJGZGl2JTNF[\/vc_raw_html][\/vc_column][\/vc_row][vc_row][vc_column][vc_column_text css=\u00a0\u00bb\u00a0\u00bb]Be online smart est une campagne de l\u2019European Digital Media Observatory (EDMO) et...\" \/>\n<meta property=\"og:url\" content=\"https:\/\/belux.edmo.eu\/fr\/be-online-smart\/\" \/>\n<meta property=\"og:site_name\" content=\"EDMO Belux\" \/>\n<meta property=\"article:modified_time\" content=\"2025-05-07T12:15:33+00:00\" \/>\n<meta name=\"twitter:card\" content=\"summary_large_image\" \/>\n<meta name=\"twitter:site\" content=\"@Edmo_Belux\" \/>\n<meta name=\"twitter:label1\" content=\"Dur\u00e9e de lecture estim\u00e9e\" \/>\n\t<meta name=\"twitter:data1\" content=\"4 minutes\" \/>\n<script type=\"application\/ld+json\" class=\"yoast-schema-graph\">{\"@context\":\"https:\/\/schema.org\",\"@graph\":[{\"@type\":\"WebPage\",\"@id\":\"https:\/\/belux.edmo.eu\/fr\/be-online-smart\/\",\"url\":\"https:\/\/belux.edmo.eu\/fr\/be-online-smart\/\",\"name\":\"Be Online Smart - EDMO Belux\",\"isPartOf\":{\"@id\":\"https:\/\/belux.edmo.eu\/#website\"},\"datePublished\":\"2025-05-07T09:47:16+00:00\",\"dateModified\":\"2025-05-07T12:15:33+00:00\",\"breadcrumb\":{\"@id\":\"https:\/\/belux.edmo.eu\/fr\/be-online-smart\/#breadcrumb\"},\"inLanguage\":\"fr-FR\",\"potentialAction\":[{\"@type\":\"ReadAction\",\"target\":[\"https:\/\/belux.edmo.eu\/fr\/be-online-smart\/\"]}]},{\"@type\":\"BreadcrumbList\",\"@id\":\"https:\/\/belux.edmo.eu\/fr\/be-online-smart\/#breadcrumb\",\"itemListElement\":[{\"@type\":\"ListItem\",\"position\":1,\"name\":\"Home\",\"item\":\"https:\/\/belux.edmo.eu\/fr\/\"},{\"@type\":\"ListItem\",\"position\":2,\"name\":\"Be Online Smart\"}]},{\"@type\":\"WebSite\",\"@id\":\"https:\/\/belux.edmo.eu\/#website\",\"url\":\"https:\/\/belux.edmo.eu\/\",\"name\":\"EDMO Belux\",\"description\":\"Monitoring Disinformation in Belgium and Luxembourg\",\"publisher\":{\"@id\":\"https:\/\/belux.edmo.eu\/#organization\"},\"potentialAction\":[{\"@type\":\"SearchAction\",\"target\":{\"@type\":\"EntryPoint\",\"urlTemplate\":\"https:\/\/belux.edmo.eu\/?s={search_term_string}\"},\"query-input\":{\"@type\":\"PropertyValueSpecification\",\"valueRequired\":true,\"valueName\":\"search_term_string\"}}],\"inLanguage\":\"fr-FR\"},{\"@type\":\"Organization\",\"@id\":\"https:\/\/belux.edmo.eu\/#organization\",\"name\":\"EDMO Belux\",\"url\":\"https:\/\/belux.edmo.eu\/\",\"logo\":{\"@type\":\"ImageObject\",\"inLanguage\":\"fr-FR\",\"@id\":\"https:\/\/belux.edmo.eu\/#\/schema\/logo\/image\/\",\"url\":\"https:\/\/belux.edmo.eu\/wp-content\/uploads\/2021\/12\/belux-logo-full-color-rgb.svg\",\"contentUrl\":\"https:\/\/belux.edmo.eu\/wp-content\/uploads\/2021\/12\/belux-logo-full-color-rgb.svg\",\"width\":1,\"height\":1,\"caption\":\"EDMO Belux\"},\"image\":{\"@id\":\"https:\/\/belux.edmo.eu\/#\/schema\/logo\/image\/\"},\"sameAs\":[\"https:\/\/x.com\/Edmo_Belux\"]}]}<\/script>\n<!-- \/ Yoast SEO plugin. -->","yoast_head_json":{"title":"Be Online Smart - EDMO Belux","robots":{"index":"index","follow":"follow","max-snippet":"max-snippet:-1","max-image-preview":"max-image-preview:large","max-video-preview":"max-video-preview:-1"},"canonical":"https:\/\/belux.edmo.eu\/fr\/be-online-smart\/","og_locale":"fr_FR","og_type":"article","og_title":"Be Online Smart - EDMO Belux","og_description":"[vc_row css=\u00a0\u00bb.vc_custom_1746526189051{margin-top: 0px !important;padding-top: 0px !important;}\u00a0\u00bb][vc_column][vc_raw_html css=\u00a0\u00bb\u00a0\u00bb]JTNDZGl2JTIwaWQlM0QlMjJmZWF0LWltZyUyMiUzRSUwQSUzQ2ltZyUyMHNyYyUzRCUyMmh0dHBzJTNBJTJGJTJGYmVsdXgtZWRtby5zMy1hY2NlbGVyYXRlLmFtYXpvbmF3cy5jb20lMkZ3cC1jb250ZW50JTJGdXBsb2FkcyUyRjIwMjUlMkYwNSUyRmJlb25saW5lc21hcnQtYmVsdXguanBnJTIyJTIwJTJGJTNFJTBBJTNDJTJGZGl2JTNF[\/vc_raw_html][\/vc_column][\/vc_row][vc_row][vc_column][vc_column_text css=\u00a0\u00bb\u00a0\u00bb]Be online smart est une campagne de l\u2019European Digital Media Observatory (EDMO) et...","og_url":"https:\/\/belux.edmo.eu\/fr\/be-online-smart\/","og_site_name":"EDMO Belux","article_modified_time":"2025-05-07T12:15:33+00:00","twitter_card":"summary_large_image","twitter_site":"@Edmo_Belux","twitter_misc":{"Dur\u00e9e de lecture estim\u00e9e":"4 minutes"},"schema":{"@context":"https:\/\/schema.org","@graph":[{"@type":"WebPage","@id":"https:\/\/belux.edmo.eu\/fr\/be-online-smart\/","url":"https:\/\/belux.edmo.eu\/fr\/be-online-smart\/","name":"Be Online Smart - EDMO Belux","isPartOf":{"@id":"https:\/\/belux.edmo.eu\/#website"},"datePublished":"2025-05-07T09:47:16+00:00","dateModified":"2025-05-07T12:15:33+00:00","breadcrumb":{"@id":"https:\/\/belux.edmo.eu\/fr\/be-online-smart\/#breadcrumb"},"inLanguage":"fr-FR","potentialAction":[{"@type":"ReadAction","target":["https:\/\/belux.edmo.eu\/fr\/be-online-smart\/"]}]},{"@type":"BreadcrumbList","@id":"https:\/\/belux.edmo.eu\/fr\/be-online-smart\/#breadcrumb","itemListElement":[{"@type":"ListItem","position":1,"name":"Home","item":"https:\/\/belux.edmo.eu\/fr\/"},{"@type":"ListItem","position":2,"name":"Be Online Smart"}]},{"@type":"WebSite","@id":"https:\/\/belux.edmo.eu\/#website","url":"https:\/\/belux.edmo.eu\/","name":"EDMO Belux","description":"Monitoring Disinformation in Belgium and Luxembourg","publisher":{"@id":"https:\/\/belux.edmo.eu\/#organization"},"potentialAction":[{"@type":"SearchAction","target":{"@type":"EntryPoint","urlTemplate":"https:\/\/belux.edmo.eu\/?s={search_term_string}"},"query-input":{"@type":"PropertyValueSpecification","valueRequired":true,"valueName":"search_term_string"}}],"inLanguage":"fr-FR"},{"@type":"Organization","@id":"https:\/\/belux.edmo.eu\/#organization","name":"EDMO Belux","url":"https:\/\/belux.edmo.eu\/","logo":{"@type":"ImageObject","inLanguage":"fr-FR","@id":"https:\/\/belux.edmo.eu\/#\/schema\/logo\/image\/","url":"https:\/\/belux.edmo.eu\/wp-content\/uploads\/2021\/12\/belux-logo-full-color-rgb.svg","contentUrl":"https:\/\/belux.edmo.eu\/wp-content\/uploads\/2021\/12\/belux-logo-full-color-rgb.svg","width":1,"height":1,"caption":"EDMO Belux"},"image":{"@id":"https:\/\/belux.edmo.eu\/#\/schema\/logo\/image\/"},"sameAs":["https:\/\/x.com\/Edmo_Belux"]}]}},"_links":{"self":[{"href":"https:\/\/belux.edmo.eu\/fr\/wp-json\/wp\/v2\/pages\/394836","targetHints":{"allow":["GET"]}}],"collection":[{"href":"https:\/\/belux.edmo.eu\/fr\/wp-json\/wp\/v2\/pages"}],"about":[{"href":"https:\/\/belux.edmo.eu\/fr\/wp-json\/wp\/v2\/types\/page"}],"author":[{"embeddable":true,"href":"https:\/\/belux.edmo.eu\/fr\/wp-json\/wp\/v2\/users\/14"}],"replies":[{"embeddable":true,"href":"https:\/\/belux.edmo.eu\/fr\/wp-json\/wp\/v2\/comments?post=394836"}],"version-history":[{"count":0,"href":"https:\/\/belux.edmo.eu\/fr\/wp-json\/wp\/v2\/pages\/394836\/revisions"}],"wp:attachment":[{"href":"https:\/\/belux.edmo.eu\/fr\/wp-json\/wp\/v2\/media?parent=394836"}],"curies":[{"name":"wp","href":"https:\/\/api.w.org\/{rel}","templated":true}]}}