{"id":10482,"date":"2022-02-01T11:54:37","date_gmt":"2022-02-01T11:54:37","guid":{"rendered":"https:\/\/belux-staging.eu\/tools\/fact-checking-toolkit\/"},"modified":"2022-07-29T08:30:47","modified_gmt":"2022-07-29T08:30:47","slug":"hellefsmettel-fir-faktenchecks","status":"publish","type":"page","link":"https:\/\/belux.edmo.eu\/lb\/hellefsmettel\/hellefsmettel-fir-faktenchecks\/","title":{"rendered":"H\u00ebllefsm\u00ebttel Fir Faktenchecks"},"content":{"rendered":"<div class=\"wpb-content-wrapper\"><p>[vc_row][vc_column][vc_column_text css_animation=&#8221;bottom-to-top&#8221;]<\/p>\n<div class=\"title-h1\">L\u00e9iert grondlee\u00ebnd <span class=\"line-style\">Technike vum Faktenchek<\/span><\/div>\n<p>[\/vc_column_text]<div class=\"clearboth\"><\/div><style>#thegem-divider-69eb418008690 {margin-top: 40px !important;}<\/style><div id=\"thegem-divider-69eb418008690\" class=\"gem-divider  \" style=\"\" ><\/div>[vc_column_text css_animation=&#8221;bottom-to-top&#8221;]<span lang=\"EN-US\">E wichtegen Aspekt vun der Missioun vun EDMO BELUX ass<\/span> d\u2019Bereetstellung vu Materialie fir d\u2019Sensibilis\u00e9ierung an d\u2019Widderstandsf\u00e4egkeet g\u00e9int Desinformatioun an der Belsch an zu L\u00ebtzebuerg.<span lang=\"EN-US\">. Als Deel vun d\u00ebse Bem\u00e9iungen bitt d\u00ebs Videoserie en Iwwerbl\u00e9ck iwwer verschidde grondlee\u00ebnd Technike vun der Fakteniwwerpr\u00e9iwung.<\/span>[\/vc_column_text]<div class=\"clearboth\"><\/div><style>#thegem-divider-69eb4180086d6 {margin-top: 60px !important;}<\/style><div id=\"thegem-divider-69eb4180086d6\" class=\"gem-divider  \" style=\"\" ><\/div>[\/vc_column][\/vc_row][vc_row css=&#8221;.vc_custom_1643707789968{margin-bottom: 0px !important;}&#8221;][vc_column]<div id=\"fullwidth-block-69eb418008710\" class=\"fullwidth-block clearfix\"  style=\"background-color: #f1f3f2;padding-top: 100px;padding-bottom: 60px;\"><script type=\"text\/javascript\">if (typeof(gem_fix_fullwidth_position) == \"function\") { gem_fix_fullwidth_position(document.getElementById(\"fullwidth-block-69eb418008710\")); }<\/script><div class=\"fullwidth-top-marker marker-direction-inside\"><svg width=\"140\" height=\"70\"><path d=\"M 0,0 Q 65,5 70,70 Q 75,5 140,0\" \/><\/svg><\/div><div class=\"fullwidth-block-inner\"><div class=\"container\">[vc_row_inner][vc_column_inner width=&#8221;1\/3&#8243;][vc_custom_heading text=&#8221;Avanc\u00e9iert Web Sich&#8221; font_container=&#8221;tag:h3|font_size:25px|text_align:left&#8221; use_theme_fonts=&#8221;yes&#8221;]<div class=\"gem-youtube gem-wrapbox gem-wrapbox-style-no-style rounded-corners gem-wrapbox-position-below\" style=\"width: 100%;\"><div class=\"gem-wrapbox-inner gem-ratio-style\" style=\"padding-top: 56.25%\"><iframe class=\"gem-wrapbox-element img-responsive\" width=\"100%\" height=\"300\" allowfullscreen=\"allowfullscreen\" frameborder=\"0\" scrolling=\"no\" marginheight=\"0\" marginwidth=\"0\" src=\"\/\/www.youtube.com\/embed\/WjBOFnci2V0?rel=0&amp;wmode=opaque\"><\/iframe><\/div><\/div>[\/vc_column_inner][vc_column_inner width=&#8221;1\/3&#8243;][vc_custom_heading text=&#8221;Avanc\u00e9iert Twitter Sich&#8221; font_container=&#8221;tag:h3|font_size:25px|text_align:left&#8221; use_theme_fonts=&#8221;yes&#8221;]<div class=\"gem-youtube gem-wrapbox gem-wrapbox-style-no-style rounded-corners gem-wrapbox-position-below\" style=\"width: 100%;\"><div class=\"gem-wrapbox-inner gem-ratio-style\" style=\"padding-top: 56.25%\"><iframe class=\"gem-wrapbox-element img-responsive\" width=\"100%\" height=\"300\" allowfullscreen=\"allowfullscreen\" frameborder=\"0\" scrolling=\"no\" marginheight=\"0\" marginwidth=\"0\" src=\"\/\/www.youtube.com\/embed\/tCftFGOgqok?rel=0&amp;wmode=opaque\"><\/iframe><\/div><\/div>[\/vc_column_inner][vc_column_inner width=&#8221;1\/3&#8243;][vc_custom_heading text=&#8221;Metadate benotzen&#8221; font_container=&#8221;tag:h3|font_size:25px|text_align:left&#8221; use_theme_fonts=&#8221;yes&#8221;]<div class=\"gem-youtube gem-wrapbox gem-wrapbox-style-no-style rounded-corners gem-wrapbox-position-below\" style=\"width: 100%;\"><div class=\"gem-wrapbox-inner gem-ratio-style\" style=\"padding-top: 56.25%\"><iframe class=\"gem-wrapbox-element img-responsive\" width=\"100%\" height=\"300\" allowfullscreen=\"allowfullscreen\" frameborder=\"0\" scrolling=\"no\" marginheight=\"0\" marginwidth=\"0\" src=\"\/\/www.youtube.com\/embed\/sN7DaqC9p3w?rel=0&amp;wmode=opaque\"><\/iframe><\/div><\/div>[\/vc_column_inner][\/vc_row_inner][vc_row_inner][vc_column_inner width=&#8221;1\/3&#8243;][vc_custom_heading text=&#8221;\u00cbmgek\u00e9iert Billersich&#8221; font_container=&#8221;tag:h3|font_size:25px|text_align:left&#8221; use_theme_fonts=&#8221;yes&#8221;]<div class=\"gem-youtube gem-wrapbox gem-wrapbox-style-no-style rounded-corners gem-wrapbox-position-below\" style=\"width: 100%;\"><div class=\"gem-wrapbox-inner gem-ratio-style\" style=\"padding-top: 56.25%\"><iframe class=\"gem-wrapbox-element img-responsive\" width=\"100%\" height=\"300\" allowfullscreen=\"allowfullscreen\" frameborder=\"0\" scrolling=\"no\" marginheight=\"0\" marginwidth=\"0\" src=\"\/\/www.youtube.com\/embed\/DTZeshnjMvc?rel=0&amp;wmode=opaque\"><\/iframe><\/div><\/div>[\/vc_column_inner][vc_column_inner width=&#8221;1\/3&#8243;][vc_custom_heading text=&#8221;\u00cbmgek\u00e9iert Videosich&#8221; font_container=&#8221;tag:h3|font_size:25px|text_align:left&#8221; use_theme_fonts=&#8221;yes&#8221;]<div class=\"gem-youtube gem-wrapbox gem-wrapbox-style-no-style rounded-corners gem-wrapbox-position-below\" style=\"width: 100%;\"><div class=\"gem-wrapbox-inner gem-ratio-style\" style=\"padding-top: 56.25%\"><iframe class=\"gem-wrapbox-element img-responsive\" width=\"100%\" height=\"300\" allowfullscreen=\"allowfullscreen\" frameborder=\"0\" scrolling=\"no\" marginheight=\"0\" marginwidth=\"0\" src=\"\/\/www.youtube.com\/embed\/9o2xZJANeu4?rel=0&amp;wmode=opaque\"><\/iframe><\/div><\/div>[\/vc_column_inner][vc_column_inner width=&#8221;1\/3&#8243;][vc_custom_heading text=&#8221;Geolokalis\u00e9ierung&#8221; font_container=&#8221;tag:h3|font_size:25px|text_align:left&#8221; use_theme_fonts=&#8221;yes&#8221;]<div class=\"gem-youtube gem-wrapbox gem-wrapbox-style-no-style rounded-corners gem-wrapbox-position-below\" style=\"width: 100%;\"><div class=\"gem-wrapbox-inner gem-ratio-style\" style=\"padding-top: 56.25%\"><iframe class=\"gem-wrapbox-element img-responsive\" width=\"100%\" height=\"300\" allowfullscreen=\"allowfullscreen\" frameborder=\"0\" scrolling=\"no\" marginheight=\"0\" marginwidth=\"0\" src=\"\/\/www.youtube.com\/embed\/BbczoKl1tx0?rel=0&amp;wmode=opaque\"><\/iframe><\/div><\/div>[\/vc_column_inner][\/vc_row_inner]<\/div><\/div><\/div>[\/vc_column][\/vc_row][vc_row][vc_column]<div id=\"fullwidth-block-69eb4180088df\" class=\"fullwidth-block clearfix\"  style=\"background-color: #ffcd05;padding-top: 60px;padding-bottom: 60px;\"><script type=\"text\/javascript\">if (typeof(gem_fix_fullwidth_position) == \"function\") { gem_fix_fullwidth_position(document.getElementById(\"fullwidth-block-69eb4180088df\")); }<\/script><div class=\"fullwidth-block-inner\"><div class=\"container\">[vc_row_inner equal_height=&#8221;yes&#8221;][vc_column_inner width=&#8221;2\/3&#8243;][vc_custom_heading text=&#8221;Weider Tutorials an Informatiounen iwwer Faktenchecks fannt Dir op der Internets\u00e4it vun AFP&#8221; font_container=&#8221;tag:h3|text_align:center|color:%23000000&#8243; use_theme_fonts=&#8221;yes&#8221; css=&#8221;.vc_custom_1644842238400{margin-bottom: 0px !important;}&#8221;][\/vc_column_inner][vc_column_inner width=&#8221;1\/3&#8243;]<div class=\"gem-button-container gem-button-position-center thegem-button-69eb4180089a27752    \"  ><a class=\"gem-button gem-button-size-medium gem-button-style-outline gem-button-text-weight-normal gem-button-border-3\" data-ll-effect=\"drop-right-without-wrap\" style=\"border-radius: 0px;border-color: #000000;\" onmouseleave=\"this.style.borderColor='#000000';this.style.backgroundColor='transparent';\" onmouseenter=\"this.style.backgroundColor='#000000';\" href=\"https:\/\/factcheck.afp.com\/\" target=\"_blank\">Besichen<\/a><\/div> [\/vc_column_inner][\/vc_row_inner]<\/div><\/div><\/div>[\/vc_column][\/vc_row]<\/p>\n<\/div>","protected":false},"excerpt":{"rendered":"<p>[vc_row][vc_column][vc_column_text css_animation=&#8221;bottom-to-top&#8221;] L\u00e9iert grondlee\u00ebnd Technike vum Faktenchek [\/vc_column_text][vc_column_text css_animation=&#8221;bottom-to-top&#8221;]E wichtegen Aspekt vun der Missioun vun EDMO BELUX ass d\u2019Bereetstellung vu&#8230;<\/p>\n","protected":false},"author":1,"featured_media":0,"parent":10481,"menu_order":0,"comment_status":"closed","ping_status":"closed","template":"","meta":{"_acf_changed":false,"footnotes":""},"class_list":["post-10482","page","type-page","status-publish"],"acf":[],"yoast_head":"<!-- This site is optimized with the Yoast SEO plugin v27.0 - https:\/\/yoast.com\/product\/yoast-seo-wordpress\/ -->\n<title>H\u00ebllefsm\u00ebttel Fir Faktenchecks - EDMO Belux<\/title>\n<meta name=\"robots\" content=\"index, follow, max-snippet:-1, max-image-preview:large, max-video-preview:-1\" \/>\n<link rel=\"canonical\" href=\"https:\/\/belux.edmo.eu\/lb\/hellefsmettel\/hellefsmettel-fir-faktenchecks\/\" \/>\n<meta property=\"og:locale\" content=\"en_US\" \/>\n<meta property=\"og:type\" content=\"article\" \/>\n<meta property=\"og:title\" content=\"H\u00ebllefsm\u00ebttel Fir Faktenchecks - EDMO Belux\" \/>\n<meta property=\"og:description\" content=\"[vc_row][vc_column][vc_column_text css_animation=&#8221;bottom-to-top&#8221;] L\u00e9iert grondlee\u00ebnd Technike vum Faktenchek [\/vc_column_text][vc_column_text css_animation=&#8221;bottom-to-top&#8221;]E wichtegen Aspekt vun der Missioun vun EDMO BELUX ass d\u2019Bereetstellung vu...\" \/>\n<meta property=\"og:url\" content=\"https:\/\/belux.edmo.eu\/lb\/hellefsmettel\/hellefsmettel-fir-faktenchecks\/\" \/>\n<meta property=\"og:site_name\" content=\"EDMO Belux\" \/>\n<meta property=\"article:modified_time\" content=\"2022-07-29T08:30:47+00:00\" \/>\n<meta name=\"twitter:card\" content=\"summary_large_image\" \/>\n<meta name=\"twitter:site\" content=\"@Edmo_Belux\" \/>\n<meta name=\"twitter:label1\" content=\"Est. reading time\" \/>\n\t<meta name=\"twitter:data1\" content=\"2 minutes\" \/>\n<script type=\"application\/ld+json\" class=\"yoast-schema-graph\">{\"@context\":\"https:\/\/schema.org\",\"@graph\":[{\"@type\":\"WebPage\",\"@id\":\"https:\/\/belux.edmo.eu\/lb\/hellefsmettel\/hellefsmettel-fir-faktenchecks\/\",\"url\":\"https:\/\/belux.edmo.eu\/lb\/hellefsmettel\/hellefsmettel-fir-faktenchecks\/\",\"name\":\"H\u00ebllefsm\u00ebttel Fir Faktenchecks - EDMO Belux\",\"isPartOf\":{\"@id\":\"https:\/\/belux.edmo.eu\/#website\"},\"datePublished\":\"2022-02-01T11:54:37+00:00\",\"dateModified\":\"2022-07-29T08:30:47+00:00\",\"breadcrumb\":{\"@id\":\"https:\/\/belux.edmo.eu\/lb\/hellefsmettel\/hellefsmettel-fir-faktenchecks\/#breadcrumb\"},\"inLanguage\":\"lb-LU\",\"potentialAction\":[{\"@type\":\"ReadAction\",\"target\":[\"https:\/\/belux.edmo.eu\/lb\/hellefsmettel\/hellefsmettel-fir-faktenchecks\/\"]}]},{\"@type\":\"BreadcrumbList\",\"@id\":\"https:\/\/belux.edmo.eu\/lb\/hellefsmettel\/hellefsmettel-fir-faktenchecks\/#breadcrumb\",\"itemListElement\":[{\"@type\":\"ListItem\",\"position\":1,\"name\":\"Home\",\"item\":\"https:\/\/belux.edmo.eu\/lb\/\"},{\"@type\":\"ListItem\",\"position\":2,\"name\":\"H\u00ebllefsm\u00ebttel\",\"item\":\"https:\/\/belux.edmo.eu\/lb\/hellefsmettel\/\"},{\"@type\":\"ListItem\",\"position\":3,\"name\":\"H\u00ebllefsm\u00ebttel Fir Faktenchecks\"}]},{\"@type\":\"WebSite\",\"@id\":\"https:\/\/belux.edmo.eu\/#website\",\"url\":\"https:\/\/belux.edmo.eu\/\",\"name\":\"EDMO Belux\",\"description\":\"Monitoring Disinformation in Belgium and Luxembourg\",\"publisher\":{\"@id\":\"https:\/\/belux.edmo.eu\/#organization\"},\"potentialAction\":[{\"@type\":\"SearchAction\",\"target\":{\"@type\":\"EntryPoint\",\"urlTemplate\":\"https:\/\/belux.edmo.eu\/?s={search_term_string}\"},\"query-input\":{\"@type\":\"PropertyValueSpecification\",\"valueRequired\":true,\"valueName\":\"search_term_string\"}}],\"inLanguage\":\"lb-LU\"},{\"@type\":\"Organization\",\"@id\":\"https:\/\/belux.edmo.eu\/#organization\",\"name\":\"EDMO Belux\",\"url\":\"https:\/\/belux.edmo.eu\/\",\"logo\":{\"@type\":\"ImageObject\",\"inLanguage\":\"lb-LU\",\"@id\":\"https:\/\/belux.edmo.eu\/#\/schema\/logo\/image\/\",\"url\":\"https:\/\/belux.edmo.eu\/wp-content\/uploads\/2021\/12\/belux-logo-full-color-rgb.svg\",\"contentUrl\":\"https:\/\/belux.edmo.eu\/wp-content\/uploads\/2021\/12\/belux-logo-full-color-rgb.svg\",\"width\":1,\"height\":1,\"caption\":\"EDMO Belux\"},\"image\":{\"@id\":\"https:\/\/belux.edmo.eu\/#\/schema\/logo\/image\/\"},\"sameAs\":[\"https:\/\/x.com\/Edmo_Belux\"]}]}<\/script>\n<!-- \/ Yoast SEO plugin. -->","yoast_head_json":{"title":"H\u00ebllefsm\u00ebttel Fir Faktenchecks - EDMO Belux","robots":{"index":"index","follow":"follow","max-snippet":"max-snippet:-1","max-image-preview":"max-image-preview:large","max-video-preview":"max-video-preview:-1"},"canonical":"https:\/\/belux.edmo.eu\/lb\/hellefsmettel\/hellefsmettel-fir-faktenchecks\/","og_locale":"en_US","og_type":"article","og_title":"H\u00ebllefsm\u00ebttel Fir Faktenchecks - EDMO Belux","og_description":"[vc_row][vc_column][vc_column_text css_animation=&#8221;bottom-to-top&#8221;] L\u00e9iert grondlee\u00ebnd Technike vum Faktenchek [\/vc_column_text][vc_column_text css_animation=&#8221;bottom-to-top&#8221;]E wichtegen Aspekt vun der Missioun vun EDMO BELUX ass d\u2019Bereetstellung vu...","og_url":"https:\/\/belux.edmo.eu\/lb\/hellefsmettel\/hellefsmettel-fir-faktenchecks\/","og_site_name":"EDMO Belux","article_modified_time":"2022-07-29T08:30:47+00:00","twitter_card":"summary_large_image","twitter_site":"@Edmo_Belux","twitter_misc":{"Est. reading time":"2 minutes"},"schema":{"@context":"https:\/\/schema.org","@graph":[{"@type":"WebPage","@id":"https:\/\/belux.edmo.eu\/lb\/hellefsmettel\/hellefsmettel-fir-faktenchecks\/","url":"https:\/\/belux.edmo.eu\/lb\/hellefsmettel\/hellefsmettel-fir-faktenchecks\/","name":"H\u00ebllefsm\u00ebttel Fir Faktenchecks - EDMO Belux","isPartOf":{"@id":"https:\/\/belux.edmo.eu\/#website"},"datePublished":"2022-02-01T11:54:37+00:00","dateModified":"2022-07-29T08:30:47+00:00","breadcrumb":{"@id":"https:\/\/belux.edmo.eu\/lb\/hellefsmettel\/hellefsmettel-fir-faktenchecks\/#breadcrumb"},"inLanguage":"lb-LU","potentialAction":[{"@type":"ReadAction","target":["https:\/\/belux.edmo.eu\/lb\/hellefsmettel\/hellefsmettel-fir-faktenchecks\/"]}]},{"@type":"BreadcrumbList","@id":"https:\/\/belux.edmo.eu\/lb\/hellefsmettel\/hellefsmettel-fir-faktenchecks\/#breadcrumb","itemListElement":[{"@type":"ListItem","position":1,"name":"Home","item":"https:\/\/belux.edmo.eu\/lb\/"},{"@type":"ListItem","position":2,"name":"H\u00ebllefsm\u00ebttel","item":"https:\/\/belux.edmo.eu\/lb\/hellefsmettel\/"},{"@type":"ListItem","position":3,"name":"H\u00ebllefsm\u00ebttel Fir Faktenchecks"}]},{"@type":"WebSite","@id":"https:\/\/belux.edmo.eu\/#website","url":"https:\/\/belux.edmo.eu\/","name":"EDMO Belux","description":"Monitoring Disinformation in Belgium and Luxembourg","publisher":{"@id":"https:\/\/belux.edmo.eu\/#organization"},"potentialAction":[{"@type":"SearchAction","target":{"@type":"EntryPoint","urlTemplate":"https:\/\/belux.edmo.eu\/?s={search_term_string}"},"query-input":{"@type":"PropertyValueSpecification","valueRequired":true,"valueName":"search_term_string"}}],"inLanguage":"lb-LU"},{"@type":"Organization","@id":"https:\/\/belux.edmo.eu\/#organization","name":"EDMO Belux","url":"https:\/\/belux.edmo.eu\/","logo":{"@type":"ImageObject","inLanguage":"lb-LU","@id":"https:\/\/belux.edmo.eu\/#\/schema\/logo\/image\/","url":"https:\/\/belux.edmo.eu\/wp-content\/uploads\/2021\/12\/belux-logo-full-color-rgb.svg","contentUrl":"https:\/\/belux.edmo.eu\/wp-content\/uploads\/2021\/12\/belux-logo-full-color-rgb.svg","width":1,"height":1,"caption":"EDMO Belux"},"image":{"@id":"https:\/\/belux.edmo.eu\/#\/schema\/logo\/image\/"},"sameAs":["https:\/\/x.com\/Edmo_Belux"]}]}},"_links":{"self":[{"href":"https:\/\/belux.edmo.eu\/lb\/wp-json\/wp\/v2\/pages\/10482","targetHints":{"allow":["GET"]}}],"collection":[{"href":"https:\/\/belux.edmo.eu\/lb\/wp-json\/wp\/v2\/pages"}],"about":[{"href":"https:\/\/belux.edmo.eu\/lb\/wp-json\/wp\/v2\/types\/page"}],"author":[{"embeddable":true,"href":"https:\/\/belux.edmo.eu\/lb\/wp-json\/wp\/v2\/users\/1"}],"replies":[{"embeddable":true,"href":"https:\/\/belux.edmo.eu\/lb\/wp-json\/wp\/v2\/comments?post=10482"}],"version-history":[{"count":0,"href":"https:\/\/belux.edmo.eu\/lb\/wp-json\/wp\/v2\/pages\/10482\/revisions"}],"up":[{"embeddable":true,"href":"https:\/\/belux.edmo.eu\/lb\/wp-json\/wp\/v2\/pages\/10481"}],"wp:attachment":[{"href":"https:\/\/belux.edmo.eu\/lb\/wp-json\/wp\/v2\/media?parent=10482"}],"curies":[{"name":"wp","href":"https:\/\/api.w.org\/{rel}","templated":true}]}}