{"id":12029,"date":"2022-02-11T13:27:29","date_gmt":"2022-02-11T13:27:29","guid":{"rendered":"https:\/\/belux-staging.eu\/mediekompetenz\/eis-approche\/"},"modified":"2023-03-07T14:19:42","modified_gmt":"2023-03-07T14:19:42","slug":"eis-approche","status":"publish","type":"page","link":"https:\/\/belux.edmo.eu\/lb\/mediekompetenz\/eis-approche\/","title":{"rendered":"Eis Approche"},"content":{"rendered":"<div class=\"wpb-content-wrapper\"><p>[vc_row css=&#8221;.vc_custom_1638957607328{margin-top: 0px !important;margin-bottom: 0px !important;padding-top: 0px !important;padding-bottom: 0px !important;}&#8221;][vc_column][vc_column_text css_animation=&#8221;bottom-to-top&#8221; el_class=&#8221;d-none&#8221;]<\/p>\n<div class=\"title-h1\">Desinformatioun permanent <span class=\"line-style\">iwwerwaachen<\/span><\/div>\n<p>[\/vc_column_text]<div class=\"clearboth\"><\/div><style>#thegem-divider-69ebb957bfc49 {margin-top: 60px !important;}<\/style><div id=\"thegem-divider-69ebb957bfc49\" class=\"gem-divider  d-none\" style=\"\" ><\/div>[vc_column_text css_animation=&#8221;none&#8221;]Mir ginn haut mat Informatiounen iwwerschwemmt. An et ass net \u00ebmmer einfach ze w\u00ebssen, wat richteg oder falsch ass. Heefeg a gef\u00e9ierlech dubi\u00e9is Informatiounen gi vu Fakteniwwerpr\u00e9iwer analys\u00e9iert a verifiz\u00e9iert, awer d\u2019Iwwerschwemmung vu falsche Messag\u00eb m\u00e9cht et onm\u00e9iglech, sech alleng op Fakteniwwerpr\u00e9iwung ze verloossen.<\/p>\n<p>Wa mir Desinformatioun bek\u00e4mpfe w\u00ebllen, musse mir eis och op d\u2019Mediekompetenz konzentr\u00e9ieren: d\u2019F\u00e4egkeet, op all d\u2019Medien a Kommunikatiounsformen zouzegr\u00e4ifen, se ze bew\u00e4erten, ze analys\u00e9ieren, op d\u00e4r Basus ze kre\u00e9ieren an ze handelen.<\/p>\n<p>Dow\u00e9inst w\u00ebll EDMO BELUX an der Mediekompetenz d\u2019Akteuren um Terrain (Enseignanten, Jugendaarbechter, Bibliothek\u00e4ren, \u2026) dob\u00e4i \u00ebnnerst\u00ebtzen, d\u00ebs an hirer eegener Praxis besser \u00ebmzesetzen an ze st\u00e4erken.<\/p>\n<p>Zu d\u00ebsem Zweck:[\/vc_column_text]<div class=\"gem-list gem-list-type-checkbox\" ><ul>\n<li>huet EDMO BELUX en <a href=\"https:\/\/belux.edmo.eu\/lb\/hellefsmettel\/hellefsmettel-fir-faktenchecks\/\">Toolkit fir Fakteniwwerpr\u00e9iwung<\/a> kre\u00e9iert: Eng Rei vu L\u00e9iervideoen, d\u00e9i en Iwwerbl\u00e9ck iwwer verschidde grondlee\u00ebnd Methoden vun der Fakteniwwerpr\u00e9iwung ginn. An der haiteger Online-Welt ass et essentiell, dass jidderee weess, w\u00e9i een d\u2019Authentizit\u00e9it vu Biller, Videoen a Social-Media-Posts iwwerpr\u00e9iwe kann.<\/li>\n<li>EDMO BELUX w\u00e4ert an der Belsch an zu L\u00ebtzebuerg dat exist\u00e9ierend Schoul- a Formatiounsmaterial <a href=\"https:\/\/airtable.com\/shr0q9zhMlRyerAbg\" target=\"_blank\" rel=\"noopener\">sammelen an analys\u00e9ieren<\/a>. D\u00e9i villverspriechenst Praktike ginn op d\u00ebser Webs\u00e4it virgestallt.<\/li>\n<li>EDMO BELUX w\u00e4ert och verschidde lokal an international Formatiounen organis\u00e9ieren.<\/li>\n<li>EDMO BELUX w\u00e4ert Mediekompetenzkampagnen duerchf\u00e9ieren, fir d\u2019Reflexer vun der \u00cbffentlechkeet vis-\u00e0-vis vun Desinformatioun ze st\u00e4erken.<\/li>\n<\/ul>\n<\/div>[\/vc_column][\/vc_row][vc_row disable_element=&#8221;yes&#8221; css=&#8221;.vc_custom_1644586164921{margin-top: 0px !important;margin-bottom: 0px !important;padding-top: 0px !important;padding-bottom: 0px !important;}&#8221;][vc_column][vc_column_text css_animation=&#8221;bottom-to-top&#8221;]<\/p>\n<div class=\"title-h1\">Fact-checking <span class=\"line-style\">tools<\/span><\/div>\n<p>[\/vc_column_text]<div class=\"clearboth\"><\/div><style>#thegem-divider-69ebb957bfd44 {margin-top: 60px !important;}<\/style><div id=\"thegem-divider-69ebb957bfd44\" class=\"gem-divider  \" style=\"\" ><\/div>[\/vc_column][\/vc_row]<\/p>\n<\/div>","protected":false},"excerpt":{"rendered":"<p>[vc_row css=&#8221;.vc_custom_1638957607328{margin-top: 0px !important;margin-bottom: 0px !important;padding-top: 0px !important;padding-bottom: 0px !important;}&#8221;][vc_column][vc_column_text css_animation=&#8221;bottom-to-top&#8221; el_class=&#8221;d-none&#8221;] Desinformatioun permanent iwwerwaachen [\/vc_column_text][vc_column_text css_animation=&#8221;none&#8221;]Mir ginn haut mat&#8230;<\/p>\n","protected":false},"author":1,"featured_media":0,"parent":12026,"menu_order":1,"comment_status":"closed","ping_status":"closed","template":"","meta":{"_acf_changed":false,"footnotes":""},"class_list":["post-12029","page","type-page","status-publish"],"acf":[],"yoast_head":"<!-- This site is optimized with the Yoast SEO plugin v27.0 - https:\/\/yoast.com\/product\/yoast-seo-wordpress\/ -->\n<title>Eis Approche - EDMO Belux<\/title>\n<meta name=\"robots\" content=\"index, follow, max-snippet:-1, max-image-preview:large, max-video-preview:-1\" \/>\n<link rel=\"canonical\" href=\"https:\/\/belux.edmo.eu\/lb\/mediekompetenz\/eis-approche\/\" \/>\n<meta property=\"og:locale\" content=\"en_US\" \/>\n<meta property=\"og:type\" content=\"article\" \/>\n<meta property=\"og:title\" content=\"Eis Approche - EDMO Belux\" \/>\n<meta property=\"og:description\" content=\"[vc_row css=&#8221;.vc_custom_1638957607328{margin-top: 0px !important;margin-bottom: 0px !important;padding-top: 0px !important;padding-bottom: 0px !important;}&#8221;][vc_column][vc_column_text css_animation=&#8221;bottom-to-top&#8221; el_class=&#8221;d-none&#8221;] Desinformatioun permanent iwwerwaachen [\/vc_column_text][vc_column_text css_animation=&#8221;none&#8221;]Mir ginn haut mat...\" \/>\n<meta property=\"og:url\" content=\"https:\/\/belux.edmo.eu\/lb\/mediekompetenz\/eis-approche\/\" \/>\n<meta property=\"og:site_name\" content=\"EDMO Belux\" \/>\n<meta property=\"article:modified_time\" content=\"2023-03-07T14:19:42+00:00\" \/>\n<meta name=\"twitter:card\" content=\"summary_large_image\" \/>\n<meta name=\"twitter:site\" content=\"@Edmo_Belux\" \/>\n<meta name=\"twitter:label1\" content=\"Est. reading time\" \/>\n\t<meta name=\"twitter:data1\" content=\"2 minutes\" \/>\n<script type=\"application\/ld+json\" class=\"yoast-schema-graph\">{\"@context\":\"https:\/\/schema.org\",\"@graph\":[{\"@type\":\"WebPage\",\"@id\":\"https:\/\/belux.edmo.eu\/lb\/mediekompetenz\/eis-approche\/\",\"url\":\"https:\/\/belux.edmo.eu\/lb\/mediekompetenz\/eis-approche\/\",\"name\":\"Eis Approche - EDMO Belux\",\"isPartOf\":{\"@id\":\"https:\/\/belux.edmo.eu\/#website\"},\"datePublished\":\"2022-02-11T13:27:29+00:00\",\"dateModified\":\"2023-03-07T14:19:42+00:00\",\"breadcrumb\":{\"@id\":\"https:\/\/belux.edmo.eu\/lb\/mediekompetenz\/eis-approche\/#breadcrumb\"},\"inLanguage\":\"lb-LU\",\"potentialAction\":[{\"@type\":\"ReadAction\",\"target\":[\"https:\/\/belux.edmo.eu\/lb\/mediekompetenz\/eis-approche\/\"]}]},{\"@type\":\"BreadcrumbList\",\"@id\":\"https:\/\/belux.edmo.eu\/lb\/mediekompetenz\/eis-approche\/#breadcrumb\",\"itemListElement\":[{\"@type\":\"ListItem\",\"position\":1,\"name\":\"Home\",\"item\":\"https:\/\/belux.edmo.eu\/lb\/\"},{\"@type\":\"ListItem\",\"position\":2,\"name\":\"Mediekompetenz\",\"item\":\"https:\/\/belux.edmo.eu\/lb\/mediekompetenz\/\"},{\"@type\":\"ListItem\",\"position\":3,\"name\":\"Eis Approche\"}]},{\"@type\":\"WebSite\",\"@id\":\"https:\/\/belux.edmo.eu\/#website\",\"url\":\"https:\/\/belux.edmo.eu\/\",\"name\":\"EDMO Belux\",\"description\":\"Monitoring Disinformation in Belgium and Luxembourg\",\"publisher\":{\"@id\":\"https:\/\/belux.edmo.eu\/#organization\"},\"potentialAction\":[{\"@type\":\"SearchAction\",\"target\":{\"@type\":\"EntryPoint\",\"urlTemplate\":\"https:\/\/belux.edmo.eu\/?s={search_term_string}\"},\"query-input\":{\"@type\":\"PropertyValueSpecification\",\"valueRequired\":true,\"valueName\":\"search_term_string\"}}],\"inLanguage\":\"lb-LU\"},{\"@type\":\"Organization\",\"@id\":\"https:\/\/belux.edmo.eu\/#organization\",\"name\":\"EDMO Belux\",\"url\":\"https:\/\/belux.edmo.eu\/\",\"logo\":{\"@type\":\"ImageObject\",\"inLanguage\":\"lb-LU\",\"@id\":\"https:\/\/belux.edmo.eu\/#\/schema\/logo\/image\/\",\"url\":\"https:\/\/belux.edmo.eu\/wp-content\/uploads\/2021\/12\/belux-logo-full-color-rgb.svg\",\"contentUrl\":\"https:\/\/belux.edmo.eu\/wp-content\/uploads\/2021\/12\/belux-logo-full-color-rgb.svg\",\"width\":1,\"height\":1,\"caption\":\"EDMO Belux\"},\"image\":{\"@id\":\"https:\/\/belux.edmo.eu\/#\/schema\/logo\/image\/\"},\"sameAs\":[\"https:\/\/x.com\/Edmo_Belux\"]}]}<\/script>\n<!-- \/ Yoast SEO plugin. -->","yoast_head_json":{"title":"Eis Approche - EDMO Belux","robots":{"index":"index","follow":"follow","max-snippet":"max-snippet:-1","max-image-preview":"max-image-preview:large","max-video-preview":"max-video-preview:-1"},"canonical":"https:\/\/belux.edmo.eu\/lb\/mediekompetenz\/eis-approche\/","og_locale":"en_US","og_type":"article","og_title":"Eis Approche - EDMO Belux","og_description":"[vc_row css=&#8221;.vc_custom_1638957607328{margin-top: 0px !important;margin-bottom: 0px !important;padding-top: 0px !important;padding-bottom: 0px !important;}&#8221;][vc_column][vc_column_text css_animation=&#8221;bottom-to-top&#8221; el_class=&#8221;d-none&#8221;] Desinformatioun permanent iwwerwaachen [\/vc_column_text][vc_column_text css_animation=&#8221;none&#8221;]Mir ginn haut mat...","og_url":"https:\/\/belux.edmo.eu\/lb\/mediekompetenz\/eis-approche\/","og_site_name":"EDMO Belux","article_modified_time":"2023-03-07T14:19:42+00:00","twitter_card":"summary_large_image","twitter_site":"@Edmo_Belux","twitter_misc":{"Est. reading time":"2 minutes"},"schema":{"@context":"https:\/\/schema.org","@graph":[{"@type":"WebPage","@id":"https:\/\/belux.edmo.eu\/lb\/mediekompetenz\/eis-approche\/","url":"https:\/\/belux.edmo.eu\/lb\/mediekompetenz\/eis-approche\/","name":"Eis Approche - EDMO Belux","isPartOf":{"@id":"https:\/\/belux.edmo.eu\/#website"},"datePublished":"2022-02-11T13:27:29+00:00","dateModified":"2023-03-07T14:19:42+00:00","breadcrumb":{"@id":"https:\/\/belux.edmo.eu\/lb\/mediekompetenz\/eis-approche\/#breadcrumb"},"inLanguage":"lb-LU","potentialAction":[{"@type":"ReadAction","target":["https:\/\/belux.edmo.eu\/lb\/mediekompetenz\/eis-approche\/"]}]},{"@type":"BreadcrumbList","@id":"https:\/\/belux.edmo.eu\/lb\/mediekompetenz\/eis-approche\/#breadcrumb","itemListElement":[{"@type":"ListItem","position":1,"name":"Home","item":"https:\/\/belux.edmo.eu\/lb\/"},{"@type":"ListItem","position":2,"name":"Mediekompetenz","item":"https:\/\/belux.edmo.eu\/lb\/mediekompetenz\/"},{"@type":"ListItem","position":3,"name":"Eis Approche"}]},{"@type":"WebSite","@id":"https:\/\/belux.edmo.eu\/#website","url":"https:\/\/belux.edmo.eu\/","name":"EDMO Belux","description":"Monitoring Disinformation in Belgium and Luxembourg","publisher":{"@id":"https:\/\/belux.edmo.eu\/#organization"},"potentialAction":[{"@type":"SearchAction","target":{"@type":"EntryPoint","urlTemplate":"https:\/\/belux.edmo.eu\/?s={search_term_string}"},"query-input":{"@type":"PropertyValueSpecification","valueRequired":true,"valueName":"search_term_string"}}],"inLanguage":"lb-LU"},{"@type":"Organization","@id":"https:\/\/belux.edmo.eu\/#organization","name":"EDMO Belux","url":"https:\/\/belux.edmo.eu\/","logo":{"@type":"ImageObject","inLanguage":"lb-LU","@id":"https:\/\/belux.edmo.eu\/#\/schema\/logo\/image\/","url":"https:\/\/belux.edmo.eu\/wp-content\/uploads\/2021\/12\/belux-logo-full-color-rgb.svg","contentUrl":"https:\/\/belux.edmo.eu\/wp-content\/uploads\/2021\/12\/belux-logo-full-color-rgb.svg","width":1,"height":1,"caption":"EDMO Belux"},"image":{"@id":"https:\/\/belux.edmo.eu\/#\/schema\/logo\/image\/"},"sameAs":["https:\/\/x.com\/Edmo_Belux"]}]}},"_links":{"self":[{"href":"https:\/\/belux.edmo.eu\/lb\/wp-json\/wp\/v2\/pages\/12029","targetHints":{"allow":["GET"]}}],"collection":[{"href":"https:\/\/belux.edmo.eu\/lb\/wp-json\/wp\/v2\/pages"}],"about":[{"href":"https:\/\/belux.edmo.eu\/lb\/wp-json\/wp\/v2\/types\/page"}],"author":[{"embeddable":true,"href":"https:\/\/belux.edmo.eu\/lb\/wp-json\/wp\/v2\/users\/1"}],"replies":[{"embeddable":true,"href":"https:\/\/belux.edmo.eu\/lb\/wp-json\/wp\/v2\/comments?post=12029"}],"version-history":[{"count":0,"href":"https:\/\/belux.edmo.eu\/lb\/wp-json\/wp\/v2\/pages\/12029\/revisions"}],"up":[{"embeddable":true,"href":"https:\/\/belux.edmo.eu\/lb\/wp-json\/wp\/v2\/pages\/12026"}],"wp:attachment":[{"href":"https:\/\/belux.edmo.eu\/lb\/wp-json\/wp\/v2\/media?parent=12029"}],"curies":[{"name":"wp","href":"https:\/\/api.w.org\/{rel}","templated":true}]}}