{"id":12039,"date":"2022-02-11T13:31:55","date_gmt":"2022-02-11T13:31:55","guid":{"rendered":"https:\/\/belux-staging.eu\/recherche\/eis-approche\/"},"modified":"2025-01-23T15:30:54","modified_gmt":"2025-01-23T15:30:54","slug":"eis-approche","status":"publish","type":"page","link":"https:\/\/belux.edmo.eu\/lb\/eis-approche\/","title":{"rendered":"Eis approche"},"content":{"rendered":"<div class=\"wpb-content-wrapper\"><p>[vc_row css=&#8221;.vc_custom_1638957607328{margin-top: 0px !important;margin-bottom: 0px !important;padding-top: 0px !important;padding-bottom: 0px !important;}&#8221;][vc_column][vc_column_text css=&#8221;&#8221; css_animation=&#8221;none&#8221;]<span data-contrast=\"auto\">An enger Z\u00e4it, an der Desinformatioun w\u00e4it verbreet ass, erfuerdert d&#8217;Verst\u00e4ndnis vun hire gesellschaftleche Mechanismen an Auswierkungen esouw\u00e9i d&#8217;Erm\u00ebttlung vu wierksame G\u00e9igemoossname gr\u00ebndlech Fuerschung a gemeinsam Efforten. Duerch Fuerschung an Enqu\u00eat\u00eb widmet sech EDMO BELUX 2.0 der Bek\u00e4mpfung vun Desinformatiounscampagnen, woub\u00e4i de Schw\u00e9ierpunkt op der Verbesserung vun eisem Verst\u00e4ndnis dofir l\u00e4it, w\u00e9i sech Desinformatiounscampagnen a Plattformrichtlinnen op gesellschaftlech an demokratesch Prozesser a Strukturen an der Belsch an zu L\u00ebtzebuerg auswierken.<\/span><span data-ccp-props=\"{}\">\u00a0<\/span><\/p>\n<p><span data-contrast=\"auto\">Op der Grondlag vun der Aarbecht, d\u00e9i am \u00e9ischten EDMO BELUX-Projet initi\u00e9iert gouf, erweidert EDMO BELUX 2.0 e gutt etabl\u00e9iert multidisziplin\u00e4r Netzwierk mat enger Rei vun Interessevertriedungen a verbessert seng F\u00e4egkeet, Desinformatioun an der Belsch an zu L\u00ebtzebuerg ze erkennen, ze analys\u00e9ieren an opzedecken.\u202fD\u00ebs Kooperatiounsnetzwierk st\u00ebtzt sech op d&#8217;Fachw\u00ebsse vu Fuerscher, Faktenchecker, Mediekompetenzorganisatiounen an Desinformatiounsanalysten, fir d&#8217;Erkenntnisser ze verd\u00e9iwen an d&#8217;Wierkung ze vergr\u00e9isseren.<\/span><span data-ccp-props=\"{}\">\u00a0<\/span><\/p>\n<p><span data-contrast=\"auto\">D\u00e9i vun den EDMO BELUX 2.0-Partneren duerchgefouert Fuerschungsaarbechten an Et\u00fcde verfollege gemeinsam follgend Ziler:<\/span><span data-ccp-props=\"{}\">\u00a0<\/span><\/p>\n<ul>\n<li data-leveltext=\"\uf0b7\" data-font=\"Symbol\" data-listid=\"1\" data-list-defn-props=\"{&quot;335552541&quot;:1,&quot;335559685&quot;:720,&quot;335559991&quot;:360,&quot;469769226&quot;:&quot;Symbol&quot;,&quot;469769242&quot;:[8226],&quot;469777803&quot;:&quot;left&quot;,&quot;469777804&quot;:&quot;\uf0b7&quot;,&quot;469777815&quot;:&quot;multilevel&quot;}\" aria-setsize=\"-1\" data-aria-posinset=\"1\" data-aria-level=\"1\"><span data-contrast=\"auto\">Produktioun vun aktuellem a fund\u00e9iertem W\u00ebssen iwwer vergaangen, aktuell an nei optriedend Desinformatiounsphenomeener an der Belsch an zu L\u00ebtzebuerg an Analys vun den Auswierkunge vun Desinformatioun op d\u00e9i belsch a l\u00ebtzebuergesch Gesellschaft.<\/span><span data-ccp-props=\"{}\">\u00a0<\/span><\/li>\n<\/ul>\n<ul>\n<li data-leveltext=\"\uf0b7\" data-font=\"Symbol\" data-listid=\"1\" data-list-defn-props=\"{&quot;335552541&quot;:1,&quot;335559685&quot;:720,&quot;335559991&quot;:360,&quot;469769226&quot;:&quot;Symbol&quot;,&quot;469769242&quot;:[8226],&quot;469777803&quot;:&quot;left&quot;,&quot;469777804&quot;:&quot;\uf0b7&quot;,&quot;469777815&quot;:&quot;multilevel&quot;}\" aria-setsize=\"-1\" data-aria-posinset=\"2\" data-aria-level=\"1\"><span data-contrast=\"auto\">B\u00e4itrag zur Evaluatioun vu relevanten nationalen an europ\u00e4esche Richtlinnen, d\u00e9i an der Belsch an zu L\u00ebtzebuerg \u00ebmgesat ginn; Identifiz\u00e9ierung vu Richtlinneverst\u00e9iss, d\u00e9i duerch Desinformatiounscampagnen opgedeckt goufen; Informatioun iwwer Mesuren, d\u00e9i vu Plattformen oder vun der Anti-Desinformatiouns-Communaut\u00e9it ergraff goufen; an d&#8217;Formul\u00e9ierung vu Recommandatioune fir eng m\u00e9i eenheetlech a relevant Uwendung vun der bestoender nationaler an EU-Legislatioun.<\/span><span data-ccp-props=\"{}\">\u00a0<\/span><\/li>\n<\/ul>\n<ul>\n<li data-leveltext=\"\uf0b7\" data-font=\"Symbol\" data-listid=\"1\" data-list-defn-props=\"{&quot;335552541&quot;:1,&quot;335559685&quot;:720,&quot;335559991&quot;:360,&quot;469769226&quot;:&quot;Symbol&quot;,&quot;469769242&quot;:[8226],&quot;469777803&quot;:&quot;left&quot;,&quot;469777804&quot;:&quot;\uf0b7&quot;,&quot;469777815&quot;:&quot;multilevel&quot;}\" aria-setsize=\"-1\" data-aria-posinset=\"3\" data-aria-level=\"1\"><span data-contrast=\"auto\">Aktiv Participatioun un de vum EDMO-Netzwierk koordin\u00e9ierte Fuerschungs- a Politikaktivit\u00e9iten, virun allem an den Aarbechtsgruppe fir Fuerschung a Politik, Surveillance vun der \u00cbmsetzung vum Code of Practice on Disinformation (CoP), Entw\u00e9cklung vu strukturellen Indicateuren zur Miessung vun den Auswierkunge vum CoP a Support vun den EDMO-Aktivit\u00e9iten zur Verbesserung vum Acc\u00e8s vu Fuerscher zu Donn\u00e9e\u00eb vun Online-Plattformen.<\/span><span data-ccp-props=\"{}\">\u00a0<\/span><\/li>\n<\/ul>\n<p><span data-contrast=\"auto\">Duerch d\u00ebs \u00ebmfaassend Fuerschungs- a Kooperatiounsefforte w\u00ebll EDMO BELUX 2.0 eng resilient Gesellschaft opbauen, d\u00e9i dorop prepar\u00e9iert ass, den Afloss vu schiedlechen Desinformatiounscampagnen an der Belsch, zu L\u00ebtzebuerg an doriwwer eraus ze verstoen an hinnen entg\u00e9intzewierken.\u202f<\/span><span data-ccp-props=\"{}\">\u00a0<\/span>[\/vc_column_text][\/vc_column][\/vc_row]<\/p>\n<\/div>","protected":false},"excerpt":{"rendered":"<p>[vc_row css=&#8221;.vc_custom_1638957607328{margin-top: 0px !important;margin-bottom: 0px !important;padding-top: 0px !important;padding-bottom: 0px !important;}&#8221;][vc_column][vc_column_text css=&#8221;&#8221; css_animation=&#8221;none&#8221;]An enger Z\u00e4it, an der Desinformatioun w\u00e4it verbreet ass,&#8230;<\/p>\n","protected":false},"author":1,"featured_media":0,"parent":0,"menu_order":1,"comment_status":"closed","ping_status":"closed","template":"","meta":{"_acf_changed":false,"footnotes":""},"class_list":["post-12039","page","type-page","status-publish"],"acf":[],"yoast_head":"<!-- This site is optimized with the Yoast SEO plugin v27.0 - https:\/\/yoast.com\/product\/yoast-seo-wordpress\/ -->\n<title>Eis approche - EDMO Belux<\/title>\n<meta name=\"robots\" content=\"index, follow, max-snippet:-1, max-image-preview:large, max-video-preview:-1\" \/>\n<link rel=\"canonical\" href=\"https:\/\/belux.edmo.eu\/lb\/eis-approche\/\" \/>\n<meta property=\"og:locale\" content=\"en_US\" \/>\n<meta property=\"og:type\" content=\"article\" \/>\n<meta property=\"og:title\" content=\"Eis approche - EDMO Belux\" \/>\n<meta property=\"og:description\" content=\"[vc_row css=&#8221;.vc_custom_1638957607328{margin-top: 0px !important;margin-bottom: 0px !important;padding-top: 0px !important;padding-bottom: 0px !important;}&#8221;][vc_column][vc_column_text css=&#8221;&#8221; css_animation=&#8221;none&#8221;]An enger Z\u00e4it, an der Desinformatioun w\u00e4it verbreet ass,...\" \/>\n<meta property=\"og:url\" content=\"https:\/\/belux.edmo.eu\/lb\/eis-approche\/\" \/>\n<meta property=\"og:site_name\" content=\"EDMO Belux\" \/>\n<meta property=\"article:modified_time\" content=\"2025-01-23T15:30:54+00:00\" \/>\n<meta name=\"twitter:card\" content=\"summary_large_image\" \/>\n<meta name=\"twitter:site\" content=\"@Edmo_Belux\" \/>\n<meta name=\"twitter:label1\" content=\"Est. reading time\" \/>\n\t<meta name=\"twitter:data1\" content=\"1 minute\" \/>\n<script type=\"application\/ld+json\" class=\"yoast-schema-graph\">{\"@context\":\"https:\/\/schema.org\",\"@graph\":[{\"@type\":\"WebPage\",\"@id\":\"https:\/\/belux.edmo.eu\/lb\/eis-approche\/\",\"url\":\"https:\/\/belux.edmo.eu\/lb\/eis-approche\/\",\"name\":\"Eis approche - EDMO Belux\",\"isPartOf\":{\"@id\":\"https:\/\/belux.edmo.eu\/#website\"},\"datePublished\":\"2022-02-11T13:31:55+00:00\",\"dateModified\":\"2025-01-23T15:30:54+00:00\",\"breadcrumb\":{\"@id\":\"https:\/\/belux.edmo.eu\/lb\/eis-approche\/#breadcrumb\"},\"inLanguage\":\"lb-LU\",\"potentialAction\":[{\"@type\":\"ReadAction\",\"target\":[\"https:\/\/belux.edmo.eu\/lb\/eis-approche\/\"]}]},{\"@type\":\"BreadcrumbList\",\"@id\":\"https:\/\/belux.edmo.eu\/lb\/eis-approche\/#breadcrumb\",\"itemListElement\":[{\"@type\":\"ListItem\",\"position\":1,\"name\":\"Home\",\"item\":\"https:\/\/belux.edmo.eu\/lb\/\"},{\"@type\":\"ListItem\",\"position\":2,\"name\":\"Eis approche\"}]},{\"@type\":\"WebSite\",\"@id\":\"https:\/\/belux.edmo.eu\/#website\",\"url\":\"https:\/\/belux.edmo.eu\/\",\"name\":\"EDMO Belux\",\"description\":\"Monitoring Disinformation in Belgium and Luxembourg\",\"publisher\":{\"@id\":\"https:\/\/belux.edmo.eu\/#organization\"},\"potentialAction\":[{\"@type\":\"SearchAction\",\"target\":{\"@type\":\"EntryPoint\",\"urlTemplate\":\"https:\/\/belux.edmo.eu\/?s={search_term_string}\"},\"query-input\":{\"@type\":\"PropertyValueSpecification\",\"valueRequired\":true,\"valueName\":\"search_term_string\"}}],\"inLanguage\":\"lb-LU\"},{\"@type\":\"Organization\",\"@id\":\"https:\/\/belux.edmo.eu\/#organization\",\"name\":\"EDMO Belux\",\"url\":\"https:\/\/belux.edmo.eu\/\",\"logo\":{\"@type\":\"ImageObject\",\"inLanguage\":\"lb-LU\",\"@id\":\"https:\/\/belux.edmo.eu\/#\/schema\/logo\/image\/\",\"url\":\"https:\/\/belux.edmo.eu\/wp-content\/uploads\/2021\/12\/belux-logo-full-color-rgb.svg\",\"contentUrl\":\"https:\/\/belux.edmo.eu\/wp-content\/uploads\/2021\/12\/belux-logo-full-color-rgb.svg\",\"width\":1,\"height\":1,\"caption\":\"EDMO Belux\"},\"image\":{\"@id\":\"https:\/\/belux.edmo.eu\/#\/schema\/logo\/image\/\"},\"sameAs\":[\"https:\/\/x.com\/Edmo_Belux\"]}]}<\/script>\n<!-- \/ Yoast SEO plugin. -->","yoast_head_json":{"title":"Eis approche - EDMO Belux","robots":{"index":"index","follow":"follow","max-snippet":"max-snippet:-1","max-image-preview":"max-image-preview:large","max-video-preview":"max-video-preview:-1"},"canonical":"https:\/\/belux.edmo.eu\/lb\/eis-approche\/","og_locale":"en_US","og_type":"article","og_title":"Eis approche - EDMO Belux","og_description":"[vc_row css=&#8221;.vc_custom_1638957607328{margin-top: 0px !important;margin-bottom: 0px !important;padding-top: 0px !important;padding-bottom: 0px !important;}&#8221;][vc_column][vc_column_text css=&#8221;&#8221; css_animation=&#8221;none&#8221;]An enger Z\u00e4it, an der Desinformatioun w\u00e4it verbreet ass,...","og_url":"https:\/\/belux.edmo.eu\/lb\/eis-approche\/","og_site_name":"EDMO Belux","article_modified_time":"2025-01-23T15:30:54+00:00","twitter_card":"summary_large_image","twitter_site":"@Edmo_Belux","twitter_misc":{"Est. reading time":"1 minute"},"schema":{"@context":"https:\/\/schema.org","@graph":[{"@type":"WebPage","@id":"https:\/\/belux.edmo.eu\/lb\/eis-approche\/","url":"https:\/\/belux.edmo.eu\/lb\/eis-approche\/","name":"Eis approche - EDMO Belux","isPartOf":{"@id":"https:\/\/belux.edmo.eu\/#website"},"datePublished":"2022-02-11T13:31:55+00:00","dateModified":"2025-01-23T15:30:54+00:00","breadcrumb":{"@id":"https:\/\/belux.edmo.eu\/lb\/eis-approche\/#breadcrumb"},"inLanguage":"lb-LU","potentialAction":[{"@type":"ReadAction","target":["https:\/\/belux.edmo.eu\/lb\/eis-approche\/"]}]},{"@type":"BreadcrumbList","@id":"https:\/\/belux.edmo.eu\/lb\/eis-approche\/#breadcrumb","itemListElement":[{"@type":"ListItem","position":1,"name":"Home","item":"https:\/\/belux.edmo.eu\/lb\/"},{"@type":"ListItem","position":2,"name":"Eis approche"}]},{"@type":"WebSite","@id":"https:\/\/belux.edmo.eu\/#website","url":"https:\/\/belux.edmo.eu\/","name":"EDMO Belux","description":"Monitoring Disinformation in Belgium and Luxembourg","publisher":{"@id":"https:\/\/belux.edmo.eu\/#organization"},"potentialAction":[{"@type":"SearchAction","target":{"@type":"EntryPoint","urlTemplate":"https:\/\/belux.edmo.eu\/?s={search_term_string}"},"query-input":{"@type":"PropertyValueSpecification","valueRequired":true,"valueName":"search_term_string"}}],"inLanguage":"lb-LU"},{"@type":"Organization","@id":"https:\/\/belux.edmo.eu\/#organization","name":"EDMO Belux","url":"https:\/\/belux.edmo.eu\/","logo":{"@type":"ImageObject","inLanguage":"lb-LU","@id":"https:\/\/belux.edmo.eu\/#\/schema\/logo\/image\/","url":"https:\/\/belux.edmo.eu\/wp-content\/uploads\/2021\/12\/belux-logo-full-color-rgb.svg","contentUrl":"https:\/\/belux.edmo.eu\/wp-content\/uploads\/2021\/12\/belux-logo-full-color-rgb.svg","width":1,"height":1,"caption":"EDMO Belux"},"image":{"@id":"https:\/\/belux.edmo.eu\/#\/schema\/logo\/image\/"},"sameAs":["https:\/\/x.com\/Edmo_Belux"]}]}},"_links":{"self":[{"href":"https:\/\/belux.edmo.eu\/lb\/wp-json\/wp\/v2\/pages\/12039","targetHints":{"allow":["GET"]}}],"collection":[{"href":"https:\/\/belux.edmo.eu\/lb\/wp-json\/wp\/v2\/pages"}],"about":[{"href":"https:\/\/belux.edmo.eu\/lb\/wp-json\/wp\/v2\/types\/page"}],"author":[{"embeddable":true,"href":"https:\/\/belux.edmo.eu\/lb\/wp-json\/wp\/v2\/users\/1"}],"replies":[{"embeddable":true,"href":"https:\/\/belux.edmo.eu\/lb\/wp-json\/wp\/v2\/comments?post=12039"}],"version-history":[{"count":0,"href":"https:\/\/belux.edmo.eu\/lb\/wp-json\/wp\/v2\/pages\/12039\/revisions"}],"wp:attachment":[{"href":"https:\/\/belux.edmo.eu\/lb\/wp-json\/wp\/v2\/media?parent=12039"}],"curies":[{"name":"wp","href":"https:\/\/api.w.org\/{rel}","templated":true}]}}