{"id":351105,"date":"2024-07-31T11:39:36","date_gmt":"2024-07-31T11:39:36","guid":{"rendered":"https:\/\/belux.edmo.eu\/iwwer-eis\/language-policy\/"},"modified":"2024-07-31T14:47:40","modified_gmt":"2024-07-31T14:47:40","slug":"sproochepolitik","status":"publish","type":"page","link":"https:\/\/belux.edmo.eu\/lb\/iwwer-eis\/sproochepolitik\/","title":{"rendered":"Sproochepolitik"},"content":{"rendered":"<div class=\"wpb-content-wrapper\"><p>[vc_row][vc_column][vc_column_text css=&#8221;&#8221;]EDMO BELUX 2.0 engag\u00e9iert sech fir d\u00e9i verschidde sproochlech Communaut\u00e9iten vu L\u00ebtzebuerg an der Belsch ze d\u00e9ngen. Eis Missioun beinhalt d&#8217;Faktenpr\u00fcfungen, d&#8217;Promotioun vun der Medie Alphabetis\u00e9ierung, an d&#8217;Fuerschung a ville Sproochen ze maachen. Fir de Besoine vun eisem Publikum am beschten z&#8217;erreechen an eis Ressourcen effizient ze notzen, hu mir d\u00e9i folgend Sproochepolitik etabl\u00e9iert:<\/p>\n<p><strong>\u00cbnnerst\u00ebtzt Sproochen<\/strong><\/p>\n<p><strong>Prim\u00e4rsproochen:<\/strong><\/p>\n<ul>\n<li data-leveltext=\"\uf0b7\" data-font=\"Symbol\" data-listid=\"3\" data-list-defn-props=\"{&quot;335552541&quot;:1,&quot;335559685&quot;:720,&quot;335559991&quot;:360,&quot;469769226&quot;:&quot;Symbol&quot;,&quot;469769242&quot;:[8226],&quot;469777803&quot;:&quot;left&quot;,&quot;469777804&quot;:&quot;\uf0b7&quot;,&quot;469777815&quot;:&quot;multilevel&quot;}\" aria-setsize=\"-1\" data-aria-posinset=\"1\" data-aria-level=\"1\"><span data-ccp-props=\"{&quot;134233117&quot;:true,&quot;134233118&quot;:true,&quot;201341983&quot;:0,&quot;335559739&quot;:240,&quot;335559740&quot;:240}\"><strong>Frans\u00e9isch<\/strong> <\/span><\/li>\n<\/ul>\n<ul>\n<li data-leveltext=\"\uf0b7\" data-font=\"Symbol\" data-listid=\"3\" data-list-defn-props=\"{&quot;335552541&quot;:1,&quot;335559685&quot;:720,&quot;335559991&quot;:360,&quot;469769226&quot;:&quot;Symbol&quot;,&quot;469769242&quot;:[8226],&quot;469777803&quot;:&quot;left&quot;,&quot;469777804&quot;:&quot;\uf0b7&quot;,&quot;469777815&quot;:&quot;multilevel&quot;}\" aria-setsize=\"-1\" data-aria-posinset=\"2\" data-aria-level=\"1\"><strong>D\u00e4itsch <\/strong><\/li>\n<\/ul>\n<ul>\n<li data-leveltext=\"\uf0b7\" data-font=\"Symbol\" data-listid=\"3\" data-list-defn-props=\"{&quot;335552541&quot;:1,&quot;335559685&quot;:720,&quot;335559991&quot;:360,&quot;469769226&quot;:&quot;Symbol&quot;,&quot;469769242&quot;:[8226],&quot;469777803&quot;:&quot;left&quot;,&quot;469777804&quot;:&quot;\uf0b7&quot;,&quot;469777815&quot;:&quot;multilevel&quot;}\" aria-setsize=\"-1\" data-aria-posinset=\"3\" data-aria-level=\"1\"><span data-ccp-props=\"{&quot;134233117&quot;:true,&quot;134233118&quot;:true,&quot;201341983&quot;:0,&quot;335559739&quot;:240,&quot;335559740&quot;:240}\"><strong>l\u00ebtzebuergesch<\/strong> <\/span><\/li>\n<\/ul>\n<p>D\u00ebs Sprooche goufen ausgewielt fir s\u00e9cherzestellen datt eisen Inhalt fir d&#8217;Majorit\u00e9it vun de Leit an de Gemeinschaften d\u00e9i mir serv\u00e9ieren zoug\u00e4nglech ass. Mir produz\u00e9iere Faktchecken, Erz\u00e9iungsmaterial a Fuerschungsberichter an d\u00ebse Sproochen.<\/p>\n<p><strong>Zous\u00e4tzlech Sprooch:<\/strong><\/p>\n<ul>\n<li data-leveltext=\"\uf0b7\" data-font=\"Symbol\" data-listid=\"4\" data-list-defn-props=\"{&quot;335552541&quot;:1,&quot;335559685&quot;:720,&quot;335559991&quot;:360,&quot;469769226&quot;:&quot;Symbol&quot;,&quot;469769242&quot;:[8226],&quot;469777803&quot;:&quot;left&quot;,&quot;469777804&quot;:&quot;\uf0b7&quot;,&quot;469777815&quot;:&quot;multilevel&quot;}\" aria-setsize=\"-1\" data-aria-posinset=\"1\" data-aria-level=\"1\"><span data-ccp-props=\"{&quot;134233117&quot;:true,&quot;134233118&quot;:true,&quot;201341983&quot;:0,&quot;335559739&quot;:240,&quot;335559740&quot;:240}\"><strong>Englesch<\/strong> <\/span><\/li>\n<\/ul>\n<p>Englesch g\u00ebtt haapts\u00e4chlech fir allgemeng Informatioun iwwer EDMO BELUX 2.0 w\u00e9i och fir akademesch Fuerschung benotzt. Iwwerdeems mir d&#8217;Wichtegkeet vun Englesch als global lingua franca unerkennen, hu mir decid\u00e9iert net Fakten-Check Inhalt op Englesch ze publiz\u00e9ieren. D\u00ebs Decisioun erlaabt eis eis Efforten op d&#8217;Bek\u00e4mpfung vun Desinformatioun an de lokale sproochleche Gemeinschafte vu L\u00ebtzebuerg an der Belsch ze konzentr\u00e9ieren.<\/p>\n<p><strong>Iwwergang vun holl\u00e4nnesch Sprooch Inhalt<\/strong><\/p>\n<p><span data-contrast=\"auto\">An der \u00e9ischter Generatioun vun EDMO BELUX gouf Inhalt och op holl\u00e4nnesch produz\u00e9iert. W\u00e9i och \u00ebmmer, well <a href=\"https:\/\/benedmo.eu\/\" target=\"_blank\" rel=\"noopener\">BENEDMO<\/a> speziell fir d\u00e9i holl\u00e4nneschsproocheg Communaut\u00e9iten an der Belsch an an Holland entspr\u00e9cht, w\u00e4ert EDMO BELUX 2.0 net m\u00e9i holl\u00e4nnesch Sproochinhalt aktualis\u00e9ieren oder erhalen. D\u00e9i holl\u00e4nneschsproocheg Ausg\u00e4nge vun EDMO BELUX 1.0 sinn awer nach \u00ebmmer an den Archiven verf\u00fcgbar.\u00a0<\/span><\/p>\n<p><strong>Engagement fir Accessibilit\u00e9it<\/strong><\/p>\n<p>Mir verstinn d&#8217;Wichtegkeet fir eis Ressourcen fir sou vill w\u00e9i m\u00e9iglech Leit zoug\u00e4nglech ze maachen. Dofir w\u00e4erte mir eis Sproochepolitik kontinu\u00e9ierlech iwwerpr\u00e9iwen an adapt\u00e9ieren op Basis vun den evolu\u00e9ierende Bedierfnesser vun eisem Publikum. Feedback vun eise Benotzer ass w\u00e4ertvoll fir eis ze h\u00ebllefen eis Servicer ze verbesseren.<\/p>\n<p><strong>Kontakt\u00e9iert eis<\/strong><\/p>\n<p>Wann Dir Froen oder Virschl\u00e9i zu eiser Sproochepolitik hutt, z\u00e9ckt net eis ze kontakt\u00e9ieren. Mir sch\u00e4tzen \u00c4ren Input a striewen eis Inhalter esou inklusiv an zoug\u00e4nglech w\u00e9i m\u00e9iglech ze maachen.<\/p>\n<p><a href=\"mailto:belux@edmo.eu\" target=\"_blank\" rel=\"noopener\"><span data-contrast=\"none\">belux@edmo.eu<\/span><\/a><span data-contrast=\"auto\"> \/ <\/span><a href=\"mailto:info-belux@edmo.eu\" target=\"_blank\" rel=\"noopener\"><span data-contrast=\"none\">info-belux@edmo.eu<\/span><\/a><span data-contrast=\"auto\">\u00a0<\/span><span data-ccp-props=\"{&quot;134233117&quot;:true,&quot;134233118&quot;:true,&quot;201341983&quot;:0,&quot;335559739&quot;:240,&quot;335559740&quot;:240}\">\u00a0<\/span>[\/vc_column_text][\/vc_column][\/vc_row]<\/p>\n<\/div>","protected":false},"excerpt":{"rendered":"<p>[vc_row][vc_column][vc_column_text css=&#8221;&#8221;]EDMO BELUX 2.0 engag\u00e9iert sech fir d\u00e9i verschidde sproochlech Communaut\u00e9iten vu L\u00ebtzebuerg an der Belsch ze d\u00e9ngen. Eis Missioun&#8230;<\/p>\n","protected":false},"author":14,"featured_media":0,"parent":11940,"menu_order":0,"comment_status":"closed","ping_status":"closed","template":"","meta":{"_acf_changed":false,"footnotes":""},"class_list":["post-351105","page","type-page","status-publish"],"acf":[],"yoast_head":"<!-- This site is optimized with the Yoast SEO plugin v27.0 - https:\/\/yoast.com\/product\/yoast-seo-wordpress\/ -->\n<title>Sproochepolitik - EDMO Belux<\/title>\n<meta name=\"robots\" content=\"index, follow, max-snippet:-1, max-image-preview:large, max-video-preview:-1\" \/>\n<link rel=\"canonical\" href=\"https:\/\/belux.edmo.eu\/lb\/iwwer-eis\/sproochepolitik\/\" \/>\n<meta property=\"og:locale\" content=\"en_US\" \/>\n<meta property=\"og:type\" content=\"article\" \/>\n<meta property=\"og:title\" content=\"Sproochepolitik - EDMO Belux\" \/>\n<meta property=\"og:description\" content=\"[vc_row][vc_column][vc_column_text css=&#8221;&#8221;]EDMO BELUX 2.0 engag\u00e9iert sech fir d\u00e9i verschidde sproochlech Communaut\u00e9iten vu L\u00ebtzebuerg an der Belsch ze d\u00e9ngen. Eis Missioun...\" \/>\n<meta property=\"og:url\" content=\"https:\/\/belux.edmo.eu\/lb\/iwwer-eis\/sproochepolitik\/\" \/>\n<meta property=\"og:site_name\" content=\"EDMO Belux\" \/>\n<meta property=\"article:modified_time\" content=\"2024-07-31T14:47:40+00:00\" \/>\n<meta name=\"twitter:card\" content=\"summary_large_image\" \/>\n<meta name=\"twitter:site\" content=\"@Edmo_Belux\" \/>\n<meta name=\"twitter:label1\" content=\"Est. reading time\" \/>\n\t<meta name=\"twitter:data1\" content=\"2 minutes\" \/>\n<script type=\"application\/ld+json\" class=\"yoast-schema-graph\">{\"@context\":\"https:\/\/schema.org\",\"@graph\":[{\"@type\":\"WebPage\",\"@id\":\"https:\/\/belux.edmo.eu\/lb\/iwwer-eis\/sproochepolitik\/\",\"url\":\"https:\/\/belux.edmo.eu\/lb\/iwwer-eis\/sproochepolitik\/\",\"name\":\"Sproochepolitik - EDMO Belux\",\"isPartOf\":{\"@id\":\"https:\/\/belux.edmo.eu\/#website\"},\"datePublished\":\"2024-07-31T11:39:36+00:00\",\"dateModified\":\"2024-07-31T14:47:40+00:00\",\"breadcrumb\":{\"@id\":\"https:\/\/belux.edmo.eu\/lb\/iwwer-eis\/sproochepolitik\/#breadcrumb\"},\"inLanguage\":\"lb-LU\",\"potentialAction\":[{\"@type\":\"ReadAction\",\"target\":[\"https:\/\/belux.edmo.eu\/lb\/iwwer-eis\/sproochepolitik\/\"]}]},{\"@type\":\"BreadcrumbList\",\"@id\":\"https:\/\/belux.edmo.eu\/lb\/iwwer-eis\/sproochepolitik\/#breadcrumb\",\"itemListElement\":[{\"@type\":\"ListItem\",\"position\":1,\"name\":\"Home\",\"item\":\"https:\/\/belux.edmo.eu\/lb\/\"},{\"@type\":\"ListItem\",\"position\":2,\"name\":\"Iwwer eis\",\"item\":\"https:\/\/belux.edmo.eu\/lb\/iwwer-eis\/\"},{\"@type\":\"ListItem\",\"position\":3,\"name\":\"Sproochepolitik\"}]},{\"@type\":\"WebSite\",\"@id\":\"https:\/\/belux.edmo.eu\/#website\",\"url\":\"https:\/\/belux.edmo.eu\/\",\"name\":\"EDMO Belux\",\"description\":\"Monitoring Disinformation in Belgium and Luxembourg\",\"publisher\":{\"@id\":\"https:\/\/belux.edmo.eu\/#organization\"},\"potentialAction\":[{\"@type\":\"SearchAction\",\"target\":{\"@type\":\"EntryPoint\",\"urlTemplate\":\"https:\/\/belux.edmo.eu\/?s={search_term_string}\"},\"query-input\":{\"@type\":\"PropertyValueSpecification\",\"valueRequired\":true,\"valueName\":\"search_term_string\"}}],\"inLanguage\":\"lb-LU\"},{\"@type\":\"Organization\",\"@id\":\"https:\/\/belux.edmo.eu\/#organization\",\"name\":\"EDMO Belux\",\"url\":\"https:\/\/belux.edmo.eu\/\",\"logo\":{\"@type\":\"ImageObject\",\"inLanguage\":\"lb-LU\",\"@id\":\"https:\/\/belux.edmo.eu\/#\/schema\/logo\/image\/\",\"url\":\"https:\/\/belux.edmo.eu\/wp-content\/uploads\/2021\/12\/belux-logo-full-color-rgb.svg\",\"contentUrl\":\"https:\/\/belux.edmo.eu\/wp-content\/uploads\/2021\/12\/belux-logo-full-color-rgb.svg\",\"width\":1,\"height\":1,\"caption\":\"EDMO Belux\"},\"image\":{\"@id\":\"https:\/\/belux.edmo.eu\/#\/schema\/logo\/image\/\"},\"sameAs\":[\"https:\/\/x.com\/Edmo_Belux\"]}]}<\/script>\n<!-- \/ Yoast SEO plugin. -->","yoast_head_json":{"title":"Sproochepolitik - EDMO Belux","robots":{"index":"index","follow":"follow","max-snippet":"max-snippet:-1","max-image-preview":"max-image-preview:large","max-video-preview":"max-video-preview:-1"},"canonical":"https:\/\/belux.edmo.eu\/lb\/iwwer-eis\/sproochepolitik\/","og_locale":"en_US","og_type":"article","og_title":"Sproochepolitik - EDMO Belux","og_description":"[vc_row][vc_column][vc_column_text css=&#8221;&#8221;]EDMO BELUX 2.0 engag\u00e9iert sech fir d\u00e9i verschidde sproochlech Communaut\u00e9iten vu L\u00ebtzebuerg an der Belsch ze d\u00e9ngen. Eis Missioun...","og_url":"https:\/\/belux.edmo.eu\/lb\/iwwer-eis\/sproochepolitik\/","og_site_name":"EDMO Belux","article_modified_time":"2024-07-31T14:47:40+00:00","twitter_card":"summary_large_image","twitter_site":"@Edmo_Belux","twitter_misc":{"Est. reading time":"2 minutes"},"schema":{"@context":"https:\/\/schema.org","@graph":[{"@type":"WebPage","@id":"https:\/\/belux.edmo.eu\/lb\/iwwer-eis\/sproochepolitik\/","url":"https:\/\/belux.edmo.eu\/lb\/iwwer-eis\/sproochepolitik\/","name":"Sproochepolitik - EDMO Belux","isPartOf":{"@id":"https:\/\/belux.edmo.eu\/#website"},"datePublished":"2024-07-31T11:39:36+00:00","dateModified":"2024-07-31T14:47:40+00:00","breadcrumb":{"@id":"https:\/\/belux.edmo.eu\/lb\/iwwer-eis\/sproochepolitik\/#breadcrumb"},"inLanguage":"lb-LU","potentialAction":[{"@type":"ReadAction","target":["https:\/\/belux.edmo.eu\/lb\/iwwer-eis\/sproochepolitik\/"]}]},{"@type":"BreadcrumbList","@id":"https:\/\/belux.edmo.eu\/lb\/iwwer-eis\/sproochepolitik\/#breadcrumb","itemListElement":[{"@type":"ListItem","position":1,"name":"Home","item":"https:\/\/belux.edmo.eu\/lb\/"},{"@type":"ListItem","position":2,"name":"Iwwer eis","item":"https:\/\/belux.edmo.eu\/lb\/iwwer-eis\/"},{"@type":"ListItem","position":3,"name":"Sproochepolitik"}]},{"@type":"WebSite","@id":"https:\/\/belux.edmo.eu\/#website","url":"https:\/\/belux.edmo.eu\/","name":"EDMO Belux","description":"Monitoring Disinformation in Belgium and Luxembourg","publisher":{"@id":"https:\/\/belux.edmo.eu\/#organization"},"potentialAction":[{"@type":"SearchAction","target":{"@type":"EntryPoint","urlTemplate":"https:\/\/belux.edmo.eu\/?s={search_term_string}"},"query-input":{"@type":"PropertyValueSpecification","valueRequired":true,"valueName":"search_term_string"}}],"inLanguage":"lb-LU"},{"@type":"Organization","@id":"https:\/\/belux.edmo.eu\/#organization","name":"EDMO Belux","url":"https:\/\/belux.edmo.eu\/","logo":{"@type":"ImageObject","inLanguage":"lb-LU","@id":"https:\/\/belux.edmo.eu\/#\/schema\/logo\/image\/","url":"https:\/\/belux.edmo.eu\/wp-content\/uploads\/2021\/12\/belux-logo-full-color-rgb.svg","contentUrl":"https:\/\/belux.edmo.eu\/wp-content\/uploads\/2021\/12\/belux-logo-full-color-rgb.svg","width":1,"height":1,"caption":"EDMO Belux"},"image":{"@id":"https:\/\/belux.edmo.eu\/#\/schema\/logo\/image\/"},"sameAs":["https:\/\/x.com\/Edmo_Belux"]}]}},"_links":{"self":[{"href":"https:\/\/belux.edmo.eu\/lb\/wp-json\/wp\/v2\/pages\/351105","targetHints":{"allow":["GET"]}}],"collection":[{"href":"https:\/\/belux.edmo.eu\/lb\/wp-json\/wp\/v2\/pages"}],"about":[{"href":"https:\/\/belux.edmo.eu\/lb\/wp-json\/wp\/v2\/types\/page"}],"author":[{"embeddable":true,"href":"https:\/\/belux.edmo.eu\/lb\/wp-json\/wp\/v2\/users\/14"}],"replies":[{"embeddable":true,"href":"https:\/\/belux.edmo.eu\/lb\/wp-json\/wp\/v2\/comments?post=351105"}],"version-history":[{"count":0,"href":"https:\/\/belux.edmo.eu\/lb\/wp-json\/wp\/v2\/pages\/351105\/revisions"}],"up":[{"embeddable":true,"href":"https:\/\/belux.edmo.eu\/lb\/wp-json\/wp\/v2\/pages\/11940"}],"wp:attachment":[{"href":"https:\/\/belux.edmo.eu\/lb\/wp-json\/wp\/v2\/media?parent=351105"}],"curies":[{"name":"wp","href":"https:\/\/api.w.org\/{rel}","templated":true}]}}