{"id":381130,"date":"2024-09-25T07:38:40","date_gmt":"2024-09-25T07:38:40","guid":{"rendered":"https:\/\/belux.edmo.eu\/iwwer-eis\/network-of-experts\/"},"modified":"2025-01-21T14:53:18","modified_gmt":"2025-01-21T14:53:18","slug":"network-of-experts","status":"publish","type":"page","link":"https:\/\/belux.edmo.eu\/lb\/iwwer-eis\/network-of-experts\/","title":{"rendered":"EDMO BELUX Netzwerk von Experten\u202f"},"content":{"rendered":"<div class=\"wpb-content-wrapper\"><p>[vc_row][vc_column][vc_column_text css=&#8221;&#8221;]<span data-contrast=\"auto\">W\u00ebllkomm op der S\u00e4it vum EDMO BELUX-Expertennetzwierk, engem Deel vun der EDMO BELUX 2.0-Plattform, d\u00e9i sech der St\u00e4erkung vun de Relatiounen t\u00ebschent Fuerscher, \u00ebffentleche Strukturen, Medienorganisatiounen an dem Public am Kampf g\u00e9int Desinformatioun an der Belsch an zu L\u00ebtzebuerg widmet. D&#8217;Netzwierk ass Deel vun EDMO BELUX 2.0 an eng Weiderentw\u00e9cklung vun EDMO BELUX 1.0. Et soll Fachber\u00e4icher op belschen a l\u00ebtzebuergeschen Universit\u00e9iten identifiz\u00e9ieren, d\u00e9i uf\u00e4lleg fir Desinformatioun sinn. Dat betr\u00ebfft (ass awer net limit\u00e9iert op) Ber\u00e4icher w\u00e9i d\u00e9i belsch a l\u00ebtzebuergesch Politik, d\u00e9i europ\u00e4esch Politik, Gesondheet, Klimawandel, Droit a Migratioun.\u202f<\/span><span data-ccp-props=\"{}\">\u00a0<\/span><\/p>\n<p><b><span data-contrast=\"auto\">D&#8217;Partner vun EDMO BELUX hunn dr\u00e4i Ziler fir d&#8217;Netzwierk<\/span><\/b><span data-contrast=\"auto\">\u202f<\/span><span data-ccp-props=\"{}\">\u00a0<\/span><\/p>\n<ul>\n<li data-leveltext=\"\uf0b7\" data-font=\"Symbol\" data-listid=\"1\" data-list-defn-props=\"{&quot;335552541&quot;:1,&quot;335559685&quot;:720,&quot;335559991&quot;:360,&quot;469769226&quot;:&quot;Symbol&quot;,&quot;469769242&quot;:[8226],&quot;469777803&quot;:&quot;left&quot;,&quot;469777804&quot;:&quot;\uf0b7&quot;,&quot;469777815&quot;:&quot;multilevel&quot;}\" aria-setsize=\"-1\" data-aria-posinset=\"1\" data-aria-level=\"1\"><b><span data-contrast=\"auto\">Erweiderung a Konsolid\u00e9ierung vum Netzwierk:<\/span><\/b><span data-contrast=\"auto\">\u202fMir engag\u00e9ieren eis fir d&#8217;Erweiderung vun eisem Netzwierk, andeem mir m\u00e9i Experten aus verschiddene Ber\u00e4icher abez\u00e9ien an eis kollektiv F\u00e4egkeet zur Bek\u00e4mpfung vun Desinformatioun verbesseren.\u202f<\/span><span data-ccp-props=\"{}\">\u00a0<\/span><\/li>\n<\/ul>\n<ul>\n<li data-leveltext=\"\uf0b7\" data-font=\"Symbol\" data-listid=\"2\" data-list-defn-props=\"{&quot;335552541&quot;:1,&quot;335559685&quot;:720,&quot;335559991&quot;:360,&quot;469769226&quot;:&quot;Symbol&quot;,&quot;469769242&quot;:[8226],&quot;469777803&quot;:&quot;left&quot;,&quot;469777804&quot;:&quot;\uf0b7&quot;,&quot;469777815&quot;:&quot;multilevel&quot;}\" aria-setsize=\"-1\" data-aria-posinset=\"1\" data-aria-level=\"1\"><b><span data-contrast=\"auto\">Experte fir Erkennung an Analys abez\u00e9ien:<\/span><\/b><span data-contrast=\"auto\">\u202fEis Experte k\u00ebnne bei der Richtegstellung an der Analys vun Desinformatioun abezu ginn, fir ze assur\u00e9ieren, dass d&#8217;Reaktiounen esouwuel schnell ew\u00e9i och korrekt sinn.\u202f<\/span><span data-ccp-props=\"{}\">\u00a0<\/span><\/li>\n<\/ul>\n<ul>\n<li data-leveltext=\"\uf0b7\" data-font=\"Symbol\" data-listid=\"3\" data-list-defn-props=\"{&quot;335552541&quot;:1,&quot;335559685&quot;:720,&quot;335559991&quot;:360,&quot;469769226&quot;:&quot;Symbol&quot;,&quot;469769242&quot;:[8226],&quot;469777803&quot;:&quot;left&quot;,&quot;469777804&quot;:&quot;\uf0b7&quot;,&quot;469777815&quot;:&quot;multilevel&quot;}\" aria-setsize=\"-1\" data-aria-posinset=\"1\" data-aria-level=\"1\"><b><span data-contrast=\"auto\">EDMO BELUX-Ressource promov\u00e9ieren:<\/span><\/b><span data-contrast=\"auto\">\u202fMir encourag\u00e9ieren aktiv d&#8217;Notzung vun de Ressource vun EDMO BELUX am Kader vu Bildungs-, Fuerschungs- a politeschen Aktivit\u00e9iten an \u00ebnnerst\u00ebtzen esou eng gutt inform\u00e9iert a resilient Communaut\u00e9it.\u202f<\/span><span data-ccp-props=\"{}\">\u00a0<\/span><\/li>\n<\/ul>\n<p><b><span data-contrast=\"auto\">Fachw\u00ebssen<\/span><\/b><span data-contrast=\"auto\">\u202f<\/span><span data-ccp-props=\"{}\">\u00a0<\/span><\/p>\n<p><span data-contrast=\"auto\">Eis Netzwierk dispos\u00e9iert iwwer e breet Spektrum u Fachw\u00ebssen, dat wichteg Ber\u00e4icher ofdeckt, d\u00e9i besonnesch uf\u00e4lleg fir Desinformatioun sinn. All Expert br\u00e9ngt s\u00e4in eege W\u00ebssen a seng eegen Erfarung an an dr\u00e9it esou zu engem \u00ebmfaassende Verst\u00e4ndnis an enger wierksamer Bek\u00e4mpfung vun Desinformatioun b\u00e4i.\u202f<\/span><span data-ccp-props=\"{}\">\u00a0<\/span><\/p>\n<p><b><span data-contrast=\"auto\">Politik:<\/span><\/b><span data-contrast=\"auto\">\u202fEis politesch Experte besch\u00e4ftegen sech am Detail mat de Feinheete vun der belscher a l\u00ebtzebuergescher Politik a liwweren Erkenntnisser, d\u00e9i fir d&#8217;Verst\u00e4ndnis an d&#8217;Bek\u00e4mpfung vu politescher Desinformatioun vun entscheedender Bedeitung sinn.\u202f<\/span><span data-ccp-props=\"{}\">\u00a0<\/span><\/p>\n<p><b><span data-contrast=\"auto\">Europ\u00e4esch Politik:<\/span><\/b><span data-contrast=\"auto\">\u202fSpezialiste fir europ\u00e4esch Politik an Institutiounen offr\u00e9iere kritesch Perspektiven op Desinformatioun mat Bezuch op d&#8217;EU an h\u00ebllefen dob\u00e4i, sech an der komplexer Landschaft vun der europ\u00e4escher Gouvernance er\u00ebmzefannen.\u202f<\/span><span data-ccp-props=\"{}\">\u00a0<\/span><\/p>\n<p><b><span data-contrast=\"auto\">Klimawandel:<\/span><\/b><span data-contrast=\"auto\">\u202fDe Klimawandel ass a bleift en Theema, wat besonnesch vun Desinformatioun affekt\u00e9iert ass. Eis Klimaexperten droe mat fund\u00e9iertem W\u00ebssen dozou b\u00e4i, Mythen ze widderlee\u00ebn a w\u00ebssenschaftlech korrekt Informatiounen ze present\u00e9ieren.\u202f<\/span><span data-ccp-props=\"{}\">\u00a0<\/span><\/p>\n<p><b><span data-contrast=\"auto\">Migratioun:<\/span><\/b><span data-contrast=\"auto\">\u202fMigratiouns- a Minorit\u00e9itepolitik ginn oft duerch Desinformatioun verzerrt. Eis Fuerscher op d\u00ebsem Gebitt setzen sech dofir an, kloer, faktebas\u00e9iert Duerstellungen ze present\u00e9ieren, d\u00e9i Falschinformatiounen entg\u00e9intwierken.\u202f<\/span><span data-ccp-props=\"{}\">\u00a0<\/span><\/p>\n<p><b><span data-contrast=\"auto\">Droit a Rechtsfroen:<\/span><\/b><span data-contrast=\"auto\">\u202fD&#8217;Juristen an eisem Netzwierk ginn de Problem vun der Desinformatioun aus rechtlecher Perspektiv un, andeem si sech mat Froe vum Droit Public befaassen an d&#8217;Rechtskompetenz verbesseren.\u202f<\/span><span data-ccp-props=\"{}\">\u00a0<\/span><\/p>\n<p><b><span data-contrast=\"auto\">Mobilit\u00e9it an nohalteg Transitiounen:<\/span><\/b><span data-contrast=\"auto\">\u202fExperte fir Logistik, Mobilit\u00e9it an nohalteg Transitioune konzentr\u00e9ieren sech dorop, Feelinformatiounen an d\u00ebse wichtege Ber\u00e4icher ze widderlee\u00ebn an inform\u00e9iert an nohalteg Praktiken ze promouv\u00e9ieren.\u202f<\/span><span data-ccp-props=\"{}\">\u00a0<\/span><\/p>\n<p><b><span data-contrast=\"auto\">Kontakt\u00e9iert en Expert iwwer eis\u202f<\/span><\/b><span data-contrast=\"auto\">\u202f<\/span><span data-ccp-props=\"{}\">\u00a0<\/span><\/p>\n<p><span data-contrast=\"auto\">Wann Dir Froen hutt oder eng Berodung duerch en Expert zu Theemen am Zesummenhang mat Desinformatioun braucht, steet Iech eis Netzwierk zur Dispositioun. F\u00ebllt w.e.g. de Formulaire hei dr\u00ebnner aus, fir mat eise Spezialisten a Kontakt ze kommen.<\/span><span data-ccp-props=\"{}\">\u00a0<\/span>[\/vc_column_text][vc_raw_html css=&#8221;&#8221;]JTVCY29udGFjdC1mb3JtLTclMjBpZCUzRCUyMjM2OTQzN2IlMjIlMjB0aXRsZSUzRCUyMk5ldHdvcmslMjBPZiUyMEV4cGVydHMlMjIlNUQ=[\/vc_raw_html][\/vc_column][\/vc_row]<\/p>\n<\/div>","protected":false},"excerpt":{"rendered":"<p>[vc_row][vc_column][vc_column_text css=&#8221;&#8221;]W\u00ebllkomm op der S\u00e4it vum EDMO BELUX-Expertennetzwierk, engem Deel vun der EDMO BELUX 2.0-Plattform, d\u00e9i sech der St\u00e4erkung vun&#8230;<\/p>\n","protected":false},"author":14,"featured_media":0,"parent":11940,"menu_order":0,"comment_status":"closed","ping_status":"closed","template":"","meta":{"_acf_changed":false,"footnotes":""},"class_list":["post-381130","page","type-page","status-publish"],"acf":[],"yoast_head":"<!-- This site is optimized with the Yoast SEO plugin v27.0 - https:\/\/yoast.com\/product\/yoast-seo-wordpress\/ -->\n<title>EDMO BELUX Netzwerk von Experten\u202f - EDMO Belux<\/title>\n<meta name=\"robots\" content=\"index, follow, max-snippet:-1, max-image-preview:large, max-video-preview:-1\" \/>\n<link rel=\"canonical\" href=\"https:\/\/belux.edmo.eu\/lb\/iwwer-eis\/network-of-experts\/\" \/>\n<meta property=\"og:locale\" content=\"en_US\" \/>\n<meta property=\"og:type\" content=\"article\" \/>\n<meta property=\"og:title\" content=\"EDMO BELUX Netzwerk von Experten\u202f - EDMO Belux\" \/>\n<meta property=\"og:description\" content=\"[vc_row][vc_column][vc_column_text css=&#8221;&#8221;]W\u00ebllkomm op der S\u00e4it vum EDMO BELUX-Expertennetzwierk, engem Deel vun der EDMO BELUX 2.0-Plattform, d\u00e9i sech der St\u00e4erkung vun...\" \/>\n<meta property=\"og:url\" content=\"https:\/\/belux.edmo.eu\/lb\/iwwer-eis\/network-of-experts\/\" \/>\n<meta property=\"og:site_name\" content=\"EDMO Belux\" \/>\n<meta property=\"article:modified_time\" content=\"2025-01-21T14:53:18+00:00\" \/>\n<meta name=\"twitter:card\" content=\"summary_large_image\" \/>\n<meta name=\"twitter:site\" content=\"@Edmo_Belux\" \/>\n<meta name=\"twitter:label1\" content=\"Est. reading time\" \/>\n\t<meta name=\"twitter:data1\" content=\"2 minutes\" \/>\n<script type=\"application\/ld+json\" class=\"yoast-schema-graph\">{\"@context\":\"https:\/\/schema.org\",\"@graph\":[{\"@type\":\"WebPage\",\"@id\":\"https:\/\/belux.edmo.eu\/lb\/iwwer-eis\/network-of-experts\/\",\"url\":\"https:\/\/belux.edmo.eu\/lb\/iwwer-eis\/network-of-experts\/\",\"name\":\"EDMO BELUX Netzwerk von Experten\u202f - EDMO Belux\",\"isPartOf\":{\"@id\":\"https:\/\/belux.edmo.eu\/#website\"},\"datePublished\":\"2024-09-25T07:38:40+00:00\",\"dateModified\":\"2025-01-21T14:53:18+00:00\",\"breadcrumb\":{\"@id\":\"https:\/\/belux.edmo.eu\/lb\/iwwer-eis\/network-of-experts\/#breadcrumb\"},\"inLanguage\":\"lb-LU\",\"potentialAction\":[{\"@type\":\"ReadAction\",\"target\":[\"https:\/\/belux.edmo.eu\/lb\/iwwer-eis\/network-of-experts\/\"]}]},{\"@type\":\"BreadcrumbList\",\"@id\":\"https:\/\/belux.edmo.eu\/lb\/iwwer-eis\/network-of-experts\/#breadcrumb\",\"itemListElement\":[{\"@type\":\"ListItem\",\"position\":1,\"name\":\"Home\",\"item\":\"https:\/\/belux.edmo.eu\/lb\/\"},{\"@type\":\"ListItem\",\"position\":2,\"name\":\"Iwwer eis\",\"item\":\"https:\/\/belux.edmo.eu\/lb\/iwwer-eis\/\"},{\"@type\":\"ListItem\",\"position\":3,\"name\":\"EDMO BELUX Netzwerk von Experten\u202f\"}]},{\"@type\":\"WebSite\",\"@id\":\"https:\/\/belux.edmo.eu\/#website\",\"url\":\"https:\/\/belux.edmo.eu\/\",\"name\":\"EDMO Belux\",\"description\":\"Monitoring Disinformation in Belgium and Luxembourg\",\"publisher\":{\"@id\":\"https:\/\/belux.edmo.eu\/#organization\"},\"potentialAction\":[{\"@type\":\"SearchAction\",\"target\":{\"@type\":\"EntryPoint\",\"urlTemplate\":\"https:\/\/belux.edmo.eu\/?s={search_term_string}\"},\"query-input\":{\"@type\":\"PropertyValueSpecification\",\"valueRequired\":true,\"valueName\":\"search_term_string\"}}],\"inLanguage\":\"lb-LU\"},{\"@type\":\"Organization\",\"@id\":\"https:\/\/belux.edmo.eu\/#organization\",\"name\":\"EDMO Belux\",\"url\":\"https:\/\/belux.edmo.eu\/\",\"logo\":{\"@type\":\"ImageObject\",\"inLanguage\":\"lb-LU\",\"@id\":\"https:\/\/belux.edmo.eu\/#\/schema\/logo\/image\/\",\"url\":\"https:\/\/belux.edmo.eu\/wp-content\/uploads\/2021\/12\/belux-logo-full-color-rgb.svg\",\"contentUrl\":\"https:\/\/belux.edmo.eu\/wp-content\/uploads\/2021\/12\/belux-logo-full-color-rgb.svg\",\"width\":1,\"height\":1,\"caption\":\"EDMO Belux\"},\"image\":{\"@id\":\"https:\/\/belux.edmo.eu\/#\/schema\/logo\/image\/\"},\"sameAs\":[\"https:\/\/x.com\/Edmo_Belux\"]}]}<\/script>\n<!-- \/ Yoast SEO plugin. -->","yoast_head_json":{"title":"EDMO BELUX Netzwerk von Experten\u202f - EDMO Belux","robots":{"index":"index","follow":"follow","max-snippet":"max-snippet:-1","max-image-preview":"max-image-preview:large","max-video-preview":"max-video-preview:-1"},"canonical":"https:\/\/belux.edmo.eu\/lb\/iwwer-eis\/network-of-experts\/","og_locale":"en_US","og_type":"article","og_title":"EDMO BELUX Netzwerk von Experten\u202f - EDMO Belux","og_description":"[vc_row][vc_column][vc_column_text css=&#8221;&#8221;]W\u00ebllkomm op der S\u00e4it vum EDMO BELUX-Expertennetzwierk, engem Deel vun der EDMO BELUX 2.0-Plattform, d\u00e9i sech der St\u00e4erkung vun...","og_url":"https:\/\/belux.edmo.eu\/lb\/iwwer-eis\/network-of-experts\/","og_site_name":"EDMO Belux","article_modified_time":"2025-01-21T14:53:18+00:00","twitter_card":"summary_large_image","twitter_site":"@Edmo_Belux","twitter_misc":{"Est. reading time":"2 minutes"},"schema":{"@context":"https:\/\/schema.org","@graph":[{"@type":"WebPage","@id":"https:\/\/belux.edmo.eu\/lb\/iwwer-eis\/network-of-experts\/","url":"https:\/\/belux.edmo.eu\/lb\/iwwer-eis\/network-of-experts\/","name":"EDMO BELUX Netzwerk von Experten\u202f - EDMO Belux","isPartOf":{"@id":"https:\/\/belux.edmo.eu\/#website"},"datePublished":"2024-09-25T07:38:40+00:00","dateModified":"2025-01-21T14:53:18+00:00","breadcrumb":{"@id":"https:\/\/belux.edmo.eu\/lb\/iwwer-eis\/network-of-experts\/#breadcrumb"},"inLanguage":"lb-LU","potentialAction":[{"@type":"ReadAction","target":["https:\/\/belux.edmo.eu\/lb\/iwwer-eis\/network-of-experts\/"]}]},{"@type":"BreadcrumbList","@id":"https:\/\/belux.edmo.eu\/lb\/iwwer-eis\/network-of-experts\/#breadcrumb","itemListElement":[{"@type":"ListItem","position":1,"name":"Home","item":"https:\/\/belux.edmo.eu\/lb\/"},{"@type":"ListItem","position":2,"name":"Iwwer eis","item":"https:\/\/belux.edmo.eu\/lb\/iwwer-eis\/"},{"@type":"ListItem","position":3,"name":"EDMO BELUX Netzwerk von Experten\u202f"}]},{"@type":"WebSite","@id":"https:\/\/belux.edmo.eu\/#website","url":"https:\/\/belux.edmo.eu\/","name":"EDMO Belux","description":"Monitoring Disinformation in Belgium and Luxembourg","publisher":{"@id":"https:\/\/belux.edmo.eu\/#organization"},"potentialAction":[{"@type":"SearchAction","target":{"@type":"EntryPoint","urlTemplate":"https:\/\/belux.edmo.eu\/?s={search_term_string}"},"query-input":{"@type":"PropertyValueSpecification","valueRequired":true,"valueName":"search_term_string"}}],"inLanguage":"lb-LU"},{"@type":"Organization","@id":"https:\/\/belux.edmo.eu\/#organization","name":"EDMO Belux","url":"https:\/\/belux.edmo.eu\/","logo":{"@type":"ImageObject","inLanguage":"lb-LU","@id":"https:\/\/belux.edmo.eu\/#\/schema\/logo\/image\/","url":"https:\/\/belux.edmo.eu\/wp-content\/uploads\/2021\/12\/belux-logo-full-color-rgb.svg","contentUrl":"https:\/\/belux.edmo.eu\/wp-content\/uploads\/2021\/12\/belux-logo-full-color-rgb.svg","width":1,"height":1,"caption":"EDMO Belux"},"image":{"@id":"https:\/\/belux.edmo.eu\/#\/schema\/logo\/image\/"},"sameAs":["https:\/\/x.com\/Edmo_Belux"]}]}},"_links":{"self":[{"href":"https:\/\/belux.edmo.eu\/lb\/wp-json\/wp\/v2\/pages\/381130","targetHints":{"allow":["GET"]}}],"collection":[{"href":"https:\/\/belux.edmo.eu\/lb\/wp-json\/wp\/v2\/pages"}],"about":[{"href":"https:\/\/belux.edmo.eu\/lb\/wp-json\/wp\/v2\/types\/page"}],"author":[{"embeddable":true,"href":"https:\/\/belux.edmo.eu\/lb\/wp-json\/wp\/v2\/users\/14"}],"replies":[{"embeddable":true,"href":"https:\/\/belux.edmo.eu\/lb\/wp-json\/wp\/v2\/comments?post=381130"}],"version-history":[{"count":0,"href":"https:\/\/belux.edmo.eu\/lb\/wp-json\/wp\/v2\/pages\/381130\/revisions"}],"up":[{"embeddable":true,"href":"https:\/\/belux.edmo.eu\/lb\/wp-json\/wp\/v2\/pages\/11940"}],"wp:attachment":[{"href":"https:\/\/belux.edmo.eu\/lb\/wp-json\/wp\/v2\/media?parent=381130"}],"curies":[{"name":"wp","href":"https:\/\/api.w.org\/{rel}","templated":true}]}}