{"id":384310,"date":"2025-02-05T11:16:39","date_gmt":"2025-02-05T11:16:39","guid":{"rendered":"https:\/\/belux.edmo.eu\/iwwer-eis\/edmo-map-network\/"},"modified":"2025-03-05T10:26:49","modified_gmt":"2025-03-05T10:26:49","slug":"edmo-map-network","status":"publish","type":"page","link":"https:\/\/belux.edmo.eu\/lb\/iwwer-eis\/edmo-map-network\/","title":{"rendered":"EDMO Network Map"},"content":{"rendered":"<div class=\"wpb-content-wrapper\"><p>[vc_row][vc_column][vc_column_text css=&#8221;&#8221;]<\/p>\n<p data-renderer-start-pos=\"869\">EDMO BELUX ass en Deel vum europaw\u00e4iten Netzwierk vum Europ\u00e4eschen Observatoire fir Digital Medien\u00a0<a class=\"css-1rn59kg\" title=\"https:\/\/edmo.eu\/\" href=\"https:\/\/edmo.eu\/\" target=\"_blank\" rel=\"noopener\" data-testid=\"link-with-safety\" data-renderer-mark=\"true\"><u data-renderer-mark=\"true\">(European Digital Media Observatory &#8211; kuerz EDMO<\/u><\/a>).\u00a0D&#8217;EDMO besteet aus 14 nationalen oder multinationale Plattformen, d\u00e9i all d\u00e9i 27 EU-Memberl\u00e4nner esou w\u00e9i och Norwegen am Europ\u00e4esche Wirtschaftsraum ofdecken. D&#8217;EDMOeu an d&#8217;EDMO-Plattforme form\u00e9ieren en Netzwierk g\u00e9int Desinformatioun, dat sech iwwert d\u00e9i 27 EU-Memberl\u00e4nner erstreckt.<\/p>\n<p data-renderer-start-pos=\"1310\">All Plattform dreet dozou b\u00e4i,<\/p>\n<ul class=\"ak-ul\" data-indent-level=\"1\">\n<li>\n<p data-renderer-start-pos=\"1345\">Desinformatiounscampagnen z&#8217;erkennen an ze analys\u00e9ieren, Contenu fir Mainstream- a lokal Medien ze erstellen esouw\u00e9i d&#8217;Autorit\u00e9ite beim Opdecke vu schiedlechen Desinformatiounscampagnen ze \u00ebnnerst\u00ebtzen.<\/p>\n<\/li>\n<\/ul>\n<ul class=\"ak-ul\" data-indent-level=\"1\">\n<li>\n<p data-renderer-start-pos=\"1553\">Aktivit\u00e9iten ze organis\u00e9ieren, d\u00e9i d&#8217;Mediekompetenz op nationalem an multinationalem Level st\u00e4erken<\/p>\n<\/li>\n<li>\n<p data-renderer-start-pos=\"1656\">National Autorit\u00e9ite\u00a0beim Iwwerwaache vu Richtlinne vun Online-Plattformen a vum digitalen a medialen Ekosystem\u00a0\u00a0ze \u00ebnnerst\u00ebtzen.<\/p>\n<\/li>\n<\/ul>\n<p>[\/vc_column_text][vc_column_text css=&#8221;&#8221;]<\/p>\n<h4 style=\"text-align: center;\">Klickt op d&#8217;Kaart fir eng L\u00ebscht vun den EDMO&#8217;s 14 Hubs ze gesinn, d\u00e9i all 27 EU Memberstaaten plus Norwegen decken.<\/h4>\n<p>[\/vc_column_text][vc_single_image image=&#8221;384312&#8243; img_size=&#8221;full&#8221; alignment=&#8221;center&#8221; onclick=&#8221;custom_link&#8221; img_link_target=&#8221;_blank&#8221; css=&#8221;&#8221; link=&#8221;https:\/\/edmo.eu\/about-us\/edmo-hubs\/&#8221;][\/vc_column][\/vc_row]<\/p>\n<\/div>","protected":false},"excerpt":{"rendered":"<p>[vc_row][vc_column][vc_column_text css=&#8221;&#8221;] EDMO BELUX ass en Deel vum europaw\u00e4iten Netzwierk vum Europ\u00e4eschen Observatoire fir Digital Medien\u00a0(European Digital Media Observatory &#8211;&#8230;<\/p>\n","protected":false},"author":14,"featured_media":0,"parent":11940,"menu_order":0,"comment_status":"closed","ping_status":"closed","template":"","meta":{"_acf_changed":false,"footnotes":""},"class_list":["post-384310","page","type-page","status-publish"],"acf":[],"yoast_head":"<!-- This site is optimized with the Yoast SEO plugin v27.0 - https:\/\/yoast.com\/product\/yoast-seo-wordpress\/ -->\n<title>EDMO Network Map - EDMO Belux<\/title>\n<meta name=\"robots\" content=\"index, follow, max-snippet:-1, max-image-preview:large, max-video-preview:-1\" \/>\n<link rel=\"canonical\" href=\"https:\/\/belux.edmo.eu\/lb\/iwwer-eis\/edmo-map-network\/\" \/>\n<meta property=\"og:locale\" content=\"en_US\" \/>\n<meta property=\"og:type\" content=\"article\" \/>\n<meta property=\"og:title\" content=\"EDMO Network Map - EDMO Belux\" \/>\n<meta property=\"og:description\" content=\"[vc_row][vc_column][vc_column_text css=&#8221;&#8221;] EDMO BELUX ass en Deel vum europaw\u00e4iten Netzwierk vum Europ\u00e4eschen Observatoire fir Digital Medien\u00a0(European Digital Media Observatory &#8211;...\" \/>\n<meta property=\"og:url\" content=\"https:\/\/belux.edmo.eu\/lb\/iwwer-eis\/edmo-map-network\/\" \/>\n<meta property=\"og:site_name\" content=\"EDMO Belux\" \/>\n<meta property=\"article:modified_time\" content=\"2025-03-05T10:26:49+00:00\" \/>\n<meta name=\"twitter:card\" content=\"summary_large_image\" \/>\n<meta name=\"twitter:site\" content=\"@Edmo_Belux\" \/>\n<meta name=\"twitter:label1\" content=\"Est. reading time\" \/>\n\t<meta name=\"twitter:data1\" content=\"1 minute\" \/>\n<script type=\"application\/ld+json\" class=\"yoast-schema-graph\">{\"@context\":\"https:\/\/schema.org\",\"@graph\":[{\"@type\":\"WebPage\",\"@id\":\"https:\/\/belux.edmo.eu\/lb\/iwwer-eis\/edmo-map-network\/\",\"url\":\"https:\/\/belux.edmo.eu\/lb\/iwwer-eis\/edmo-map-network\/\",\"name\":\"EDMO Network Map - EDMO Belux\",\"isPartOf\":{\"@id\":\"https:\/\/belux.edmo.eu\/#website\"},\"datePublished\":\"2025-02-05T11:16:39+00:00\",\"dateModified\":\"2025-03-05T10:26:49+00:00\",\"breadcrumb\":{\"@id\":\"https:\/\/belux.edmo.eu\/lb\/iwwer-eis\/edmo-map-network\/#breadcrumb\"},\"inLanguage\":\"lb-LU\",\"potentialAction\":[{\"@type\":\"ReadAction\",\"target\":[\"https:\/\/belux.edmo.eu\/lb\/iwwer-eis\/edmo-map-network\/\"]}]},{\"@type\":\"BreadcrumbList\",\"@id\":\"https:\/\/belux.edmo.eu\/lb\/iwwer-eis\/edmo-map-network\/#breadcrumb\",\"itemListElement\":[{\"@type\":\"ListItem\",\"position\":1,\"name\":\"Home\",\"item\":\"https:\/\/belux.edmo.eu\/lb\/\"},{\"@type\":\"ListItem\",\"position\":2,\"name\":\"Iwwer eis\",\"item\":\"https:\/\/belux.edmo.eu\/lb\/iwwer-eis\/\"},{\"@type\":\"ListItem\",\"position\":3,\"name\":\"EDMO Network Map\"}]},{\"@type\":\"WebSite\",\"@id\":\"https:\/\/belux.edmo.eu\/#website\",\"url\":\"https:\/\/belux.edmo.eu\/\",\"name\":\"EDMO Belux\",\"description\":\"Monitoring Disinformation in Belgium and Luxembourg\",\"publisher\":{\"@id\":\"https:\/\/belux.edmo.eu\/#organization\"},\"potentialAction\":[{\"@type\":\"SearchAction\",\"target\":{\"@type\":\"EntryPoint\",\"urlTemplate\":\"https:\/\/belux.edmo.eu\/?s={search_term_string}\"},\"query-input\":{\"@type\":\"PropertyValueSpecification\",\"valueRequired\":true,\"valueName\":\"search_term_string\"}}],\"inLanguage\":\"lb-LU\"},{\"@type\":\"Organization\",\"@id\":\"https:\/\/belux.edmo.eu\/#organization\",\"name\":\"EDMO Belux\",\"url\":\"https:\/\/belux.edmo.eu\/\",\"logo\":{\"@type\":\"ImageObject\",\"inLanguage\":\"lb-LU\",\"@id\":\"https:\/\/belux.edmo.eu\/#\/schema\/logo\/image\/\",\"url\":\"https:\/\/belux.edmo.eu\/wp-content\/uploads\/2021\/12\/belux-logo-full-color-rgb.svg\",\"contentUrl\":\"https:\/\/belux.edmo.eu\/wp-content\/uploads\/2021\/12\/belux-logo-full-color-rgb.svg\",\"width\":1,\"height\":1,\"caption\":\"EDMO Belux\"},\"image\":{\"@id\":\"https:\/\/belux.edmo.eu\/#\/schema\/logo\/image\/\"},\"sameAs\":[\"https:\/\/x.com\/Edmo_Belux\"]}]}<\/script>\n<!-- \/ Yoast SEO plugin. -->","yoast_head_json":{"title":"EDMO Network Map - EDMO Belux","robots":{"index":"index","follow":"follow","max-snippet":"max-snippet:-1","max-image-preview":"max-image-preview:large","max-video-preview":"max-video-preview:-1"},"canonical":"https:\/\/belux.edmo.eu\/lb\/iwwer-eis\/edmo-map-network\/","og_locale":"en_US","og_type":"article","og_title":"EDMO Network Map - EDMO Belux","og_description":"[vc_row][vc_column][vc_column_text css=&#8221;&#8221;] EDMO BELUX ass en Deel vum europaw\u00e4iten Netzwierk vum Europ\u00e4eschen Observatoire fir Digital Medien\u00a0(European Digital Media Observatory &#8211;...","og_url":"https:\/\/belux.edmo.eu\/lb\/iwwer-eis\/edmo-map-network\/","og_site_name":"EDMO Belux","article_modified_time":"2025-03-05T10:26:49+00:00","twitter_card":"summary_large_image","twitter_site":"@Edmo_Belux","twitter_misc":{"Est. reading time":"1 minute"},"schema":{"@context":"https:\/\/schema.org","@graph":[{"@type":"WebPage","@id":"https:\/\/belux.edmo.eu\/lb\/iwwer-eis\/edmo-map-network\/","url":"https:\/\/belux.edmo.eu\/lb\/iwwer-eis\/edmo-map-network\/","name":"EDMO Network Map - EDMO Belux","isPartOf":{"@id":"https:\/\/belux.edmo.eu\/#website"},"datePublished":"2025-02-05T11:16:39+00:00","dateModified":"2025-03-05T10:26:49+00:00","breadcrumb":{"@id":"https:\/\/belux.edmo.eu\/lb\/iwwer-eis\/edmo-map-network\/#breadcrumb"},"inLanguage":"lb-LU","potentialAction":[{"@type":"ReadAction","target":["https:\/\/belux.edmo.eu\/lb\/iwwer-eis\/edmo-map-network\/"]}]},{"@type":"BreadcrumbList","@id":"https:\/\/belux.edmo.eu\/lb\/iwwer-eis\/edmo-map-network\/#breadcrumb","itemListElement":[{"@type":"ListItem","position":1,"name":"Home","item":"https:\/\/belux.edmo.eu\/lb\/"},{"@type":"ListItem","position":2,"name":"Iwwer eis","item":"https:\/\/belux.edmo.eu\/lb\/iwwer-eis\/"},{"@type":"ListItem","position":3,"name":"EDMO Network Map"}]},{"@type":"WebSite","@id":"https:\/\/belux.edmo.eu\/#website","url":"https:\/\/belux.edmo.eu\/","name":"EDMO Belux","description":"Monitoring Disinformation in Belgium and Luxembourg","publisher":{"@id":"https:\/\/belux.edmo.eu\/#organization"},"potentialAction":[{"@type":"SearchAction","target":{"@type":"EntryPoint","urlTemplate":"https:\/\/belux.edmo.eu\/?s={search_term_string}"},"query-input":{"@type":"PropertyValueSpecification","valueRequired":true,"valueName":"search_term_string"}}],"inLanguage":"lb-LU"},{"@type":"Organization","@id":"https:\/\/belux.edmo.eu\/#organization","name":"EDMO Belux","url":"https:\/\/belux.edmo.eu\/","logo":{"@type":"ImageObject","inLanguage":"lb-LU","@id":"https:\/\/belux.edmo.eu\/#\/schema\/logo\/image\/","url":"https:\/\/belux.edmo.eu\/wp-content\/uploads\/2021\/12\/belux-logo-full-color-rgb.svg","contentUrl":"https:\/\/belux.edmo.eu\/wp-content\/uploads\/2021\/12\/belux-logo-full-color-rgb.svg","width":1,"height":1,"caption":"EDMO Belux"},"image":{"@id":"https:\/\/belux.edmo.eu\/#\/schema\/logo\/image\/"},"sameAs":["https:\/\/x.com\/Edmo_Belux"]}]}},"_links":{"self":[{"href":"https:\/\/belux.edmo.eu\/lb\/wp-json\/wp\/v2\/pages\/384310","targetHints":{"allow":["GET"]}}],"collection":[{"href":"https:\/\/belux.edmo.eu\/lb\/wp-json\/wp\/v2\/pages"}],"about":[{"href":"https:\/\/belux.edmo.eu\/lb\/wp-json\/wp\/v2\/types\/page"}],"author":[{"embeddable":true,"href":"https:\/\/belux.edmo.eu\/lb\/wp-json\/wp\/v2\/users\/14"}],"replies":[{"embeddable":true,"href":"https:\/\/belux.edmo.eu\/lb\/wp-json\/wp\/v2\/comments?post=384310"}],"version-history":[{"count":0,"href":"https:\/\/belux.edmo.eu\/lb\/wp-json\/wp\/v2\/pages\/384310\/revisions"}],"up":[{"embeddable":true,"href":"https:\/\/belux.edmo.eu\/lb\/wp-json\/wp\/v2\/pages\/11940"}],"wp:attachment":[{"href":"https:\/\/belux.edmo.eu\/lb\/wp-json\/wp\/v2\/media?parent=384310"}],"curies":[{"name":"wp","href":"https:\/\/api.w.org\/{rel}","templated":true}]}}