{"id":394838,"date":"2025-05-07T09:47:16","date_gmt":"2025-05-07T09:47:16","guid":{"rendered":"https:\/\/belux.edmo.eu\/be-online-smart\/"},"modified":"2025-05-14T08:05:33","modified_gmt":"2025-05-14T08:05:33","slug":"be-online-smart","status":"publish","type":"page","link":"https:\/\/belux.edmo.eu\/lb\/be-online-smart\/","title":{"rendered":"Be Online Smart"},"content":{"rendered":"<div class=\"wpb-content-wrapper\"><p>[vc_row css=&#8221;.vc_custom_1746526189051{margin-top: 0px !important;padding-top: 0px !important;}&#8221;][vc_column][vc_raw_html css=&#8221;&#8221;]JTNDZGl2JTIwaWQlM0QlMjJmZWF0LWltZyUyMiUzRSUwQSUzQ2ltZyUyMHNyYyUzRCUyMmh0dHBzJTNBJTJGJTJGYmVsdXgtZWRtby5zMy1hY2NlbGVyYXRlLmFtYXpvbmF3cy5jb20lMkZ3cC1jb250ZW50JTJGdXBsb2FkcyUyRjIwMjUlMkYwNSUyRmJlb25saW5lc21hcnQtYmVsdXguanBnJTIyJTIwJTJGJTNFJTBBJTNDJTJGZGl2JTNF[\/vc_raw_html][\/vc_column][\/vc_row][vc_row][vc_column][vc_column_text css=&#8221;&#8221;]\u201eBe Online Smart\u201c ass eng Campagne vum European Digital Media Observatory (EDMO) a sengem Netzwierk vu 14 nationale Plattformen. Si soll d&#8217;Bewosstsinn dofir sch\u00e4erfen, w\u00e9i Algorithmen eis Online-Erfarunge pr\u00e4gen \u2013 vun den Norichten, d\u00e9i mir liesen, bis zu de Videoen, d\u00e9i mir kucken. Recommandatiounssystemer h\u00ebllefen eis, Contenuen ze entdecken, d\u00e9i eis gefalen, mee si k\u00ebnnen och aschr\u00e4nken, wat mir gesinn, Desinformatioun verst\u00e4erken a Virurteeler verfestegen. Wa mir verstinn, w\u00e9i Algorithme funktion\u00e9ieren a w\u00e9i si eis Online-Liewe beaflossen, k\u00ebnne mir m\u00e9i inform\u00e9iert Entscheedungen treffen, Falschinformatiounen erkennen a besser inform\u00e9iert bleiwen.[\/vc_column_text][\/vc_column][\/vc_row][vc_row][vc_column][vc_column_text css=&#8221;&#8221;]<\/p>\n<h2><span style=\"font-weight: 800;\">D&#8217;Roll vu Recommandatiounsalgorithmen beim Zougang zu Informatiounen, W\u00ebssen a Contenuen an der Online-Welt.<\/span><\/h2>\n<p>[\/vc_column_text]<div class=\"clearboth\"><\/div><style>#thegem-divider-69e90543ac415 {margin-bottom: 40px !important;}<\/style><div id=\"thegem-divider-69e90543ac415\" class=\"gem-divider  \" style=\"border-width: 1px;width: 100px;border-color: #FFCD05;\" ><\/div>[vc_column_text css=&#8221;&#8221;]Vill Tools \u2013 Internetsitten, Sichmaschinnen, sozial Netzwierker \u2013 benotzen Algorithmen, fir d&#8217;Informatiounen ze organis\u00e9ieren, d\u00e9i si eis affich\u00e9ieren<strong>.<\/strong>[\/vc_column_text][\/vc_column][\/vc_row][vc_row][vc_column][vc_column_text css=&#8221;&#8221;]<\/p>\n<h3><b>Wat ass en Algorithmus?<\/b><\/h3>\n<p>[\/vc_column_text]<div class=\"clearboth\"><\/div><style>#thegem-divider-69e90543ac491 {margin-bottom: 40px !important;}<\/style><div id=\"thegem-divider-69e90543ac491\" class=\"gem-divider  \" style=\"border-width: 1px;width: 100px;border-color: #FFCD05;\" ><\/div>[vc_column_text css=&#8221;&#8221;]En Algorithmus ass eng Rei vun Uweisungen oder Reegelen, d\u00e9i e Computer benotzt, fir eng Aufgab auszef\u00e9ieren, e Problem ze l\u00e9isen oder eng Entscheedung ze treffen.<\/p>\n<p>Algorithme ginn online a ville verschiddene Kontexter benotzt a k\u00ebnne jee no Aufgab relativ einfach sinn \u2013 beispillsweis d&#8217;Sort\u00e9iere vun enger L\u00ebscht vun Nimm an alphabetescher Reiefolleg \u2013 oder immens komplex.<\/p>\n<p>D&#8217;sozial Medien a Sichmaschinne benotze Recommandatiounsalgorithmen, fir ze decid\u00e9ieren, w\u00e9i eng B\u00e4itr\u00e4g oder Sichresultater all eenzelem Notzer ugewise ginn.<\/p>\n<p>Musek-Streaming-Servicer benotzen se, fir unhand vun der Musek, d\u00e9i eng best\u00ebmmte Persoun lauschtert, oder unhand vun Informatiounen doriwwer, wou (Standuert a benotzten Apparat) a w\u00e9i (verbruechten Z\u00e4it) si lauschtert, virauszesoen, w\u00e9i eng Musek hir gefale k\u00e9int. Fernsee- a Film-Streaming-Servicer benotzen se op \u00e4nlech Aart a Weis.[\/vc_column_text][\/vc_column][\/vc_row][vc_row][vc_column][vc_column_text css=&#8221;&#8221;]<\/p>\n<h3><b>Firwat ass et wichteg ze w\u00ebssen, w\u00e9i se funktion\u00e9ieren?<\/b><\/h3>\n<p>[\/vc_column_text]<div class=\"clearboth\"><\/div><style>#thegem-divider-69e90543ac4df {margin-bottom: 40px !important;}<\/style><div id=\"thegem-divider-69e90543ac4df\" class=\"gem-divider  \" style=\"border-width: 1px;width: 100px;border-color: #FFCD05;\" ><\/div>[vc_column_text css=&#8221;&#8221;]Et ass wichteg, e b\u00ebssen e Verst\u00e4ndnis dovun ze hunn, w\u00e9i Algorithmen (an d\u00e9ij\u00e9ineg, d\u00e9i se entw\u00e9ckelen) \u00c4r Erfarungen an der Online-Welt esouw\u00e9i \u00c4r Perceptioun vun der Offline-Welt an \u00c4r Interaktioun mat d\u00ebser beaflossen. Algorithme gi benotzt, fir Entscheedungen iwwer d\u00e9i Contenuen ze treffen, d\u00e9i Dir op verschiddenen Internetsitte gesitt, a si hunn e groussen Afloss op d&#8217;W\u00ebssen an d&#8217;Informatiounen, mat deenen Dir a Kontakt kommt.<\/p>\n<p>Vill sozial Netzwierker an aner Internetsitte verd\u00e9ngen hir Sue mat Reklammen. Fir m\u00e9i Geld ze verd\u00e9ngen, w\u00ebllen si \u00c4r Opmierksamkeet op sech l\u00e9nken, andeems se Iech op hiren Internetsitten oder Apps halen an dofir suergen, dass Dir nees zer\u00e9ckkommt.<\/p>\n<p>Dofir zilen hir Algorithmen oft dorop of, Iech Contenuen ze weisen, vun deenen si mengen, dass Dir se w\u00ebllt gesinn, esouw\u00e9i Contenuen, vun deenen si mengen, dass Dir se deele w\u00ebllt.[\/vc_column_text][\/vc_column][\/vc_row][vc_row][vc_column][vc_column_text css=&#8221;&#8221;]<\/p>\n<h3><b>Algorithmen: Fr\u00ebnd a Feind<\/b><\/h3>\n<p>[\/vc_column_text]<div class=\"clearboth\"><\/div><style>#thegem-divider-69e90543ac53f {margin-bottom: 40px !important;}<\/style><div id=\"thegem-divider-69e90543ac53f\" class=\"gem-divider  \" style=\"border-width: 1px;width: 100px;border-color: #FFCD05;\" ><\/div>[vc_column_text css=&#8221;&#8221;]<\/p>\n<ul>\n<li><strong>Algorithmen droen dozou b\u00e4i, \u00c4r Erfarungen an der digitaler Welt ze verbesseren<\/strong><\/li>\n<\/ul>\n<p>Algorithme k\u00ebnne s\u00e9cherstellen, dass Dir online relevant an interessant Contenue gesitt. An engem sozialen Netzwierk k\u00ebnnen d\u00ebs beispillsweis Updates vun \u00c4ren enkste Fr\u00ebnn sinn, amplaz vu Persounen, d\u00e9i Dir net esou gutt kennt. An engem Noriichtenaggregator k\u00e9inten d\u00ebs Artikele vun den Noriichtenagenc\u00eb sinn, deenen Dir am meeschte vertraut, amplaz vun deenen, d\u00e9i Dir net esou oft liest. A bei engem Musek- oder Fernsee-Streamingservice k\u00e9int Dir esou Lidder oder Fernseeserien entdecken, d\u00e9i Iech gefalen, mee d\u00e9i Dir soss ni fonnt h\u00e4tt.<\/p>\n<ul>\n<li><strong>Mee si k\u00ebnnen och dozou b\u00e4idroen, Falschinformatiounen ze verbreeden\u00a0<\/strong><\/li>\n<\/ul>\n<p>&#8230;an dofir suergen, dass d\u00ebs sech ganz s\u00e9ier op \u201eviral\u201c Aart a Weis verbreeden.<\/p>\n<p>Desinformatioune l\u00e9isen oft staark emotional Reaktiounen aus a br\u00e9nge M\u00ebnschen dozou, se an engem Moment vun Indignatioun, Opreegung oder Schock ze deelen. Algorithme k\u00ebnnen dozou m\u00ebssbraucht ginn, esou Contenuen ze verst\u00e4erken, well si se als Contenuen interpret\u00e9ieren, d\u00e9i d&#8217;Leit g\u00e4re w\u00eblle gesinn.<\/p>\n<ul>\n<li><strong>An Iech an enger\u00a0\u201eBlos\u201c ze halen<\/strong><\/li>\n<\/ul>\n<p>Wat d&#8217;Algorithme fir Iech eraussichen, ass net dat n\u00e4mmlecht, wat all d\u00e9i aner gesinn, vu Sichresultater op Google, bis hin zu Recommandatioune fir den n\u00e4chste Video op YouTube. Dat heescht, dass Dir online m\u00e9iglecherweis net dat ganzt Bild gesitt \u2013 et ass esou, w\u00e9i wann Dir an enger Informatiounsblos gefaange sidd.[\/vc_column_text][\/vc_column][\/vc_row][vc_row][vc_column][vc_column_text css=&#8221;&#8221;]<\/p>\n<h3><b>Wat k\u00ebnnt Dir also maachen? <\/b><\/h3>\n<p>[\/vc_column_text]<div class=\"clearboth\"><\/div><style>#thegem-divider-69e90543ac582 {margin-bottom: 40px !important;}<\/style><div id=\"thegem-divider-69e90543ac582\" class=\"gem-divider  \" style=\"border-width: 1px;width: 100px;border-color: #FFCD05;\" ><\/div>[vc_tta_accordion active_section=&#8221;-1&#8243; collapsible_all=&#8221;true&#8221;][vc_tta_section title=&#8221;STOP&#8221; tab_id=&#8221;1746524217374-73077675-2b00&#8243;][vc_column_text css=&#8221;&#8221;]<\/p>\n<ul>\n<li style=\"font-weight: 400;\" aria-level=\"1\"><span style=\"font-weight: 400;\">Gleeft net alles, just well et vill gedeelt g\u00ebtt.<\/span><\/li>\n<\/ul>\n<p>[\/vc_column_text][\/vc_tta_section][vc_tta_section title=&#8221;NODENKEN&#8221; tab_id=&#8221;1746524443459-20feec2d-782a&#8221;][vc_column_text css=&#8221;&#8221;]<\/p>\n<ul>\n<li>Liest d\u00e9i ganz Geschicht, amplaz just kuerz iwwer d&#8217;Schlagzeilen an de soziale Medien ze liesen<\/li>\n<li>Denkt dorun, dass Algorithmen oft esou programm\u00e9iert sinn, dass se Iech Contenue weisen, d\u00e9i Dir gesi w\u00ebllt.<\/li>\n<li>Hannerfrot den Algorithmus: Iwwerleet, wat duergestallt g\u00ebtt a wat ausgelooss g\u00ebtt.<\/li>\n<\/ul>\n<p>[\/vc_column_text][\/vc_tta_section][vc_tta_section title=&#8221;IWWERPR\u00c9IWEN&#8221; tab_id=&#8221;1746524471884-cde9c9bf-317b&#8221;][vc_column_text css=&#8221;&#8221;]<\/p>\n<ul>\n<li>Sicht no e puer Quellen a l\u00e9iert, w\u00e9i engen dass dir vertraue k\u00ebnnt.<\/li>\n<\/ul>\n<p>[\/vc_column_text][\/vc_tta_section][vc_tta_section title=&#8221;L\u00c9IEREN&#8221; tab_id=&#8221;1746524483876-4fcd9494-161f&#8221;][vc_column_text css=&#8221;&#8221;]<\/p>\n<ul>\n<li>Inform\u00e9iert Iech doriwwer, w\u00e9i Algorithme funktion\u00e9ieren (an net funktion\u00e9ieren)<\/li>\n<\/ul>\n<p>E puer Virschl\u00e9i:<\/p>\n<ul>\n<li><a href=\"https:\/\/www.bbc.co.uk\/programmes\/p030s6b3\">The Secret Rules of Modern Living: Algorithms<\/a>. Eng exzellent Erkl\u00e4rung, w\u00e9i de Ranking-Algorithmus vu Google funktion\u00e9iert \u2013 kuckt Iech de Clip <a href=\"https:\/\/www.bbc.co.uk\/programmes\/p032rf5d\">hei<\/a> un.<\/li>\n<li><a href=\"https:\/\/www.youtube.com\/watch?v=r34aENF8vUY\">The Social Dilemma \u2013 Bonus Clip: The Discrimination Dilemma<\/a>. Algorithme bas\u00e9ieren op Virurteeler. \u201eSi soen d&#8217;Zukunft net viraus. Si verursaachen d&#8217;Zukunft.\u201c<\/li>\n<li>De <a href=\"https:\/\/algorithmic-transparency.ec.europa.eu\/about_en\">European Centre for Algorithmic Transparency<\/a> \u00ebnnersicht d&#8217;Auswierkunge vun algorithmesche Systemer, d\u00e9i vun Online-Plattformen a Sichmaschinne benotzt ginn.<\/li>\n<li>Netflix<a href=\"https:\/\/help.netflix.com\/en\/node\/100639#:~:text=We%20take%20feedback%20from%20every,re%20most%20likely%20to%20watch\"> erkl\u00e4ert, w\u00e9i s\u00e4i Recommandatiounssystem funktion\u00e9iert\u00a0<\/a><\/li>\n<\/ul>\n<p>[\/vc_column_text][\/vc_tta_section][\/vc_tta_accordion]<div class=\"gem-button-container gem-button-position-left thegem-button-69e90543ac64f6703    \"  ><a class=\"gem-button gem-button-size-small gem-button-style-outline gem-button-text-weight-normal gem-button-border-2\" data-ll-effect=\"drop-right-without-wrap\" style=\"border-radius: 3px;\" onmouseleave=\"\" onmouseenter=\"\" href=\"https:\/\/edmo.eu\/beonlinesmart\/\" target=\"_blank\">L\u00e9iert m\u00e9i op der EDMO Webs\u00e4it<\/a><\/div> [\/vc_column][\/vc_row][vc_row][vc_column][vc_column_text css=&#8221;&#8221;]<\/p>\n<h3><b>Visuals vun der Campagne<\/b><\/h3>\n<p>[\/vc_column_text]<div class=\"clearboth\"><\/div><style>#thegem-divider-69e90543ac6b2 {margin-bottom: 40px !important;}<\/style><div id=\"thegem-divider-69e90543ac6b2\" class=\"gem-divider  \" style=\"border-width: 1px;width: 100px;border-color: #FFCD05;\" ><\/div>[vc_raw_html css=&#8221;&#8221;]JTNDZGl2JTIwaWQlM0QlMjJ2aXN1YWwlMjIlM0UlMEElM0NpbWclMjBzcmMlM0QlMjJodHRwcyUzQSUyRiUyRmJlbHV4LWVkbW8uczMtYWNjZWxlcmF0ZS5hbWF6b25hd3MuY29tJTJGd3AtY29udGVudCUyRnVwbG9hZHMlMkYyMDI1JTJGMDUlMkZ0V1VBczJNWS01LnBuZyUyMiUyMCUyRiUzRSUwQSUzQyUyRmRpdiUzRQ==[\/vc_raw_html]<div class=\"gem-button-container gem-button-position-left thegem-button-69e90543ac73a470    \"  ><a class=\"gem-button gem-button-size-small gem-button-style-outline gem-button-text-weight-normal gem-button-border-2\" data-ll-effect=\"drop-right-without-wrap\" style=\"border-radius: 3px;\" onmouseleave=\"\" onmouseenter=\"\" href=\"https:\/\/belux-edmo.s3-accelerate.amazonaws.com\/wp-content\/uploads\/2025\/05\/EDMO-BELUX_BeOnlineSmart_Campaign_Postcards.zip\" target=\"_blank\">Download hei<\/a><\/div> [\/vc_column][\/vc_row]<\/p>\n<\/div>","protected":false},"excerpt":{"rendered":"<p>[vc_row css=&#8221;.vc_custom_1746526189051{margin-top: 0px !important;padding-top: 0px !important;}&#8221;][vc_column][vc_raw_html css=&#8221;&#8221;]JTNDZGl2JTIwaWQlM0QlMjJmZWF0LWltZyUyMiUzRSUwQSUzQ2ltZyUyMHNyYyUzRCUyMmh0dHBzJTNBJTJGJTJGYmVsdXgtZWRtby5zMy1hY2NlbGVyYXRlLmFtYXpvbmF3cy5jb20lMkZ3cC1jb250ZW50JTJGdXBsb2FkcyUyRjIwMjUlMkYwNSUyRmJlb25saW5lc21hcnQtYmVsdXguanBnJTIyJTIwJTJGJTNFJTBBJTNDJTJGZGl2JTNF[\/vc_raw_html][\/vc_column][\/vc_row][vc_row][vc_column][vc_column_text css=&#8221;&#8221;]\u201eBe Online Smart\u201c ass eng Campagne vum European Digital Media Observatory (EDMO) a&#8230;<\/p>\n","protected":false},"author":14,"featured_media":0,"parent":0,"menu_order":0,"comment_status":"closed","ping_status":"closed","template":"","meta":{"_acf_changed":false,"footnotes":""},"class_list":["post-394838","page","type-page","status-publish"],"acf":[],"yoast_head":"<!-- This site is optimized with the Yoast SEO plugin v27.0 - https:\/\/yoast.com\/product\/yoast-seo-wordpress\/ -->\n<title>Be Online Smart - EDMO Belux<\/title>\n<meta name=\"robots\" content=\"index, follow, max-snippet:-1, max-image-preview:large, max-video-preview:-1\" \/>\n<link rel=\"canonical\" href=\"https:\/\/belux.edmo.eu\/lb\/be-online-smart\/\" \/>\n<meta property=\"og:locale\" content=\"en_US\" \/>\n<meta property=\"og:type\" content=\"article\" \/>\n<meta property=\"og:title\" content=\"Be Online Smart - EDMO Belux\" \/>\n<meta property=\"og:description\" content=\"[vc_row css=&#8221;.vc_custom_1746526189051{margin-top: 0px !important;padding-top: 0px !important;}&#8221;][vc_column][vc_raw_html css=&#8221;&#8221;]JTNDZGl2JTIwaWQlM0QlMjJmZWF0LWltZyUyMiUzRSUwQSUzQ2ltZyUyMHNyYyUzRCUyMmh0dHBzJTNBJTJGJTJGYmVsdXgtZWRtby5zMy1hY2NlbGVyYXRlLmFtYXpvbmF3cy5jb20lMkZ3cC1jb250ZW50JTJGdXBsb2FkcyUyRjIwMjUlMkYwNSUyRmJlb25saW5lc21hcnQtYmVsdXguanBnJTIyJTIwJTJGJTNFJTBBJTNDJTJGZGl2JTNF[\/vc_raw_html][\/vc_column][\/vc_row][vc_row][vc_column][vc_column_text css=&#8221;&#8221;]\u201eBe Online Smart\u201c ass eng Campagne vum European Digital Media Observatory (EDMO) a...\" \/>\n<meta property=\"og:url\" content=\"https:\/\/belux.edmo.eu\/lb\/be-online-smart\/\" \/>\n<meta property=\"og:site_name\" content=\"EDMO Belux\" \/>\n<meta property=\"article:modified_time\" content=\"2025-05-14T08:05:33+00:00\" \/>\n<meta name=\"twitter:card\" content=\"summary_large_image\" \/>\n<meta name=\"twitter:site\" content=\"@Edmo_Belux\" \/>\n<meta name=\"twitter:label1\" content=\"Est. reading time\" \/>\n\t<meta name=\"twitter:data1\" content=\"4 minutes\" \/>\n<script type=\"application\/ld+json\" class=\"yoast-schema-graph\">{\"@context\":\"https:\/\/schema.org\",\"@graph\":[{\"@type\":\"WebPage\",\"@id\":\"https:\/\/belux.edmo.eu\/lb\/be-online-smart\/\",\"url\":\"https:\/\/belux.edmo.eu\/lb\/be-online-smart\/\",\"name\":\"Be Online Smart - EDMO Belux\",\"isPartOf\":{\"@id\":\"https:\/\/belux.edmo.eu\/#website\"},\"datePublished\":\"2025-05-07T09:47:16+00:00\",\"dateModified\":\"2025-05-14T08:05:33+00:00\",\"breadcrumb\":{\"@id\":\"https:\/\/belux.edmo.eu\/lb\/be-online-smart\/#breadcrumb\"},\"inLanguage\":\"lb-LU\",\"potentialAction\":[{\"@type\":\"ReadAction\",\"target\":[\"https:\/\/belux.edmo.eu\/lb\/be-online-smart\/\"]}]},{\"@type\":\"BreadcrumbList\",\"@id\":\"https:\/\/belux.edmo.eu\/lb\/be-online-smart\/#breadcrumb\",\"itemListElement\":[{\"@type\":\"ListItem\",\"position\":1,\"name\":\"Home\",\"item\":\"https:\/\/belux.edmo.eu\/lb\/\"},{\"@type\":\"ListItem\",\"position\":2,\"name\":\"Be Online Smart\"}]},{\"@type\":\"WebSite\",\"@id\":\"https:\/\/belux.edmo.eu\/#website\",\"url\":\"https:\/\/belux.edmo.eu\/\",\"name\":\"EDMO Belux\",\"description\":\"Monitoring Disinformation in Belgium and Luxembourg\",\"publisher\":{\"@id\":\"https:\/\/belux.edmo.eu\/#organization\"},\"potentialAction\":[{\"@type\":\"SearchAction\",\"target\":{\"@type\":\"EntryPoint\",\"urlTemplate\":\"https:\/\/belux.edmo.eu\/?s={search_term_string}\"},\"query-input\":{\"@type\":\"PropertyValueSpecification\",\"valueRequired\":true,\"valueName\":\"search_term_string\"}}],\"inLanguage\":\"lb-LU\"},{\"@type\":\"Organization\",\"@id\":\"https:\/\/belux.edmo.eu\/#organization\",\"name\":\"EDMO Belux\",\"url\":\"https:\/\/belux.edmo.eu\/\",\"logo\":{\"@type\":\"ImageObject\",\"inLanguage\":\"lb-LU\",\"@id\":\"https:\/\/belux.edmo.eu\/#\/schema\/logo\/image\/\",\"url\":\"https:\/\/belux.edmo.eu\/wp-content\/uploads\/2021\/12\/belux-logo-full-color-rgb.svg\",\"contentUrl\":\"https:\/\/belux.edmo.eu\/wp-content\/uploads\/2021\/12\/belux-logo-full-color-rgb.svg\",\"width\":1,\"height\":1,\"caption\":\"EDMO Belux\"},\"image\":{\"@id\":\"https:\/\/belux.edmo.eu\/#\/schema\/logo\/image\/\"},\"sameAs\":[\"https:\/\/x.com\/Edmo_Belux\"]}]}<\/script>\n<!-- \/ Yoast SEO plugin. -->","yoast_head_json":{"title":"Be Online Smart - EDMO Belux","robots":{"index":"index","follow":"follow","max-snippet":"max-snippet:-1","max-image-preview":"max-image-preview:large","max-video-preview":"max-video-preview:-1"},"canonical":"https:\/\/belux.edmo.eu\/lb\/be-online-smart\/","og_locale":"en_US","og_type":"article","og_title":"Be Online Smart - EDMO Belux","og_description":"[vc_row css=&#8221;.vc_custom_1746526189051{margin-top: 0px !important;padding-top: 0px !important;}&#8221;][vc_column][vc_raw_html css=&#8221;&#8221;]JTNDZGl2JTIwaWQlM0QlMjJmZWF0LWltZyUyMiUzRSUwQSUzQ2ltZyUyMHNyYyUzRCUyMmh0dHBzJTNBJTJGJTJGYmVsdXgtZWRtby5zMy1hY2NlbGVyYXRlLmFtYXpvbmF3cy5jb20lMkZ3cC1jb250ZW50JTJGdXBsb2FkcyUyRjIwMjUlMkYwNSUyRmJlb25saW5lc21hcnQtYmVsdXguanBnJTIyJTIwJTJGJTNFJTBBJTNDJTJGZGl2JTNF[\/vc_raw_html][\/vc_column][\/vc_row][vc_row][vc_column][vc_column_text css=&#8221;&#8221;]\u201eBe Online Smart\u201c ass eng Campagne vum European Digital Media Observatory (EDMO) a...","og_url":"https:\/\/belux.edmo.eu\/lb\/be-online-smart\/","og_site_name":"EDMO Belux","article_modified_time":"2025-05-14T08:05:33+00:00","twitter_card":"summary_large_image","twitter_site":"@Edmo_Belux","twitter_misc":{"Est. reading time":"4 minutes"},"schema":{"@context":"https:\/\/schema.org","@graph":[{"@type":"WebPage","@id":"https:\/\/belux.edmo.eu\/lb\/be-online-smart\/","url":"https:\/\/belux.edmo.eu\/lb\/be-online-smart\/","name":"Be Online Smart - EDMO Belux","isPartOf":{"@id":"https:\/\/belux.edmo.eu\/#website"},"datePublished":"2025-05-07T09:47:16+00:00","dateModified":"2025-05-14T08:05:33+00:00","breadcrumb":{"@id":"https:\/\/belux.edmo.eu\/lb\/be-online-smart\/#breadcrumb"},"inLanguage":"lb-LU","potentialAction":[{"@type":"ReadAction","target":["https:\/\/belux.edmo.eu\/lb\/be-online-smart\/"]}]},{"@type":"BreadcrumbList","@id":"https:\/\/belux.edmo.eu\/lb\/be-online-smart\/#breadcrumb","itemListElement":[{"@type":"ListItem","position":1,"name":"Home","item":"https:\/\/belux.edmo.eu\/lb\/"},{"@type":"ListItem","position":2,"name":"Be Online Smart"}]},{"@type":"WebSite","@id":"https:\/\/belux.edmo.eu\/#website","url":"https:\/\/belux.edmo.eu\/","name":"EDMO Belux","description":"Monitoring Disinformation in Belgium and Luxembourg","publisher":{"@id":"https:\/\/belux.edmo.eu\/#organization"},"potentialAction":[{"@type":"SearchAction","target":{"@type":"EntryPoint","urlTemplate":"https:\/\/belux.edmo.eu\/?s={search_term_string}"},"query-input":{"@type":"PropertyValueSpecification","valueRequired":true,"valueName":"search_term_string"}}],"inLanguage":"lb-LU"},{"@type":"Organization","@id":"https:\/\/belux.edmo.eu\/#organization","name":"EDMO Belux","url":"https:\/\/belux.edmo.eu\/","logo":{"@type":"ImageObject","inLanguage":"lb-LU","@id":"https:\/\/belux.edmo.eu\/#\/schema\/logo\/image\/","url":"https:\/\/belux.edmo.eu\/wp-content\/uploads\/2021\/12\/belux-logo-full-color-rgb.svg","contentUrl":"https:\/\/belux.edmo.eu\/wp-content\/uploads\/2021\/12\/belux-logo-full-color-rgb.svg","width":1,"height":1,"caption":"EDMO Belux"},"image":{"@id":"https:\/\/belux.edmo.eu\/#\/schema\/logo\/image\/"},"sameAs":["https:\/\/x.com\/Edmo_Belux"]}]}},"_links":{"self":[{"href":"https:\/\/belux.edmo.eu\/lb\/wp-json\/wp\/v2\/pages\/394838","targetHints":{"allow":["GET"]}}],"collection":[{"href":"https:\/\/belux.edmo.eu\/lb\/wp-json\/wp\/v2\/pages"}],"about":[{"href":"https:\/\/belux.edmo.eu\/lb\/wp-json\/wp\/v2\/types\/page"}],"author":[{"embeddable":true,"href":"https:\/\/belux.edmo.eu\/lb\/wp-json\/wp\/v2\/users\/14"}],"replies":[{"embeddable":true,"href":"https:\/\/belux.edmo.eu\/lb\/wp-json\/wp\/v2\/comments?post=394838"}],"version-history":[{"count":0,"href":"https:\/\/belux.edmo.eu\/lb\/wp-json\/wp\/v2\/pages\/394838\/revisions"}],"wp:attachment":[{"href":"https:\/\/belux.edmo.eu\/lb\/wp-json\/wp\/v2\/media?parent=394838"}],"curies":[{"name":"wp","href":"https:\/\/api.w.org\/{rel}","templated":true}]}}