{"id":402509,"date":"2025-09-29T09:49:37","date_gmt":"2025-09-29T09:49:37","guid":{"rendered":"https:\/\/belux.edmo.eu\/faktencheck\/visualizations\/"},"modified":"2025-10-01T07:18:16","modified_gmt":"2025-10-01T07:18:16","slug":"visualiseierungen","status":"publish","type":"page","link":"https:\/\/belux.edmo.eu\/lb\/faktencheck\/visualiseierungen\/","title":{"rendered":"Visualis\u00e9ierungen"},"content":{"rendered":"<div class=\"wpb-content-wrapper\"><p>[vc_row css=&#8221;.vc_custom_1638957607328{margin-top: 0px !important;margin-bottom: 0px !important;padding-top: 0px !important;padding-bottom: 0px !important;}&#8221;][vc_column][vc_column_text css=&#8221;&#8221; css_animation=&#8221;bottom-to-top&#8221;]<\/p>\n<div class=\"title-h1\">Desinformatioun permanent <span class=\"line-style\">iwwerwaachen<\/span><\/div>\n<p>[\/vc_column_text]<div class=\"clearboth\"><\/div><style>#thegem-divider-69e34bc4952d0 {margin-top: 60px !important;}<\/style><div id=\"thegem-divider-69e34bc4952d0\" class=\"gem-divider  \" style=\"\" ><\/div>[vc_column_text css=&#8221;&#8221; css_animation=&#8221;bottom-to-top&#8221;]Den EDMO BELUX-Projet stellt e kontinu\u00e9ierleche Floss vu Fakteniwwerpr\u00e9iwungen aus \u00ebnnerschiddleche Quellen hir. D\u00ebse Flow vu Faktenchecks g\u00ebtt an d\u00ebsem Faktencheck-Depot archiv\u00e9iert, deen de Visitteure vun der Webs\u00e4it d\u2019M\u00e9iglechkeet bitt, duerch d\u2019Faktenchecks ze navig\u00e9ieren an evolutiv Musteren oder narrativen z\u2018observ\u00e9ieren. Well Desinformatiounskampagne seelen d\u2019Grenze vun Natioune respekt\u00e9ieren, erm\u00e9iglecht d\u00ebst m\u00e9isproochegt Archiv e bessert Verst\u00e4ndnis vun den \u00ebnnerschwellegen an \u00fcblechen Akteuren, an den Toolen d\u00e9i benotzt gi fir Desinformatiounskampagnen an der ganzer EU. Faktenchecks k\u00ebnne gefiltert an duerchsicht ginn, Date k\u00ebnnen an \u00ebnnerschiddlechen Dateiformater fir d\u2019Weiderverbreedung export\u00e9iert ginn.[\/vc_column_text]<div class=\"clearboth\"><\/div><style>#thegem-divider-69e34bc495311 {margin-top: 60px !important;}<\/style><div id=\"thegem-divider-69e34bc495311\" class=\"gem-divider  \" style=\"\" ><\/div>[\/vc_column][\/vc_row][vc_row full_width=&#8221;stretch_row_content&#8221; full_height=&#8221;yes&#8221;][vc_column]<div id=\"fullwidth-block-69e34bc495346\" class=\"fullwidth-block clearfix\"  style=\"background-color: #f0f3f2;padding-top: 34px;padding-bottom: 34px;\"><script type=\"text\/javascript\">if (typeof(gem_fix_fullwidth_position) == \"function\") { gem_fix_fullwidth_position(document.getElementById(\"fullwidth-block-69e34bc495346\")); }<\/script><div class=\"fullwidth-block-inner\">[vc_raw_html css=&#8221;&#8221;]JTNDZGl2JTIwc3R5bGUlM0QlMjJ3aWR0aCUzQSUyMDEwMCUyNSUzQiUyMGhlaWdodCUzQSUyMDEwMGR2aCUzQiUyMGRpc3BsYXklM0ElMjBmbGV4JTNCJTIwanVzdGlmeS1jb250ZW50JTNBJTIwY2VudGVyJTNCJTIwYWxpZ24taXRlbXMlM0ElMjBjZW50ZXIlM0IlMjIlM0UlMEElMjAlMjAlMjAlMjAlM0NpZnJhbWUlMjBzcmMlM0QlMjJodHRwcyUzQSUyRiUyRmJlbHV4LWFyY2hpdmVzLmlsYWJodWIuYXRjLmdyJTJGdmlzdWFsaXphdGlvbnMlMkZsYiUyMiUyMGZyYW1lYm9yZGVyJTNEJTIyMCUyMiUyMHN0eWxlJTNEJTIyd2lkdGglM0ElMjAxMDAlMjUlM0IlMjBoZWlnaHQlM0ElMjAxMDAlMjUlM0IlMjIlMjBhbGxvdyUzRCUyMmZ1bGxzY3JlZW4lMjIlMjBhbGxvd2Z1bGxzY3JlZW4lM0UlM0MlMkZpZnJhbWUlM0UlMEElM0MlMkZkaXYlM0U=[\/vc_raw_html]<\/div><\/div>[\/vc_column][\/vc_row]<\/p>\n<\/div>","protected":false},"excerpt":{"rendered":"<p>[vc_row css=&#8221;.vc_custom_1638957607328{margin-top: 0px !important;margin-bottom: 0px !important;padding-top: 0px !important;padding-bottom: 0px !important;}&#8221;][vc_column][vc_column_text css=&#8221;&#8221; css_animation=&#8221;bottom-to-top&#8221;] Desinformatioun permanent iwwerwaachen [\/vc_column_text][vc_column_text css=&#8221;&#8221; css_animation=&#8221;bottom-to-top&#8221;]Den EDMO BELUX-Projet&#8230;<\/p>\n","protected":false},"author":1,"featured_media":0,"parent":12016,"menu_order":2,"comment_status":"closed","ping_status":"closed","template":"","meta":{"_acf_changed":false,"footnotes":""},"class_list":["post-402509","page","type-page","status-publish"],"acf":[],"yoast_head":"<!-- This site is optimized with the Yoast SEO plugin v27.0 - https:\/\/yoast.com\/product\/yoast-seo-wordpress\/ -->\n<title>Visualis\u00e9ierungen - EDMO Belux<\/title>\n<meta name=\"robots\" content=\"index, follow, max-snippet:-1, max-image-preview:large, max-video-preview:-1\" \/>\n<link rel=\"canonical\" href=\"https:\/\/belux.edmo.eu\/lb\/faktencheck\/visualiseierungen\/\" \/>\n<meta property=\"og:locale\" content=\"en_US\" \/>\n<meta property=\"og:type\" content=\"article\" \/>\n<meta property=\"og:title\" content=\"Visualis\u00e9ierungen - EDMO Belux\" \/>\n<meta property=\"og:description\" content=\"[vc_row css=&#8221;.vc_custom_1638957607328{margin-top: 0px !important;margin-bottom: 0px !important;padding-top: 0px !important;padding-bottom: 0px !important;}&#8221;][vc_column][vc_column_text css=&#8221;&#8221; css_animation=&#8221;bottom-to-top&#8221;] Desinformatioun permanent iwwerwaachen [\/vc_column_text][vc_column_text css=&#8221;&#8221; css_animation=&#8221;bottom-to-top&#8221;]Den EDMO BELUX-Projet...\" \/>\n<meta property=\"og:url\" content=\"https:\/\/belux.edmo.eu\/lb\/faktencheck\/visualiseierungen\/\" \/>\n<meta property=\"og:site_name\" content=\"EDMO Belux\" \/>\n<meta property=\"article:modified_time\" content=\"2025-10-01T07:18:16+00:00\" \/>\n<meta name=\"twitter:card\" content=\"summary_large_image\" \/>\n<meta name=\"twitter:site\" content=\"@Edmo_Belux\" \/>\n<meta name=\"twitter:label1\" content=\"Est. reading time\" \/>\n\t<meta name=\"twitter:data1\" content=\"1 minute\" \/>\n<script type=\"application\/ld+json\" class=\"yoast-schema-graph\">{\"@context\":\"https:\/\/schema.org\",\"@graph\":[{\"@type\":\"WebPage\",\"@id\":\"https:\/\/belux.edmo.eu\/lb\/faktencheck\/visualiseierungen\/\",\"url\":\"https:\/\/belux.edmo.eu\/lb\/faktencheck\/visualiseierungen\/\",\"name\":\"Visualis\u00e9ierungen - EDMO Belux\",\"isPartOf\":{\"@id\":\"https:\/\/belux.edmo.eu\/#website\"},\"datePublished\":\"2025-09-29T09:49:37+00:00\",\"dateModified\":\"2025-10-01T07:18:16+00:00\",\"breadcrumb\":{\"@id\":\"https:\/\/belux.edmo.eu\/lb\/faktencheck\/visualiseierungen\/#breadcrumb\"},\"inLanguage\":\"lb-LU\",\"potentialAction\":[{\"@type\":\"ReadAction\",\"target\":[\"https:\/\/belux.edmo.eu\/lb\/faktencheck\/visualiseierungen\/\"]}]},{\"@type\":\"BreadcrumbList\",\"@id\":\"https:\/\/belux.edmo.eu\/lb\/faktencheck\/visualiseierungen\/#breadcrumb\",\"itemListElement\":[{\"@type\":\"ListItem\",\"position\":1,\"name\":\"Home\",\"item\":\"https:\/\/belux.edmo.eu\/lb\/\"},{\"@type\":\"ListItem\",\"position\":2,\"name\":\"Faktencheck\",\"item\":\"https:\/\/belux.edmo.eu\/lb\/faktencheck\/\"},{\"@type\":\"ListItem\",\"position\":3,\"name\":\"Visualis\u00e9ierungen\"}]},{\"@type\":\"WebSite\",\"@id\":\"https:\/\/belux.edmo.eu\/#website\",\"url\":\"https:\/\/belux.edmo.eu\/\",\"name\":\"EDMO Belux\",\"description\":\"Monitoring Disinformation in Belgium and Luxembourg\",\"publisher\":{\"@id\":\"https:\/\/belux.edmo.eu\/#organization\"},\"potentialAction\":[{\"@type\":\"SearchAction\",\"target\":{\"@type\":\"EntryPoint\",\"urlTemplate\":\"https:\/\/belux.edmo.eu\/?s={search_term_string}\"},\"query-input\":{\"@type\":\"PropertyValueSpecification\",\"valueRequired\":true,\"valueName\":\"search_term_string\"}}],\"inLanguage\":\"lb-LU\"},{\"@type\":\"Organization\",\"@id\":\"https:\/\/belux.edmo.eu\/#organization\",\"name\":\"EDMO Belux\",\"url\":\"https:\/\/belux.edmo.eu\/\",\"logo\":{\"@type\":\"ImageObject\",\"inLanguage\":\"lb-LU\",\"@id\":\"https:\/\/belux.edmo.eu\/#\/schema\/logo\/image\/\",\"url\":\"https:\/\/belux.edmo.eu\/wp-content\/uploads\/2021\/12\/belux-logo-full-color-rgb.svg\",\"contentUrl\":\"https:\/\/belux.edmo.eu\/wp-content\/uploads\/2021\/12\/belux-logo-full-color-rgb.svg\",\"width\":1,\"height\":1,\"caption\":\"EDMO Belux\"},\"image\":{\"@id\":\"https:\/\/belux.edmo.eu\/#\/schema\/logo\/image\/\"},\"sameAs\":[\"https:\/\/x.com\/Edmo_Belux\"]}]}<\/script>\n<!-- \/ Yoast SEO plugin. -->","yoast_head_json":{"title":"Visualis\u00e9ierungen - EDMO Belux","robots":{"index":"index","follow":"follow","max-snippet":"max-snippet:-1","max-image-preview":"max-image-preview:large","max-video-preview":"max-video-preview:-1"},"canonical":"https:\/\/belux.edmo.eu\/lb\/faktencheck\/visualiseierungen\/","og_locale":"en_US","og_type":"article","og_title":"Visualis\u00e9ierungen - EDMO Belux","og_description":"[vc_row css=&#8221;.vc_custom_1638957607328{margin-top: 0px !important;margin-bottom: 0px !important;padding-top: 0px !important;padding-bottom: 0px !important;}&#8221;][vc_column][vc_column_text css=&#8221;&#8221; css_animation=&#8221;bottom-to-top&#8221;] Desinformatioun permanent iwwerwaachen [\/vc_column_text][vc_column_text css=&#8221;&#8221; css_animation=&#8221;bottom-to-top&#8221;]Den EDMO BELUX-Projet...","og_url":"https:\/\/belux.edmo.eu\/lb\/faktencheck\/visualiseierungen\/","og_site_name":"EDMO Belux","article_modified_time":"2025-10-01T07:18:16+00:00","twitter_card":"summary_large_image","twitter_site":"@Edmo_Belux","twitter_misc":{"Est. reading time":"1 minute"},"schema":{"@context":"https:\/\/schema.org","@graph":[{"@type":"WebPage","@id":"https:\/\/belux.edmo.eu\/lb\/faktencheck\/visualiseierungen\/","url":"https:\/\/belux.edmo.eu\/lb\/faktencheck\/visualiseierungen\/","name":"Visualis\u00e9ierungen - EDMO Belux","isPartOf":{"@id":"https:\/\/belux.edmo.eu\/#website"},"datePublished":"2025-09-29T09:49:37+00:00","dateModified":"2025-10-01T07:18:16+00:00","breadcrumb":{"@id":"https:\/\/belux.edmo.eu\/lb\/faktencheck\/visualiseierungen\/#breadcrumb"},"inLanguage":"lb-LU","potentialAction":[{"@type":"ReadAction","target":["https:\/\/belux.edmo.eu\/lb\/faktencheck\/visualiseierungen\/"]}]},{"@type":"BreadcrumbList","@id":"https:\/\/belux.edmo.eu\/lb\/faktencheck\/visualiseierungen\/#breadcrumb","itemListElement":[{"@type":"ListItem","position":1,"name":"Home","item":"https:\/\/belux.edmo.eu\/lb\/"},{"@type":"ListItem","position":2,"name":"Faktencheck","item":"https:\/\/belux.edmo.eu\/lb\/faktencheck\/"},{"@type":"ListItem","position":3,"name":"Visualis\u00e9ierungen"}]},{"@type":"WebSite","@id":"https:\/\/belux.edmo.eu\/#website","url":"https:\/\/belux.edmo.eu\/","name":"EDMO Belux","description":"Monitoring Disinformation in Belgium and Luxembourg","publisher":{"@id":"https:\/\/belux.edmo.eu\/#organization"},"potentialAction":[{"@type":"SearchAction","target":{"@type":"EntryPoint","urlTemplate":"https:\/\/belux.edmo.eu\/?s={search_term_string}"},"query-input":{"@type":"PropertyValueSpecification","valueRequired":true,"valueName":"search_term_string"}}],"inLanguage":"lb-LU"},{"@type":"Organization","@id":"https:\/\/belux.edmo.eu\/#organization","name":"EDMO Belux","url":"https:\/\/belux.edmo.eu\/","logo":{"@type":"ImageObject","inLanguage":"lb-LU","@id":"https:\/\/belux.edmo.eu\/#\/schema\/logo\/image\/","url":"https:\/\/belux.edmo.eu\/wp-content\/uploads\/2021\/12\/belux-logo-full-color-rgb.svg","contentUrl":"https:\/\/belux.edmo.eu\/wp-content\/uploads\/2021\/12\/belux-logo-full-color-rgb.svg","width":1,"height":1,"caption":"EDMO Belux"},"image":{"@id":"https:\/\/belux.edmo.eu\/#\/schema\/logo\/image\/"},"sameAs":["https:\/\/x.com\/Edmo_Belux"]}]}},"_links":{"self":[{"href":"https:\/\/belux.edmo.eu\/lb\/wp-json\/wp\/v2\/pages\/402509","targetHints":{"allow":["GET"]}}],"collection":[{"href":"https:\/\/belux.edmo.eu\/lb\/wp-json\/wp\/v2\/pages"}],"about":[{"href":"https:\/\/belux.edmo.eu\/lb\/wp-json\/wp\/v2\/types\/page"}],"author":[{"embeddable":true,"href":"https:\/\/belux.edmo.eu\/lb\/wp-json\/wp\/v2\/users\/1"}],"replies":[{"embeddable":true,"href":"https:\/\/belux.edmo.eu\/lb\/wp-json\/wp\/v2\/comments?post=402509"}],"version-history":[{"count":0,"href":"https:\/\/belux.edmo.eu\/lb\/wp-json\/wp\/v2\/pages\/402509\/revisions"}],"up":[{"embeddable":true,"href":"https:\/\/belux.edmo.eu\/lb\/wp-json\/wp\/v2\/pages\/12016"}],"wp:attachment":[{"href":"https:\/\/belux.edmo.eu\/lb\/wp-json\/wp\/v2\/media?parent=402509"}],"curies":[{"name":"wp","href":"https:\/\/api.w.org\/{rel}","templated":true}]}}