{"id":11537,"date":"2022-02-11T09:19:00","date_gmt":"2022-02-11T09:19:00","guid":{"rendered":"https:\/\/belux-staging.eu\/onze-aanpak\/"},"modified":"2022-11-16T11:01:53","modified_gmt":"2022-11-16T11:01:53","slug":"onze-aanpak","status":"publish","type":"page","link":"https:\/\/belux.edmo.eu\/nl\/factchecking\/onze-aanpak\/","title":{"rendered":"Onze Aanpak"},"content":{"rendered":"<div class=\"wpb-content-wrapper\"><p>[vc_row css=&#8221;.vc_custom_1638957472546{margin-top: 0px !important;margin-bottom: 0px !important;padding-top: 0px !important;padding-bottom: 0px !important;}&#8221;][vc_column][vc_column_text css_animation=&#8221;bottom-to-top&#8221;]<\/p>\n<div class=\"title-h1\">Wij hechten belang aan de <span class=\"line-style\">feiten<\/span><\/div>\n<p>[\/vc_column_text]<div class=\"clearboth\"><\/div><style>#thegem-divider-69d5083916720 {margin-top: 60px !important;}<\/style><div id=\"thegem-divider-69d5083916720\" class=\"gem-divider  \" style=\"\" ><\/div>[vc_column_text css_animation=&#8221;bottom-to-top&#8221;]<strong>EDMO BELUX<\/strong> brengt een ervaren en uitgebreid <strong>netwerk van factcheckers, desinformatieanalisten, organisaties voor mediawijsheid en academici samen om opkomende schadelijke desinformatiecampagnes op te sporen, te analyseren en bloot te leggen<\/strong>. Het project besteedt daarbij specifieke aandacht aan desinformatie die gericht is tegen (pan-)EU-beleid. Het project besteedt specifieke aandacht aan desinformatie die gericht is tegen <strong>Belgi\u00eb, Luxemburg of EU-beleid<\/strong>.<\/p>\n<p><span style=\"display: none;\">Through rapid alerts in the network, fact checks and investigative reporting will reach first responders to disinformation (media, civil society, government) in order to minimize the impact of disinformation campaigns.<\/span>[\/vc_column_text][vc_column_text css_animation=&#8221;bottom-to-top&#8221;]<strong>AFP<\/strong>, een wereldleider in digitale verificatie, is ondertekenaar van de Code of Principles van het International Fact-Checking Network (IFCN). Deze beginselen omvatten een verbintenis tot: onpartijdigheid en billijkheid, transparantie van bronnen, transparantie van financiering en organisatie, transparantie van methodologie en een open en eerlijk beleid inzake rechtzettingen. AFP&#8217;s werk wordt uitgevoerd door factchecking-redacteurs en een wereldwijd netwerk van journalisten, die werken volgens de redactionele standaarden en de belangrijkste leidende beginselen van het wereldwijde persbureau AFP. Naast traditionele journalistieke vaardigheden gebruikt AFP een aantal eenvoudige hulpmiddelen om online informatie te verifi\u00ebren, een dosis gezond verstand en veel voorzichtigheid. AFP begint met een specifiek thema en onderzoekt en rapporteert dubieuze verhalen en beweringen die al dan niet in onze nieuwsmedia terechtkomen. AFP zoekt in zijn onderzoeken naar onpartijdige, openbaar toegankelijke informatie en plaatst links daarnaar online. De journalisten van AFP houden toezicht op de online inhoud in lokale talen, van Amhaars tot Hindi, Duits of Nederlands. Zij houden rekening met plaatselijke culturen, talen en politiek en werken samen met AFP-bureaus over de hele wereld om onjuiste informatie te onderzoeken en te weerleggen, waarbij de nadruk ligt op zaken die schadelijk, impactvol en manipulatief kunnen zijn.<\/p>\n<p><strong>RTL Luxembourg<\/strong> zal factchecks uitvoeren voor het lokale grondgebied. Het redactieteam van RTL bestaat uit professionele en ervaren journalisten die werken voor de openbare televisiezender RTL T\u00e9l\u00e9 L\u00ebtzebuerg en radiozender RTL Radio L\u00ebtzebuerg, alsook voor het belangrijkste nieuwsmedium in Luxemburg, het digitale platform RTL.lu. RTL Luxembourg heeft hoge standaarden voor zijn berichtgeving vastgelegd, die worden bepaald door een duidelijke redactionele lijn, een deontologische code voor alle journalisten en een zelfcontrolerende ethische raad. Er worden speciale standaarden en workflows toegepast voor het team van factchecking-journalisten<\/p>\n<p><strong>RTBF (Radio-t\u00e9l\u00e9vision belge de la Communaut\u00e9 fran\u00e7aise)<\/strong>, de Belgische Franstalige nationale mediadienst, biedt gefactcheckte artikels aan over informatie die circuleert op sociale media. De dienst analyseert ook bepaalde publieke verklaringen om de inhoud ervan te ontcijferen en de lezers te informeren over hun waarheidsgetrouwheid. Alvorens een factcheck te publiceren, verifi\u00ebren wij de bronnen binnen de Belgisch-Franse mediagemeenschap. De factchecks worden geco\u00f6rdineerd door een toegewijd redactieteam dat bestaat uit verschillende journalisten met uitgebreide expertise in hun vakgebied.[\/vc_column_text][vc_column_text css_animation=&#8221;bottom-to-top&#8221;]Op de startpagina van deze website is een factcheck-rubriek &#8216;<strong>Keuze van de redactie<\/strong>&#8216; opgenomen. Deze factcheck wordt geselecteerd vanwege de diepgang en kwaliteit ervan of vanwege de link met voorpaginanieuws. De stroom van factchecks wordt voortdurend gearchiveerd in ons <strong>factchecking-archief<\/strong>. Deze informatiebank biedt bezoekers van de website de mogelijkheid om door factchecks uit het verleden te navigeren en eventuele veranderende patronen of verhalen te zien.[\/vc_column_text][\/vc_column][\/vc_row][vc_row css=&#8221;.vc_custom_1638957472546{margin-top: 0px !important;margin-bottom: 0px !important;padding-top: 0px !important;padding-bottom: 0px !important;}&#8221;][vc_column]<div class=\"clearboth\"><\/div><style>#thegem-divider-69d5083916794 {margin-top: 60px !important;}<\/style><div id=\"thegem-divider-69d5083916794\" class=\"gem-divider  \" style=\"\" ><\/div>[vc_raw_html]JTVCZGVhcnBkZiUyMHNvdXJjZSUzRCUyMmh0dHBzJTNBJTJGJTJGYmVsdXguZWRtby5ldSUyRndwLWNvbnRlbnQlMkZ1cGxvYWRzJTJGMjAyMiUyRjEwJTJGRmFjdENoZWNrLU5ld3MtRU5fMTQxMTIyLnBkZiUyMiU1RCU1QiUyRmRlYXJwZGYlNUQ=[\/vc_raw_html][\/vc_column][\/vc_row]<\/p>\n<\/div>","protected":false},"excerpt":{"rendered":"<p>[vc_row css=&#8221;.vc_custom_1638957472546{margin-top: 0px !important;margin-bottom: 0px !important;padding-top: 0px !important;padding-bottom: 0px !important;}&#8221;][vc_column][vc_column_text css_animation=&#8221;bottom-to-top&#8221;] Wij hechten belang aan de feiten [\/vc_column_text][vc_column_text css_animation=&#8221;bottom-to-top&#8221;]EDMO BELUX&#8230;<\/p>\n","protected":false},"author":1,"featured_media":0,"parent":11655,"menu_order":1,"comment_status":"closed","ping_status":"closed","template":"","meta":{"_acf_changed":false,"footnotes":""},"class_list":["post-11537","page","type-page","status-publish"],"acf":[],"yoast_head":"<!-- This site is optimized with the Yoast SEO plugin v27.0 - https:\/\/yoast.com\/product\/yoast-seo-wordpress\/ -->\n<title>Onze Aanpak - EDMO Belux<\/title>\n<meta name=\"robots\" content=\"index, follow, max-snippet:-1, max-image-preview:large, max-video-preview:-1\" \/>\n<link rel=\"canonical\" href=\"https:\/\/belux.edmo.eu\/nl\/factchecking\/onze-aanpak\/\" \/>\n<meta property=\"og:locale\" content=\"nl_NL\" \/>\n<meta property=\"og:type\" content=\"article\" \/>\n<meta property=\"og:title\" content=\"Onze Aanpak - EDMO Belux\" \/>\n<meta property=\"og:description\" content=\"[vc_row css=&#8221;.vc_custom_1638957472546{margin-top: 0px !important;margin-bottom: 0px !important;padding-top: 0px !important;padding-bottom: 0px !important;}&#8221;][vc_column][vc_column_text css_animation=&#8221;bottom-to-top&#8221;] Wij hechten belang aan de feiten [\/vc_column_text][vc_column_text css_animation=&#8221;bottom-to-top&#8221;]EDMO BELUX...\" \/>\n<meta property=\"og:url\" content=\"https:\/\/belux.edmo.eu\/nl\/factchecking\/onze-aanpak\/\" \/>\n<meta property=\"og:site_name\" content=\"EDMO Belux\" \/>\n<meta property=\"article:modified_time\" content=\"2022-11-16T11:01:53+00:00\" \/>\n<meta name=\"twitter:card\" content=\"summary_large_image\" \/>\n<meta name=\"twitter:site\" content=\"@Edmo_Belux\" \/>\n<meta name=\"twitter:label1\" content=\"Geschatte leestijd\" \/>\n\t<meta name=\"twitter:data1\" content=\"3 minuten\" \/>\n<script type=\"application\/ld+json\" class=\"yoast-schema-graph\">{\"@context\":\"https:\/\/schema.org\",\"@graph\":[{\"@type\":\"WebPage\",\"@id\":\"https:\/\/belux.edmo.eu\/nl\/factchecking\/onze-aanpak\/\",\"url\":\"https:\/\/belux.edmo.eu\/nl\/factchecking\/onze-aanpak\/\",\"name\":\"Onze Aanpak - EDMO Belux\",\"isPartOf\":{\"@id\":\"https:\/\/belux.edmo.eu\/#website\"},\"datePublished\":\"2022-02-11T09:19:00+00:00\",\"dateModified\":\"2022-11-16T11:01:53+00:00\",\"breadcrumb\":{\"@id\":\"https:\/\/belux.edmo.eu\/nl\/factchecking\/onze-aanpak\/#breadcrumb\"},\"inLanguage\":\"nl-NL\",\"potentialAction\":[{\"@type\":\"ReadAction\",\"target\":[\"https:\/\/belux.edmo.eu\/nl\/factchecking\/onze-aanpak\/\"]}]},{\"@type\":\"BreadcrumbList\",\"@id\":\"https:\/\/belux.edmo.eu\/nl\/factchecking\/onze-aanpak\/#breadcrumb\",\"itemListElement\":[{\"@type\":\"ListItem\",\"position\":1,\"name\":\"Home\",\"item\":\"https:\/\/belux.edmo.eu\/nl\/redesign-homepage\/\"},{\"@type\":\"ListItem\",\"position\":2,\"name\":\"Factchecking\",\"item\":\"https:\/\/belux.edmo.eu\/nl\/factchecking\/\"},{\"@type\":\"ListItem\",\"position\":3,\"name\":\"Onze Aanpak\"}]},{\"@type\":\"WebSite\",\"@id\":\"https:\/\/belux.edmo.eu\/#website\",\"url\":\"https:\/\/belux.edmo.eu\/\",\"name\":\"EDMO Belux\",\"description\":\"Monitoring Disinformation in Belgium and Luxembourg\",\"publisher\":{\"@id\":\"https:\/\/belux.edmo.eu\/#organization\"},\"potentialAction\":[{\"@type\":\"SearchAction\",\"target\":{\"@type\":\"EntryPoint\",\"urlTemplate\":\"https:\/\/belux.edmo.eu\/?s={search_term_string}\"},\"query-input\":{\"@type\":\"PropertyValueSpecification\",\"valueRequired\":true,\"valueName\":\"search_term_string\"}}],\"inLanguage\":\"nl-NL\"},{\"@type\":\"Organization\",\"@id\":\"https:\/\/belux.edmo.eu\/#organization\",\"name\":\"EDMO Belux\",\"url\":\"https:\/\/belux.edmo.eu\/\",\"logo\":{\"@type\":\"ImageObject\",\"inLanguage\":\"nl-NL\",\"@id\":\"https:\/\/belux.edmo.eu\/#\/schema\/logo\/image\/\",\"url\":\"https:\/\/belux.edmo.eu\/wp-content\/uploads\/2021\/12\/belux-logo-full-color-rgb.svg\",\"contentUrl\":\"https:\/\/belux.edmo.eu\/wp-content\/uploads\/2021\/12\/belux-logo-full-color-rgb.svg\",\"width\":1,\"height\":1,\"caption\":\"EDMO Belux\"},\"image\":{\"@id\":\"https:\/\/belux.edmo.eu\/#\/schema\/logo\/image\/\"},\"sameAs\":[\"https:\/\/x.com\/Edmo_Belux\"]}]}<\/script>\n<!-- \/ Yoast SEO plugin. -->","yoast_head_json":{"title":"Onze Aanpak - EDMO Belux","robots":{"index":"index","follow":"follow","max-snippet":"max-snippet:-1","max-image-preview":"max-image-preview:large","max-video-preview":"max-video-preview:-1"},"canonical":"https:\/\/belux.edmo.eu\/nl\/factchecking\/onze-aanpak\/","og_locale":"nl_NL","og_type":"article","og_title":"Onze Aanpak - EDMO Belux","og_description":"[vc_row css=&#8221;.vc_custom_1638957472546{margin-top: 0px !important;margin-bottom: 0px !important;padding-top: 0px !important;padding-bottom: 0px !important;}&#8221;][vc_column][vc_column_text css_animation=&#8221;bottom-to-top&#8221;] Wij hechten belang aan de feiten [\/vc_column_text][vc_column_text css_animation=&#8221;bottom-to-top&#8221;]EDMO BELUX...","og_url":"https:\/\/belux.edmo.eu\/nl\/factchecking\/onze-aanpak\/","og_site_name":"EDMO Belux","article_modified_time":"2022-11-16T11:01:53+00:00","twitter_card":"summary_large_image","twitter_site":"@Edmo_Belux","twitter_misc":{"Geschatte leestijd":"3 minuten"},"schema":{"@context":"https:\/\/schema.org","@graph":[{"@type":"WebPage","@id":"https:\/\/belux.edmo.eu\/nl\/factchecking\/onze-aanpak\/","url":"https:\/\/belux.edmo.eu\/nl\/factchecking\/onze-aanpak\/","name":"Onze Aanpak - EDMO Belux","isPartOf":{"@id":"https:\/\/belux.edmo.eu\/#website"},"datePublished":"2022-02-11T09:19:00+00:00","dateModified":"2022-11-16T11:01:53+00:00","breadcrumb":{"@id":"https:\/\/belux.edmo.eu\/nl\/factchecking\/onze-aanpak\/#breadcrumb"},"inLanguage":"nl-NL","potentialAction":[{"@type":"ReadAction","target":["https:\/\/belux.edmo.eu\/nl\/factchecking\/onze-aanpak\/"]}]},{"@type":"BreadcrumbList","@id":"https:\/\/belux.edmo.eu\/nl\/factchecking\/onze-aanpak\/#breadcrumb","itemListElement":[{"@type":"ListItem","position":1,"name":"Home","item":"https:\/\/belux.edmo.eu\/nl\/redesign-homepage\/"},{"@type":"ListItem","position":2,"name":"Factchecking","item":"https:\/\/belux.edmo.eu\/nl\/factchecking\/"},{"@type":"ListItem","position":3,"name":"Onze Aanpak"}]},{"@type":"WebSite","@id":"https:\/\/belux.edmo.eu\/#website","url":"https:\/\/belux.edmo.eu\/","name":"EDMO Belux","description":"Monitoring Disinformation in Belgium and Luxembourg","publisher":{"@id":"https:\/\/belux.edmo.eu\/#organization"},"potentialAction":[{"@type":"SearchAction","target":{"@type":"EntryPoint","urlTemplate":"https:\/\/belux.edmo.eu\/?s={search_term_string}"},"query-input":{"@type":"PropertyValueSpecification","valueRequired":true,"valueName":"search_term_string"}}],"inLanguage":"nl-NL"},{"@type":"Organization","@id":"https:\/\/belux.edmo.eu\/#organization","name":"EDMO Belux","url":"https:\/\/belux.edmo.eu\/","logo":{"@type":"ImageObject","inLanguage":"nl-NL","@id":"https:\/\/belux.edmo.eu\/#\/schema\/logo\/image\/","url":"https:\/\/belux.edmo.eu\/wp-content\/uploads\/2021\/12\/belux-logo-full-color-rgb.svg","contentUrl":"https:\/\/belux.edmo.eu\/wp-content\/uploads\/2021\/12\/belux-logo-full-color-rgb.svg","width":1,"height":1,"caption":"EDMO Belux"},"image":{"@id":"https:\/\/belux.edmo.eu\/#\/schema\/logo\/image\/"},"sameAs":["https:\/\/x.com\/Edmo_Belux"]}]}},"_links":{"self":[{"href":"https:\/\/belux.edmo.eu\/nl\/wp-json\/wp\/v2\/pages\/11537","targetHints":{"allow":["GET"]}}],"collection":[{"href":"https:\/\/belux.edmo.eu\/nl\/wp-json\/wp\/v2\/pages"}],"about":[{"href":"https:\/\/belux.edmo.eu\/nl\/wp-json\/wp\/v2\/types\/page"}],"author":[{"embeddable":true,"href":"https:\/\/belux.edmo.eu\/nl\/wp-json\/wp\/v2\/users\/1"}],"replies":[{"embeddable":true,"href":"https:\/\/belux.edmo.eu\/nl\/wp-json\/wp\/v2\/comments?post=11537"}],"version-history":[{"count":0,"href":"https:\/\/belux.edmo.eu\/nl\/wp-json\/wp\/v2\/pages\/11537\/revisions"}],"up":[{"embeddable":true,"href":"https:\/\/belux.edmo.eu\/nl\/wp-json\/wp\/v2\/pages\/11655"}],"wp:attachment":[{"href":"https:\/\/belux.edmo.eu\/nl\/wp-json\/wp\/v2\/media?parent=11537"}],"curies":[{"name":"wp","href":"https:\/\/api.w.org\/{rel}","templated":true}]}}